{"id":2926,"date":"2024-09-27T09:59:58","date_gmt":"2024-09-27T07:59:58","guid":{"rendered":"https:\/\/www.ematrica.com\/faq\/"},"modified":"2024-11-08T14:00:35","modified_gmt":"2024-11-08T13:00:35","slug":"faq","status":"publish","type":"page","link":"https:\/\/www.ematrica.com\/cs\/faq\/","title":{"rendered":"Faq"},"content":{"rendered":"\n<div class=\"wp-block-uagb-container uagb-block-25efe059 alignfull uagb-is-root-container\">\n<div class=\"wp-block-uagb-advanced-heading uagb-block-152b2cf8\"><h1 class=\"uagb-heading-text\">\u010casto kladen\u00e9 ot\u00e1zky<\/h1><\/div>\n<\/div>\n\n\n\n<div class=\"wp-block-uagb-container uagb-block-3578b4ec alignfull uagb-is-root-container\"><div class=\"uagb-container-inner-blocks-wrap\">\n<div class=\"wp-block-uagb-info-box uagb-block-8152c234 uagb-infobox__content-wrap uagb-infobox-icon-above-title uagb-infobox-image-valign-top\"><div class=\"uagb-ifb-content\"><div class=\"uagb-ifb-title-wrap\"><\/div><\/div><\/div>\n\n\n<style>\n.accordion-content {\n    display: none;\n    padding: 10px;\n    border: 1px solid #ccc;\n    border-top: none;\n}\n\n.accordion-header {\n    cursor: pointer;\n    padding: 10px;\n    border: 1px solid #ccc;\n    margin: 0;\nbackground-color:#fafafa;\nmargin-bottom:10px;\nborder-radius:3px;\npadding-right:50px;\nposition: relative;\nfont-size:110%;\n}\n.accordion-header .qs {\n\n}\n.arrow {\n    position: absolute;\n    right: 10px;\n    top: 10px;\n}\n\n.arrow-up {\n    transform: rotate(180deg);\n}\n<\/style>\n\n\n<script>\njQuery(document).ready(function(){\n    jQuery(\".accordion-header\").click(function() {\n        \/\/ Toggle the arrow direction of the clicked header\n        jQuery(this).children(\".arrow\").toggleClass(\"arrow-up\", !jQuery(this).next().is(\":visible\"));\n        \n        \/\/ Close previously opened content and reset their arrows\n        jQuery(\".accordion-content\").not(jQuery(this).next()).slideUp().prev().children(\".arrow\").removeClass(\"arrow-up\");\n        jQuery(\".accordion-content\").not(jQuery(this).next()).prev().find(\".arrow\").html(\"&#9660;\"); \/\/ Reset other arrows to down\n        \n        jQuery(this).next().slideToggle();\n        if(jQuery(this).next().is(\":visible\")) {\n            jQuery(this).find(\".arrow\").html(\"&#9660;\"); \/\/ Change to up arrow\n        } else {\n            jQuery(this).find(\".arrow\").html(\"&#9650;\"); \/\/ Change back to down arrow\n        }\n    });\n});\n<\/script>\n\n\n<div class=\"accordion\"><h4 class=\"accordion-header\"><span class=\"qs\">Nep\u0159i\u0161el mi \u017e\u00e1dn\u00fd email ohledn\u011b platby \u010di dokon\u010den\u00ed objedn\u00e1vky<\/span><span class=\"arrow\">&#9660;<\/span><\/h4>\n            <div class=\"accordion-content\">\n            <p>V p\u0159\u00edpad\u011b, \u017ee je emailov\u00e1 adresa zad\u00e1na spr\u00e1vn\u011b, si pros\u00edm zkontrolujte slo\u017eku se spamem, p\u0159\u00edpadn\u011b dal\u0161\u00edmi slo\u017ekami, kam mohou informa\u010dn\u00ed emaily b\u00fdt doru\u010deny. V n\u011bkter\u00fdch p\u0159\u00edpadech nemus\u00edte email v b\u011b\u017en\u00e9 po\u0161t\u011b nal\u00e9zt.<\/p>\n            <\/div><h4 class=\"accordion-header\"><span class=\"qs\">Ud\u011blal jsem chybu v zad\u00e1n\u00ed registra\u010dn\u00ed zna\u010dky nebo zem\u011b<\/span><span class=\"arrow\">&#9660;<\/span><\/h4>\n            <div class=\"accordion-content\">\n            <p>Ve va\u0161em emailu po zaplacen\u00ed naleznete odkaz na d\u011bkovac\u00ed str\u00e1nku. Pokud objedn\u00e1vka nebyla je\u0161t\u011b vy\u0159\u00edzena, m\u016f\u017eete zm\u011bnit libovoln\u00e9 \u00fadaje, v\u010detn\u011b zem\u011b a \u010d\u00edsla registra\u010dn\u00ed zna\u010dky. Po dokon\u010den\u00ed objedn\u00e1vky ji\u017e bohu\u017eel zm\u011bna nen\u00ed mo\u017en\u00e1 a je nutn\u00e9 vytvo\u0159it novou objedn\u00e1vku.<\/p>\n            <\/div><h4 class=\"accordion-header\"><span class=\"qs\">Chci d\u00e1lni\u010dn\u00ed zn\u00e1mku pro v\u00edce voz\u016f najednou<\/span><span class=\"arrow\">&#9660;<\/span><\/h4>\n            <div class=\"accordion-content\">\n            <p>Pokud chcete zakoupit d\u00e1lni\u010dn\u00ed zn\u00e1mku pro v\u00edce voz\u016f najednou, kontaktujte n\u00e1s. Nen\u00ed nutn\u00e9 zad\u00e1vat ka\u017edou registra\u010dn\u00ed zn\u00e1mku zvl\u00e1\u0161\u0165 - Ve va\u0161\u00ed zpr\u00e1v\u011b uve\u010fte seznam registra\u010dn\u00edch zna\u010dek kter\u00e9 chcete zaregistrovat, d\u00e9lku pobytu na \u00fazem\u00ed st\u00e1tu (\u010di v\u00edce st\u00e1t\u016f) a datum za\u010d\u00e1tku platnosti. <\/p>\n            <\/div><h4 class=\"accordion-header\"><span class=\"qs\">Mohu zakoupenou zn\u00e1mku stornovat nebo zm\u011bnit, pokud se zm\u011bn\u00ed moje cestovn\u00ed pl\u00e1ny?<\/span><span class=\"arrow\">&#9660;<\/span><\/h4>\n            <div class=\"accordion-content\">\n            <p>Obvykle je elektronick\u00fd ticket v\u00e1z\u00e1na na konkr\u00e9tn\u00ed vozidlo a \u010dasov\u00e9 obdob\u00ed a nem\u016f\u017ee b\u00fdt p\u0159enesena nebo zm\u011bn\u011bna po aktivaci. V p\u0159\u00edpad\u011b chyby p\u0159i zad\u00e1v\u00e1n\u00ed \u00fadaj\u016f nebo jin\u00fdch v\u00fdjime\u010dn\u00fdch situac\u00edch je nejlep\u0161\u00ed co n\u00e1s nejd\u0159\u00edve kontaktovat<\/p>\n            <\/div><h4 class=\"accordion-header\"><span class=\"qs\">P\u0159i\u0161la mi pokuta kv\u016fli nezaplacen\u00e9 d\u00e1lni\u010dn\u00ed zn\u00e1mce<\/span><span class=\"arrow\">&#9660;<\/span><\/h4>\n            <div class=\"accordion-content\">\n            <p>Zat\u00edm jsme se nesetkali s p\u0159\u00edpadem, kdy by pokuta nebyla opr\u00e1vn\u011bn\u00e1. V drtiv\u00e9 v\u011bt\u0161in\u011b p\u0159\u00edpad\u016f je d\u016fvodem nespr\u00e1vn\u011b vypln\u011bn\u00fd n\u011bkter\u00fd z \u00fadaj\u016f. Doporu\u010dujeme pokutu uhradit, nebo\u0165 sankce v p\u0159\u00edpad\u011b nezaplacen\u00ed mohou b\u00fdt daleko vy\u0161\u0161\u00ed.<\/p>\n            <\/div><h4 class=\"accordion-header\"><span class=\"qs\">Co je servisn\u00ed poplatek<\/span><span class=\"arrow\">&#9660;<\/span><\/h4>\n            <div class=\"accordion-content\">\n            <p>Servisn\u00ed poplatek slou\u017e\u00ed k pokryt\u00ed n\u00e1klad\u016f na slu\u017ebu, v\u010detn\u011b n\u00e1klad\u016f na zaji\u0161t\u011bn\u00ed technick\u00e9 podpory, slu\u017eeb osobn\u00ed podpory, ru\u010dn\u00edho ov\u011b\u0159en\u00ed objedn\u00e1vky a n\u00e1klad\u016f na marketing.<\/p>\n            <\/div><h4 class=\"accordion-header\"><span class=\"qs\">P\u00ed\u0161ete, \u017ee d\u00e1lni\u010dn\u00ed zn\u00e1mku obdr\u017e\u00edm do 3 minut, st\u00e1le mi nic nepri\u0161lo. Pro\u010d?<\/span><span class=\"arrow\">&#9660;<\/span><\/h4>\n            <div class=\"accordion-content\">\n            <p>Uvedenou dobu se sna\u017e\u00edme dodr\u017eet v maxim\u00e1ln\u00ed mo\u017en\u00e9 m\u00ed\u0159e. Prioritu maj\u00ed slu\u017eby s platnost\u00ed ode dne\u0161ka. Av\u0161ak z d\u016fvod\u016f, kter\u00e9 nem\u016f\u017eeme ovlivnit (v\u00fdpadky platebn\u00edch bran, st\u00e1tn\u00edch webov\u00fdch slu\u017eeb), se m\u016f\u017ee ve v\u00fdjime\u010dn\u00fdch p\u0159\u00edpadech registrace prodlou\u017eit. Tak\u00e9 doporu\u010dujeme d\u016fkladn\u011b zkontrolovat va\u0161e spr\u00e1vn\u00e9 zad\u00e1n\u00ed emailov\u00e9 adresy. V p\u0159\u00edpad\u011b, \u017ee jste emailovou adresu zadali spr\u00e1vn\u011b, pros\u00edm sledujte str\u00e1nku, kter\u00e1 se zobrazila po zakoupen\u00ed. Zde najdete aktu\u00e1ln\u00ed informace v\u010detn\u011b stavu, ve kter\u00e9m se objedn\u00e1vka nach\u00e1z\u00ed.<\/p>\n            <\/div><h4 class=\"accordion-header\"><span class=\"qs\">Chci zru\u0161it svoji objedn\u00e1vku<\/span><span class=\"arrow\">&#9660;<\/span><\/h4>\n            <div class=\"accordion-content\">\n            <p>Dle obchodn\u00edch podm\u00ednek je mo\u017en\u00e9 refundovat objedn\u00e1vku p\u0159ed za\u010d\u00e1tkem prac\u00ed na va\u0161\u00ed objedn\u00e1vce. V p\u0159\u00edpad\u011b, kdy je objedn\u00e1vka dokon\u010dena, refundace nen\u00ed mo\u017en\u00e1.<\/p>\n            <\/div><h4 class=\"accordion-header\"><span class=\"qs\">M\u00e9 cestovn\u00ed pl\u00e1ny se zm\u011bnily a chci zm\u011bnit datum registrace<\/span><span class=\"arrow\">&#9660;<\/span><\/h4>\n            <div class=\"accordion-content\">\n            <p>V p\u0159\u00edpad\u011b, \u017ee byla slu\u017eba pro v\u00e1s ji\u017e zaregistrov\u00e1na, nen\u00ed bohu\u017eel mo\u017en\u00e9 platnost zm\u011bnit a je nutn\u00e9 zakoupit slu\u017ebu znovu<\/p>\n            <\/div><h4 class=\"accordion-header\"><span class=\"qs\">Rozmyslel jsem si to a chci vr\u00e1tit pen\u00edze<\/span><span class=\"arrow\">&#9660;<\/span><\/h4>\n            <div class=\"accordion-content\">\n            <p>Slu\u017ebu je mo\u017en\u00e9 zru\u0161it i po zaplacen\u00ed, a to do doby p\u0159ed za\u010d\u00e1tkem zpracov\u00e1n\u00ed objedn\u00e1vky. Nejrychlej\u0161\u00ed zp\u016fsob je p\u0159es odkaz \u201ezru\u0161en\u00ed objedn\u00e1vky\u201c na str\u00e1nce s detailem va\u0161\u00ed objedn\u00e1vky. Tam tak\u00e9 naleznete aktu\u00e1ln\u00ed stav objedn\u00e1vky v\u010detn\u011b informace o mo\u017enostech zru\u0161en\u00ed. Pokud adresu str\u00e1nky nezn\u00e1te, m\u016f\u017eete si ji jednodu\u0161e zjistit vyhled\u00e1n\u00edm va\u0161eho emailu zadan\u00e9ho v objedn\u00e1vce.<\/p>\n            <\/div><h4 class=\"accordion-header\"><span class=\"qs\">Kdy bude moje d\u00e1lni\u010dn\u00ed zn\u00e1mka aktivov\u00e1na<\/span><span class=\"arrow\">&#9660;<\/span><\/h4>\n            <div class=\"accordion-content\">\n            <p>Pokud platnost zn\u00e1mky za\u010d\u00edn\u00e1 za v\u00edce jak 1 den, d\u00e1lni\u010dn\u00ed zn\u00e1mku pro v\u00e1s aktivujeme v pr\u016fb\u011bhu 1 dne p\u0159ed za\u010d\u00e1tkem platnosti. V p\u0159\u00edpad\u011b, \u017ee platnost zn\u00e1mky je v ten sam\u00fd den, n\u00e1sleduj\u00edc\u00ed den, nebo jste slu\u017ebu zakoupili s p\u0159ednostn\u00edm zpracov\u00e1n\u00edm, slu\u017ebu pro v\u00e1s aktivujeme okam\u017eit\u011b po zakoupen\u00ed - sna\u017e\u00edme se do 3 minut od p\u0159ijet\u00ed platby v p\u0159\u00edpad\u011b, \u017ee je v\u0161e v po\u0159\u00e1dku z hlediska va\u0161ich \u00fadaj\u016f.<\/p>\n            <\/div><\/div><script type=\"application\/ld+json\">\n    {\n      \"@context\": \"https:\/\/schema.org\",\n      \"@type\": \"FAQPage\",\n      \"mainEntity\": [{\n        \"@type\": \"Question\",\n        \"name\": \"Nep\u0159i\u0161el mi \u017e\u00e1dn\u00fd email ohledn\u011b platby \u010di dokon\u010den\u00ed objedn\u00e1vky\",\n        \"acceptedAnswer\": {\n          \"@type\": \"Answer\",\n          \"text\": \"V p\u0159\u00edpad\u011b, \u017ee je emailov\u00e1 adresa zad\u00e1na spr\u00e1vn\u011b, si pros\u00edm zkontrolujte slo\u017eku se spamem, p\u0159\u00edpadn\u011b dal\u0161\u00edmi slo\u017ekami, kam mohou informa\u010dn\u00ed emaily b\u00fdt doru\u010deny. V n\u011bkter\u00fdch p\u0159\u00edpadech nemus\u00edte email v b\u011b\u017en\u00e9 po\u0161t\u011b nal\u00e9zt.\"\n        }\n      },{\n        \"@type\": \"Question\",\n        \"name\": \"Ud\u011blal jsem chybu v zad\u00e1n\u00ed registra\u010dn\u00ed zna\u010dky nebo zem\u011b\",\n        \"acceptedAnswer\": {\n          \"@type\": \"Answer\",\n          \"text\": \"Ve va\u0161em emailu po zaplacen\u00ed naleznete odkaz na d\u011bkovac\u00ed str\u00e1nku. Pokud objedn\u00e1vka nebyla je\u0161t\u011b vy\u0159\u00edzena, m\u016f\u017eete zm\u011bnit libovoln\u00e9 \u00fadaje, v\u010detn\u011b zem\u011b a \u010d\u00edsla registra\u010dn\u00ed zna\u010dky. Po dokon\u010den\u00ed objedn\u00e1vky ji\u017e bohu\u017eel zm\u011bna nen\u00ed mo\u017en\u00e1 a je nutn\u00e9 vytvo\u0159it novou objedn\u00e1vku.\"\n        }\n      },{\n        \"@type\": \"Question\",\n        \"name\": \"Chci d\u00e1lni\u010dn\u00ed zn\u00e1mku pro v\u00edce voz\u016f najednou\",\n        \"acceptedAnswer\": {\n          \"@type\": \"Answer\",\n          \"text\": \"Pokud chcete zakoupit d\u00e1lni\u010dn\u00ed zn\u00e1mku pro v\u00edce voz\u016f najednou, kontaktujte n\u00e1s. Nen\u00ed nutn\u00e9 zad\u00e1vat ka\u017edou registra\u010dn\u00ed zn\u00e1mku zvl\u00e1\u0161\u0165 - Ve va\u0161\u00ed zpr\u00e1v\u011b uve\u010fte seznam registra\u010dn\u00edch zna\u010dek kter\u00e9 chcete zaregistrovat, d\u00e9lku pobytu na \u00fazem\u00ed st\u00e1tu (\u010di v\u00edce st\u00e1t\u016f) a datum za\u010d\u00e1tku platnosti. \"\n        }\n      },{\n        \"@type\": \"Question\",\n        \"name\": \"Mohu zakoupenou zn\u00e1mku stornovat nebo zm\u011bnit, pokud se zm\u011bn\u00ed moje cestovn\u00ed pl\u00e1ny?\",\n        \"acceptedAnswer\": {\n          \"@type\": \"Answer\",\n          \"text\": \"Obvykle je elektronick\u00fd ticket v\u00e1z\u00e1na na konkr\u00e9tn\u00ed vozidlo a \u010dasov\u00e9 obdob\u00ed a nem\u016f\u017ee b\u00fdt p\u0159enesena nebo zm\u011bn\u011bna po aktivaci. V p\u0159\u00edpad\u011b chyby p\u0159i zad\u00e1v\u00e1n\u00ed \u00fadaj\u016f nebo jin\u00fdch v\u00fdjime\u010dn\u00fdch situac\u00edch je nejlep\u0161\u00ed co n\u00e1s nejd\u0159\u00edve kontaktovat\"\n        }\n      },{\n        \"@type\": \"Question\",\n        \"name\": \"P\u0159i\u0161la mi pokuta kv\u016fli nezaplacen\u00e9 d\u00e1lni\u010dn\u00ed zn\u00e1mce\",\n        \"acceptedAnswer\": {\n          \"@type\": \"Answer\",\n          \"text\": \"Zat\u00edm jsme se nesetkali s p\u0159\u00edpadem, kdy by pokuta nebyla opr\u00e1vn\u011bn\u00e1. V drtiv\u00e9 v\u011bt\u0161in\u011b p\u0159\u00edpad\u016f je d\u016fvodem nespr\u00e1vn\u011b vypln\u011bn\u00fd n\u011bkter\u00fd z \u00fadaj\u016f. Doporu\u010dujeme pokutu uhradit, nebo\u0165 sankce v p\u0159\u00edpad\u011b nezaplacen\u00ed mohou b\u00fdt daleko vy\u0161\u0161\u00ed.\"\n        }\n      },{\n        \"@type\": \"Question\",\n        \"name\": \"Co je servisn\u00ed poplatek\",\n        \"acceptedAnswer\": {\n          \"@type\": \"Answer\",\n          \"text\": \"Servisn\u00ed poplatek slou\u017e\u00ed k pokryt\u00ed n\u00e1klad\u016f na slu\u017ebu, v\u010detn\u011b n\u00e1klad\u016f na zaji\u0161t\u011bn\u00ed technick\u00e9 podpory, slu\u017eeb osobn\u00ed podpory, ru\u010dn\u00edho ov\u011b\u0159en\u00ed objedn\u00e1vky a n\u00e1klad\u016f na marketing.\"\n        }\n      },{\n        \"@type\": \"Question\",\n        \"name\": \"P\u00ed\u0161ete, \u017ee d\u00e1lni\u010dn\u00ed zn\u00e1mku obdr\u017e\u00edm do 3 minut, st\u00e1le mi nic nepri\u0161lo. Pro\u010d?\",\n        \"acceptedAnswer\": {\n          \"@type\": \"Answer\",\n          \"text\": \"Uvedenou dobu se sna\u017e\u00edme dodr\u017eet v maxim\u00e1ln\u00ed mo\u017en\u00e9 m\u00ed\u0159e. Prioritu maj\u00ed slu\u017eby s platnost\u00ed ode dne\u0161ka. Av\u0161ak z d\u016fvod\u016f, kter\u00e9 nem\u016f\u017eeme ovlivnit (v\u00fdpadky platebn\u00edch bran, st\u00e1tn\u00edch webov\u00fdch slu\u017eeb), se m\u016f\u017ee ve v\u00fdjime\u010dn\u00fdch p\u0159\u00edpadech registrace prodlou\u017eit. Tak\u00e9 doporu\u010dujeme d\u016fkladn\u011b zkontrolovat va\u0161e spr\u00e1vn\u00e9 zad\u00e1n\u00ed emailov\u00e9 adresy. V p\u0159\u00edpad\u011b, \u017ee jste emailovou adresu zadali spr\u00e1vn\u011b, pros\u00edm sledujte str\u00e1nku, kter\u00e1 se zobrazila po zakoupen\u00ed. Zde najdete aktu\u00e1ln\u00ed informace v\u010detn\u011b stavu, ve kter\u00e9m se objedn\u00e1vka nach\u00e1z\u00ed.\"\n        }\n      },{\n        \"@type\": \"Question\",\n        \"name\": \"Chci zru\u0161it svoji objedn\u00e1vku\",\n        \"acceptedAnswer\": {\n          \"@type\": \"Answer\",\n          \"text\": \"Dle obchodn\u00edch podm\u00ednek je mo\u017en\u00e9 refundovat objedn\u00e1vku p\u0159ed za\u010d\u00e1tkem prac\u00ed na va\u0161\u00ed objedn\u00e1vce. V p\u0159\u00edpad\u011b, kdy je objedn\u00e1vka dokon\u010dena, refundace nen\u00ed mo\u017en\u00e1.\"\n        }\n      },{\n        \"@type\": \"Question\",\n        \"name\": \"M\u00e9 cestovn\u00ed pl\u00e1ny se zm\u011bnily a chci zm\u011bnit datum registrace\",\n        \"acceptedAnswer\": {\n          \"@type\": \"Answer\",\n          \"text\": \"V p\u0159\u00edpad\u011b, \u017ee byla slu\u017eba pro v\u00e1s ji\u017e zaregistrov\u00e1na, nen\u00ed bohu\u017eel mo\u017en\u00e9 platnost zm\u011bnit a je nutn\u00e9 zakoupit slu\u017ebu znovu\"\n        }\n      },{\n        \"@type\": \"Question\",\n        \"name\": \"Rozmyslel jsem si to a chci vr\u00e1tit pen\u00edze\",\n        \"acceptedAnswer\": {\n          \"@type\": \"Answer\",\n          \"text\": \"Slu\u017ebu je mo\u017en\u00e9 zru\u0161it i po zaplacen\u00ed, a to do doby p\u0159ed za\u010d\u00e1tkem zpracov\u00e1n\u00ed objedn\u00e1vky. Nejrychlej\u0161\u00ed zp\u016fsob je p\u0159es odkaz \u201ezru\u0161en\u00ed objedn\u00e1vky\u201c na str\u00e1nce s detailem va\u0161\u00ed objedn\u00e1vky. Tam tak\u00e9 naleznete aktu\u00e1ln\u00ed stav objedn\u00e1vky v\u010detn\u011b informace o mo\u017enostech zru\u0161en\u00ed. Pokud adresu str\u00e1nky nezn\u00e1te, m\u016f\u017eete si ji jednodu\u0161e zjistit vyhled\u00e1n\u00edm va\u0161eho emailu zadan\u00e9ho v objedn\u00e1vce.\"\n        }\n      },{\n        \"@type\": \"Question\",\n        \"name\": \"Kdy bude moje d\u00e1lni\u010dn\u00ed zn\u00e1mka aktivov\u00e1na\",\n        \"acceptedAnswer\": {\n          \"@type\": \"Answer\",\n          \"text\": \"Pokud platnost zn\u00e1mky za\u010d\u00edn\u00e1 za v\u00edce jak 1 den, d\u00e1lni\u010dn\u00ed zn\u00e1mku pro v\u00e1s aktivujeme v pr\u016fb\u011bhu 1 dne p\u0159ed za\u010d\u00e1tkem platnosti. V p\u0159\u00edpad\u011b, \u017ee platnost zn\u00e1mky je v ten sam\u00fd den, n\u00e1sleduj\u00edc\u00ed den, nebo jste slu\u017ebu zakoupili s p\u0159ednostn\u00edm zpracov\u00e1n\u00edm, slu\u017ebu pro v\u00e1s aktivujeme okam\u017eit\u011b po zakoupen\u00ed - sna\u017e\u00edme se do 3 minut od p\u0159ijet\u00ed platby v p\u0159\u00edpad\u011b, \u017ee je v\u0161e v po\u0159\u00e1dku z hlediska va\u0161ich \u00fadaj\u016f.\"\n        }\n      }\n      ]\n    }\n    <\/script>\n<\/div><\/div>\n\n\n\n<p><\/p>\n","protected":false},"excerpt":{"rendered":"<p>\u010casto kladen\u00e9 ot\u00e1zky<\/p>\n","protected":false},"author":2,"featured_media":0,"parent":0,"menu_order":0,"comment_status":"closed","ping_status":"closed","template":"","meta":{"inline_featured_image":false,"_uag_custom_page_level_css":"","site-sidebar-layout":"no-sidebar","site-content-layout":"plain-container","ast-site-content-layout":"full-width-container","site-content-style":"unboxed","site-sidebar-style":"unboxed","ast-global-header-display":"","ast-banner-title-visibility":"","ast-main-header-display":"","ast-hfb-above-header-display":"","ast-hfb-below-header-display":"","ast-hfb-mobile-header-display":"","site-post-title":"disabled","ast-breadcrumbs-content":"","ast-featured-img":"","footer-sml-layout":"","theme-transparent-header-meta":"enabled","adv-header-id-meta":"","stick-header-meta":"","header-above-stick-meta":"","header-main-stick-meta":"","header-below-stick-meta":"","astra-migrate-meta-layouts":"default","ast-page-background-enabled":"default","ast-page-background-meta":{"desktop":{"background-color":"","background-image":"","background-repeat":"repeat","background-position":"center center","background-size":"auto","background-attachment":"scroll","background-type":"","background-media":"","overlay-type":"","overlay-color":"","overlay-opacity":"","overlay-gradient":""},"tablet":{"background-color":"","background-image":"","background-repeat":"repeat","background-position":"center center","background-size":"auto","background-attachment":"scroll","background-type":"","background-media":"","overlay-type":"","overlay-color":"","overlay-opacity":"","overlay-gradient":""},"mobile":{"background-color":"","background-image":"","background-repeat":"repeat","background-position":"center center","background-size":"auto","background-attachment":"scroll","background-type":"","background-media":"","overlay-type":"","overlay-color":"","overlay-opacity":"","overlay-gradient":""}},"ast-content-background-meta":{"desktop":{"background-color":"var(--ast-global-color-5)","background-image":"","background-repeat":"repeat","background-position":"center center","background-size":"auto","background-attachment":"scroll","background-type":"","background-media":"","overlay-type":"","overlay-color":"","overlay-opacity":"","overlay-gradient":""},"tablet":{"background-color":"var(--ast-global-color-5)","background-image":"","background-repeat":"repeat","background-position":"center center","background-size":"auto","background-attachment":"scroll","background-type":"","background-media":"","overlay-type":"","overlay-color":"","overlay-opacity":"","overlay-gradient":""},"mobile":{"background-color":"var(--ast-global-color-5)","background-image":"","background-repeat":"repeat","background-position":"center center","background-size":"auto","background-attachment":"scroll","background-type":"","background-media":"","overlay-type":"","overlay-color":"","overlay-opacity":"","overlay-gradient":""}},"footnotes":""},"categories":[],"tags":[],"class_list":["post-2926","page","type-page","status-publish","hentry"],"uagb_featured_image_src":{"full":false,"thumbnail":false,"medium":false,"medium_large":false,"large":false,"1536x1536":false,"2048x2048":false},"uagb_author_info":{"display_name":"shubham","author_link":"https:\/\/www.ematrica.com\/cs\/author\/shubham\/"},"uagb_comment_info":0,"uagb_excerpt":"\u010casto kladen\u00e9 ot\u00e1zky","_links":{"self":[{"href":"https:\/\/www.ematrica.com\/cs\/wp-json\/wp\/v2\/pages\/2926","targetHints":{"allow":["GET","POST","PUT","PATCH","DELETE"]}}],"collection":[{"href":"https:\/\/www.ematrica.com\/cs\/wp-json\/wp\/v2\/pages"}],"about":[{"href":"https:\/\/www.ematrica.com\/cs\/wp-json\/wp\/v2\/types\/page"}],"author":[{"embeddable":true,"href":"https:\/\/www.ematrica.com\/cs\/wp-json\/wp\/v2\/users\/2"}],"replies":[{"embeddable":true,"href":"https:\/\/www.ematrica.com\/cs\/wp-json\/wp\/v2\/comments?post=2926"}],"version-history":[{"count":1,"href":"https:\/\/www.ematrica.com\/cs\/wp-json\/wp\/v2\/pages\/2926\/revisions"}],"predecessor-version":[{"id":4289,"href":"https:\/\/www.ematrica.com\/cs\/wp-json\/wp\/v2\/pages\/2926\/revisions\/4289"}],"wp:attachment":[{"href":"https:\/\/www.ematrica.com\/cs\/wp-json\/wp\/v2\/media?parent=2926"}],"wp:term":[{"taxonomy":"category","embeddable":true,"href":"https:\/\/www.ematrica.com\/cs\/wp-json\/wp\/v2\/categories?post=2926"},{"taxonomy":"post_tag","embeddable":true,"href":"https:\/\/www.ematrica.com\/cs\/wp-json\/wp\/v2\/tags?post=2926"}],"curies":[{"name":"wp","href":"https:\/\/api.w.org\/{rel}","templated":true}]}}