{"id":2939,"date":"2024-09-27T09:59:58","date_gmt":"2024-09-27T07:59:58","guid":{"rendered":"https:\/\/www.ematrica.com\/kde-plati\/"},"modified":"2024-11-08T14:07:40","modified_gmt":"2024-11-08T13:07:40","slug":"kde-plati","status":"publish","type":"page","link":"https:\/\/www.ematrica.com\/cs\/kde-plati\/","title":{"rendered":"Kde plat\u00ed"},"content":{"rendered":"\n<div class=\"wp-block-uagb-container uagb-block-25efe059 alignfull uagb-is-root-container\"><div class=\"uagb-container-inner-blocks-wrap\">\n<div class=\"wp-block-uagb-advanced-heading uagb-block-152b2cf8\"><h1 class=\"uagb-heading-text\">Kde plat\u00ed<\/h1><\/div>\n<\/div><\/div>\n\n\n\n<div class=\"wp-block-uagb-container uagb-block-4a87feac alignfull uagb-is-root-container\"><div class=\"uagb-container-inner-blocks-wrap\">\n<div class=\"wp-block-uagb-container uagb-block-eb4eb583\">\n<div class=\"wp-block-uagb-image uagb-block-9f678b37 wp-block-uagb-image--layout-default wp-block-uagb-image--effect-static wp-block-uagb-image--align-none\"><figure class=\"wp-block-uagb-image__figure\"><img decoding=\"async\" srcset=\"https:\/\/www.ematrica.com\/wp-content\/uploads\/2024\/09\/Map-1024x481.png ,https:\/\/www.ematrica.com\/wp-content\/uploads\/2024\/09\/Map.png 780w, https:\/\/www.ematrica.com\/wp-content\/uploads\/2024\/09\/Map.png 360w\" sizes=\"auto, (max-width: 480px) 150px\" src=\"https:\/\/www.ematrica.com\/wp-content\/uploads\/2024\/09\/Map-1024x481.png\" alt=\"\" class=\"uag-image-2822\" width=\"1428\" height=\"671\" title=\"Mapa\" loading=\"lazy\" role=\"img\"><\/figure><\/div>\n<\/div>\n<\/div><\/div>\n\n\n\n<div class=\"wp-block-uagb-container uagb-block-615326b3 alignfull uagb-is-root-container\"><div class=\"uagb-container-inner-blocks-wrap\">\n<div class=\"wp-block-uagb-container uagb-block-c51809a9\">\n<div class=\"wp-block-uagb-info-box uagb-block-96aad7cb uagb-infobox__content-wrap uagb-infobox-icon-above-title uagb-infobox-image-valign-top\"><div class=\"uagb-ifb-content\"><div class=\"uagb-ifb-title-wrap\"><h2 class=\"uagb-ifb-title\">Kde se uplat\u0148uj\u00ed na\u0161e slu\u017eby vin\u011bt<\/h2><\/div><\/div><\/div>\n<\/div>\n\n\n\n<div class=\"wp-block-uagb-container uagb-block-dc6e0ba1\">\n<div class=\"wp-block-uagb-info-box uagb-block-cba2f3d7 uagb-infobox__content-wrap uagb-infobox-icon-above-title uagb-infobox-image-valign-top\"><div class=\"uagb-ifb-content\"><div class=\"uagb-ifb-title-wrap\"><h3 class=\"uagb-ifb-title\">M\u011bstsk\u00e9 oblasti<\/h3><\/div><p class=\"uagb-ifb-desc\">Mnoho metropolitn\u00edch region\u016f zav\u00e1d\u00ed m\u00fdtn\u00e9 syst\u00e9my, aby se vypo\u0159\u00e1dalo s dopravn\u00edmi z\u00e1cpami.\nTyto poplatky pom\u00e1haj\u00ed nejen financovat \u00fadr\u017ebu a zlep\u0161en\u00ed, ale tak\u00e9 podporuj\u00ed pou\u017e\u00edv\u00e1n\u00ed alternativn\u00edch tras.\nNa\u0161e slu\u017eby jsou navr\u017eeny tak, aby usnad\u0148ovaly hladk\u00fd pr\u016fb\u011bh m\u00fdtn\u00fdch transakc\u00ed.  <\/p><\/div><\/div>\n<\/div>\n\n\n\n<div class=\"wp-block-uagb-container uagb-block-20b3f7af\">\n<div class=\"wp-block-uagb-info-box uagb-block-bdcff0de uagb-infobox__content-wrap uagb-infobox-icon-above-title uagb-infobox-image-valign-top\"><div class=\"uagb-ifb-content\"><div class=\"uagb-ifb-title-wrap\"><h3 class=\"uagb-ifb-title\">Mezist\u00e1tn\u00ed d\u00e1lnice<\/h3><\/div><p class=\"uagb-ifb-desc\">Hlavn\u00ed d\u00e1lni\u010dn\u00ed tahy jsou \u010dasto zpoplatn\u011bny, aby se zachovala kvalita a bezpe\u010dnost silnic.\nNa\u0161e slu\u017eby pro v\u00fdb\u011br m\u00fdtn\u00e9ho na d\u00e1lnic\u00edch se vztahuj\u00ed na v\u0161echny tyto trasy a zaji\u0161\u0165uj\u00ed cestuj\u00edc\u00edm snadn\u00e9 placen\u00ed m\u00fdtn\u00e9ho a p\u0159\u00edstup k informac\u00edm o sazb\u00e1ch a m\u00edstech, kde se m\u00fdtn\u00e9 vyb\u00edr\u00e1, v re\u00e1ln\u00e9m \u010dase. <\/p><\/div><\/div>\n<\/div>\n\n\n\n<div class=\"wp-block-uagb-container uagb-block-4a7a80b7\">\n<div class=\"wp-block-uagb-info-box uagb-block-71841dc7 uagb-infobox__content-wrap uagb-infobox-icon-above-title uagb-infobox-image-valign-top\"><div class=\"uagb-ifb-content\"><div class=\"uagb-ifb-title-wrap\"><h3 class=\"uagb-ifb-title\">Mosty a tunely<\/h3><\/div><p class=\"uagb-ifb-desc\">Kl\u00ed\u010dov\u00e9 infrastruktury, jako jsou mosty a tunely, \u010dasto vyu\u017e\u00edvaj\u00ed m\u00fdtn\u00e9 k pokryt\u00ed n\u00e1klad\u016f na v\u00fdstavbu a \u00fadr\u017ebu.\nNa\u0161e slu\u017eby zaji\u0161\u0165uj\u00ed, abyste na t\u011bchto m\u00edstech mohli efektivn\u011b platit m\u00fdtn\u00e9, vyhnuli se tak zpo\u017ed\u011bn\u00ed a udr\u017eeli cestu na spr\u00e1vn\u00e9 trase. <\/p><\/div><\/div>\n<\/div>\n\n\n\n<div class=\"wp-block-uagb-container uagb-block-69df0e98\">\n<div class=\"wp-block-uagb-info-box uagb-block-194ffc81 uagb-infobox__content-wrap uagb-infobox-icon-above-title uagb-infobox-image-valign-top\"><div class=\"uagb-ifb-content\"><div class=\"uagb-ifb-title-wrap\"><h3 class=\"uagb-ifb-title\">Cestov\u00e1n\u00ed na dlouh\u00e9 vzd\u00e1lenosti<\/h3><\/div><p class=\"uagb-ifb-desc\">Pro ty, kte\u0159\u00ed se vyd\u00e1vaj\u00ed na dlouh\u00e9 cesty, m\u016f\u017ee informace o tom, kde se plat\u00ed m\u00fdtn\u00e9, pomoci p\u0159i sestavov\u00e1n\u00ed rozpo\u010dtu a pl\u00e1nov\u00e1n\u00ed.\nNa\u0161e slu\u017eby poskytuj\u00ed komplexn\u00ed informace o m\u00fdtn\u00e9m, kter\u00e9 v\u00e1m pomohou p\u0159i informovan\u00e9m rozhodov\u00e1n\u00ed o va\u0161ich cestovn\u00edch tras\u00e1ch. <\/p><\/div><\/div>\n<\/div>\n\n\n\n<div class=\"wp-block-uagb-container uagb-block-85518280\">\n<div class=\"wp-block-uagb-info-box uagb-block-1dc87a3d uagb-infobox__content-wrap uagb-infobox-icon-above-title uagb-infobox-image-valign-top\"><div class=\"uagb-ifb-content\"><div class=\"uagb-ifb-title-wrap\"><h3 class=\"uagb-ifb-title\">Provoz vozov\u00e9ho parku<\/h3><\/div><p class=\"uagb-ifb-desc\">Podniky, kter\u00e9 spravuj\u00ed velk\u00e9 vozov\u00e9 parky, se spol\u00e9haj\u00ed na m\u00fdtn\u00e9 slu\u017eby z hlediska efektivity a \u0159\u00edzen\u00ed n\u00e1klad\u016f.\nNa\u0161e \u0159e\u0161en\u00ed jsou ur\u010dena provozovatel\u016fm vozov\u00fdch park\u016f a nab\u00edzej\u00ed slu\u017eby na m\u00edru, kter\u00e9 zefektiv\u0148uj\u00ed platby m\u00fdtn\u00e9ho pro v\u00edce vozidel a zaji\u0161\u0165uj\u00ed hladk\u00fd provoz na silnic\u00edch. <\/p><\/div><\/div>\n<\/div>\n<\/div><\/div>\n","protected":false},"excerpt":{"rendered":"<p>Kde plat\u00ed<\/p>\n","protected":false},"author":2,"featured_media":0,"parent":0,"menu_order":0,"comment_status":"closed","ping_status":"closed","template":"","meta":{"inline_featured_image":false,"_uag_custom_page_level_css":"","site-sidebar-layout":"no-sidebar","site-content-layout":"plain-container","ast-site-content-layout":"full-width-container","site-content-style":"unboxed","site-sidebar-style":"unboxed","ast-global-header-display":"","ast-banner-title-visibility":"","ast-main-header-display":"","ast-hfb-above-header-display":"","ast-hfb-below-header-display":"","ast-hfb-mobile-header-display":"","site-post-title":"disabled","ast-breadcrumbs-content":"","ast-featured-img":"","footer-sml-layout":"","theme-transparent-header-meta":"enabled","adv-header-id-meta":"","stick-header-meta":"","header-above-stick-meta":"","header-main-stick-meta":"","header-below-stick-meta":"","astra-migrate-meta-layouts":"default","ast-page-background-enabled":"default","ast-page-background-meta":{"desktop":{"background-color":"","background-image":"","background-repeat":"repeat","background-position":"center center","background-size":"auto","background-attachment":"scroll","background-type":"","background-media":"","overlay-type":"","overlay-color":"","overlay-opacity":"","overlay-gradient":""},"tablet":{"background-color":"","background-image":"","background-repeat":"repeat","background-position":"center center","background-size":"auto","background-attachment":"scroll","background-type":"","background-media":"","overlay-type":"","overlay-color":"","overlay-opacity":"","overlay-gradient":""},"mobile":{"background-color":"","background-image":"","background-repeat":"repeat","background-position":"center center","background-size":"auto","background-attachment":"scroll","background-type":"","background-media":"","overlay-type":"","overlay-color":"","overlay-opacity":"","overlay-gradient":""}},"ast-content-background-meta":{"desktop":{"background-color":"var(--ast-global-color-5)","background-image":"","background-repeat":"repeat","background-position":"center center","background-size":"auto","background-attachment":"scroll","background-type":"","background-media":"","overlay-type":"","overlay-color":"","overlay-opacity":"","overlay-gradient":""},"tablet":{"background-color":"var(--ast-global-color-5)","background-image":"","background-repeat":"repeat","background-position":"center center","background-size":"auto","background-attachment":"scroll","background-type":"","background-media":"","overlay-type":"","overlay-color":"","overlay-opacity":"","overlay-gradient":""},"mobile":{"background-color":"var(--ast-global-color-5)","background-image":"","background-repeat":"repeat","background-position":"center center","background-size":"auto","background-attachment":"scroll","background-type":"","background-media":"","overlay-type":"","overlay-color":"","overlay-opacity":"","overlay-gradient":""}},"footnotes":""},"categories":[],"tags":[],"class_list":["post-2939","page","type-page","status-publish","hentry"],"uagb_featured_image_src":{"full":false,"thumbnail":false,"medium":false,"medium_large":false,"large":false,"1536x1536":false,"2048x2048":false},"uagb_author_info":{"display_name":"shubham","author_link":"https:\/\/www.ematrica.com\/cs\/author\/shubham\/"},"uagb_comment_info":0,"uagb_excerpt":"Kde plat\u00ed","_links":{"self":[{"href":"https:\/\/www.ematrica.com\/cs\/wp-json\/wp\/v2\/pages\/2939","targetHints":{"allow":["GET","POST","PUT","PATCH","DELETE"]}}],"collection":[{"href":"https:\/\/www.ematrica.com\/cs\/wp-json\/wp\/v2\/pages"}],"about":[{"href":"https:\/\/www.ematrica.com\/cs\/wp-json\/wp\/v2\/types\/page"}],"author":[{"embeddable":true,"href":"https:\/\/www.ematrica.com\/cs\/wp-json\/wp\/v2\/users\/2"}],"replies":[{"embeddable":true,"href":"https:\/\/www.ematrica.com\/cs\/wp-json\/wp\/v2\/comments?post=2939"}],"version-history":[{"count":1,"href":"https:\/\/www.ematrica.com\/cs\/wp-json\/wp\/v2\/pages\/2939\/revisions"}],"predecessor-version":[{"id":4776,"href":"https:\/\/www.ematrica.com\/cs\/wp-json\/wp\/v2\/pages\/2939\/revisions\/4776"}],"wp:attachment":[{"href":"https:\/\/www.ematrica.com\/cs\/wp-json\/wp\/v2\/media?parent=2939"}],"wp:term":[{"taxonomy":"category","embeddable":true,"href":"https:\/\/www.ematrica.com\/cs\/wp-json\/wp\/v2\/categories?post=2939"},{"taxonomy":"post_tag","embeddable":true,"href":"https:\/\/www.ematrica.com\/cs\/wp-json\/wp\/v2\/tags?post=2939"}],"curies":[{"name":"wp","href":"https:\/\/api.w.org\/{rel}","templated":true}]}}