{"id":4275,"date":"2024-09-27T07:37:25","date_gmt":"2024-09-27T05:37:25","guid":{"rendered":"https:\/\/www.ematrica.com\/zasady-ochrany-osobnich-udaju\/"},"modified":"2024-09-27T07:37:25","modified_gmt":"2024-09-27T05:37:25","slug":"zasady-ochrany-osobnich-udaju","status":"publish","type":"page","link":"https:\/\/www.ematrica.com\/cs\/zasady-ochrany-osobnich-udaju\/","title":{"rendered":"Z\u00e1sady ochrany osobn\u00edch \u00fadaj\u016f"},"content":{"rendered":"\n<p><strong>Prohl\u00e1\u0161en\u00ed o ochran\u011b osobn\u00edch \u00fadaj\u016f a soubor\u016f cookie  <\/strong><\/p>\n\n\n\n<p>1. listopadu 2021<\/p>\n\n\n\n<p>Va\u0161e soukrom\u00ed je pro ematrica.com velmi d\u016fle\u017eit\u00e9. Proto dodr\u017eujeme p\u0159\u00edslu\u0161n\u00e9 z\u00e1kony a p\u0159edpisy o ochran\u011b osobn\u00edch \u00fadaj\u016f, v\u010detn\u011b obecn\u00e9ho na\u0159\u00edzen\u00ed o ochran\u011b osobn\u00edch \u00fadaj\u016f (d\u00e1le jen GDPR). To znamen\u00e1, \u017ee:  <\/p>\n\n\n\n<p>&#8211;&nbsp;&nbsp;&nbsp;&nbsp; &nbsp;&nbsp; P\u0159ed zpracov\u00e1n\u00edm va\u0161ich osobn\u00edch \u00fadaj\u016f prost\u0159ednictv\u00edm tohoto prohl\u00e1\u0161en\u00ed o ochran\u011b osobn\u00edch \u00fadaj\u016f<strong>jasn\u011b uv\u00e1d\u00edme na\u0161e \u00fa\u010dely<\/strong>&nbsp;;<\/p>\n\n\n\n<p>&#8211;&nbsp;&nbsp;&nbsp;&nbsp; &nbsp;&nbsp;<strong>Uchov\u00e1vejte co nejm\u00e9n\u011b osobn\u00edch \u00fadaj\u016f<\/strong>&nbsp;a pouze \u00fadaje, kter\u00e9 jsou nezbytn\u00e9 pro na\u0161e \u00fa\u010dely;<\/p>\n\n\n\n<p>&#8211;&nbsp;&nbsp;&nbsp;&nbsp; &nbsp;&nbsp;<strong>V\u00fdslovn\u011b po\u017e\u00e1dejte o souhlas<\/strong>&nbsp;se zpracov\u00e1n\u00edm osobn\u00edch \u00fadaj\u016f, pokud je souhlas vy\u017eadov\u00e1n;<\/p>\n\n\n\n<p>&#8211;&nbsp;&nbsp;&nbsp;&nbsp;&nbsp;&nbsp;<strong>P\u0159ijm\u011bte nezbytn\u00e1 bezpe\u010dnostn\u00ed opat\u0159en\u00ed<\/strong>&nbsp;k ochran\u011b va\u0161ich osobn\u00edch \u00fadaj\u016f. Tyto povinnosti ukl\u00e1d\u00e1me tak\u00e9 stran\u00e1m, kter\u00e9 pro n\u00e1s zpracov\u00e1vaj\u00ed osobn\u00ed \u00fadaje; <\/p>\n\n\n\n<p>&#8211;&nbsp;&nbsp;&nbsp;&nbsp; &nbsp;&nbsp;<strong>Respektujte sv\u00e1 pr\u00e1va<\/strong>&nbsp;, nap\u0159\u00edklad pr\u00e1vo na p\u0159\u00edstup k va\u0161im osobn\u00edm \u00fadaj\u016fm, kter\u00e9 zpracov\u00e1v\u00e1me, na jejich opravu nebo v\u00fdmaz.<\/p>\n\n\n\n<p>Va\u0161e \u00fadaje jsou u n\u00e1s v bezpe\u010d\u00ed a my je budeme v\u017edy \u0159\u00e1dn\u011b pou\u017e\u00edvat. V tomto prohl\u00e1\u0161en\u00ed o ochran\u011b osobn\u00edch \u00fadaj\u016f vysv\u011btlujeme, jak v internetov\u00e9m obchod\u011b ematrica.com nakl\u00e1d\u00e1me s informacemi, kter\u00e9 o v\u00e1s zjist\u00edme. <\/p>\n\n\n\n<p>Pokud m\u00e1te jak\u00e9koli dotazy nebo chcete v\u011bd\u011bt, jak\u00e9 \u00fadaje o v\u00e1s p\u0159esn\u011b uchov\u00e1v\u00e1me, kontaktujte pros\u00edm ematrica.com.<\/p>\n\n\n\n<p><strong>Zpracov\u00e1n\u00ed objedn\u00e1vek<\/strong><br>Kdy\u017e u n\u00e1s zad\u00e1te objedn\u00e1vku, pou\u017eijeme va\u0161e osobn\u00ed \u00fadaje k jej\u00edmu \u0159\u00e1dn\u00e9mu zpracov\u00e1n\u00ed. Va\u0161e osobn\u00ed \u00fadaje pak m\u016f\u017eeme poskytnout na\u0161\u00ed doru\u010dovac\u00ed slu\u017eb\u011b, aby v\u00e1m objedn\u00e1vku doru\u010dila. Informace o va\u0161\u00ed platb\u011b z\u00edsk\u00e1v\u00e1me tak\u00e9 od va\u0161\u00ed banky nebo spole\u010dnosti vyd\u00e1vaj\u00edc\u00ed kreditn\u00ed karty. K tomuto \u00fa\u010delu pou\u017e\u00edv\u00e1me va\u0161e:   <\/p>\n\n\n\n<ul class=\"wp-block-list\">\n<li>Jm\u00e9no a adresa<\/li>\n\n\n\n<li>E-mailov\u00e1 adresa<\/li>\n\n\n\n<li>Platebn\u00ed \u00fadaje<\/li>\n\n\n\n<li>IP adresa<\/li>\n\n\n\n<li>\u00dadaje o cestovn\u00edm pasu (datum narozen\u00ed, pohlav\u00ed, fotografie, \u010d\u00edslo pasu atd.)<\/li>\n<\/ul>\n\n\n\n<p>Pot\u0159ebujeme to kv\u016fli smlouv\u011b, kterou s v\u00e1mi uzav\u00edr\u00e1me. Tyto informace uchov\u00e1v\u00e1me a\u017e do dokon\u010den\u00ed va\u0161\u00ed objedn\u00e1vky. N\u011bkter\u00e9 \u00fadaje o z\u00e1kazn\u00edc\u00edch uchov\u00e1v\u00e1me d\u00e9le v souvislosti se z\u00e1konnou povinnost\u00ed uchov\u00e1vat da\u0148ov\u00e9 \u00fadaje.  <\/p>\n\n\n\n<p><em>Poskytov\u00e1n\u00ed t\u0159et\u00edm stran\u00e1m<\/em><br>Spolupracujeme s ur\u010dit\u00fdmi spole\u010dnostmi, kter\u00e9 od n\u00e1s mohou z\u00edskat va\u0161e v\u00fd\u0161e uveden\u00e9 osobn\u00ed \u00fadaje.<\/p>\n\n\n\n<p>P\u0159i zpracov\u00e1n\u00ed objedn\u00e1vek spolupracujeme s:<\/p>\n\n\n\n<ul class=\"wp-block-list\">\n<li>Na\u0161i poskytovatel\u00e9 plateb Mollie a Multisafepay<\/li>\n\n\n\n<li>Vl\u00e1da nebo ministerstvo zahrani\u010dn\u00edch v\u011bc\u00ed zem\u011b, pro kterou \u017e\u00e1d\u00e1te o v\u00edzum.<\/li>\n<\/ul>\n\n\n\n<p><strong>Kontaktn\u00ed formul\u00e1\u0159<\/strong><br>Pomoc\u00ed kontaktn\u00edho formul\u00e1\u0159e n\u00e1m m\u016f\u017eete polo\u017eit ot\u00e1zky nebo vzn\u00e9st po\u017eadavky. K tomu pou\u017e\u00edv\u00e1me v\u00e1\u0161: <\/p>\n\n\n\n<ul class=\"wp-block-list\">\n<li>E-mailov\u00e1 adresa<\/li>\n<\/ul>\n\n\n\n<p>\u010cin\u00edme tak na z\u00e1klad\u011b va\u0161eho souhlasu. Tyto informace uchov\u00e1v\u00e1me, dokud si nejsme jisti, \u017ee jste s na\u0161\u00ed odpov\u011bd\u00ed spokojeni. <\/p>\n\n\n\n<p><strong>Reklamy<\/strong><br>N\u00e1\u0161 webov\u00fd obchod zobrazuje reklamy. Ty nezve\u0159ej\u0148ujeme sami, ale \u010din\u00ed tak reklamn\u00ed agentury, se kter\u00fdmi spolupracujeme. Tyto agentury sleduj\u00ed, zda v\u00e1s reklamy zaujaly, a tyto informace vyu\u017e\u00edvaj\u00ed k tomu, aby v\u00e1m v budoucnu zobrazovaly pouze z\u00e1bavn\u00e9 nebo zaj\u00edmav\u00e9 reklamy a nab\u00eddky.  <\/p>\n\n\n\n<p><strong>Poskytov\u00e1n\u00ed jin\u00fdm spole\u010dnostem nebo instituc\u00edm<\/strong><br>S v\u00fdjimkou stran, kter\u00e9 jsou nezbytn\u00e9 pro poskytov\u00e1n\u00ed v\u00fd\u0161e uveden\u00fdch slu\u017eeb, nebudeme va\u0161e osobn\u00ed \u00fadaje za \u017e\u00e1dn\u00fdch okolnost\u00ed poskytovat jin\u00fdm spole\u010dnostem nebo instituc\u00edm, pokud k tomu nebudeme m\u00edt z\u00e1konnou povinnost (nap\u0159\u00edklad pokud si to vy\u017e\u00e1d\u00e1 policie v p\u0159\u00edpad\u011b podez\u0159en\u00ed na trestn\u00fd \u010din).&nbsp;<\/p>\n\n\n\n<p><strong>Statistiky<\/strong><br>Vedeme statistiky o pou\u017e\u00edv\u00e1n\u00ed na\u0161eho internetov\u00e9ho obchodu, ale tyto \u00fadaje jsou v\u017edy anonymizovan\u00e9.&nbsp;<\/p>\n\n\n\n<p><strong>Cookies<\/strong><br>N\u00e1\u0161 webov\u00fd obchod pou\u017e\u00edv\u00e1 cookies. Cookies jsou mal\u00e9 soubory, do kter\u00fdch m\u016f\u017eeme ukl\u00e1dat informace, tak\u017ee je nemus\u00edte znovu vypl\u0148ovat. M\u016f\u017eeme v\u0161ak tak\u00e9 zjistit, \u017ee n\u00e1s znovu nav\u0161t\u011bvujete.  <\/p>\n\n\n\n<p>Ukl\u00e1d\u00e1n\u00ed soubor\u016f cookie m\u016f\u017eete ve sv\u00e9m prohl\u00ed\u017ee\u010di zak\u00e1zat, ale n\u011bkter\u00e9 \u010d\u00e1sti na\u0161eho internetov\u00e9ho obchodu pak nebudou fungovat spr\u00e1vn\u011b.<\/p>\n\n\n\n<p>S dal\u0161\u00edmi spole\u010dnostmi, kter\u00e9 um\u00eds\u0165uj\u00ed soubory cookie, jsme uzav\u0159eli dohody o pou\u017e\u00edv\u00e1n\u00ed soubor\u016f cookie. Nem\u00e1me v\u0161ak plnou kontrolu nad t\u00edm, co d\u011blaj\u00ed se samotn\u00fdmi soubory cookie. Proto si p\u0159e\u010dt\u011bte tak\u00e9 jejich prohl\u00e1\u0161en\u00ed o ochran\u011b osobn\u00edch \u00fadaj\u016f.  <\/p>\n\n\n\n<p><strong>Bezpe\u010dnost<\/strong><br>Bezpe\u010dnost osobn\u00edch \u00fadaj\u016f je pro n\u00e1s velmi d\u016fle\u017eit\u00e1. Db\u00e1me na to, aby va\u0161e \u00fadaje byly u n\u00e1s dob\u0159e zabezpe\u010deny. Zabezpe\u010den\u00ed neust\u00e1le upravujeme a v\u011bnujeme velkou pozornost tomu, co se m\u016f\u017ee pokazit.  <\/p>\n\n\n\n<p><strong>Zm\u011bny tohoto prohl\u00e1\u0161en\u00ed o ochran\u011b osobn\u00edch \u00fadaj\u016f<\/strong><br>Kdy\u017e se zm\u011bn\u00ed n\u00e1\u0161 internetov\u00fd obchod, mus\u00edme samoz\u0159ejm\u011b upravit i prohl\u00e1\u0161en\u00ed o ochran\u011b osobn\u00edch \u00fadaj\u016f. V\u017edy proto v\u011bnujte pozornost v\u00fd\u0161e uveden\u00e9mu datu a pravideln\u011b kontrolujte, zda nen\u00ed k dispozici nov\u00e1 verze. Ud\u011bl\u00e1me v\u0161e pro to, abychom v\u00e1m zm\u011bny p\u0159edali.  <\/p>\n\n\n\n<p><strong>Va\u0161e pr\u00e1va<\/strong><br>Pokud m\u00e1te jak\u00e9koli dotazy nebo chcete v\u011bd\u011bt, jak\u00e9 osobn\u00ed \u00fadaje o v\u00e1s m\u00e1me, m\u016f\u017eete n\u00e1s kdykoli kontaktovat. Viz n\u00ed\u017ee uveden\u00e9 kontaktn\u00ed \u00fadaje. <\/p>\n\n\n\n<p>M\u00e1te n\u00e1sleduj\u00edc\u00ed pr\u00e1va:<\/p>\n\n\n\n<ul class=\"wp-block-list\">\n<li>obdr\u017eet vysv\u011btlen\u00ed, jak\u00e9 osobn\u00ed \u00fadaje m\u00e1me a co s nimi d\u011bl\u00e1me;<\/li>\n\n\n\n<li>P\u0159\u00edstup k p\u0159esn\u00fdm osobn\u00edm \u00fadaj\u016fm, kter\u00e9 m\u00e1me k dispozici;<\/li>\n\n\n\n<li>Oprava chyb;<\/li>\n\n\n\n<li>Odstran\u011bn\u00ed neaktu\u00e1ln\u00edch osobn\u00edch \u00fadaj\u016f;<\/li>\n\n\n\n<li>P\u0159ed\u00e1n\u00ed osobn\u00edch \u00fadaj\u016f jin\u00e9 stran\u011b;<\/li>\n\n\n\n<li>Odvol\u00e1n\u00ed souhlasu;<\/li>\n\n\n\n<li>Omezit ur\u010dit\u00e9 zpracov\u00e1n\u00ed;<\/li>\n\n\n\n<li>vzn\u00e9st n\u00e1mitku proti konkr\u00e9tn\u00edmu pou\u017eit\u00ed.<\/li>\n<\/ul>\n\n\n\n<p>Upozor\u0148ujeme, \u017ee byste m\u011bli v\u017edy jasn\u011b uv\u00e9st, kdo jste, abychom m\u011bli jistotu, \u017ee neuprav\u00edme nebo nevyma\u017eeme \u00fadaje nespr\u00e1vn\u00e9 osoby.<\/p>\n\n\n\n<p>Va\u0161\u00ed \u017e\u00e1dosti v z\u00e1sad\u011b vyhov\u00edme do jednoho m\u011bs\u00edce. Tato lh\u016fta v\u0161ak m\u016f\u017ee b\u00fdt prodlou\u017eena z d\u016fvod\u016f souvisej\u00edc\u00edch s konkr\u00e9tn\u00edmi pr\u00e1vy subjekt\u016f \u00fadaj\u016f nebo slo\u017eitost\u00ed \u017e\u00e1dosti. Pokud tuto lh\u016ftu prodlou\u017e\u00edme, budeme v\u00e1s o tom v\u010das informovat.  <\/p>\n\n\n\n<p><strong>Pod\u00e1n\u00ed st\u00ed\u017enosti<\/strong><br>Chcete-li podat st\u00ed\u017enost na pou\u017e\u00edv\u00e1n\u00ed sv\u00fdch osobn\u00edch \u00fadaj\u016f, m\u016f\u017eete zaslat e-mail na adresu contact@ematrica.com. Ka\u017edou st\u00ed\u017enost vy\u0159\u00edd\u00edme intern\u011b a budeme s v\u00e1mi o tom d\u00e1le komunikovat. <\/p>\n\n\n\n<p>Pokud m\u00e1te pocit, \u017ee v\u00e1m nepom\u00e1h\u00e1me spr\u00e1vn\u00fdm zp\u016fsobem, m\u00e1te pr\u00e1vo podat st\u00ed\u017enost u dozorov\u00e9ho \u00fa\u0159adu. Ten se naz\u00fdv\u00e1 nizozemsk\u00fd \u00fa\u0159ad pro ochranu osobn\u00edch \u00fadaj\u016f. <\/p>\n\n\n\n<p><strong>Kontaktn\u00ed \u00fadaje<\/strong><\/p>\n\n\n\n<p><strong>Adresa<\/strong>: GOVIGNETTE LTD, a 128 City Road, Lond\u00fdn, Velk\u00e1 Brit\u00e1nie, EC1V 2NX<\/p>\n\n\n\n<p>E-mail: E-mail:&nbsp;contact@ematrica.com<\/p>\n\n\n\n<p>Kontakt : +44 077 5757 7501<\/p>\n","protected":false},"excerpt":{"rendered":"<p>Prohl\u00e1\u0161en\u00ed o ochran\u011b osobn\u00edch \u00fadaj\u016f a soubor\u016f cookie 1. listopadu 2021 Va\u0161e soukrom\u00ed je pro ematrica.com velmi d\u016fle\u017eit\u00e9. Proto dodr\u017eujeme p\u0159\u00edslu\u0161n\u00e9 z\u00e1kony a p\u0159edpisy o ochran\u011b osobn\u00edch \u00fadaj\u016f, v\u010detn\u011b obecn\u00e9ho na\u0159\u00edzen\u00ed o ochran\u011b osobn\u00edch \u00fadaj\u016f (d\u00e1le jen GDPR). To znamen\u00e1, \u017ee: &#8211;&nbsp;&nbsp;&nbsp;&nbsp; &nbsp;&nbsp; P\u0159ed zpracov\u00e1n\u00edm va\u0161ich osobn\u00edch \u00fadaj\u016f prost\u0159ednictv\u00edm tohoto prohl\u00e1\u0161en\u00ed o ochran\u011b osobn\u00edch \u00fadaj\u016fjasn\u011b [&hellip;]<\/p>\n","protected":false},"author":1,"featured_media":0,"parent":0,"menu_order":0,"comment_status":"closed","ping_status":"closed","template":"","meta":{"inline_featured_image":false,"_uag_custom_page_level_css":"","site-sidebar-layout":"default","site-content-layout":"","ast-site-content-layout":"default","site-content-style":"default","site-sidebar-style":"default","ast-global-header-display":"","ast-banner-title-visibility":"","ast-main-header-display":"","ast-hfb-above-header-display":"","ast-hfb-below-header-display":"","ast-hfb-mobile-header-display":"","site-post-title":"","ast-breadcrumbs-content":"","ast-featured-img":"","footer-sml-layout":"","theme-transparent-header-meta":"","adv-header-id-meta":"","stick-header-meta":"","header-above-stick-meta":"","header-main-stick-meta":"","header-below-stick-meta":"","astra-migrate-meta-layouts":"default","ast-page-background-enabled":"default","ast-page-background-meta":{"desktop":{"background-color":"","background-image":"","background-repeat":"repeat","background-position":"center center","background-size":"auto","background-attachment":"scroll","background-type":"","background-media":"","overlay-type":"","overlay-color":"","overlay-opacity":"","overlay-gradient":""},"tablet":{"background-color":"","background-image":"","background-repeat":"repeat","background-position":"center center","background-size":"auto","background-attachment":"scroll","background-type":"","background-media":"","overlay-type":"","overlay-color":"","overlay-opacity":"","overlay-gradient":""},"mobile":{"background-color":"","background-image":"","background-repeat":"repeat","background-position":"center center","background-size":"auto","background-attachment":"scroll","background-type":"","background-media":"","overlay-type":"","overlay-color":"","overlay-opacity":"","overlay-gradient":""}},"ast-content-background-meta":{"desktop":{"background-color":"var(--ast-global-color-5)","background-image":"","background-repeat":"repeat","background-position":"center center","background-size":"auto","background-attachment":"scroll","background-type":"","background-media":"","overlay-type":"","overlay-color":"","overlay-opacity":"","overlay-gradient":""},"tablet":{"background-color":"var(--ast-global-color-5)","background-image":"","background-repeat":"repeat","background-position":"center center","background-size":"auto","background-attachment":"scroll","background-type":"","background-media":"","overlay-type":"","overlay-color":"","overlay-opacity":"","overlay-gradient":""},"mobile":{"background-color":"var(--ast-global-color-5)","background-image":"","background-repeat":"repeat","background-position":"center center","background-size":"auto","background-attachment":"scroll","background-type":"","background-media":"","overlay-type":"","overlay-color":"","overlay-opacity":"","overlay-gradient":""}},"footnotes":""},"categories":[],"tags":[105],"class_list":["post-4275","page","type-page","status-publish","hentry","tag-noindex-cs"],"uagb_featured_image_src":{"full":false,"thumbnail":false,"medium":false,"medium_large":false,"large":false,"1536x1536":false,"2048x2048":false},"uagb_author_info":{"display_name":"admin","author_link":"https:\/\/www.ematrica.com\/cs\/author\/admin\/"},"uagb_comment_info":0,"uagb_excerpt":"Prohl\u00e1\u0161en\u00ed o ochran\u011b osobn\u00edch \u00fadaj\u016f a soubor\u016f cookie 1. listopadu 2021 Va\u0161e soukrom\u00ed je pro ematrica.com velmi d\u016fle\u017eit\u00e9. Proto dodr\u017eujeme p\u0159\u00edslu\u0161n\u00e9 z\u00e1kony a p\u0159edpisy o ochran\u011b osobn\u00edch \u00fadaj\u016f, v\u010detn\u011b obecn\u00e9ho na\u0159\u00edzen\u00ed o ochran\u011b osobn\u00edch \u00fadaj\u016f (d\u00e1le jen GDPR). To znamen\u00e1, \u017ee: &#8211;&nbsp;&nbsp;&nbsp;&nbsp; &nbsp;&nbsp; P\u0159ed zpracov\u00e1n\u00edm va\u0161ich osobn\u00edch \u00fadaj\u016f prost\u0159ednictv\u00edm tohoto prohl\u00e1\u0161en\u00ed o ochran\u011b osobn\u00edch \u00fadaj\u016fjasn\u011b&hellip;","_links":{"self":[{"href":"https:\/\/www.ematrica.com\/cs\/wp-json\/wp\/v2\/pages\/4275","targetHints":{"allow":["GET","POST","PUT","PATCH","DELETE"]}}],"collection":[{"href":"https:\/\/www.ematrica.com\/cs\/wp-json\/wp\/v2\/pages"}],"about":[{"href":"https:\/\/www.ematrica.com\/cs\/wp-json\/wp\/v2\/types\/page"}],"author":[{"embeddable":true,"href":"https:\/\/www.ematrica.com\/cs\/wp-json\/wp\/v2\/users\/1"}],"replies":[{"embeddable":true,"href":"https:\/\/www.ematrica.com\/cs\/wp-json\/wp\/v2\/comments?post=4275"}],"version-history":[{"count":0,"href":"https:\/\/www.ematrica.com\/cs\/wp-json\/wp\/v2\/pages\/4275\/revisions"}],"wp:attachment":[{"href":"https:\/\/www.ematrica.com\/cs\/wp-json\/wp\/v2\/media?parent=4275"}],"wp:term":[{"taxonomy":"category","embeddable":true,"href":"https:\/\/www.ematrica.com\/cs\/wp-json\/wp\/v2\/categories?post=4275"},{"taxonomy":"post_tag","embeddable":true,"href":"https:\/\/www.ematrica.com\/cs\/wp-json\/wp\/v2\/tags?post=4275"}],"curies":[{"name":"wp","href":"https:\/\/api.w.org\/{rel}","templated":true}]}}