{"id":5044,"date":"2024-10-28T14:20:00","date_gmt":"2024-10-28T13:20:00","guid":{"rendered":"https:\/\/www.ematrica.com\/mapy\/"},"modified":"2024-10-28T14:20:00","modified_gmt":"2024-10-28T13:20:00","slug":"mapy","status":"publish","type":"page","link":"https:\/\/www.ematrica.com\/cs\/mapy\/","title":{"rendered":"Mapy"},"content":{"rendered":"\n<div class=\"wp-block-uagb-container uagb-block-25efe059 alignfull uagb-is-root-container\"><div class=\"uagb-container-inner-blocks-wrap\">\n<div class=\"wp-block-uagb-advanced-heading uagb-block-152b2cf8\"><h1 class=\"uagb-heading-text\">Mapy<\/h1><\/div>\n<\/div><\/div>\n\n\n\n<div class=\"wp-block-uagb-container uagb-layout-flex uagb-block-a1027da3 alignfull uagb-is-root-container\"><div class=\"uagb-container-inner-blocks-wrap\">\n<div class=\"wp-block-uagb-container uagb-block-52c1a9ca\">\n<p>Mapy maj\u00ed pouze informativn\u00ed charakter. P\u0159esn\u00fd seznam zpoplatn\u011bn\u00fdch \u00fasek\u016f je uveden v n\u00e1sleduj\u00edc\u00edch vyhl\u00e1\u0161k\u00e1ch: <\/p>\n\n\n\n<ul class=\"wp-block-list\">\n<li>E-vignette:&nbsp;Vyhl\u00e1\u0161ka ministra pro inovace a technologie \u010d. 45\/2020 (XI. 28.) ITM.<\/li>\n\n\n\n<li>E-m\u00fdtn\u00e9:&nbsp;Vyhl\u00e1\u0161ka 25\/2013 (V.&nbsp;31.) NFM ministra pro n\u00e1rodn\u00ed rozvoj<\/li>\n<\/ul>\n\n\n\n<p>\u00a9 Mapy dostupn\u00e9 na webov\u00fdch str\u00e1nk\u00e1ch nemzetiutdij.hu a toll-charge.hu zobrazuj\u00edc\u00ed s\u00ed\u0165 zpoplatn\u011bn\u00fdch silnic jsou du\u0161evn\u00edm vlastnictv\u00edm spole\u010dnosti National Toll Payment Services Plc., a proto jejich dal\u0161\u00ed pou\u017eit\u00ed vy\u017eaduje p\u0159edchoz\u00ed souhlas na\u0161\u00ed spole\u010dnosti.<\/p>\n\n\n\n<hr class=\"wp-block-separator has-alpha-channel-opacity\">\n\n\n\n<h3 class=\"wp-block-heading\">Mapa zem\u00ed s e-vignetou<\/h3>\n\n\n\n<h4 class=\"wp-block-heading\">Plat\u00ed od 1. ledna 2024.<\/h4>\n\n\n\n<p>Kliknut\u00edm na obr\u00e1zek st\u00e1hnete mapu v pln\u00e9 velikosti.<\/p>\n\n\n\n<div class=\"wp-block-uagb-image uagb-block-358e27ee wp-block-uagb-image--layout-default wp-block-uagb-image--effect-static wp-block-uagb-image--align-none\"><figure class=\"wp-block-uagb-image__figure\"><img decoding=\"async\" srcset=\"https:\/\/www.ematrica.com\/wp-content\/uploads\/2024\/10\/map.jpg ,https:\/\/www.ematrica.com\/wp-content\/uploads\/2024\/10\/map.jpg 780w, https:\/\/www.ematrica.com\/wp-content\/uploads\/2024\/10\/map.jpg 360w\" sizes=\"auto, (max-width: 480px) 150px\" src=\"https:\/\/www.ematrica.com\/wp-content\/uploads\/2024\/10\/map.jpg\" alt=\"\" class=\"uag-image-4208\" width=\"1024\" height=\"576\" title=\"NUSZ_HD_terkep_A0_20240801\" loading=\"lazy\" role=\"img\"><\/figure><\/div>\n\n\n\n<h3 class=\"wp-block-heading\">Region\u00e1ln\u00ed mapy e-vignette<\/h3>\n\n\n\n<h4 class=\"wp-block-heading\">Plat\u00ed od 1. ledna 2024.<\/h4>\n\n\n\n<p>Rozsah platnosti region\u00e1ln\u00edch e-zn\u00e1mek sah\u00e1 za spr\u00e1vn\u00ed hranice okresu a\u017e po prvn\u00ed k\u0159i\u017eovatku za hranic\u00ed okresu. \u00dazemn\u00ed platnost region\u00e1ln\u00edch d\u00e1lni\u010dn\u00edch zn\u00e1mek podle \u010d\u00edsla k\u0159i\u017eovatky a \u010d\u00edsla silni\u010dn\u00edho \u00fasekuje stanovena v p\u0159\u00edloze 1 k&nbsp;vyhl\u00e1\u0161ky ministra pro inovace a technologie \u010d. 45\/2020 (XI. 28.) ITM. <\/p>\n\n\n\n<p>Mapy region\u00e1ln\u00edch elektronick\u00fdch d\u00e1lni\u010dn\u00edch zn\u00e1mek platn\u00e9 od 1. ledna 2024 si m\u016f\u017eete prohl\u00e9dnout kliknut\u00edm na n\u00e1zev okresu.<\/p>\n\n\n\n<p>Okres Baranya<\/p>\n\n\n\n<p>Okres B\u00e1cs-Kiskun<\/p>\n\n\n\n<p>Okres B\u00e9k\u00e9s<\/p>\n\n\n\n<p>Okres Borsod-Aba\u00faj-Zempl\u00e9n<\/p>\n\n\n\n<p>\u017dupa Csongr\u00e1d-Csan\u00e1d<\/p>\n\n\n\n<p>Okres Fej\u00e9r<\/p>\n\n\n\n<p>\u017dupa Gy\u0151r-Moson-Sopron<\/p>\n\n\n\n<p>Okres Hajd\u00fa-Bihar<\/p>\n\n\n\n<p>Heves county<\/p>\n\n\n\n<p>Okres J\u00e1sz-Nagykun-Szolnok<\/p>\n\n\n\n<p>Okres Kom\u00e1rom-Esztergom<\/p>\n\n\n\n<p>\u0160k\u016fdcovsk\u00fd okres<\/p>\n\n\n\n<p>Okres Somogy<\/p>\n\n\n\n<p>\u017dupa Szabolcs-Szatm\u00e1r-Bereg<\/p>\n\n\n\n<p>Okres Tolna<\/p>\n\n\n\n<p>Okres Vas<\/p>\n\n\n\n<p>Okres Veszpr\u00e9m<\/p>\n\n\n\n<p>Okres Zala<\/p>\n\n\n\n<hr class=\"wp-block-separator has-alpha-channel-opacity\">\n\n\n\n<h3 class=\"wp-block-heading\">Syst\u00e9m elektronick\u00e9ho m\u00fdtn\u00e9ho pro vozidla s maxim\u00e1ln\u00ed p\u0159\u00edpustnou celkovou hmotnost\u00ed nad 3,5 tuny&nbsp;<\/h3>\n\n\n\n<h4 class=\"wp-block-heading\">Plat\u00ed od 1. z\u00e1\u0159\u00ed 2024.<\/h4>\n\n\n\n<p>Kliknut\u00edm na obr\u00e1zek st\u00e1hnete mapu v pln\u00e9 velikosti.<\/p>\n\n\n\n<div class=\"wp-block-uagb-image uagb-block-0a956f8e wp-block-uagb-image--layout-default wp-block-uagb-image--effect-static wp-block-uagb-image--align-none\"><figure class=\"wp-block-uagb-image__figure\"><img decoding=\"async\" srcset=\"https:\/\/www.ematrica.com\/wp-content\/uploads\/2024\/10\/map2.jpg ,https:\/\/www.ematrica.com\/wp-content\/uploads\/2024\/10\/map2.jpg 780w, https:\/\/www.ematrica.com\/wp-content\/uploads\/2024\/10\/map2.jpg 360w\" sizes=\"auto, (max-width: 480px) 150px\" src=\"https:\/\/www.ematrica.com\/wp-content\/uploads\/2024\/10\/map2.jpg\" alt=\"\" class=\"uag-image-4214\" width=\"1024\" height=\"576\" title=\"mapa2\" loading=\"lazy\" role=\"img\"><\/figure><\/div>\n<\/div>\n<\/div><\/div>\n","protected":false},"excerpt":{"rendered":"<p>Mapy Mapy maj\u00ed pouze informativn\u00ed charakter. P\u0159esn\u00fd seznam zpoplatn\u011bn\u00fdch \u00fasek\u016f je uveden v n\u00e1sleduj\u00edc\u00edch vyhl\u00e1\u0161k\u00e1ch: \u00a9 Mapy dostupn\u00e9 na webov\u00fdch str\u00e1nk\u00e1ch nemzetiutdij.hu a toll-charge.hu zobrazuj\u00edc\u00ed s\u00ed\u0165 zpoplatn\u011bn\u00fdch silnic jsou du\u0161evn\u00edm vlastnictv\u00edm spole\u010dnosti National Toll Payment Services Plc., a proto jejich dal\u0161\u00ed pou\u017eit\u00ed vy\u017eaduje p\u0159edchoz\u00ed souhlas na\u0161\u00ed spole\u010dnosti. Mapa zem\u00ed s e-vignetou Plat\u00ed od 1. ledna [&hellip;]<\/p>\n","protected":false},"author":2,"featured_media":0,"parent":0,"menu_order":0,"comment_status":"closed","ping_status":"closed","template":"","meta":{"inline_featured_image":false,"_uag_custom_page_level_css":"","site-sidebar-layout":"no-sidebar","site-content-layout":"plain-container","ast-site-content-layout":"full-width-container","site-content-style":"unboxed","site-sidebar-style":"unboxed","ast-global-header-display":"","ast-banner-title-visibility":"","ast-main-header-display":"","ast-hfb-above-header-display":"","ast-hfb-below-header-display":"","ast-hfb-mobile-header-display":"","site-post-title":"disabled","ast-breadcrumbs-content":"","ast-featured-img":"disabled","footer-sml-layout":"","theme-transparent-header-meta":"enabled","adv-header-id-meta":"","stick-header-meta":"","header-above-stick-meta":"","header-main-stick-meta":"","header-below-stick-meta":"","astra-migrate-meta-layouts":"default","ast-page-background-enabled":"default","ast-page-background-meta":{"desktop":{"background-color":"","background-image":"","background-repeat":"repeat","background-position":"center center","background-size":"auto","background-attachment":"scroll","background-type":"","background-media":"","overlay-type":"","overlay-color":"","overlay-opacity":"","overlay-gradient":""},"tablet":{"background-color":"","background-image":"","background-repeat":"repeat","background-position":"center center","background-size":"auto","background-attachment":"scroll","background-type":"","background-media":"","overlay-type":"","overlay-color":"","overlay-opacity":"","overlay-gradient":""},"mobile":{"background-color":"","background-image":"","background-repeat":"repeat","background-position":"center center","background-size":"auto","background-attachment":"scroll","background-type":"","background-media":"","overlay-type":"","overlay-color":"","overlay-opacity":"","overlay-gradient":""}},"ast-content-background-meta":{"desktop":{"background-color":"var(--ast-global-color-5)","background-image":"","background-repeat":"repeat","background-position":"center center","background-size":"auto","background-attachment":"scroll","background-type":"","background-media":"","overlay-type":"","overlay-color":"","overlay-opacity":"","overlay-gradient":""},"tablet":{"background-color":"var(--ast-global-color-5)","background-image":"","background-repeat":"repeat","background-position":"center center","background-size":"auto","background-attachment":"scroll","background-type":"","background-media":"","overlay-type":"","overlay-color":"","overlay-opacity":"","overlay-gradient":""},"mobile":{"background-color":"var(--ast-global-color-5)","background-image":"","background-repeat":"repeat","background-position":"center center","background-size":"auto","background-attachment":"scroll","background-type":"","background-media":"","overlay-type":"","overlay-color":"","overlay-opacity":"","overlay-gradient":""}},"footnotes":""},"categories":[],"tags":[],"class_list":["post-5044","page","type-page","status-publish","hentry"],"uagb_featured_image_src":{"full":false,"thumbnail":false,"medium":false,"medium_large":false,"large":false,"1536x1536":false,"2048x2048":false},"uagb_author_info":{"display_name":"shubham","author_link":"https:\/\/www.ematrica.com\/cs\/author\/shubham\/"},"uagb_comment_info":0,"uagb_excerpt":"Mapy Mapy maj\u00ed pouze informativn\u00ed charakter. P\u0159esn\u00fd seznam zpoplatn\u011bn\u00fdch \u00fasek\u016f je uveden v n\u00e1sleduj\u00edc\u00edch vyhl\u00e1\u0161k\u00e1ch: \u00a9 Mapy dostupn\u00e9 na webov\u00fdch str\u00e1nk\u00e1ch nemzetiutdij.hu a toll-charge.hu zobrazuj\u00edc\u00ed s\u00ed\u0165 zpoplatn\u011bn\u00fdch silnic jsou du\u0161evn\u00edm vlastnictv\u00edm spole\u010dnosti National Toll Payment Services Plc., a proto jejich dal\u0161\u00ed pou\u017eit\u00ed vy\u017eaduje p\u0159edchoz\u00ed souhlas na\u0161\u00ed spole\u010dnosti. Mapa zem\u00ed s e-vignetou Plat\u00ed od 1. ledna&hellip;","_links":{"self":[{"href":"https:\/\/www.ematrica.com\/cs\/wp-json\/wp\/v2\/pages\/5044","targetHints":{"allow":["GET","POST","PUT","PATCH","DELETE"]}}],"collection":[{"href":"https:\/\/www.ematrica.com\/cs\/wp-json\/wp\/v2\/pages"}],"about":[{"href":"https:\/\/www.ematrica.com\/cs\/wp-json\/wp\/v2\/types\/page"}],"author":[{"embeddable":true,"href":"https:\/\/www.ematrica.com\/cs\/wp-json\/wp\/v2\/users\/2"}],"replies":[{"embeddable":true,"href":"https:\/\/www.ematrica.com\/cs\/wp-json\/wp\/v2\/comments?post=5044"}],"version-history":[{"count":0,"href":"https:\/\/www.ematrica.com\/cs\/wp-json\/wp\/v2\/pages\/5044\/revisions"}],"wp:attachment":[{"href":"https:\/\/www.ematrica.com\/cs\/wp-json\/wp\/v2\/media?parent=5044"}],"wp:term":[{"taxonomy":"category","embeddable":true,"href":"https:\/\/www.ematrica.com\/cs\/wp-json\/wp\/v2\/categories?post=5044"},{"taxonomy":"post_tag","embeddable":true,"href":"https:\/\/www.ematrica.com\/cs\/wp-json\/wp\/v2\/tags?post=5044"}],"curies":[{"name":"wp","href":"https:\/\/api.w.org\/{rel}","templated":true}]}}