{"id":2931,"date":"2024-09-27T09:59:58","date_gmt":"2024-09-27T07:59:58","guid":{"rendered":"https:\/\/www.ematrica.com\/wo-sie-gilt\/"},"modified":"2024-11-08T14:07:39","modified_gmt":"2024-11-08T13:07:39","slug":"wo-sie-gilt","status":"publish","type":"page","link":"https:\/\/www.ematrica.com\/de\/wo-sie-gilt\/","title":{"rendered":"Wo sie gilt"},"content":{"rendered":"\n<div class=\"wp-block-uagb-container uagb-block-25efe059 alignfull uagb-is-root-container\"><div class=\"uagb-container-inner-blocks-wrap\">\n<div class=\"wp-block-uagb-advanced-heading uagb-block-152b2cf8\"><h1 class=\"uagb-heading-text\">Wo sie gilt<\/h1><\/div>\n<\/div><\/div>\n\n\n\n<div class=\"wp-block-uagb-container uagb-block-4a87feac alignfull uagb-is-root-container\"><div class=\"uagb-container-inner-blocks-wrap\">\n<div class=\"wp-block-uagb-container uagb-block-eb4eb583\">\n<div class=\"wp-block-uagb-image uagb-block-9f678b37 wp-block-uagb-image--layout-default wp-block-uagb-image--effect-static wp-block-uagb-image--align-none\"><figure class=\"wp-block-uagb-image__figure\"><img decoding=\"async\" srcset=\"https:\/\/www.ematrica.com\/wp-content\/uploads\/2024\/09\/Map-1024x481.png ,https:\/\/www.ematrica.com\/wp-content\/uploads\/2024\/09\/Map.png 780w, https:\/\/www.ematrica.com\/wp-content\/uploads\/2024\/09\/Map.png 360w\" sizes=\"auto, (max-width: 480px) 150px\" src=\"https:\/\/www.ematrica.com\/wp-content\/uploads\/2024\/09\/Map-1024x481.png\" alt=\"\" class=\"uag-image-2822\" width=\"1428\" height=\"671\" title=\"Karte\" loading=\"lazy\" role=\"img\"><\/figure><\/div>\n<\/div>\n<\/div><\/div>\n\n\n\n<div class=\"wp-block-uagb-container uagb-block-615326b3 alignfull uagb-is-root-container\"><div class=\"uagb-container-inner-blocks-wrap\">\n<div class=\"wp-block-uagb-container uagb-block-c51809a9\">\n<div class=\"wp-block-uagb-info-box uagb-block-96aad7cb uagb-infobox__content-wrap uagb-infobox-icon-above-title uagb-infobox-image-valign-top\"><div class=\"uagb-ifb-content\"><div class=\"uagb-ifb-title-wrap\"><h2 class=\"uagb-ifb-title\">Wo unsere Vignetten-Dienste zum Einsatz kommen<\/h2><\/div><\/div><\/div>\n<\/div>\n\n\n\n<div class=\"wp-block-uagb-container uagb-block-dc6e0ba1\">\n<div class=\"wp-block-uagb-info-box uagb-block-cba2f3d7 uagb-infobox__content-wrap uagb-infobox-icon-above-title uagb-infobox-image-valign-top\"><div class=\"uagb-ifb-content\"><div class=\"uagb-ifb-title-wrap\"><h3 class=\"uagb-ifb-title\">St\u00e4dtische Gebiete<\/h3><\/div><p class=\"uagb-ifb-desc\">Viele Gro\u00dfstadtregionen f\u00fchren Mautsysteme ein, um die Verkehrs\u00fcberlastung zu bew\u00e4ltigen.\nDiese Mautgeb\u00fchren tragen nicht nur zur Finanzierung von Instandhaltung und Verbesserungen bei, sondern f\u00f6rdern auch die Nutzung alternativer Routen.\nUnsere Dienstleistungen sind darauf ausgerichtet, reibungslose Mauttransaktionen zu erm\u00f6glichen  <\/p><\/div><\/div>\n<\/div>\n\n\n\n<div class=\"wp-block-uagb-container uagb-block-20b3f7af\">\n<div class=\"wp-block-uagb-info-box uagb-block-bdcff0de uagb-infobox__content-wrap uagb-infobox-icon-above-title uagb-infobox-image-valign-top\"><div class=\"uagb-ifb-content\"><div class=\"uagb-ifb-title-wrap\"><h3 class=\"uagb-ifb-title\">Interstate-Autobahnen<\/h3><\/div><p class=\"uagb-ifb-desc\">Gro\u00dfe Autobahnen haben oft mautpflichtige Abschnitte, um die Qualit\u00e4t und Sicherheit der Stra\u00dfen zu erhalten.\nUnsere Autobahnmautdienste gelten f\u00fcr alle diese Strecken und sorgen daf\u00fcr, dass Reisende die Mautgeb\u00fchren problemlos bezahlen und in Echtzeit Informationen \u00fcber Mautgeb\u00fchren und Standorte abrufen k\u00f6nnen. <\/p><\/div><\/div>\n<\/div>\n\n\n\n<div class=\"wp-block-uagb-container uagb-block-4a7a80b7\">\n<div class=\"wp-block-uagb-info-box uagb-block-71841dc7 uagb-infobox__content-wrap uagb-infobox-icon-above-title uagb-infobox-image-valign-top\"><div class=\"uagb-ifb-content\"><div class=\"uagb-ifb-title-wrap\"><h3 class=\"uagb-ifb-title\">Br\u00fccken und Tunnels<\/h3><\/div><p class=\"uagb-ifb-desc\">Bei wichtigen Infrastrukturen wie Br\u00fccken und Tunneln werden h\u00e4ufig Mautgeb\u00fchren erhoben, um die Kosten f\u00fcr Bau und Instandhaltung zu decken.\nUnsere Dienste sorgen daf\u00fcr, dass Sie die Mautgeb\u00fchren an diesen Stellen effizient bezahlen k\u00f6nnen, um Verz\u00f6gerungen zu vermeiden und Ihre Fahrt fortzusetzen. <\/p><\/div><\/div>\n<\/div>\n\n\n\n<div class=\"wp-block-uagb-container uagb-block-69df0e98\">\n<div class=\"wp-block-uagb-info-box uagb-block-194ffc81 uagb-infobox__content-wrap uagb-infobox-icon-above-title uagb-infobox-image-valign-top\"><div class=\"uagb-ifb-content\"><div class=\"uagb-ifb-title-wrap\"><h3 class=\"uagb-ifb-title\">Fernreisen<\/h3><\/div><p class=\"uagb-ifb-desc\">F\u00fcr diejenigen, die eine lange Reise unternehmen, kann es bei der Budgetierung und Planung hilfreich sein, zu wissen, wo Mautgeb\u00fchren anfallen.\nUnser Service bietet umfassende Mautinformationen, die Ihnen helfen, fundierte Entscheidungen \u00fcber Ihre Reiserouten zu treffen. <\/p><\/div><\/div>\n<\/div>\n\n\n\n<div class=\"wp-block-uagb-container uagb-block-85518280\">\n<div class=\"wp-block-uagb-info-box uagb-block-1dc87a3d uagb-infobox__content-wrap uagb-infobox-icon-above-title uagb-infobox-image-valign-top\"><div class=\"uagb-ifb-content\"><div class=\"uagb-ifb-title-wrap\"><h3 class=\"uagb-ifb-title\">Flottenbetrieb<\/h3><\/div><p class=\"uagb-ifb-desc\">Unternehmen, die gro\u00dfe Flotten verwalten, sind aus Gr\u00fcnden der Effizienz und des Kostenmanagements auf Mautdienste angewiesen.\nUnsere L\u00f6sungen richten sich an Flottenbetreiber und bieten ma\u00dfgeschneiderte Dienste zur Rationalisierung von Mautzahlungen f\u00fcr mehrere Fahrzeuge, um einen reibungslosen Betrieb auf der Stra\u00dfe zu gew\u00e4hrleisten. <\/p><\/div><\/div>\n<\/div>\n<\/div><\/div>\n","protected":false},"excerpt":{"rendered":"<p>Wo sie gilt<\/p>\n","protected":false},"author":2,"featured_media":0,"parent":0,"menu_order":0,"comment_status":"closed","ping_status":"closed","template":"","meta":{"inline_featured_image":false,"_uag_custom_page_level_css":"","site-sidebar-layout":"no-sidebar","site-content-layout":"plain-container","ast-site-content-layout":"full-width-container","site-content-style":"unboxed","site-sidebar-style":"unboxed","ast-global-header-display":"","ast-banner-title-visibility":"","ast-main-header-display":"","ast-hfb-above-header-display":"","ast-hfb-below-header-display":"","ast-hfb-mobile-header-display":"","site-post-title":"disabled","ast-breadcrumbs-content":"","ast-featured-img":"","footer-sml-layout":"","theme-transparent-header-meta":"enabled","adv-header-id-meta":"","stick-header-meta":"","header-above-stick-meta":"","header-main-stick-meta":"","header-below-stick-meta":"","astra-migrate-meta-layouts":"default","ast-page-background-enabled":"default","ast-page-background-meta":{"desktop":{"background-color":"","background-image":"","background-repeat":"repeat","background-position":"center center","background-size":"auto","background-attachment":"scroll","background-type":"","background-media":"","overlay-type":"","overlay-color":"","overlay-opacity":"","overlay-gradient":""},"tablet":{"background-color":"","background-image":"","background-repeat":"repeat","background-position":"center center","background-size":"auto","background-attachment":"scroll","background-type":"","background-media":"","overlay-type":"","overlay-color":"","overlay-opacity":"","overlay-gradient":""},"mobile":{"background-color":"","background-image":"","background-repeat":"repeat","background-position":"center center","background-size":"auto","background-attachment":"scroll","background-type":"","background-media":"","overlay-type":"","overlay-color":"","overlay-opacity":"","overlay-gradient":""}},"ast-content-background-meta":{"desktop":{"background-color":"var(--ast-global-color-5)","background-image":"","background-repeat":"repeat","background-position":"center center","background-size":"auto","background-attachment":"scroll","background-type":"","background-media":"","overlay-type":"","overlay-color":"","overlay-opacity":"","overlay-gradient":""},"tablet":{"background-color":"var(--ast-global-color-5)","background-image":"","background-repeat":"repeat","background-position":"center center","background-size":"auto","background-attachment":"scroll","background-type":"","background-media":"","overlay-type":"","overlay-color":"","overlay-opacity":"","overlay-gradient":""},"mobile":{"background-color":"var(--ast-global-color-5)","background-image":"","background-repeat":"repeat","background-position":"center center","background-size":"auto","background-attachment":"scroll","background-type":"","background-media":"","overlay-type":"","overlay-color":"","overlay-opacity":"","overlay-gradient":""}},"footnotes":""},"categories":[],"tags":[],"class_list":["post-2931","page","type-page","status-publish","hentry"],"uagb_featured_image_src":{"full":false,"thumbnail":false,"medium":false,"medium_large":false,"large":false,"1536x1536":false,"2048x2048":false},"uagb_author_info":{"display_name":"shubham","author_link":"https:\/\/www.ematrica.com\/de\/author\/shubham\/"},"uagb_comment_info":0,"uagb_excerpt":"Wo sie gilt","_links":{"self":[{"href":"https:\/\/www.ematrica.com\/de\/wp-json\/wp\/v2\/pages\/2931","targetHints":{"allow":["GET","POST","PUT","PATCH","DELETE"]}}],"collection":[{"href":"https:\/\/www.ematrica.com\/de\/wp-json\/wp\/v2\/pages"}],"about":[{"href":"https:\/\/www.ematrica.com\/de\/wp-json\/wp\/v2\/types\/page"}],"author":[{"embeddable":true,"href":"https:\/\/www.ematrica.com\/de\/wp-json\/wp\/v2\/users\/2"}],"replies":[{"embeddable":true,"href":"https:\/\/www.ematrica.com\/de\/wp-json\/wp\/v2\/comments?post=2931"}],"version-history":[{"count":1,"href":"https:\/\/www.ematrica.com\/de\/wp-json\/wp\/v2\/pages\/2931\/revisions"}],"predecessor-version":[{"id":4775,"href":"https:\/\/www.ematrica.com\/de\/wp-json\/wp\/v2\/pages\/2931\/revisions\/4775"}],"wp:attachment":[{"href":"https:\/\/www.ematrica.com\/de\/wp-json\/wp\/v2\/media?parent=2931"}],"wp:term":[{"taxonomy":"category","embeddable":true,"href":"https:\/\/www.ematrica.com\/de\/wp-json\/wp\/v2\/categories?post=2931"},{"taxonomy":"post_tag","embeddable":true,"href":"https:\/\/www.ematrica.com\/de\/wp-json\/wp\/v2\/tags?post=2931"}],"curies":[{"name":"wp","href":"https:\/\/api.w.org\/{rel}","templated":true}]}}