{"id":4272,"date":"2024-09-27T07:37:25","date_gmt":"2024-09-27T05:37:25","guid":{"rendered":"https:\/\/www.ematrica.com\/datenschutzbestimmungen\/"},"modified":"2024-09-27T07:37:25","modified_gmt":"2024-09-27T05:37:25","slug":"datenschutzbestimmungen","status":"publish","type":"page","link":"https:\/\/www.ematrica.com\/de\/datenschutzbestimmungen\/","title":{"rendered":"Datenschutzbestimmungen"},"content":{"rendered":"\n<p><strong>Datenschutz und Cookie-Erkl\u00e4rung  <\/strong><\/p>\n\n\n\n<p>November 1, 2021<\/p>\n\n\n\n<p>Ihre Privatsph\u00e4re ist f\u00fcr ematrica.com von gro\u00dfer Bedeutung. Daher halten wir uns an die einschl\u00e4gigen Gesetze und Vorschriften zum Datenschutz, einschlie\u00dflich der Allgemeinen Datenschutzverordnung (im Folgenden: GDPR). Dies bedeutet, dass wir:  <\/p>\n\n\n\n<p>&#8211;&nbsp;&nbsp;&nbsp;&nbsp; &nbsp;&nbsp; Bevor wir Ihre pers\u00f6nlichen Daten verarbeiten,<strong>geben wir<\/strong> in dieser Datenschutzerkl\u00e4rung<strong>klar und deutlich unsere Ziele an<\/strong>&nbsp;;<\/p>\n\n\n\n<p>&#8211;&nbsp;&nbsp;&nbsp;&nbsp; &nbsp;&nbsp;<strong>Speichern Sie so wenig pers\u00f6nliche Daten wie m\u00f6glich<\/strong>&nbsp;und nur die Daten, die f\u00fcr unsere Zwecke notwendig sind;<\/p>\n\n\n\n<p>&#8211;&nbsp;&nbsp;&nbsp;&nbsp; &nbsp;&nbsp;<strong>Bitten Sie explizit um Ihre Zustimmung<\/strong>&nbsp;zur Verarbeitung Ihrer pers\u00f6nlichen Daten, wenn eine Zustimmung erforderlich ist;<\/p>\n\n\n\n<p>&#8211;&nbsp;&nbsp;&nbsp;&nbsp;&nbsp;&nbsp;<strong>Ergreifen Sie die notwendigen Sicherheitsma\u00dfnahmen<\/strong>&nbsp;, um Ihre pers\u00f6nlichen Daten zu sch\u00fctzen. Wir erlegen diese Verpflichtungen auch den Parteien auf, die personenbezogene Daten f\u00fcr uns verarbeiten; <\/p>\n\n\n\n<p>&#8211;&nbsp;&nbsp;&nbsp;&nbsp; &nbsp;&nbsp;<strong>Respektieren Sie Ihre Rechte<\/strong>&nbsp;, wie das Recht auf Zugang, Berichtigung oder L\u00f6schung Ihrer von uns verarbeiteten pers\u00f6nlichen Daten.<\/p>\n\n\n\n<p>Ihre Daten sind bei uns sicher und wir werden diese Daten immer ordnungsgem\u00e4\u00df verwenden. In dieser Datenschutzerkl\u00e4rung erkl\u00e4ren wir, was wir im Webshop ematrica.com mit den Informationen tun, die wir \u00fcber Sie erfahren. <\/p>\n\n\n\n<p>Wenn Sie Fragen haben oder genau wissen m\u00f6chten, welche Daten wir \u00fcber Sie speichern, wenden Sie sich bitte an ematrica.com.<\/p>\n\n\n\n<p><strong>Bearbeitung von Bestellungen<\/strong><br>Wenn Sie eine Bestellung bei uns aufgeben, verwenden wir Ihre pers\u00f6nlichen Daten, um diese ordnungsgem\u00e4\u00df zu bearbeiten. M\u00f6glicherweise geben wir Ihre pers\u00f6nlichen Daten dann an unseren Lieferservice weiter, damit die Bestellung an Sie ausgeliefert werden kann. Wir erhalten auch Informationen \u00fcber Ihre Zahlung von Ihrer Bank oder Ihrem Kreditkartenunternehmen. Hierf\u00fcr verwenden wir Ihre:   <\/p>\n\n\n\n<ul class=\"wp-block-list\">\n<li>Angaben zu Name und Adresse<\/li>\n\n\n\n<li>E-Mail Adresse<\/li>\n\n\n\n<li>Einzelheiten zur Bezahlung<\/li>\n\n\n\n<li>IP-Adresse<\/li>\n\n\n\n<li>Angaben zum Reisepass (Geburtsdatum, Geschlecht, Foto, Passnummer, etc.)<\/li>\n<\/ul>\n\n\n\n<p>Wir ben\u00f6tigen diese Daten aufgrund des Vertrags, den wir mit Ihnen schlie\u00dfen. Wir speichern diese Informationen, bis Ihre Bestellung abgeschlossen ist. Bestimmte Kundendaten speichern wir im Zusammenhang mit der gesetzlichen steuerlichen Aufbewahrungspflicht l\u00e4nger.  <\/p>\n\n\n\n<p><em>Weitergabe an Dritte<\/em><br>Wir arbeiten mit bestimmten Unternehmen zusammen, die Ihre oben genannten pers\u00f6nlichen Daten von uns erhalten k\u00f6nnen.<\/p>\n\n\n\n<p>F\u00fcr die Bearbeitung von Bestellungen arbeiten wir zusammen mit:<\/p>\n\n\n\n<ul class=\"wp-block-list\">\n<li>Unsere Zahlungsanbieter Mollie und Multisafepay<\/li>\n\n\n\n<li>Die Regierung oder das Au\u00dfenministerium des Landes, f\u00fcr das Sie ein Visum beantragen<\/li>\n<\/ul>\n\n\n\n<p><strong>Kontaktformular<\/strong><br>Sie k\u00f6nnen das Kontaktformular verwenden, um uns Fragen zu stellen oder W\u00fcnsche zu \u00e4u\u00dfern. Hierf\u00fcr verwenden wir Ihre: <\/p>\n\n\n\n<ul class=\"wp-block-list\">\n<li>E-Mail Adresse<\/li>\n<\/ul>\n\n\n\n<p>Wir tun dies auf der Grundlage Ihrer Zustimmung. Wir speichern diese Informationen, bis wir sicher sind, dass Sie mit unserer Antwort zufrieden sind. <\/p>\n\n\n\n<p><strong>Werbeanzeigen<\/strong><br>In unserem Webshop werden Werbeanzeigen geschaltet. Wir ver\u00f6ffentlichen diese nicht selbst, sondern Werbeagenturen, mit denen wir zusammenarbeiten. Diese Agenturen verfolgen, ob Sie die Werbung interessant finden, und verwenden diese Informationen, um Ihnen in Zukunft nur noch lustige oder interessante Werbung und Angebote zu zeigen.  <\/p>\n\n\n\n<p><strong>Weitergabe an andere Unternehmen oder Institutionen<\/strong><br>Mit Ausnahme der Parteien, die f\u00fcr die Erbringung der oben genannten Dienstleistungen erforderlich sind, werden wir Ihre personenbezogenen Daten unter keinen Umst\u00e4nden an andere Unternehmen oder Institutionen weitergeben, es sei denn, wir sind gesetzlich dazu verpflichtet (z. B. wenn die Polizei dies im Falle eines vermuteten Verbrechens verlangt).&nbsp;<\/p>\n\n\n\n<p><strong>Statistiken<\/strong><br>Wir f\u00fchren Statistiken \u00fcber die Nutzung unseres Webshops, aber diese Daten sind immer anonymisiert.&nbsp;<\/p>\n\n\n\n<p><strong>Cookies<\/strong><br>Unser Webshop verwendet Cookies. Cookies sind kleine Dateien, in denen wir Informationen speichern k\u00f6nnen, so dass Sie diese nicht erneut eingeben m\u00fcssen. Aber wir k\u00f6nnen auch sehen, dass Sie uns wieder besuchen.  <\/p>\n\n\n\n<p>Sie k\u00f6nnen das Setzen von Cookies \u00fcber Ihren Browser deaktivieren, aber einige Teile unseres Webshops werden dann nicht mehr richtig funktionieren.<\/p>\n\n\n\n<p>Wir haben mit anderen Unternehmen, die Cookies setzen, Vereinbarungen \u00fcber die Verwendung von Cookies getroffen. Wir haben jedoch keine vollst\u00e4ndige Kontrolle dar\u00fcber, was sie mit den Cookies selbst machen. Lesen Sie daher auch deren Datenschutzerkl\u00e4rungen.  <\/p>\n\n\n\n<p><strong>Sicherheit<\/strong><br>Die Sicherheit Ihrer pers\u00f6nlichen Daten ist f\u00fcr uns von gro\u00dfer Bedeutung. Wir sorgen daf\u00fcr, dass Ihre Daten bei uns gut gesichert sind. Wir passen die Sicherheit st\u00e4ndig an und achten genau darauf, was schief gehen kann.  <\/p>\n\n\n\n<p><strong>\u00c4nderungen an dieser Datenschutzerkl\u00e4rung<\/strong><br>Wenn sich unser Webshop \u00e4ndert, m\u00fcssen wir nat\u00fcrlich auch die Datenschutzerkl\u00e4rung anpassen. Achten Sie also immer auf das obige Datum und schauen Sie regelm\u00e4\u00dfig nach neuen Versionen. Wir werden unser Bestes tun, um \u00c4nderungen an Sie weiterzugeben.  <\/p>\n\n\n\n<p><strong>Ihre Rechte<\/strong><br>Wenn Sie Fragen haben oder wissen m\u00f6chten, welche pers\u00f6nlichen Daten wir \u00fcber Sie gespeichert haben, k\u00f6nnen Sie uns jederzeit kontaktieren. Siehe die untenstehenden Kontaktinformationen. <\/p>\n\n\n\n<p>Sie haben die folgenden Rechte:<\/p>\n\n\n\n<ul class=\"wp-block-list\">\n<li>Sie erhalten eine Erkl\u00e4rung dar\u00fcber, welche pers\u00f6nlichen Daten wir haben und was wir mit ihnen tun;<\/li>\n\n\n\n<li>Zugang zu den genauen pers\u00f6nlichen Daten, die wir haben;<\/li>\n\n\n\n<li>Fehler korrigieren lassen;<\/li>\n\n\n\n<li>Veraltete pers\u00f6nliche Daten entfernen lassen;<\/li>\n\n\n\n<li>\u00dcbermittlung personenbezogener Daten an eine andere Partei;<\/li>\n\n\n\n<li>R\u00fccknahme der Zustimmung;<\/li>\n\n\n\n<li>Schr\u00e4nken Sie eine bestimmte Verarbeitung ein;<\/li>\n\n\n\n<li>Einspruch gegen eine bestimmte Nutzung.<\/li>\n<\/ul>\n\n\n\n<p>Bitte beachten Sie, dass Sie immer deutlich angeben sollten, wer Sie sind, damit wir sicher sein k\u00f6nnen, dass wir nicht die Daten der falschen Person anpassen oder l\u00f6schen.<\/p>\n\n\n\n<p>Wir werden Ihrem Antrag grunds\u00e4tzlich innerhalb eines Monats nachkommen. Diese Frist kann jedoch aus Gr\u00fcnden, die mit den besonderen Rechten der betroffenen Personen oder der Komplexit\u00e4t der Anfrage zusammenh\u00e4ngen, verl\u00e4ngert werden. Wenn wir diese Frist verl\u00e4ngern, werden wir Sie rechtzeitig informieren.  <\/p>\n\n\n\n<p><strong>Einreichen einer Beschwerde<\/strong><br>Wenn Sie eine Beschwerde \u00fcber die Verwendung Ihrer pers\u00f6nlichen Daten einreichen m\u00f6chten, k\u00f6nnen Sie eine E-Mail an contact@ematrica.com senden. Wir werden jede Beschwerde intern bearbeiten und dies mit Ihnen weiter kommunizieren. <\/p>\n\n\n\n<p>Wenn Sie das Gef\u00fchl haben, dass wir Ihnen nicht auf die richtige Weise helfen, haben Sie das Recht, eine Beschwerde bei der Aufsichtsbeh\u00f6rde einzureichen. Dies ist die niederl\u00e4ndische Datenschutzbeh\u00f6rde. <\/p>\n\n\n\n<p><strong>Kontaktangaben<\/strong><\/p>\n\n\n\n<p><strong>Adresse<\/strong>: GOVIGNETTE LTD, a 128 City Road, London, Vereinigtes K\u00f6nigreich, EC1V 2NX<\/p>\n\n\n\n<p>E-Mail: E-Mail:&nbsp;contact@ematrica.com<\/p>\n\n\n\n<p>Kontakt: +44 077 5757 7501<\/p>\n","protected":false},"excerpt":{"rendered":"<p>Datenschutz und Cookie-Erkl\u00e4rung November 1, 2021 Ihre Privatsph\u00e4re ist f\u00fcr ematrica.com von gro\u00dfer Bedeutung. Daher halten wir uns an die einschl\u00e4gigen Gesetze und Vorschriften zum Datenschutz, einschlie\u00dflich der Allgemeinen Datenschutzverordnung (im Folgenden: GDPR). Dies bedeutet, dass wir: &#8211;&nbsp;&nbsp;&nbsp;&nbsp; &nbsp;&nbsp; Bevor wir Ihre pers\u00f6nlichen Daten verarbeiten,geben wir in dieser Datenschutzerkl\u00e4rungklar und deutlich unsere Ziele an&nbsp;; &#8211;&nbsp;&nbsp;&nbsp;&nbsp; [&hellip;]<\/p>\n","protected":false},"author":1,"featured_media":0,"parent":0,"menu_order":0,"comment_status":"closed","ping_status":"closed","template":"","meta":{"inline_featured_image":false,"_uag_custom_page_level_css":"","site-sidebar-layout":"default","site-content-layout":"","ast-site-content-layout":"default","site-content-style":"default","site-sidebar-style":"default","ast-global-header-display":"","ast-banner-title-visibility":"","ast-main-header-display":"","ast-hfb-above-header-display":"","ast-hfb-below-header-display":"","ast-hfb-mobile-header-display":"","site-post-title":"","ast-breadcrumbs-content":"","ast-featured-img":"","footer-sml-layout":"","theme-transparent-header-meta":"","adv-header-id-meta":"","stick-header-meta":"","header-above-stick-meta":"","header-main-stick-meta":"","header-below-stick-meta":"","astra-migrate-meta-layouts":"default","ast-page-background-enabled":"default","ast-page-background-meta":{"desktop":{"background-color":"","background-image":"","background-repeat":"repeat","background-position":"center center","background-size":"auto","background-attachment":"scroll","background-type":"","background-media":"","overlay-type":"","overlay-color":"","overlay-opacity":"","overlay-gradient":""},"tablet":{"background-color":"","background-image":"","background-repeat":"repeat","background-position":"center center","background-size":"auto","background-attachment":"scroll","background-type":"","background-media":"","overlay-type":"","overlay-color":"","overlay-opacity":"","overlay-gradient":""},"mobile":{"background-color":"","background-image":"","background-repeat":"repeat","background-position":"center center","background-size":"auto","background-attachment":"scroll","background-type":"","background-media":"","overlay-type":"","overlay-color":"","overlay-opacity":"","overlay-gradient":""}},"ast-content-background-meta":{"desktop":{"background-color":"var(--ast-global-color-5)","background-image":"","background-repeat":"repeat","background-position":"center center","background-size":"auto","background-attachment":"scroll","background-type":"","background-media":"","overlay-type":"","overlay-color":"","overlay-opacity":"","overlay-gradient":""},"tablet":{"background-color":"var(--ast-global-color-5)","background-image":"","background-repeat":"repeat","background-position":"center center","background-size":"auto","background-attachment":"scroll","background-type":"","background-media":"","overlay-type":"","overlay-color":"","overlay-opacity":"","overlay-gradient":""},"mobile":{"background-color":"var(--ast-global-color-5)","background-image":"","background-repeat":"repeat","background-position":"center center","background-size":"auto","background-attachment":"scroll","background-type":"","background-media":"","overlay-type":"","overlay-color":"","overlay-opacity":"","overlay-gradient":""}},"footnotes":""},"categories":[],"tags":[102],"class_list":["post-4272","page","type-page","status-publish","hentry","tag-noindex-de"],"uagb_featured_image_src":{"full":false,"thumbnail":false,"medium":false,"medium_large":false,"large":false,"1536x1536":false,"2048x2048":false},"uagb_author_info":{"display_name":"admin","author_link":"https:\/\/www.ematrica.com\/de\/author\/admin\/"},"uagb_comment_info":0,"uagb_excerpt":"Datenschutz und Cookie-Erkl\u00e4rung November 1, 2021 Ihre Privatsph\u00e4re ist f\u00fcr ematrica.com von gro\u00dfer Bedeutung. Daher halten wir uns an die einschl\u00e4gigen Gesetze und Vorschriften zum Datenschutz, einschlie\u00dflich der Allgemeinen Datenschutzverordnung (im Folgenden: GDPR). Dies bedeutet, dass wir: &#8211;&nbsp;&nbsp;&nbsp;&nbsp; &nbsp;&nbsp; Bevor wir Ihre pers\u00f6nlichen Daten verarbeiten,geben wir in dieser Datenschutzerkl\u00e4rungklar und deutlich unsere Ziele an&nbsp;; &#8211;&nbsp;&nbsp;&nbsp;&nbsp;&hellip;","_links":{"self":[{"href":"https:\/\/www.ematrica.com\/de\/wp-json\/wp\/v2\/pages\/4272","targetHints":{"allow":["GET","POST","PUT","PATCH","DELETE"]}}],"collection":[{"href":"https:\/\/www.ematrica.com\/de\/wp-json\/wp\/v2\/pages"}],"about":[{"href":"https:\/\/www.ematrica.com\/de\/wp-json\/wp\/v2\/types\/page"}],"author":[{"embeddable":true,"href":"https:\/\/www.ematrica.com\/de\/wp-json\/wp\/v2\/users\/1"}],"replies":[{"embeddable":true,"href":"https:\/\/www.ematrica.com\/de\/wp-json\/wp\/v2\/comments?post=4272"}],"version-history":[{"count":0,"href":"https:\/\/www.ematrica.com\/de\/wp-json\/wp\/v2\/pages\/4272\/revisions"}],"wp:attachment":[{"href":"https:\/\/www.ematrica.com\/de\/wp-json\/wp\/v2\/media?parent=4272"}],"wp:term":[{"taxonomy":"category","embeddable":true,"href":"https:\/\/www.ematrica.com\/de\/wp-json\/wp\/v2\/categories?post=4272"},{"taxonomy":"post_tag","embeddable":true,"href":"https:\/\/www.ematrica.com\/de\/wp-json\/wp\/v2\/tags?post=4272"}],"curies":[{"name":"wp","href":"https:\/\/api.w.org\/{rel}","templated":true}]}}