{"id":5043,"date":"2024-10-28T14:20:00","date_gmt":"2024-10-28T13:20:00","guid":{"rendered":"https:\/\/www.ematrica.com\/karten\/"},"modified":"2024-10-28T14:20:00","modified_gmt":"2024-10-28T13:20:00","slug":"karten","status":"publish","type":"page","link":"https:\/\/www.ematrica.com\/de\/karten\/","title":{"rendered":"Karten"},"content":{"rendered":"\n<div class=\"wp-block-uagb-container uagb-block-25efe059 alignfull uagb-is-root-container\"><div class=\"uagb-container-inner-blocks-wrap\">\n<div class=\"wp-block-uagb-advanced-heading uagb-block-152b2cf8\"><h1 class=\"uagb-heading-text\">Karten<\/h1><\/div>\n<\/div><\/div>\n\n\n\n<div class=\"wp-block-uagb-container uagb-layout-flex uagb-block-a1027da3 alignfull uagb-is-root-container\"><div class=\"uagb-container-inner-blocks-wrap\">\n<div class=\"wp-block-uagb-container uagb-block-52c1a9ca\">\n<p>Die Karten dienen nur zu Informationszwecken. Die genaue Liste der Mautabschnitte finden Sie in den folgenden Dekreten: <\/p>\n\n\n\n<ul class=\"wp-block-list\">\n<li>E-Vignette:&nbsp;Erlass 45\/2020 (XI. 28.) ITM des Ministers f\u00fcr Innovation und Technologie<\/li>\n\n\n\n<li>E-Maut:&nbsp;Erlass 25\/2013 (V.&nbsp;31.) NFM des Ministers f\u00fcr nationale Entwicklung<\/li>\n<\/ul>\n\n\n\n<p>Die auf den Websites nemzetiutdij.hu und toll-charge.hu verf\u00fcgbaren Karten, die das mautpflichtige Stra\u00dfennetz zeigen, sind geistiges Eigentum der National Toll Payment Services Plc. und ihre Weiterverwendung bedarf daher der vorherigen Zustimmung unseres Unternehmens.<\/p>\n\n\n\n<hr class=\"wp-block-separator has-alpha-channel-opacity\">\n\n\n\n<h3 class=\"wp-block-heading\">E-Vignette L\u00e4nderkarte<\/h3>\n\n\n\n<h4 class=\"wp-block-heading\">G\u00fcltig ab 1. Januar 2024.<\/h4>\n\n\n\n<p>Klicken Sie auf das Bild, um die Karte in voller Gr\u00f6\u00dfe herunterzuladen.<\/p>\n\n\n\n<div class=\"wp-block-uagb-image uagb-block-358e27ee wp-block-uagb-image--layout-default wp-block-uagb-image--effect-static wp-block-uagb-image--align-none\"><figure class=\"wp-block-uagb-image__figure\"><img decoding=\"async\" srcset=\"https:\/\/www.ematrica.com\/wp-content\/uploads\/2024\/10\/map.jpg ,https:\/\/www.ematrica.com\/wp-content\/uploads\/2024\/10\/map.jpg 780w, https:\/\/www.ematrica.com\/wp-content\/uploads\/2024\/10\/map.jpg 360w\" sizes=\"auto, (max-width: 480px) 150px\" src=\"https:\/\/www.ematrica.com\/wp-content\/uploads\/2024\/10\/map.jpg\" alt=\"\" class=\"uag-image-4208\" width=\"1024\" height=\"576\" title=\"NUSZ_HD_terkep_A0_20240801\" loading=\"lazy\" role=\"img\"><\/figure><\/div>\n\n\n\n<h3 class=\"wp-block-heading\">Regionale e-Vignette Karten<\/h3>\n\n\n\n<h4 class=\"wp-block-heading\">G\u00fcltig ab 1. Januar 2024.<\/h4>\n\n\n\n<p>Der G\u00fcltigkeitsbereich der regionalen E-Vignetten erstreckt sich \u00fcber die Verwaltungsgrenzen der Bezirke hinaus bis zur ersten Kreuzung hinter der Bezirksgrenze. Der r\u00e4umliche Geltungsbereich der regionalen Vignetten nach Knotenpunktnummer und Stra\u00dfenabschnittsnummer ist in Anhang 1 des Dekrets 45\/2020 (XI. 28.) ITM des Ministers f\u00fcr Innovation und Technologie&nbsp;aufgef\u00fchrt. <\/p>\n\n\n\n<p>Die regionalen E-Vignettenkarten, die ab dem 1. Januar 2024 g\u00fcltig sind, k\u00f6nnen Sie einsehen, indem Sie auf den Namen des Bezirks klicken.<\/p>\n\n\n\n<p>Landkreis Baranya<\/p>\n\n\n\n<p>Komitat B\u00e1cs-Kiskun<\/p>\n\n\n\n<p>Komitat B\u00e9k\u00e9s<\/p>\n\n\n\n<p>Gespanschaft Borsod-Aba\u00faj-Zempl\u00e9n<\/p>\n\n\n\n<p>Komitat Csongr\u00e1d-Csan\u00e1d<\/p>\n\n\n\n<p>Komitat Fej\u00e9r<\/p>\n\n\n\n<p>Komitat Gy\u0151r-Moson-Sopron<\/p>\n\n\n\n<p>Landkreis Hajd\u00fa-Bihar<\/p>\n\n\n\n<p>Landkreis Heves<\/p>\n\n\n\n<p>Komitat J\u00e1sz-Nagykun-Szolnok<\/p>\n\n\n\n<p>Komitat Kom\u00e1rom-Esztergom<\/p>\n\n\n\n<p>Bezirk Pest<\/p>\n\n\n\n<p>Landkreis Somogy<\/p>\n\n\n\n<p>Komitat Szabolcs-Szatm\u00e1r-Bereg<\/p>\n\n\n\n<p>Landkreis Tolna<\/p>\n\n\n\n<p>Grafschaft Vas<\/p>\n\n\n\n<p>Komitat Veszpr\u00e9m<\/p>\n\n\n\n<p>Landkreis Zala<\/p>\n\n\n\n<hr class=\"wp-block-separator has-alpha-channel-opacity\">\n\n\n\n<h3 class=\"wp-block-heading\">E-Maut-System f\u00fcr Fahrzeuge \u00fcber 3,5 Tonnen&nbsp;zul\u00e4ssiges Gesamtgewicht<\/h3>\n\n\n\n<h4 class=\"wp-block-heading\">G\u00fcltig ab 1. September 2024.<\/h4>\n\n\n\n<p>Klicken Sie auf das Bild, um die Karte in voller Gr\u00f6\u00dfe herunterzuladen.<\/p>\n\n\n\n<div class=\"wp-block-uagb-image uagb-block-0a956f8e wp-block-uagb-image--layout-default wp-block-uagb-image--effect-static wp-block-uagb-image--align-none\"><figure class=\"wp-block-uagb-image__figure\"><img decoding=\"async\" srcset=\"https:\/\/www.ematrica.com\/wp-content\/uploads\/2024\/10\/map2.jpg ,https:\/\/www.ematrica.com\/wp-content\/uploads\/2024\/10\/map2.jpg 780w, https:\/\/www.ematrica.com\/wp-content\/uploads\/2024\/10\/map2.jpg 360w\" sizes=\"auto, (max-width: 480px) 150px\" src=\"https:\/\/www.ematrica.com\/wp-content\/uploads\/2024\/10\/map2.jpg\" alt=\"\" class=\"uag-image-4214\" width=\"1024\" height=\"576\" title=\"Karte2\" loading=\"lazy\" role=\"img\"><\/figure><\/div>\n<\/div>\n<\/div><\/div>\n","protected":false},"excerpt":{"rendered":"<p>Karten Die Karten dienen nur zu Informationszwecken. Die genaue Liste der Mautabschnitte finden Sie in den folgenden Dekreten: Die auf den Websites nemzetiutdij.hu und toll-charge.hu verf\u00fcgbaren Karten, die das mautpflichtige Stra\u00dfennetz zeigen, sind geistiges Eigentum der National Toll Payment Services Plc. und ihre Weiterverwendung bedarf daher der vorherigen Zustimmung unseres Unternehmens. E-Vignette L\u00e4nderkarte G\u00fcltig ab [&hellip;]<\/p>\n","protected":false},"author":2,"featured_media":0,"parent":0,"menu_order":0,"comment_status":"closed","ping_status":"closed","template":"","meta":{"inline_featured_image":false,"_uag_custom_page_level_css":"","site-sidebar-layout":"no-sidebar","site-content-layout":"plain-container","ast-site-content-layout":"full-width-container","site-content-style":"unboxed","site-sidebar-style":"unboxed","ast-global-header-display":"","ast-banner-title-visibility":"","ast-main-header-display":"","ast-hfb-above-header-display":"","ast-hfb-below-header-display":"","ast-hfb-mobile-header-display":"","site-post-title":"disabled","ast-breadcrumbs-content":"","ast-featured-img":"disabled","footer-sml-layout":"","theme-transparent-header-meta":"enabled","adv-header-id-meta":"","stick-header-meta":"","header-above-stick-meta":"","header-main-stick-meta":"","header-below-stick-meta":"","astra-migrate-meta-layouts":"default","ast-page-background-enabled":"default","ast-page-background-meta":{"desktop":{"background-color":"","background-image":"","background-repeat":"repeat","background-position":"center center","background-size":"auto","background-attachment":"scroll","background-type":"","background-media":"","overlay-type":"","overlay-color":"","overlay-opacity":"","overlay-gradient":""},"tablet":{"background-color":"","background-image":"","background-repeat":"repeat","background-position":"center center","background-size":"auto","background-attachment":"scroll","background-type":"","background-media":"","overlay-type":"","overlay-color":"","overlay-opacity":"","overlay-gradient":""},"mobile":{"background-color":"","background-image":"","background-repeat":"repeat","background-position":"center center","background-size":"auto","background-attachment":"scroll","background-type":"","background-media":"","overlay-type":"","overlay-color":"","overlay-opacity":"","overlay-gradient":""}},"ast-content-background-meta":{"desktop":{"background-color":"var(--ast-global-color-5)","background-image":"","background-repeat":"repeat","background-position":"center center","background-size":"auto","background-attachment":"scroll","background-type":"","background-media":"","overlay-type":"","overlay-color":"","overlay-opacity":"","overlay-gradient":""},"tablet":{"background-color":"var(--ast-global-color-5)","background-image":"","background-repeat":"repeat","background-position":"center center","background-size":"auto","background-attachment":"scroll","background-type":"","background-media":"","overlay-type":"","overlay-color":"","overlay-opacity":"","overlay-gradient":""},"mobile":{"background-color":"var(--ast-global-color-5)","background-image":"","background-repeat":"repeat","background-position":"center center","background-size":"auto","background-attachment":"scroll","background-type":"","background-media":"","overlay-type":"","overlay-color":"","overlay-opacity":"","overlay-gradient":""}},"footnotes":""},"categories":[],"tags":[],"class_list":["post-5043","page","type-page","status-publish","hentry"],"uagb_featured_image_src":{"full":false,"thumbnail":false,"medium":false,"medium_large":false,"large":false,"1536x1536":false,"2048x2048":false},"uagb_author_info":{"display_name":"shubham","author_link":"https:\/\/www.ematrica.com\/de\/author\/shubham\/"},"uagb_comment_info":0,"uagb_excerpt":"Karten Die Karten dienen nur zu Informationszwecken. Die genaue Liste der Mautabschnitte finden Sie in den folgenden Dekreten: Die auf den Websites nemzetiutdij.hu und toll-charge.hu verf\u00fcgbaren Karten, die das mautpflichtige Stra\u00dfennetz zeigen, sind geistiges Eigentum der National Toll Payment Services Plc. und ihre Weiterverwendung bedarf daher der vorherigen Zustimmung unseres Unternehmens. E-Vignette L\u00e4nderkarte G\u00fcltig ab&hellip;","_links":{"self":[{"href":"https:\/\/www.ematrica.com\/de\/wp-json\/wp\/v2\/pages\/5043","targetHints":{"allow":["GET","POST","PUT","PATCH","DELETE"]}}],"collection":[{"href":"https:\/\/www.ematrica.com\/de\/wp-json\/wp\/v2\/pages"}],"about":[{"href":"https:\/\/www.ematrica.com\/de\/wp-json\/wp\/v2\/types\/page"}],"author":[{"embeddable":true,"href":"https:\/\/www.ematrica.com\/de\/wp-json\/wp\/v2\/users\/2"}],"replies":[{"embeddable":true,"href":"https:\/\/www.ematrica.com\/de\/wp-json\/wp\/v2\/comments?post=5043"}],"version-history":[{"count":0,"href":"https:\/\/www.ematrica.com\/de\/wp-json\/wp\/v2\/pages\/5043\/revisions"}],"wp:attachment":[{"href":"https:\/\/www.ematrica.com\/de\/wp-json\/wp\/v2\/media?parent=5043"}],"wp:term":[{"taxonomy":"category","embeddable":true,"href":"https:\/\/www.ematrica.com\/de\/wp-json\/wp\/v2\/categories?post=5043"},{"taxonomy":"post_tag","embeddable":true,"href":"https:\/\/www.ematrica.com\/de\/wp-json\/wp\/v2\/tags?post=5043"}],"curies":[{"name":"wp","href":"https:\/\/api.w.org\/{rel}","templated":true}]}}