{"id":4273,"date":"2024-09-27T07:37:25","date_gmt":"2024-09-27T05:37:25","guid":{"rendered":"https:\/\/www.ematrica.com\/politica-de-privacidad\/"},"modified":"2024-09-27T07:37:25","modified_gmt":"2024-09-27T05:37:25","slug":"politica-de-privacidad","status":"publish","type":"page","link":"https:\/\/www.ematrica.com\/es\/politica-de-privacidad\/","title":{"rendered":"Pol\u00edtica de privacidad"},"content":{"rendered":"\n<p><strong>Declaraci\u00f3n de privacidad y cookies  <\/strong><\/p>\n\n\n\n<p>1 de noviembre de 2021<\/p>\n\n\n\n<p>Tu privacidad es de gran importancia para ematrica.com. Por ello, cumplimos las leyes y normativas pertinentes sobre privacidad, incluido el Reglamento General de Protecci\u00f3n de Datos (en adelante, RGPD). Esto significa que  <\/p>\n\n\n\n<p>&#8211;&nbsp;&nbsp;&nbsp;&nbsp; &nbsp;&nbsp;<strong>Exponemos claramente nuestros prop\u00f3sitos<\/strong>&nbsp;antes de procesar tus datos personales, a trav\u00e9s de esta declaraci\u00f3n de privacidad;<\/p>\n\n\n\n<p>&#8211;&nbsp;&nbsp;&nbsp;&nbsp; &nbsp;&nbsp;<strong>Almacenar la menor cantidad posible de datos personales<\/strong>&nbsp;y s\u00f3lo los necesarios para nuestros fines;<\/p>\n\n\n\n<p>&#8211;&nbsp;&nbsp;&nbsp;&nbsp; &nbsp;&nbsp;<strong>Pedir expl\u00edcitamente el consentimiento<\/strong>&nbsp;para procesar tus datos personales, si se requiere el consentimiento;<\/p>\n\n\n\n<p>&#8211;&nbsp;&nbsp;&nbsp;&nbsp;&nbsp;&nbsp;<strong>Tomar las medidas de seguridad necesarias<\/strong>&nbsp;para proteger tus datos personales. Tambi\u00e9n imponemos estas obligaciones a las partes que procesan datos personales para nosotros; <\/p>\n\n\n\n<p>&#8211;&nbsp;&nbsp;&nbsp;&nbsp; &nbsp;&nbsp;<strong>Respetar tus derechos<\/strong>&nbsp;, como el derecho a acceder, rectificar o suprimir tus datos personales tratados por nosotros.<\/p>\n\n\n\n<p>Tus datos est\u00e1n seguros con nosotros y siempre los utilizaremos adecuadamente. En esta declaraci\u00f3n de privacidad te explicamos lo que hacemos en la tienda online ematrica.com con la informaci\u00f3n que obtenemos sobre ti. <\/p>\n\n\n\n<p>Si tienes alguna pregunta o quieres saber exactamente qu\u00e9 datos guardamos sobre ti, ponte en contacto con ematrica.com.<\/p>\n\n\n\n<p><strong>Procesamiento de pedidos<\/strong><br>Cuando nos haces un pedido, utilizamos tus datos personales para procesarlo adecuadamente. A continuaci\u00f3n, podemos proporcionar tus datos personales a nuestro servicio de entrega para que te entreguen el pedido. Tambi\u00e9n recibimos informaci\u00f3n sobre tu pago de tu banco o de la entidad emisora de tu tarjeta de cr\u00e9dito. Para ello utilizamos tus:   <\/p>\n\n\n\n<ul class=\"wp-block-list\">\n<li>Nombre y direcci\u00f3n<\/li>\n\n\n\n<li>Direcci\u00f3n de correo electr\u00f3nico<\/li>\n\n\n\n<li>Datos de pago<\/li>\n\n\n\n<li>Direcci\u00f3n IP<\/li>\n\n\n\n<li>Datos del pasaporte (fecha de nacimiento, sexo, foto, n\u00famero de pasaporte, etc.)<\/li>\n<\/ul>\n\n\n\n<p>La necesitamos en virtud del contrato que celebramos contigo. Almacenamos esta informaci\u00f3n hasta que se completa tu pedido. Almacenamos ciertos datos de clientes durante m\u00e1s tiempo en relaci\u00f3n con la obligaci\u00f3n legal de retenci\u00f3n fiscal.  <\/p>\n\n\n\n<p><em>Suministro a terceros<\/em><br>Trabajamos con determinadas empresas que pueden recibir de nosotros tus datos personales mencionados anteriormente.<\/p>\n\n\n\n<p>Para tramitar los pedidos colaboramos con<\/p>\n\n\n\n<ul class=\"wp-block-list\">\n<li>Nuestros proveedores de pago Mollie y Multisafepay<\/li>\n\n\n\n<li>El gobierno o ministerio de asuntos exteriores del pa\u00eds para el que solicitas el visado<\/li>\n<\/ul>\n\n\n\n<p><strong>Formulario de contacto<\/strong><br>Puedes utilizar el formulario de contacto para hacernos preguntas o peticiones. Para ello utilizamos tu: <\/p>\n\n\n\n<ul class=\"wp-block-list\">\n<li>Direcci\u00f3n de correo electr\u00f3nico<\/li>\n<\/ul>\n\n\n\n<p>Lo hacemos bas\u00e1ndonos en tu consentimiento. Almacenamos esta informaci\u00f3n hasta que estamos seguros de que est\u00e1s satisfecho con nuestra respuesta. <\/p>\n\n\n\n<p><strong>Anuncios<\/strong><br>Nuestra tienda virtual muestra anuncios. No los publicamos nosotros, sino que lo hacen agencias de publicidad con las que colaboramos. Estas agencias hacen un seguimiento de si los anuncios te parecen interesantes, y utilizan esa informaci\u00f3n para mostrarte s\u00f3lo anuncios y ofertas divertidos o interesantes en el futuro.  <\/p>\n\n\n\n<p><strong>Suministro a otras empresas o instituciones<\/strong><br>Con la excepci\u00f3n de las partes que sean necesarias para prestar los servicios mencionados anteriormente, no proporcionaremos tus datos personales a otras empresas o instituciones bajo ninguna circunstancia, a menos que estemos legalmente obligados a hacerlo (por ejemplo, si la polic\u00eda lo exige en caso de sospecha de delito).&nbsp;<\/p>\n\n\n\n<p><strong>Estad\u00edsticas<\/strong><br>Mantenemos estad\u00edsticas sobre el uso de nuestra tienda web, pero estos datos son siempre an\u00f3nimos.&nbsp;<\/p>\n\n\n\n<p><strong>Cookies<\/strong><br>Nuestra tienda virtual utiliza cookies. Las cookies son peque\u00f1os archivos en los que podemos almacenar informaci\u00f3n, para que no tengas que volver a rellenarla. Pero tambi\u00e9n podemos saber que vuelves a visitarnos.  <\/p>\n\n\n\n<p>Puedes desactivar la colocaci\u00f3n de cookies a trav\u00e9s de tu navegador, pero algunas partes de nuestra tienda online dejar\u00e1n de funcionar correctamente.<\/p>\n\n\n\n<p>Hemos llegado a acuerdos con otras empresas que colocan cookies sobre el uso de las mismas. Sin embargo, no tenemos pleno control sobre lo que hacen con las propias cookies. Por tanto, lee tambi\u00e9n sus declaraciones de privacidad.  <\/p>\n\n\n\n<p><strong>Seguridad<\/strong><br>La seguridad de los datos personales es de gran importancia para nosotros. Nos aseguramos de que tus datos est\u00e9n bien protegidos con nosotros. Ajustamos continuamente la seguridad y prestamos mucha atenci\u00f3n a lo que puede ir mal.  <\/p>\n\n\n\n<p><strong>Cambios en esta declaraci\u00f3n de privacidad<\/strong><br>Cuando nuestra tienda online cambia, naturalmente tambi\u00e9n debemos ajustar la declaraci\u00f3n de privacidad. As\u00ed que presta siempre atenci\u00f3n a la fecha indicada y comprueba regularmente si hay nuevas versiones. Haremos todo lo posible para comunicarte los cambios.  <\/p>\n\n\n\n<p><strong>Tus derechos<\/strong><br>Si tienes alguna pregunta o quieres saber qu\u00e9 datos personales tenemos sobre ti, siempre puedes ponerte en contacto con nosotros. Consulta los datos de contacto que figuran a continuaci\u00f3n. <\/p>\n\n\n\n<p>Tienes los siguientes derechos:<\/p>\n\n\n\n<ul class=\"wp-block-list\">\n<li>Recibir una explicaci\u00f3n de qu\u00e9 datos personales tenemos y qu\u00e9 hacemos con ellos;<\/li>\n\n\n\n<li>Acceso a los datos personales precisos de que disponemos;<\/li>\n\n\n\n<li>Que se corrijan los errores;<\/li>\n\n\n\n<li>Eliminar los datos personales obsoletos;<\/li>\n\n\n\n<li>Transferir datos personales a otra parte;<\/li>\n\n\n\n<li>Retirada del consentimiento;<\/li>\n\n\n\n<li>Restringe un determinado tratamiento;<\/li>\n\n\n\n<li>Oponerse a un uso concreto.<\/li>\n<\/ul>\n\n\n\n<p>Ten en cuenta que siempre debes indicar claramente qui\u00e9n eres, para que podamos estar seguros de que no ajustamos o borramos datos de la persona equivocada.<\/p>\n\n\n\n<p>En principio, atenderemos tu solicitud en el plazo de un mes. Sin embargo, este plazo puede ampliarse por motivos relacionados con los derechos espec\u00edficos de los interesados o la complejidad de la solicitud. Si ampliamos este plazo, te informaremos oportunamente.  <\/p>\n\n\n\n<p><strong>Presentar una queja<\/strong><br>Si deseas presentar una queja sobre el uso de tus datos personales, puedes enviar un correo electr\u00f3nico a contact@ematrica.com. Trataremos todas las reclamaciones internamente y te lo comunicaremos m\u00e1s adelante. <\/p>\n\n\n\n<p>Si crees que no te estamos ayudando de la forma adecuada, tienes derecho a presentar una reclamaci\u00f3n ante la autoridad supervisora. \u00c9sta se llama Autoridad de Protecci\u00f3n de Datos de Holanda. <\/p>\n\n\n\n<p><strong>Datos de contacto<\/strong><\/p>\n\n\n\n<p><strong>Direcci\u00f3n<\/strong>: GOVIGNETTE LTD, a 128 City Road, Londres, Reino Unido, EC1V 2NX<\/p>\n\n\n\n<p>E-Mail: Correo electr\u00f3nico:&nbsp;contact@ematrica.com<\/p>\n\n\n\n<p>Contacto : +44 077 5757 7501<\/p>\n","protected":false},"excerpt":{"rendered":"<p>Declaraci\u00f3n de privacidad y cookies 1 de noviembre de 2021 Tu privacidad es de gran importancia para ematrica.com. Por ello, cumplimos las leyes y normativas pertinentes sobre privacidad, incluido el Reglamento General de Protecci\u00f3n de Datos (en adelante, RGPD). Esto significa que &#8211;&nbsp;&nbsp;&nbsp;&nbsp; &nbsp;&nbsp;Exponemos claramente nuestros prop\u00f3sitos&nbsp;antes de procesar tus datos personales, a trav\u00e9s de [&hellip;]<\/p>\n","protected":false},"author":1,"featured_media":0,"parent":0,"menu_order":0,"comment_status":"closed","ping_status":"closed","template":"","meta":{"inline_featured_image":false,"_uag_custom_page_level_css":"","site-sidebar-layout":"default","site-content-layout":"","ast-site-content-layout":"default","site-content-style":"default","site-sidebar-style":"default","ast-global-header-display":"","ast-banner-title-visibility":"","ast-main-header-display":"","ast-hfb-above-header-display":"","ast-hfb-below-header-display":"","ast-hfb-mobile-header-display":"","site-post-title":"","ast-breadcrumbs-content":"","ast-featured-img":"","footer-sml-layout":"","theme-transparent-header-meta":"","adv-header-id-meta":"","stick-header-meta":"","header-above-stick-meta":"","header-main-stick-meta":"","header-below-stick-meta":"","astra-migrate-meta-layouts":"default","ast-page-background-enabled":"default","ast-page-background-meta":{"desktop":{"background-color":"","background-image":"","background-repeat":"repeat","background-position":"center center","background-size":"auto","background-attachment":"scroll","background-type":"","background-media":"","overlay-type":"","overlay-color":"","overlay-opacity":"","overlay-gradient":""},"tablet":{"background-color":"","background-image":"","background-repeat":"repeat","background-position":"center center","background-size":"auto","background-attachment":"scroll","background-type":"","background-media":"","overlay-type":"","overlay-color":"","overlay-opacity":"","overlay-gradient":""},"mobile":{"background-color":"","background-image":"","background-repeat":"repeat","background-position":"center center","background-size":"auto","background-attachment":"scroll","background-type":"","background-media":"","overlay-type":"","overlay-color":"","overlay-opacity":"","overlay-gradient":""}},"ast-content-background-meta":{"desktop":{"background-color":"var(--ast-global-color-5)","background-image":"","background-repeat":"repeat","background-position":"center center","background-size":"auto","background-attachment":"scroll","background-type":"","background-media":"","overlay-type":"","overlay-color":"","overlay-opacity":"","overlay-gradient":""},"tablet":{"background-color":"var(--ast-global-color-5)","background-image":"","background-repeat":"repeat","background-position":"center center","background-size":"auto","background-attachment":"scroll","background-type":"","background-media":"","overlay-type":"","overlay-color":"","overlay-opacity":"","overlay-gradient":""},"mobile":{"background-color":"var(--ast-global-color-5)","background-image":"","background-repeat":"repeat","background-position":"center center","background-size":"auto","background-attachment":"scroll","background-type":"","background-media":"","overlay-type":"","overlay-color":"","overlay-opacity":"","overlay-gradient":""}},"footnotes":""},"categories":[],"tags":[103],"class_list":["post-4273","page","type-page","status-publish","hentry","tag-noindex-es"],"uagb_featured_image_src":{"full":false,"thumbnail":false,"medium":false,"medium_large":false,"large":false,"1536x1536":false,"2048x2048":false},"uagb_author_info":{"display_name":"admin","author_link":"https:\/\/www.ematrica.com\/es\/author\/admin\/"},"uagb_comment_info":0,"uagb_excerpt":"Declaraci\u00f3n de privacidad y cookies 1 de noviembre de 2021 Tu privacidad es de gran importancia para ematrica.com. Por ello, cumplimos las leyes y normativas pertinentes sobre privacidad, incluido el Reglamento General de Protecci\u00f3n de Datos (en adelante, RGPD). Esto significa que &#8211;&nbsp;&nbsp;&nbsp;&nbsp; &nbsp;&nbsp;Exponemos claramente nuestros prop\u00f3sitos&nbsp;antes de procesar tus datos personales, a trav\u00e9s de&hellip;","_links":{"self":[{"href":"https:\/\/www.ematrica.com\/es\/wp-json\/wp\/v2\/pages\/4273","targetHints":{"allow":["GET","POST","PUT","PATCH","DELETE"]}}],"collection":[{"href":"https:\/\/www.ematrica.com\/es\/wp-json\/wp\/v2\/pages"}],"about":[{"href":"https:\/\/www.ematrica.com\/es\/wp-json\/wp\/v2\/types\/page"}],"author":[{"embeddable":true,"href":"https:\/\/www.ematrica.com\/es\/wp-json\/wp\/v2\/users\/1"}],"replies":[{"embeddable":true,"href":"https:\/\/www.ematrica.com\/es\/wp-json\/wp\/v2\/comments?post=4273"}],"version-history":[{"count":0,"href":"https:\/\/www.ematrica.com\/es\/wp-json\/wp\/v2\/pages\/4273\/revisions"}],"wp:attachment":[{"href":"https:\/\/www.ematrica.com\/es\/wp-json\/wp\/v2\/media?parent=4273"}],"wp:term":[{"taxonomy":"category","embeddable":true,"href":"https:\/\/www.ematrica.com\/es\/wp-json\/wp\/v2\/categories?post=4273"},{"taxonomy":"post_tag","embeddable":true,"href":"https:\/\/www.ematrica.com\/es\/wp-json\/wp\/v2\/tags?post=4273"}],"curies":[{"name":"wp","href":"https:\/\/api.w.org\/{rel}","templated":true}]}}