{"id":5006,"date":"2024-10-28T14:52:11","date_gmt":"2024-10-28T13:52:11","guid":{"rendered":"https:\/\/www.ematrica.com\/tramos-de-carretera-sin-peaje\/"},"modified":"2024-10-28T14:52:11","modified_gmt":"2024-10-28T13:52:11","slug":"tramos-de-carretera-sin-peaje","status":"publish","type":"page","link":"https:\/\/www.ematrica.com\/es\/tramos-de-carretera-sin-peaje\/","title":{"rendered":"Tramos de carretera sin peaje"},"content":{"rendered":"\n<div class=\"wp-block-uagb-container uagb-block-25efe059 alignfull uagb-is-root-container\"><div class=\"uagb-container-inner-blocks-wrap\">\n<div class=\"wp-block-uagb-advanced-heading uagb-block-152b2cf8\"><h1 class=\"uagb-heading-text\">Tramos de carretera sin peaje<\/h1><\/div>\n<\/div><\/div>\n\n\n\n<div class=\"wp-block-uagb-container uagb-layout-flex uagb-block-a1027da3 alignfull uagb-is-root-container\"><div class=\"uagb-container-inner-blocks-wrap\">\n<div class=\"wp-block-uagb-container uagb-block-717dfbe0\">\n<h3 class=\"wp-block-heading\"><strong>En virtud del decreto que entrar\u00e1 en vigor el 1 de enero de 2024, los siguientes tramos de carretera podr\u00e1n utilizarse sin peaje:<\/strong><\/h3>\n\n\n\n<ul class=\"wp-block-list\">\n<li>el tramo de la Autopista M4 entre Vecs\u00e9s y el Aeropuerto Internacional Ferenc Liszt de Budapest,<\/li>\n\n\n\n<li>el tramo de circunvalaci\u00f3n suroeste de P\u00e9cs de la autopista M60 entre las carreteras 58 y 5826,<\/li>\n\n\n\n<li>Autopista M8,<\/li>\n\n\n\n<li>Speedway M80,<\/li>\n\n\n\n<li>el tramo de la autopista M9 entre las carreteras principales 6 y 51,<\/li>\n\n\n\n<li>el tramo de circunvalaci\u00f3n de Kaposv\u00e1r de la V\u00eda R\u00e1pida M9 (se\u00f1al de la Carretera Principal 61).<\/li>\n<\/ul>\n\n\n\n<h3 class=\"wp-block-heading\"><strong>M\u00e1s enlaces \u00fatiles:<\/strong><\/h3>\n\n\n\n<p>mapa detallado de la red de autopistas de peaje<\/p>\n<\/div>\n<\/div><\/div>\n","protected":false},"excerpt":{"rendered":"<p>Tramos de carretera sin peaje En virtud del decreto que entrar\u00e1 en vigor el 1 de enero de 2024, los siguientes tramos de carretera podr\u00e1n utilizarse sin peaje: M\u00e1s enlaces \u00fatiles: mapa detallado de la red de autopistas de peaje<\/p>\n","protected":false},"author":2,"featured_media":0,"parent":0,"menu_order":0,"comment_status":"closed","ping_status":"closed","template":"","meta":{"inline_featured_image":false,"_uag_custom_page_level_css":"","site-sidebar-layout":"no-sidebar","site-content-layout":"plain-container","ast-site-content-layout":"full-width-container","site-content-style":"unboxed","site-sidebar-style":"unboxed","ast-global-header-display":"","ast-banner-title-visibility":"","ast-main-header-display":"","ast-hfb-above-header-display":"","ast-hfb-below-header-display":"","ast-hfb-mobile-header-display":"","site-post-title":"disabled","ast-breadcrumbs-content":"","ast-featured-img":"disabled","footer-sml-layout":"","theme-transparent-header-meta":"enabled","adv-header-id-meta":"","stick-header-meta":"","header-above-stick-meta":"","header-main-stick-meta":"","header-below-stick-meta":"","astra-migrate-meta-layouts":"default","ast-page-background-enabled":"default","ast-page-background-meta":{"desktop":{"background-color":"","background-image":"","background-repeat":"repeat","background-position":"center center","background-size":"auto","background-attachment":"scroll","background-type":"","background-media":"","overlay-type":"","overlay-color":"","overlay-opacity":"","overlay-gradient":""},"tablet":{"background-color":"","background-image":"","background-repeat":"repeat","background-position":"center center","background-size":"auto","background-attachment":"scroll","background-type":"","background-media":"","overlay-type":"","overlay-color":"","overlay-opacity":"","overlay-gradient":""},"mobile":{"background-color":"","background-image":"","background-repeat":"repeat","background-position":"center center","background-size":"auto","background-attachment":"scroll","background-type":"","background-media":"","overlay-type":"","overlay-color":"","overlay-opacity":"","overlay-gradient":""}},"ast-content-background-meta":{"desktop":{"background-color":"var(--ast-global-color-5)","background-image":"","background-repeat":"repeat","background-position":"center center","background-size":"auto","background-attachment":"scroll","background-type":"","background-media":"","overlay-type":"","overlay-color":"","overlay-opacity":"","overlay-gradient":""},"tablet":{"background-color":"var(--ast-global-color-5)","background-image":"","background-repeat":"repeat","background-position":"center center","background-size":"auto","background-attachment":"scroll","background-type":"","background-media":"","overlay-type":"","overlay-color":"","overlay-opacity":"","overlay-gradient":""},"mobile":{"background-color":"var(--ast-global-color-5)","background-image":"","background-repeat":"repeat","background-position":"center center","background-size":"auto","background-attachment":"scroll","background-type":"","background-media":"","overlay-type":"","overlay-color":"","overlay-opacity":"","overlay-gradient":""}},"footnotes":""},"categories":[],"tags":[],"class_list":["post-5006","page","type-page","status-publish","hentry"],"uagb_featured_image_src":{"full":false,"thumbnail":false,"medium":false,"medium_large":false,"large":false,"1536x1536":false,"2048x2048":false},"uagb_author_info":{"display_name":"shubham","author_link":"https:\/\/www.ematrica.com\/es\/author\/shubham\/"},"uagb_comment_info":0,"uagb_excerpt":"Tramos de carretera sin peaje En virtud del decreto que entrar\u00e1 en vigor el 1 de enero de 2024, los siguientes tramos de carretera podr\u00e1n utilizarse sin peaje: M\u00e1s enlaces \u00fatiles: mapa detallado de la red de autopistas de peaje","_links":{"self":[{"href":"https:\/\/www.ematrica.com\/es\/wp-json\/wp\/v2\/pages\/5006","targetHints":{"allow":["GET","POST","PUT","PATCH","DELETE"]}}],"collection":[{"href":"https:\/\/www.ematrica.com\/es\/wp-json\/wp\/v2\/pages"}],"about":[{"href":"https:\/\/www.ematrica.com\/es\/wp-json\/wp\/v2\/types\/page"}],"author":[{"embeddable":true,"href":"https:\/\/www.ematrica.com\/es\/wp-json\/wp\/v2\/users\/2"}],"replies":[{"embeddable":true,"href":"https:\/\/www.ematrica.com\/es\/wp-json\/wp\/v2\/comments?post=5006"}],"version-history":[{"count":0,"href":"https:\/\/www.ematrica.com\/es\/wp-json\/wp\/v2\/pages\/5006\/revisions"}],"wp:attachment":[{"href":"https:\/\/www.ematrica.com\/es\/wp-json\/wp\/v2\/media?parent=5006"}],"wp:term":[{"taxonomy":"category","embeddable":true,"href":"https:\/\/www.ematrica.com\/es\/wp-json\/wp\/v2\/categories?post=5006"},{"taxonomy":"post_tag","embeddable":true,"href":"https:\/\/www.ematrica.com\/es\/wp-json\/wp\/v2\/tags?post=5006"}],"curies":[{"name":"wp","href":"https:\/\/api.w.org\/{rel}","templated":true}]}}