{"id":5037,"date":"2024-10-28T14:20:00","date_gmt":"2024-10-28T13:20:00","guid":{"rendered":"https:\/\/www.ematrica.com\/mapas\/"},"modified":"2024-10-28T14:20:00","modified_gmt":"2024-10-28T13:20:00","slug":"mapas","status":"publish","type":"page","link":"https:\/\/www.ematrica.com\/es\/mapas\/","title":{"rendered":"Mapas"},"content":{"rendered":"\n<div class=\"wp-block-uagb-container uagb-block-25efe059 alignfull uagb-is-root-container\"><div class=\"uagb-container-inner-blocks-wrap\">\n<div class=\"wp-block-uagb-advanced-heading uagb-block-152b2cf8\"><h1 class=\"uagb-heading-text\">Mapas<\/h1><\/div>\n<\/div><\/div>\n\n\n\n<div class=\"wp-block-uagb-container uagb-layout-flex uagb-block-a1027da3 alignfull uagb-is-root-container\"><div class=\"uagb-container-inner-blocks-wrap\">\n<div class=\"wp-block-uagb-container uagb-block-52c1a9ca\">\n<p>Los mapas son meramente informativos. La lista exacta de tramos de peaje figura en los decretos siguientes: <\/p>\n\n\n\n<ul class=\"wp-block-list\">\n<li>E-vignette:&nbsp;Decreto 45\/2020 (XI. 28.) ITM del Ministro de Innovaci\u00f3n y Tecnolog\u00eda<\/li>\n\n\n\n<li>Peaje electr\u00f3nico:&nbsp;Decreto 25\/2013 (V.&nbsp;31.) NFM del Ministro de Desarrollo Nacional<\/li>\n<\/ul>\n\n\n\n<p>Los mapas disponibles en los sitios web nemzetiutdij.hu y toll-charge.hu que muestran la red de autopistas de peaje son propiedad intelectual de National Toll Payment Services Plc. y, por tanto, su uso posterior requiere el consentimiento previo de nuestra Empresa.<\/p>\n\n\n\n<hr class=\"wp-block-separator has-alpha-channel-opacity\">\n\n\n\n<h3 class=\"wp-block-heading\">Mapa del pa\u00eds de la e-vi\u00f1eta<\/h3>\n\n\n\n<h4 class=\"wp-block-heading\">V\u00e1lido a partir del 1 de enero de 2024.<\/h4>\n\n\n\n<p>Haz clic en la imagen para descargar el mapa a tama\u00f1o completo.<\/p>\n\n\n\n<div class=\"wp-block-uagb-image uagb-block-358e27ee wp-block-uagb-image--layout-default wp-block-uagb-image--effect-static wp-block-uagb-image--align-none\"><figure class=\"wp-block-uagb-image__figure\"><img decoding=\"async\" srcset=\"https:\/\/www.ematrica.com\/wp-content\/uploads\/2024\/10\/map.jpg ,https:\/\/www.ematrica.com\/wp-content\/uploads\/2024\/10\/map.jpg 780w, https:\/\/www.ematrica.com\/wp-content\/uploads\/2024\/10\/map.jpg 360w\" sizes=\"auto, (max-width: 480px) 150px\" src=\"https:\/\/www.ematrica.com\/wp-content\/uploads\/2024\/10\/map.jpg\" alt=\"\" class=\"uag-image-4208\" width=\"1024\" height=\"576\" title=\"NUSZ_HD_terkep_A0_20240801\" loading=\"lazy\" role=\"img\"><\/figure><\/div>\n\n\n\n<h3 class=\"wp-block-heading\">Mapas regionales de vi\u00f1etas electr\u00f3nicas<\/h3>\n\n\n\n<h4 class=\"wp-block-heading\">V\u00e1lido a partir del 1 de enero de 2024.<\/h4>\n\n\n\n<p>El \u00e1mbito de validez de las vi\u00f1etas electr\u00f3nicas regionales se extiende fuera de las fronteras administrativas comarcales, hasta el primer cruce pasado el l\u00edmite comarcal. La validez territorial de las vi\u00f1etas regionales por n\u00famero de cruce y n\u00famero de tramo de carretera se establece en el Anexo 1 de&nbsp;Decreto 45\/2020 (XI. 28.) ITM del Ministro de Innovaci\u00f3n y Tecnolog\u00eda. <\/p>\n\n\n\n<p>Los mapas regionales de la vi\u00f1eta electr\u00f3nica v\u00e1lidos a partir del 1 de enero de 2024 pueden consultarse haciendo clic en el nombre del condado.<\/p>\n\n\n\n<p>Condado de Baranya<\/p>\n\n\n\n<p>Condado de B\u00e1cs-Kiskun<\/p>\n\n\n\n<p>Condado de B\u00e9k\u00e9s<\/p>\n\n\n\n<p>Comarca de Borsod-Aba\u00faj-Zempl\u00e9n<\/p>\n\n\n\n<p>Condado de Csongr\u00e1d-Csan\u00e1d<\/p>\n\n\n\n<p>Condado de Fej\u00e9r<\/p>\n\n\n\n<p>Condado de Gy\u0151r-Moson-Sopron<\/p>\n\n\n\n<p>Comarca de Hajd\u00fa-Bihar<\/p>\n\n\n\n<p>Condado de Heves<\/p>\n\n\n\n<p>Comarca de J\u00e1sz-Nagykun-Szolnok<\/p>\n\n\n\n<p>Comarca de Kom\u00e1rom-Esztergom<\/p>\n\n\n\n<p>Condado de plagas<\/p>\n\n\n\n<p>Condado de Somogy<\/p>\n\n\n\n<p>Comarca de Szabolcs-Szatm\u00e1r-Bereg<\/p>\n\n\n\n<p>Comarca de Tolna<\/p>\n\n\n\n<p>Condado de Vas<\/p>\n\n\n\n<p>Condado de Veszpr\u00e9m<\/p>\n\n\n\n<p>Condado de Zala<\/p>\n\n\n\n<hr class=\"wp-block-separator has-alpha-channel-opacity\">\n\n\n\n<h3 class=\"wp-block-heading\">Sistema de peaje electr\u00f3nico para veh\u00edculos de m\u00e1s de 3,5 toneladas de peso bruto m\u00e1ximo autorizado&nbsp;<\/h3>\n\n\n\n<h4 class=\"wp-block-heading\">V\u00e1lido a partir del 1 de septiembre de 2024.<\/h4>\n\n\n\n<p>Haz clic en la imagen para descargar el mapa a tama\u00f1o completo.<\/p>\n\n\n\n<div class=\"wp-block-uagb-image uagb-block-0a956f8e wp-block-uagb-image--layout-default wp-block-uagb-image--effect-static wp-block-uagb-image--align-none\"><figure class=\"wp-block-uagb-image__figure\"><img decoding=\"async\" srcset=\"https:\/\/www.ematrica.com\/wp-content\/uploads\/2024\/10\/map2.jpg ,https:\/\/www.ematrica.com\/wp-content\/uploads\/2024\/10\/map2.jpg 780w, https:\/\/www.ematrica.com\/wp-content\/uploads\/2024\/10\/map2.jpg 360w\" sizes=\"auto, (max-width: 480px) 150px\" src=\"https:\/\/www.ematrica.com\/wp-content\/uploads\/2024\/10\/map2.jpg\" alt=\"\" class=\"uag-image-4214\" width=\"1024\" height=\"576\" title=\"mapa2\" loading=\"lazy\" role=\"img\"><\/figure><\/div>\n<\/div>\n<\/div><\/div>\n","protected":false},"excerpt":{"rendered":"<p>Mapas Los mapas son meramente informativos. La lista exacta de tramos de peaje figura en los decretos siguientes: Los mapas disponibles en los sitios web nemzetiutdij.hu y toll-charge.hu que muestran la red de autopistas de peaje son propiedad intelectual de National Toll Payment Services Plc. y, por tanto, su uso posterior requiere el consentimiento previo [&hellip;]<\/p>\n","protected":false},"author":2,"featured_media":0,"parent":0,"menu_order":0,"comment_status":"closed","ping_status":"closed","template":"","meta":{"inline_featured_image":false,"_uag_custom_page_level_css":"","site-sidebar-layout":"no-sidebar","site-content-layout":"plain-container","ast-site-content-layout":"full-width-container","site-content-style":"unboxed","site-sidebar-style":"unboxed","ast-global-header-display":"","ast-banner-title-visibility":"","ast-main-header-display":"","ast-hfb-above-header-display":"","ast-hfb-below-header-display":"","ast-hfb-mobile-header-display":"","site-post-title":"disabled","ast-breadcrumbs-content":"","ast-featured-img":"disabled","footer-sml-layout":"","theme-transparent-header-meta":"enabled","adv-header-id-meta":"","stick-header-meta":"","header-above-stick-meta":"","header-main-stick-meta":"","header-below-stick-meta":"","astra-migrate-meta-layouts":"default","ast-page-background-enabled":"default","ast-page-background-meta":{"desktop":{"background-color":"","background-image":"","background-repeat":"repeat","background-position":"center center","background-size":"auto","background-attachment":"scroll","background-type":"","background-media":"","overlay-type":"","overlay-color":"","overlay-opacity":"","overlay-gradient":""},"tablet":{"background-color":"","background-image":"","background-repeat":"repeat","background-position":"center center","background-size":"auto","background-attachment":"scroll","background-type":"","background-media":"","overlay-type":"","overlay-color":"","overlay-opacity":"","overlay-gradient":""},"mobile":{"background-color":"","background-image":"","background-repeat":"repeat","background-position":"center center","background-size":"auto","background-attachment":"scroll","background-type":"","background-media":"","overlay-type":"","overlay-color":"","overlay-opacity":"","overlay-gradient":""}},"ast-content-background-meta":{"desktop":{"background-color":"var(--ast-global-color-5)","background-image":"","background-repeat":"repeat","background-position":"center center","background-size":"auto","background-attachment":"scroll","background-type":"","background-media":"","overlay-type":"","overlay-color":"","overlay-opacity":"","overlay-gradient":""},"tablet":{"background-color":"var(--ast-global-color-5)","background-image":"","background-repeat":"repeat","background-position":"center center","background-size":"auto","background-attachment":"scroll","background-type":"","background-media":"","overlay-type":"","overlay-color":"","overlay-opacity":"","overlay-gradient":""},"mobile":{"background-color":"var(--ast-global-color-5)","background-image":"","background-repeat":"repeat","background-position":"center center","background-size":"auto","background-attachment":"scroll","background-type":"","background-media":"","overlay-type":"","overlay-color":"","overlay-opacity":"","overlay-gradient":""}},"footnotes":""},"categories":[],"tags":[],"class_list":["post-5037","page","type-page","status-publish","hentry"],"uagb_featured_image_src":{"full":false,"thumbnail":false,"medium":false,"medium_large":false,"large":false,"1536x1536":false,"2048x2048":false},"uagb_author_info":{"display_name":"shubham","author_link":"https:\/\/www.ematrica.com\/es\/author\/shubham\/"},"uagb_comment_info":0,"uagb_excerpt":"Mapas Los mapas son meramente informativos. La lista exacta de tramos de peaje figura en los decretos siguientes: Los mapas disponibles en los sitios web nemzetiutdij.hu y toll-charge.hu que muestran la red de autopistas de peaje son propiedad intelectual de National Toll Payment Services Plc. y, por tanto, su uso posterior requiere el consentimiento previo&hellip;","_links":{"self":[{"href":"https:\/\/www.ematrica.com\/es\/wp-json\/wp\/v2\/pages\/5037","targetHints":{"allow":["GET","POST","PUT","PATCH","DELETE"]}}],"collection":[{"href":"https:\/\/www.ematrica.com\/es\/wp-json\/wp\/v2\/pages"}],"about":[{"href":"https:\/\/www.ematrica.com\/es\/wp-json\/wp\/v2\/types\/page"}],"author":[{"embeddable":true,"href":"https:\/\/www.ematrica.com\/es\/wp-json\/wp\/v2\/users\/2"}],"replies":[{"embeddable":true,"href":"https:\/\/www.ematrica.com\/es\/wp-json\/wp\/v2\/comments?post=5037"}],"version-history":[{"count":0,"href":"https:\/\/www.ematrica.com\/es\/wp-json\/wp\/v2\/pages\/5037\/revisions"}],"wp:attachment":[{"href":"https:\/\/www.ematrica.com\/es\/wp-json\/wp\/v2\/media?parent=5037"}],"wp:term":[{"taxonomy":"category","embeddable":true,"href":"https:\/\/www.ematrica.com\/es\/wp-json\/wp\/v2\/categories?post=5037"},{"taxonomy":"post_tag","embeddable":true,"href":"https:\/\/www.ematrica.com\/es\/wp-json\/wp\/v2\/tags?post=5037"}],"curies":[{"name":"wp","href":"https:\/\/api.w.org\/{rel}","templated":true}]}}