{"id":4281,"date":"2024-09-27T07:37:25","date_gmt":"2024-09-27T05:37:25","guid":{"rendered":"https:\/\/www.ematrica.com\/politique-de-confidentialite\/"},"modified":"2024-09-27T07:37:25","modified_gmt":"2024-09-27T05:37:25","slug":"politique-de-confidentialite","status":"publish","type":"page","link":"https:\/\/www.ematrica.com\/fr\/politique-de-confidentialite\/","title":{"rendered":"Politique de confidentialit\u00e9"},"content":{"rendered":"\n<p><strong>D\u00e9claration relative \u00e0 la protection de la vie priv\u00e9e et aux cookies  <\/strong><\/p>\n\n\n\n<p>1er novembre 2021<\/p>\n\n\n\n<p>Votre vie priv\u00e9e est d&rsquo;une grande importance pour ematrica.com. C&rsquo;est pourquoi nous nous conformons aux lois et r\u00e8glements pertinents en mati\u00e8re de confidentialit\u00e9, y compris le r\u00e8glement g\u00e9n\u00e9ral sur la protection des donn\u00e9es (ci-apr\u00e8s : GDPR). Cela signifie que nous :  <\/p>\n\n\n\n<p>&#8211;&nbsp;&nbsp;&nbsp;&nbsp; &nbsp;&nbsp;<strong>Indiquer clairement nos objectifs<\/strong>&nbsp;avant de traiter vos donn\u00e9es \u00e0 caract\u00e8re personnel, par le biais de la pr\u00e9sente d\u00e9claration de confidentialit\u00e9 ;<\/p>\n\n\n\n<p>&#8211;&nbsp;&nbsp;&nbsp;&nbsp; &nbsp;&nbsp;<strong>Conservez le moins de donn\u00e9es personnelles possible<\/strong>&nbsp;et uniquement les donn\u00e9es n\u00e9cessaires \u00e0 la r\u00e9alisation de nos objectifs ;<\/p>\n\n\n\n<p>&#8211;&nbsp;&nbsp;&nbsp;&nbsp; &nbsp;&nbsp;<strong>Demander explicitement le consentement<\/strong>&nbsp;pour traiter vos donn\u00e9es \u00e0 caract\u00e8re personnel, si ce consentement est n\u00e9cessaire ;<\/p>\n\n\n\n<p>&#8211;&nbsp;&nbsp;&nbsp;&nbsp;&nbsp;&nbsp;<strong>Prendre les mesures de s\u00e9curit\u00e9 n\u00e9cessaires<\/strong>&nbsp;pour prot\u00e9ger vos donn\u00e9es \u00e0 caract\u00e8re personnel. Nous imposons \u00e9galement ces obligations aux parties qui traitent des donn\u00e9es \u00e0 caract\u00e8re personnel pour nous ; <\/p>\n\n\n\n<p>&#8211;&nbsp;&nbsp;&nbsp;&nbsp; &nbsp;&nbsp;<strong>Respecter vos droits<\/strong>&nbsp;, tels que le droit d&rsquo;acc\u00e8s, de rectification ou de suppression de vos donn\u00e9es personnelles trait\u00e9es par nous.<\/p>\n\n\n\n<p>Vos donn\u00e9es sont en s\u00e9curit\u00e9 chez nous et nous les utiliserons toujours correctement. Dans cette d\u00e9claration de confidentialit\u00e9, nous expliquons ce que nous, la boutique en ligne ematrica.com, faisons des informations que nous obtenons \u00e0 votre sujet. <\/p>\n\n\n\n<p>Si vous avez des questions ou si vous souhaitez savoir exactement quelles donn\u00e9es nous conservons \u00e0 votre sujet, veuillez contacter ematrica.com.<\/p>\n\n\n\n<p><strong>Traitement des commandes<\/strong><br>Lorsque vous passez une commande chez nous, nous utilisons vos donn\u00e9es \u00e0 caract\u00e8re personnel pour la traiter correctement. Nous pouvons ensuite fournir vos donn\u00e9es personnelles \u00e0 notre service de livraison pour que la commande vous soit livr\u00e9e. Nous recevons \u00e9galement des informations sur votre paiement de la part de votre banque ou de la soci\u00e9t\u00e9 \u00e9mettrice de votre carte de cr\u00e9dit. Pour ce faire, nous utilisons votre :   <\/p>\n\n\n\n<ul class=\"wp-block-list\">\n<li>Nom et adresse<\/li>\n\n\n\n<li>Adresse \u00e9lectronique<\/li>\n\n\n\n<li>Modalit\u00e9s de paiement<\/li>\n\n\n\n<li>Adresse IP<\/li>\n\n\n\n<li>D\u00e9tails du passeport (date de naissance, sexe, photo, num\u00e9ro de passeport, etc.)<\/li>\n<\/ul>\n\n\n\n<p>Nous en avons besoin dans le cadre du contrat que nous concluons avec vous. Nous conservons ces informations jusqu&rsquo;\u00e0 ce que votre commande soit termin\u00e9e. Nous conservons certaines donn\u00e9es clients plus longtemps dans le cadre de l&rsquo;obligation l\u00e9gale de conservation fiscale.  <\/p>\n\n\n\n<p><em>Fourniture \u00e0 des tiers<\/em><br>Nous travaillons avec certaines entreprises qui peuvent recevoir de notre part les donn\u00e9es \u00e0 caract\u00e8re personnel mentionn\u00e9es ci-dessus.<\/p>\n\n\n\n<p>Pour traiter les commandes, nous collaborons avec :<\/p>\n\n\n\n<ul class=\"wp-block-list\">\n<li>Nos prestataires de services de paiement Mollie et Multisafepay<\/li>\n\n\n\n<li>Le gouvernement ou le minist\u00e8re des affaires \u00e9trang\u00e8res du pays pour lequel vous demandez un visa<\/li>\n<\/ul>\n\n\n\n<p><strong>Formulaire de contact<\/strong><br>Vous pouvez utiliser le formulaire de contact pour nous poser des questions ou faire des demandes. Pour ce faire, nous utilisons votre : <\/p>\n\n\n\n<ul class=\"wp-block-list\">\n<li>Adresse \u00e9lectronique<\/li>\n<\/ul>\n\n\n\n<p>Nous le faisons sur la base de votre consentement. Nous conservons ces informations jusqu&rsquo;\u00e0 ce que nous soyons s\u00fbrs que vous \u00eates satisfait de notre r\u00e9ponse. <\/p>\n\n\n\n<p><strong>Annonces<\/strong><br>Notre boutique en ligne affiche des annonces publicitaires. Nous ne les publions pas nous-m\u00eames, mais les agences de publicit\u00e9 avec lesquelles nous collaborons le font. Ces agences savent si vous avez trouv\u00e9 les publicit\u00e9s int\u00e9ressantes et utilisent ces informations pour ne vous montrer \u00e0 l&rsquo;avenir que des publicit\u00e9s et des offres amusantes ou int\u00e9ressantes.  <\/p>\n\n\n\n<p><strong>Communication \u00e0 d&rsquo;autres entreprises ou institutions<\/strong><br>\u00c0 l&rsquo;exception des parties n\u00e9cessaires \u00e0 la fourniture des services mentionn\u00e9s ci-dessus, nous ne communiquerons en aucun cas vos donn\u00e9es personnelles \u00e0 d&rsquo;autres entreprises ou institutions, sauf si nous sommes l\u00e9galement tenus de le faire (par exemple, si la police l&rsquo;exige en cas de suspicion de d\u00e9lit).&nbsp;<\/p>\n\n\n\n<p><strong>Statistiques<\/strong><br>Nous conservons des statistiques sur l&rsquo;utilisation de notre boutique en ligne, mais ces donn\u00e9es sont toujours anonymes.&nbsp;<\/p>\n\n\n\n<p><strong>Cookies<\/strong><br>Notre boutique en ligne utilise des cookies. Les cookies sont de petits fichiers dans lesquels nous pouvons stocker des informations, de sorte que vous ne devez pas les remplir \u00e0 nouveau. Mais nous pouvons aussi voir que vous nous rendez \u00e0 nouveau visite.  <\/p>\n\n\n\n<p>Vous pouvez d\u00e9sactiver l&rsquo;installation de cookies via votre navigateur, mais certaines parties de notre boutique en ligne ne fonctionneront alors plus correctement.<\/p>\n\n\n\n<p>Nous avons conclu des accords avec d&rsquo;autres entreprises qui placent des cookies concernant l&rsquo;utilisation de ces derniers. Cependant, nous n&rsquo;avons pas de contr\u00f4le total sur ce qu&rsquo;elles font avec les cookies eux-m\u00eames. Lisez donc \u00e9galement leurs d\u00e9clarations de confidentialit\u00e9.  <\/p>\n\n\n\n<p><strong>S\u00e9curit\u00e9<\/strong><br>Nous accordons une grande importance \u00e0 la s\u00e9curit\u00e9 des donn\u00e9es personnelles. Nous veillons \u00e0 ce que vos donn\u00e9es soient bien prot\u00e9g\u00e9es chez nous. Nous adaptons continuellement la s\u00e9curit\u00e9 et sommes tr\u00e8s attentifs \u00e0 ce qui peut mal se passer.  <\/p>\n\n\n\n<p><strong>Modifications de la pr\u00e9sente d\u00e9claration de confidentialit\u00e9<\/strong><br>Lorsque notre boutique en ligne est modifi\u00e9e, nous devons bien entendu adapter la d\u00e9claration de confidentialit\u00e9. Faites donc toujours attention \u00e0 la date indiqu\u00e9e ci-dessus et v\u00e9rifiez r\u00e9guli\u00e8rement si de nouvelles versions sont disponibles. Nous ferons de notre mieux pour vous communiquer les modifications.  <\/p>\n\n\n\n<p><strong>Vos droits<\/strong><br>Si vous avez des questions ou si vous souhaitez savoir quelles sont les donn\u00e9es personnelles que nous d\u00e9tenons \u00e0 votre sujet, vous pouvez toujours nous contacter. Consultez les coordonn\u00e9es ci-dessous. <\/p>\n\n\n\n<p>Vous avez les droits suivants :<\/p>\n\n\n\n<ul class=\"wp-block-list\">\n<li>Recevoir une explication sur les donn\u00e9es personnelles que nous poss\u00e9dons et sur ce que nous en faisons ;<\/li>\n\n\n\n<li>Acc\u00e8s aux donn\u00e9es personnelles pr\u00e9cises dont nous disposons ;<\/li>\n\n\n\n<li>Corriger les erreurs ;<\/li>\n\n\n\n<li>Faire supprimer les donn\u00e9es personnelles p\u00e9rim\u00e9es ;<\/li>\n\n\n\n<li>Transf\u00e9rer des donn\u00e9es \u00e0 caract\u00e8re personnel \u00e0 une autre partie ;<\/li>\n\n\n\n<li>Retrait du consentement ;<\/li>\n\n\n\n<li>Restreindre un certain traitement ;<\/li>\n\n\n\n<li>S&rsquo;opposer \u00e0 une utilisation particuli\u00e8re.<\/li>\n<\/ul>\n\n\n\n<p>Veuillez noter que vous devez toujours indiquer clairement qui vous \u00eates, afin que nous puissions nous assurer que nous n&rsquo;ajustons pas ou ne supprimons pas les donn\u00e9es de la mauvaise personne.<\/p>\n\n\n\n<p>En principe, nous r\u00e9pondrons \u00e0 votre demande dans un d\u00e9lai d&rsquo;un mois. Toutefois, ce d\u00e9lai peut \u00eatre prolong\u00e9 pour des raisons li\u00e9es aux droits sp\u00e9cifiques des personnes concern\u00e9es ou \u00e0 la complexit\u00e9 de la demande. Si nous prolongeons ce d\u00e9lai, nous vous en informerons en temps utile.  <\/p>\n\n\n\n<p><strong>D\u00e9poser une plainte<\/strong><br>Si vous souhaitez d\u00e9poser une plainte concernant l&rsquo;utilisation de vos donn\u00e9es \u00e0 caract\u00e8re personnel, vous pouvez envoyer un courriel \u00e0 contact@ematrica.com. Nous traiterons chaque plainte en interne et vous en informerons par la suite. <\/p>\n\n\n\n<p>Si vous estimez que nous ne vous aidons pas correctement, vous avez le droit de d\u00e9poser une plainte aupr\u00e8s de l&rsquo;autorit\u00e9 de contr\u00f4le. Il s&rsquo;agit de l&rsquo;autorit\u00e9 n\u00e9erlandaise de protection des donn\u00e9es. <\/p>\n\n\n\n<p><strong>Coordonn\u00e9es de la personne \u00e0 contacter<\/strong><\/p>\n\n\n\n<p><strong>Adresse<\/strong>: GOVIGNETTE LTD, a 128 City Road, Londres, Royaume-Uni, EC1V 2NX<\/p>\n\n\n\n<p>E-Mail : Courriel :&nbsp;contact@ematrica.com<\/p>\n\n\n\n<p>Contact : +44 077 5757 7501<\/p>\n","protected":false},"excerpt":{"rendered":"<p>D\u00e9claration relative \u00e0 la protection de la vie priv\u00e9e et aux cookies 1er novembre 2021 Votre vie priv\u00e9e est d&rsquo;une grande importance pour ematrica.com. C&rsquo;est pourquoi nous nous conformons aux lois et r\u00e8glements pertinents en mati\u00e8re de confidentialit\u00e9, y compris le r\u00e8glement g\u00e9n\u00e9ral sur la protection des donn\u00e9es (ci-apr\u00e8s : GDPR). Cela signifie que nous [&hellip;]<\/p>\n","protected":false},"author":1,"featured_media":0,"parent":0,"menu_order":0,"comment_status":"closed","ping_status":"closed","template":"","meta":{"inline_featured_image":false,"_uag_custom_page_level_css":"","site-sidebar-layout":"default","site-content-layout":"","ast-site-content-layout":"default","site-content-style":"default","site-sidebar-style":"default","ast-global-header-display":"","ast-banner-title-visibility":"","ast-main-header-display":"","ast-hfb-above-header-display":"","ast-hfb-below-header-display":"","ast-hfb-mobile-header-display":"","site-post-title":"","ast-breadcrumbs-content":"","ast-featured-img":"","footer-sml-layout":"","theme-transparent-header-meta":"","adv-header-id-meta":"","stick-header-meta":"","header-above-stick-meta":"","header-main-stick-meta":"","header-below-stick-meta":"","astra-migrate-meta-layouts":"default","ast-page-background-enabled":"default","ast-page-background-meta":{"desktop":{"background-color":"","background-image":"","background-repeat":"repeat","background-position":"center center","background-size":"auto","background-attachment":"scroll","background-type":"","background-media":"","overlay-type":"","overlay-color":"","overlay-opacity":"","overlay-gradient":""},"tablet":{"background-color":"","background-image":"","background-repeat":"repeat","background-position":"center center","background-size":"auto","background-attachment":"scroll","background-type":"","background-media":"","overlay-type":"","overlay-color":"","overlay-opacity":"","overlay-gradient":""},"mobile":{"background-color":"","background-image":"","background-repeat":"repeat","background-position":"center center","background-size":"auto","background-attachment":"scroll","background-type":"","background-media":"","overlay-type":"","overlay-color":"","overlay-opacity":"","overlay-gradient":""}},"ast-content-background-meta":{"desktop":{"background-color":"var(--ast-global-color-5)","background-image":"","background-repeat":"repeat","background-position":"center center","background-size":"auto","background-attachment":"scroll","background-type":"","background-media":"","overlay-type":"","overlay-color":"","overlay-opacity":"","overlay-gradient":""},"tablet":{"background-color":"var(--ast-global-color-5)","background-image":"","background-repeat":"repeat","background-position":"center center","background-size":"auto","background-attachment":"scroll","background-type":"","background-media":"","overlay-type":"","overlay-color":"","overlay-opacity":"","overlay-gradient":""},"mobile":{"background-color":"var(--ast-global-color-5)","background-image":"","background-repeat":"repeat","background-position":"center center","background-size":"auto","background-attachment":"scroll","background-type":"","background-media":"","overlay-type":"","overlay-color":"","overlay-opacity":"","overlay-gradient":""}},"footnotes":""},"categories":[],"tags":[111],"class_list":["post-4281","page","type-page","status-publish","hentry","tag-noindex-fr"],"uagb_featured_image_src":{"full":false,"thumbnail":false,"medium":false,"medium_large":false,"large":false,"1536x1536":false,"2048x2048":false},"uagb_author_info":{"display_name":"admin","author_link":"https:\/\/www.ematrica.com\/fr\/author\/admin\/"},"uagb_comment_info":0,"uagb_excerpt":"D\u00e9claration relative \u00e0 la protection de la vie priv\u00e9e et aux cookies 1er novembre 2021 Votre vie priv\u00e9e est d&rsquo;une grande importance pour ematrica.com. C&rsquo;est pourquoi nous nous conformons aux lois et r\u00e8glements pertinents en mati\u00e8re de confidentialit\u00e9, y compris le r\u00e8glement g\u00e9n\u00e9ral sur la protection des donn\u00e9es (ci-apr\u00e8s : GDPR). Cela signifie que nous\u2026","_links":{"self":[{"href":"https:\/\/www.ematrica.com\/fr\/wp-json\/wp\/v2\/pages\/4281","targetHints":{"allow":["GET","POST","PUT","PATCH","DELETE"]}}],"collection":[{"href":"https:\/\/www.ematrica.com\/fr\/wp-json\/wp\/v2\/pages"}],"about":[{"href":"https:\/\/www.ematrica.com\/fr\/wp-json\/wp\/v2\/types\/page"}],"author":[{"embeddable":true,"href":"https:\/\/www.ematrica.com\/fr\/wp-json\/wp\/v2\/users\/1"}],"replies":[{"embeddable":true,"href":"https:\/\/www.ematrica.com\/fr\/wp-json\/wp\/v2\/comments?post=4281"}],"version-history":[{"count":0,"href":"https:\/\/www.ematrica.com\/fr\/wp-json\/wp\/v2\/pages\/4281\/revisions"}],"wp:attachment":[{"href":"https:\/\/www.ematrica.com\/fr\/wp-json\/wp\/v2\/media?parent=4281"}],"wp:term":[{"taxonomy":"category","embeddable":true,"href":"https:\/\/www.ematrica.com\/fr\/wp-json\/wp\/v2\/categories?post=4281"},{"taxonomy":"post_tag","embeddable":true,"href":"https:\/\/www.ematrica.com\/fr\/wp-json\/wp\/v2\/tags?post=4281"}],"curies":[{"name":"wp","href":"https:\/\/api.w.org\/{rel}","templated":true}]}}