{"id":5005,"date":"2024-10-28T14:52:11","date_gmt":"2024-10-28T13:52:11","guid":{"rendered":"https:\/\/www.ematrica.com\/troncons-de-route-sans-peage\/"},"modified":"2024-10-28T14:52:11","modified_gmt":"2024-10-28T13:52:11","slug":"troncons-de-route-sans-peage","status":"publish","type":"page","link":"https:\/\/www.ematrica.com\/fr\/troncons-de-route-sans-peage\/","title":{"rendered":"Tron\u00e7ons de route sans p\u00e9age"},"content":{"rendered":"\n<div class=\"wp-block-uagb-container uagb-block-25efe059 alignfull uagb-is-root-container\"><div class=\"uagb-container-inner-blocks-wrap\">\n<div class=\"wp-block-uagb-advanced-heading uagb-block-152b2cf8\"><h1 class=\"uagb-heading-text\">Tron\u00e7ons de route sans p\u00e9age<\/h1><\/div>\n<\/div><\/div>\n\n\n\n<div class=\"wp-block-uagb-container uagb-layout-flex uagb-block-a1027da3 alignfull uagb-is-root-container\"><div class=\"uagb-container-inner-blocks-wrap\">\n<div class=\"wp-block-uagb-container uagb-block-717dfbe0\">\n<h3 class=\"wp-block-heading\"><strong>En vertu du d\u00e9cret qui entrera en vigueur le 1er janvier 2024, les tron\u00e7ons routiers suivants pourront \u00eatre utilis\u00e9s sans p\u00e9age :<\/strong><\/h3>\n\n\n\n<ul class=\"wp-block-list\">\n<li>le tron\u00e7on de la voie rapide M4 entre Vecs\u00e9s et l&rsquo;a\u00e9roport international Ferenc Liszt de Budapest,<\/li>\n\n\n\n<li>le tron\u00e7on de contournement sud-ouest de P\u00e9cs de l&rsquo;autoroute M60 entre les routes 58 et 5826,<\/li>\n\n\n\n<li>Autoroute M8,<\/li>\n\n\n\n<li>Speedway M80,<\/li>\n\n\n\n<li>le tron\u00e7on de l&rsquo;autoroute M9 entre les routes principales 6 et 51,<\/li>\n\n\n\n<li>le tron\u00e7on de contournement de Kaposv\u00e1r de la voie rapide M9 (panneau de la route principale 61).<\/li>\n<\/ul>\n\n\n\n<h3 class=\"wp-block-heading\"><strong>Autres liens utiles :<\/strong><\/h3>\n\n\n\n<p>carte d\u00e9taill\u00e9e du r\u00e9seau routier \u00e0 p\u00e9age<\/p>\n<\/div>\n<\/div><\/div>\n","protected":false},"excerpt":{"rendered":"<p>Tron\u00e7ons de route sans p\u00e9age En vertu du d\u00e9cret qui entrera en vigueur le 1er janvier 2024, les tron\u00e7ons routiers suivants pourront \u00eatre utilis\u00e9s sans p\u00e9age : Autres liens utiles : carte d\u00e9taill\u00e9e du r\u00e9seau routier \u00e0 p\u00e9age<\/p>\n","protected":false},"author":2,"featured_media":0,"parent":0,"menu_order":0,"comment_status":"closed","ping_status":"closed","template":"","meta":{"inline_featured_image":false,"_uag_custom_page_level_css":"","site-sidebar-layout":"no-sidebar","site-content-layout":"plain-container","ast-site-content-layout":"full-width-container","site-content-style":"unboxed","site-sidebar-style":"unboxed","ast-global-header-display":"","ast-banner-title-visibility":"","ast-main-header-display":"","ast-hfb-above-header-display":"","ast-hfb-below-header-display":"","ast-hfb-mobile-header-display":"","site-post-title":"disabled","ast-breadcrumbs-content":"","ast-featured-img":"disabled","footer-sml-layout":"","theme-transparent-header-meta":"enabled","adv-header-id-meta":"","stick-header-meta":"","header-above-stick-meta":"","header-main-stick-meta":"","header-below-stick-meta":"","astra-migrate-meta-layouts":"default","ast-page-background-enabled":"default","ast-page-background-meta":{"desktop":{"background-color":"","background-image":"","background-repeat":"repeat","background-position":"center center","background-size":"auto","background-attachment":"scroll","background-type":"","background-media":"","overlay-type":"","overlay-color":"","overlay-opacity":"","overlay-gradient":""},"tablet":{"background-color":"","background-image":"","background-repeat":"repeat","background-position":"center center","background-size":"auto","background-attachment":"scroll","background-type":"","background-media":"","overlay-type":"","overlay-color":"","overlay-opacity":"","overlay-gradient":""},"mobile":{"background-color":"","background-image":"","background-repeat":"repeat","background-position":"center center","background-size":"auto","background-attachment":"scroll","background-type":"","background-media":"","overlay-type":"","overlay-color":"","overlay-opacity":"","overlay-gradient":""}},"ast-content-background-meta":{"desktop":{"background-color":"var(--ast-global-color-5)","background-image":"","background-repeat":"repeat","background-position":"center center","background-size":"auto","background-attachment":"scroll","background-type":"","background-media":"","overlay-type":"","overlay-color":"","overlay-opacity":"","overlay-gradient":""},"tablet":{"background-color":"var(--ast-global-color-5)","background-image":"","background-repeat":"repeat","background-position":"center center","background-size":"auto","background-attachment":"scroll","background-type":"","background-media":"","overlay-type":"","overlay-color":"","overlay-opacity":"","overlay-gradient":""},"mobile":{"background-color":"var(--ast-global-color-5)","background-image":"","background-repeat":"repeat","background-position":"center center","background-size":"auto","background-attachment":"scroll","background-type":"","background-media":"","overlay-type":"","overlay-color":"","overlay-opacity":"","overlay-gradient":""}},"footnotes":""},"categories":[],"tags":[],"class_list":["post-5005","page","type-page","status-publish","hentry"],"uagb_featured_image_src":{"full":false,"thumbnail":false,"medium":false,"medium_large":false,"large":false,"1536x1536":false,"2048x2048":false},"uagb_author_info":{"display_name":"shubham","author_link":"https:\/\/www.ematrica.com\/fr\/author\/shubham\/"},"uagb_comment_info":0,"uagb_excerpt":"Tron\u00e7ons de route sans p\u00e9age En vertu du d\u00e9cret qui entrera en vigueur le 1er janvier 2024, les tron\u00e7ons routiers suivants pourront \u00eatre utilis\u00e9s sans p\u00e9age : Autres liens utiles : carte d\u00e9taill\u00e9e du r\u00e9seau routier \u00e0 p\u00e9age","_links":{"self":[{"href":"https:\/\/www.ematrica.com\/fr\/wp-json\/wp\/v2\/pages\/5005","targetHints":{"allow":["GET","POST","PUT","PATCH","DELETE"]}}],"collection":[{"href":"https:\/\/www.ematrica.com\/fr\/wp-json\/wp\/v2\/pages"}],"about":[{"href":"https:\/\/www.ematrica.com\/fr\/wp-json\/wp\/v2\/types\/page"}],"author":[{"embeddable":true,"href":"https:\/\/www.ematrica.com\/fr\/wp-json\/wp\/v2\/users\/2"}],"replies":[{"embeddable":true,"href":"https:\/\/www.ematrica.com\/fr\/wp-json\/wp\/v2\/comments?post=5005"}],"version-history":[{"count":0,"href":"https:\/\/www.ematrica.com\/fr\/wp-json\/wp\/v2\/pages\/5005\/revisions"}],"wp:attachment":[{"href":"https:\/\/www.ematrica.com\/fr\/wp-json\/wp\/v2\/media?parent=5005"}],"wp:term":[{"taxonomy":"category","embeddable":true,"href":"https:\/\/www.ematrica.com\/fr\/wp-json\/wp\/v2\/categories?post=5005"},{"taxonomy":"post_tag","embeddable":true,"href":"https:\/\/www.ematrica.com\/fr\/wp-json\/wp\/v2\/tags?post=5005"}],"curies":[{"name":"wp","href":"https:\/\/api.w.org\/{rel}","templated":true}]}}