{"id":5034,"date":"2024-10-28T14:20:00","date_gmt":"2024-10-28T13:20:00","guid":{"rendered":"https:\/\/www.ematrica.com\/cartes\/"},"modified":"2024-10-28T14:20:00","modified_gmt":"2024-10-28T13:20:00","slug":"cartes","status":"publish","type":"page","link":"https:\/\/www.ematrica.com\/fr\/cartes\/","title":{"rendered":"Cartes"},"content":{"rendered":"\n<div class=\"wp-block-uagb-container uagb-block-25efe059 alignfull uagb-is-root-container\"><div class=\"uagb-container-inner-blocks-wrap\">\n<div class=\"wp-block-uagb-advanced-heading uagb-block-152b2cf8\"><h1 class=\"uagb-heading-text\">Cartes<\/h1><\/div>\n<\/div><\/div>\n\n\n\n<div class=\"wp-block-uagb-container uagb-layout-flex uagb-block-a1027da3 alignfull uagb-is-root-container\"><div class=\"uagb-container-inner-blocks-wrap\">\n<div class=\"wp-block-uagb-container uagb-block-52c1a9ca\">\n<p>Les cartes sont fournies \u00e0 titre d&rsquo;information uniquement. La liste exacte des sections \u00e0 p\u00e9age est fix\u00e9e dans les d\u00e9crets suivants : <\/p>\n\n\n\n<ul class=\"wp-block-list\">\n<li>E-vignette :&nbsp;D\u00e9cret 45\/2020 (XI. 28.) ITM du ministre de l&rsquo;innovation et de la technologie<\/li>\n\n\n\n<li>E-toll :&nbsp;D\u00e9cret 25\/2013 (V.&nbsp;31.) NFM du ministre du d\u00e9veloppement national<\/li>\n<\/ul>\n\n\n\n<p>Les cartes disponibles sur les sites Internet nemzetiutdij.hu et toll-charge.hu montrant le r\u00e9seau routier \u00e0 p\u00e9age sont la propri\u00e9t\u00e9 intellectuelle de National Toll Payment Services Plc. et leur utilisation n\u00e9cessite donc l&rsquo;accord pr\u00e9alable de notre soci\u00e9t\u00e9.<\/p>\n\n\n\n<hr class=\"wp-block-separator has-alpha-channel-opacity\">\n\n\n\n<h3 class=\"wp-block-heading\">Carte du pays de la vignette \u00e9lectronique<\/h3>\n\n\n\n<h4 class=\"wp-block-heading\">Valable \u00e0 partir du 1er janvier 2024.<\/h4>\n\n\n\n<p>Cliquez sur l&rsquo;image pour t\u00e9l\u00e9charger la carte en taille r\u00e9elle.<\/p>\n\n\n\n<div class=\"wp-block-uagb-image uagb-block-358e27ee wp-block-uagb-image--layout-default wp-block-uagb-image--effect-static wp-block-uagb-image--align-none\"><figure class=\"wp-block-uagb-image__figure\"><img decoding=\"async\" srcset=\"https:\/\/www.ematrica.com\/wp-content\/uploads\/2024\/10\/map.jpg ,https:\/\/www.ematrica.com\/wp-content\/uploads\/2024\/10\/map.jpg 780w, https:\/\/www.ematrica.com\/wp-content\/uploads\/2024\/10\/map.jpg 360w\" sizes=\"auto, (max-width: 480px) 150px\" src=\"https:\/\/www.ematrica.com\/wp-content\/uploads\/2024\/10\/map.jpg\" alt=\"\" class=\"uag-image-4208\" width=\"1024\" height=\"576\" title=\"NUSZ_HD_terkep_A0_20240801\" loading=\"lazy\" role=\"img\"><\/figure><\/div>\n\n\n\n<h3 class=\"wp-block-heading\">Cartes r\u00e9gionales des e-vignettes<\/h3>\n\n\n\n<h4 class=\"wp-block-heading\">Valable \u00e0 partir du 1er janvier 2024.<\/h4>\n\n\n\n<p>Le champ de validit\u00e9 des vignettes \u00e9lectroniques r\u00e9gionales s&rsquo;\u00e9tend au-del\u00e0 des limites administratives du d\u00e9partement, jusqu&rsquo;\u00e0 la premi\u00e8re jonction au-del\u00e0 de la fronti\u00e8re du d\u00e9partement. La validit\u00e9 territoriale des vignettes r\u00e9gionales par num\u00e9ro de carrefour et par num\u00e9ro de tron\u00e7on routier est indiqu\u00e9e \u00e0 l&rsquo;annexe 1 du&nbsp;D\u00e9cret 45\/2020 (XI. 28.) ITM du ministre de l&rsquo;innovation et de la technologie. <\/p>\n\n\n\n<p>Les cartes r\u00e9gionales des e-vignettes valables \u00e0 partir du 1er janvier 2024 peuvent \u00eatre consult\u00e9es en cliquant sur le nom du d\u00e9partement.<\/p>\n\n\n\n<p>Comt\u00e9 de Baranya<\/p>\n\n\n\n<p>Comt\u00e9 de B\u00e1cs-Kiskun<\/p>\n\n\n\n<p>Comt\u00e9 de B\u00e9k\u00e9s<\/p>\n\n\n\n<p>Comt\u00e9 de Borsod-Aba\u00faj-Zempl\u00e9n<\/p>\n\n\n\n<p>Comt\u00e9 de Csongr\u00e1d-Csan\u00e1d<\/p>\n\n\n\n<p>D\u00e9partement de Fej\u00e9r<\/p>\n\n\n\n<p>Comt\u00e9 de Gy\u0151r-Moson-Sopron<\/p>\n\n\n\n<p>Comt\u00e9 de Hajd\u00fa-Bihar<\/p>\n\n\n\n<p>Comt\u00e9 de Heves<\/p>\n\n\n\n<p>Comt\u00e9 de J\u00e1sz-Nagykun-Szolnok<\/p>\n\n\n\n<p>Comt\u00e9 de Kom\u00e1rom-Esztergom<\/p>\n\n\n\n<p>Comt\u00e9 des nuisibles<\/p>\n\n\n\n<p>Comt\u00e9 de Somogy<\/p>\n\n\n\n<p>Comt\u00e9 de Szabolcs-Szatm\u00e1r-Bereg<\/p>\n\n\n\n<p>Comt\u00e9 de Tolna<\/p>\n\n\n\n<p>Comt\u00e9 de Vas<\/p>\n\n\n\n<p>D\u00e9partement de Veszpr\u00e9m<\/p>\n\n\n\n<p>Comt\u00e9 de Zala<\/p>\n\n\n\n<hr class=\"wp-block-separator has-alpha-channel-opacity\">\n\n\n\n<h3 class=\"wp-block-heading\">Syst\u00e8me de p\u00e9age \u00e9lectronique pour les v\u00e9hicules de plus de 3,5 tonnes de poids brut maximal autoris\u00e9&nbsp;<\/h3>\n\n\n\n<h4 class=\"wp-block-heading\">Valable \u00e0 partir du 1er septembre 2024.<\/h4>\n\n\n\n<p>Cliquez sur l&rsquo;image pour t\u00e9l\u00e9charger la carte en taille r\u00e9elle.<\/p>\n\n\n\n<div class=\"wp-block-uagb-image uagb-block-0a956f8e wp-block-uagb-image--layout-default wp-block-uagb-image--effect-static wp-block-uagb-image--align-none\"><figure class=\"wp-block-uagb-image__figure\"><img decoding=\"async\" srcset=\"https:\/\/www.ematrica.com\/wp-content\/uploads\/2024\/10\/map2.jpg ,https:\/\/www.ematrica.com\/wp-content\/uploads\/2024\/10\/map2.jpg 780w, https:\/\/www.ematrica.com\/wp-content\/uploads\/2024\/10\/map2.jpg 360w\" sizes=\"auto, (max-width: 480px) 150px\" src=\"https:\/\/www.ematrica.com\/wp-content\/uploads\/2024\/10\/map2.jpg\" alt=\"\" class=\"uag-image-4214\" width=\"1024\" height=\"576\" title=\"carte2\" loading=\"lazy\" role=\"img\"><\/figure><\/div>\n<\/div>\n<\/div><\/div>\n","protected":false},"excerpt":{"rendered":"<p>Cartes Les cartes sont fournies \u00e0 titre d&rsquo;information uniquement. La liste exacte des sections \u00e0 p\u00e9age est fix\u00e9e dans les d\u00e9crets suivants : Les cartes disponibles sur les sites Internet nemzetiutdij.hu et toll-charge.hu montrant le r\u00e9seau routier \u00e0 p\u00e9age sont la propri\u00e9t\u00e9 intellectuelle de National Toll Payment Services Plc. et leur utilisation n\u00e9cessite donc l&rsquo;accord [&hellip;]<\/p>\n","protected":false},"author":2,"featured_media":0,"parent":0,"menu_order":0,"comment_status":"closed","ping_status":"closed","template":"","meta":{"inline_featured_image":false,"_uag_custom_page_level_css":"","site-sidebar-layout":"no-sidebar","site-content-layout":"plain-container","ast-site-content-layout":"full-width-container","site-content-style":"unboxed","site-sidebar-style":"unboxed","ast-global-header-display":"","ast-banner-title-visibility":"","ast-main-header-display":"","ast-hfb-above-header-display":"","ast-hfb-below-header-display":"","ast-hfb-mobile-header-display":"","site-post-title":"disabled","ast-breadcrumbs-content":"","ast-featured-img":"disabled","footer-sml-layout":"","theme-transparent-header-meta":"enabled","adv-header-id-meta":"","stick-header-meta":"","header-above-stick-meta":"","header-main-stick-meta":"","header-below-stick-meta":"","astra-migrate-meta-layouts":"default","ast-page-background-enabled":"default","ast-page-background-meta":{"desktop":{"background-color":"","background-image":"","background-repeat":"repeat","background-position":"center center","background-size":"auto","background-attachment":"scroll","background-type":"","background-media":"","overlay-type":"","overlay-color":"","overlay-opacity":"","overlay-gradient":""},"tablet":{"background-color":"","background-image":"","background-repeat":"repeat","background-position":"center center","background-size":"auto","background-attachment":"scroll","background-type":"","background-media":"","overlay-type":"","overlay-color":"","overlay-opacity":"","overlay-gradient":""},"mobile":{"background-color":"","background-image":"","background-repeat":"repeat","background-position":"center center","background-size":"auto","background-attachment":"scroll","background-type":"","background-media":"","overlay-type":"","overlay-color":"","overlay-opacity":"","overlay-gradient":""}},"ast-content-background-meta":{"desktop":{"background-color":"var(--ast-global-color-5)","background-image":"","background-repeat":"repeat","background-position":"center center","background-size":"auto","background-attachment":"scroll","background-type":"","background-media":"","overlay-type":"","overlay-color":"","overlay-opacity":"","overlay-gradient":""},"tablet":{"background-color":"var(--ast-global-color-5)","background-image":"","background-repeat":"repeat","background-position":"center center","background-size":"auto","background-attachment":"scroll","background-type":"","background-media":"","overlay-type":"","overlay-color":"","overlay-opacity":"","overlay-gradient":""},"mobile":{"background-color":"var(--ast-global-color-5)","background-image":"","background-repeat":"repeat","background-position":"center center","background-size":"auto","background-attachment":"scroll","background-type":"","background-media":"","overlay-type":"","overlay-color":"","overlay-opacity":"","overlay-gradient":""}},"footnotes":""},"categories":[],"tags":[],"class_list":["post-5034","page","type-page","status-publish","hentry"],"uagb_featured_image_src":{"full":false,"thumbnail":false,"medium":false,"medium_large":false,"large":false,"1536x1536":false,"2048x2048":false},"uagb_author_info":{"display_name":"shubham","author_link":"https:\/\/www.ematrica.com\/fr\/author\/shubham\/"},"uagb_comment_info":0,"uagb_excerpt":"Cartes Les cartes sont fournies \u00e0 titre d&rsquo;information uniquement. La liste exacte des sections \u00e0 p\u00e9age est fix\u00e9e dans les d\u00e9crets suivants : Les cartes disponibles sur les sites Internet nemzetiutdij.hu et toll-charge.hu montrant le r\u00e9seau routier \u00e0 p\u00e9age sont la propri\u00e9t\u00e9 intellectuelle de National Toll Payment Services Plc. et leur utilisation n\u00e9cessite donc l&rsquo;accord\u2026","_links":{"self":[{"href":"https:\/\/www.ematrica.com\/fr\/wp-json\/wp\/v2\/pages\/5034","targetHints":{"allow":["GET","POST","PUT","PATCH","DELETE"]}}],"collection":[{"href":"https:\/\/www.ematrica.com\/fr\/wp-json\/wp\/v2\/pages"}],"about":[{"href":"https:\/\/www.ematrica.com\/fr\/wp-json\/wp\/v2\/types\/page"}],"author":[{"embeddable":true,"href":"https:\/\/www.ematrica.com\/fr\/wp-json\/wp\/v2\/users\/2"}],"replies":[{"embeddable":true,"href":"https:\/\/www.ematrica.com\/fr\/wp-json\/wp\/v2\/comments?post=5034"}],"version-history":[{"count":0,"href":"https:\/\/www.ematrica.com\/fr\/wp-json\/wp\/v2\/pages\/5034\/revisions"}],"wp:attachment":[{"href":"https:\/\/www.ematrica.com\/fr\/wp-json\/wp\/v2\/media?parent=5034"}],"wp:term":[{"taxonomy":"category","embeddable":true,"href":"https:\/\/www.ematrica.com\/fr\/wp-json\/wp\/v2\/categories?post=5034"},{"taxonomy":"post_tag","embeddable":true,"href":"https:\/\/www.ematrica.com\/fr\/wp-json\/wp\/v2\/tags?post=5034"}],"curies":[{"name":"wp","href":"https:\/\/api.w.org\/{rel}","templated":true}]}}