{"id":4274,"date":"2024-09-27T07:37:25","date_gmt":"2024-09-27T05:37:25","guid":{"rendered":"https:\/\/www.ematrica.com\/politika-privatnosti\/"},"modified":"2024-09-27T07:37:25","modified_gmt":"2024-09-27T05:37:25","slug":"politika-privatnosti","status":"publish","type":"page","link":"https:\/\/www.ematrica.com\/hr\/politika-privatnosti\/","title":{"rendered":"Politika privatnosti"},"content":{"rendered":"\n<p><strong>Izjava o privatnosti i kola\u010di\u0107ima  <\/strong><\/p>\n\n\n\n<p>1. studenog 2021<\/p>\n\n\n\n<p>Va\u0161a privatnost je od velike va\u017enosti za ematrica.com. Stoga se pridr\u017eavamo relevantnih zakona i propisa o privatnosti, uklju\u010duju\u0107i Op\u0107u uredbu o za\u0161titi podataka (u daljnjem tekstu: GDPR). To zna\u010di da mi:  <\/p>\n\n\n\n<p>\u00b7 &nbsp;&nbsp;&nbsp;&nbsp;&nbsp;&nbsp; <strong>Jasno izrazite na\u0161e svrhe<\/strong>&nbsp; prije nego \u0161to obradimo va\u0161e osobne podatke, putem ove izjave o privatnosti;<\/p>\n\n\n\n<p>\u00b7 &nbsp;&nbsp;&nbsp;&nbsp;&nbsp;&nbsp; <strong>\u010cuvajte \u0161to manje osobnih podataka<\/strong>&nbsp; i samo oni podaci koji su potrebni za na\u0161e potrebe;<\/p>\n\n\n\n<p>\u00b7 &nbsp;&nbsp;&nbsp;&nbsp;&nbsp;&nbsp; <strong>Izri\u010dito zatra\u017eite pristanak<\/strong>&nbsp; za obradu Va\u0161ih osobnih podataka, ako je privola potrebna;<\/p>\n\n\n\n<p>\u00b7&nbsp;&nbsp;&nbsp;&nbsp;&nbsp;&nbsp;<strong>Poduzmite potrebne sigurnosne mjere<\/strong>&nbsp; radi za\u0161tite Va\u0161ih osobnih podataka. Ove obveze tako\u0111er name\u0107emo stranama koje za nas obra\u0111uju osobne podatke; <\/p>\n\n\n\n<p>\u00b7 &nbsp;&nbsp;&nbsp;&nbsp;&nbsp;&nbsp; <strong>Po\u0161tujte svoja prava<\/strong>&nbsp; , kao \u0161to je pravo na pristup, ispravak ili brisanje va\u0161ih osobnih podataka koje obra\u0111ujemo.<\/p>\n\n\n\n<p>Va\u0161i su podaci kod nas sigurni i uvijek \u0107emo ih pravilno koristiti. U ovoj izjavi o privatnosti obja\u0161njavamo \u0161to mi u webshopu ematrica.com radimo s informacijama koje saznamo o vama. <\/p>\n\n\n\n<p>Ako imate bilo kakvih pitanja ili \u017eelite znati koje to\u010dno podatke \u010duvamo o vama, kontaktirajte ematrica.com.<\/p>\n\n\n\n<p><strong>Obrada narud\u017ebi<\/strong><br> Kada naru\u010dite kod nas, koristimo se va\u0161im osobnim podacima kako bismo ih ispravno obradili. Tada mo\u017eemo dati va\u0161e osobne podatke na\u0161oj dostavnoj slu\u017ebi kako bi vam narud\u017eba bila isporu\u010dena. Tako\u0111er primamo informacije o va\u0161em pla\u0107anju od va\u0161e banke ili karti\u010darske ku\u0107e. Za ovo koristimo va\u0161e:   <\/p>\n\n\n\n<ul class=\"wp-block-list\">\n<li>Podaci o imenu i adresi<\/li>\n\n\n\n<li>E-mail adresa<\/li>\n\n\n\n<li>Podaci o pla\u0107anju<\/li>\n\n\n\n<li>IP adresa<\/li>\n\n\n\n<li>Podaci o putovnici (datum ro\u0111enja, spol, fotografija, broj putovnice itd.)<\/li>\n<\/ul>\n\n\n\n<p>To nam je potrebno zbog ugovora koji sklapamo s vama. Ove podatke \u010duvamo dok va\u0161a narud\u017eba nije dovr\u0161ena. Odre\u0111ene podatke o klijentima pohranjujemo dulje u vezi sa zakonskom obvezom fiskalnog \u010duvanja.  <\/p>\n\n\n\n<p><em>Pru\u017eanje tre\u0107im stranama<\/em><br> Sura\u0111ujemo s odre\u0111enim tvrtkama koje od nas mogu dobiti va\u0161e gore navedene osobne podatke.<\/p>\n\n\n\n<p>Za obradu narud\u017ebi sura\u0111ujemo s:<\/p>\n\n\n\n<ul class=\"wp-block-list\">\n<li>Na\u0161i pru\u017eatelji usluga pla\u0107anja Mollie i Multisafepay<\/li>\n\n\n\n<li>Vlada ili ministarstvo vanjskih poslova zemlje za koju podnosite zahtjev za vizu<\/li>\n<\/ul>\n\n\n\n<p><strong>Kontakt obrazac<\/strong><br> Mo\u017eete koristiti obrazac za kontakt kako biste nam postavili pitanja ili uputili zahtjeve. Za ovo koristimo va\u0161e: <\/p>\n\n\n\n<ul class=\"wp-block-list\">\n<li>E-mail adresa<\/li>\n<\/ul>\n\n\n\n<p>To radimo na temelju va\u0161eg pristanka. Ove podatke \u010duvamo dok ne budemo sigurni da ste zadovoljni na\u0161im odgovorom. <\/p>\n\n\n\n<p><strong>Oglasi<\/strong><br> Na\u0161 webshop prikazuje reklame. Ne objavljujemo ih sami, nego to rade reklamne agencije s kojima sura\u0111ujemo. Te agencije prate jesu li vam oglasi zanimljivi i koriste te informacije kako bi vam ubudu\u0107e prikazivale samo zabavne ili zanimljive oglase i ponude.  <\/p>\n\n\n\n<p><strong>Pru\u017eanje usluga drugim tvrtkama ili ustanovama<\/strong><br> S iznimkom stranaka koje su potrebne za pru\u017eanje gore navedenih usluga, va\u0161e osobne podatke ne\u0107emo dati drugim tvrtkama ili institucijama ni pod kojim okolnostima, osim ako to nismo zakonski obvezni u\u010diniti (primjerice, ako policija to zahtijeva u doga\u0111aj sumnje na kazneno djelo).&nbsp;<\/p>\n\n\n\n<p><strong>Statistika<\/strong><br> Vodimo statistiku kori\u0161tenja na\u0161eg web shopa, ali ti su podaci uvijek anonimizirani.&nbsp;<\/p>\n\n\n\n<p><strong>Kola\u010di\u0107i<\/strong><br> Na\u0161 webshop koristi kola\u010di\u0107e. Kola\u010di\u0107i su male datoteke u koje mo\u017eemo pohraniti podatke, tako da ih ne morate ponovno ispunjavati. Ali tako\u0111er vidimo da nas opet posje\u0107ujete.  <\/p>\n\n\n\n<p>Mo\u017eete onemogu\u0107iti postavljanje kola\u010di\u0107a putem Va\u0161eg preglednika, ali neki dijelovi na\u0161eg webshopa tada vi\u0161e ne\u0107e ispravno raditi.<\/p>\n\n\n\n<p>Sklopili smo ugovore s drugim tvrtkama koje postavljaju kola\u010di\u0107e o kori\u0161tenju kola\u010di\u0107a. Me\u0111utim, nemamo potpunu kontrolu nad onim \u0161to rade sa samim kola\u010di\u0107ima. Stoga tako\u0111er pro\u010ditajte njihove izjave o privatnosti.  <\/p>\n\n\n\n<p><strong>Sigurnost<\/strong><br> Sigurnost osobnih podataka nam je od velike va\u017enosti. Osiguravamo da su va\u0161i podaci kod nas dobro za\u0161ti\u0107eni. Stalno prilago\u0111avamo sigurnost i pa\u017eljivo pratimo \u0161to mo\u017ee po\u0107i po zlu.  <\/p>\n\n\n\n<p><strong>Promjene ove izjave o privatnosti<\/strong><br> Kada se promijeni na\u0161 webshop, moramo naravno prilagoditi i izjavu o privatnosti. Stoga uvijek obratite pa\u017enju na gornji datum i redovito provjeravajte nove verzije. Dat \u0107emo sve od sebe da vam prenesemo promjene.  <\/p>\n\n\n\n<p><strong>Va\u0161a prava<\/strong><br> Ako imate pitanja ili \u017eelite znati koje osobne podatke imamo o vama, uvijek nas mo\u017eete kontaktirati. Pogledajte kontakt podatke ispod. <\/p>\n\n\n\n<p>Imate sljede\u0107a prava:<\/p>\n\n\n\n<ul class=\"wp-block-list\">\n<li>Dobiti obja\u0161njenje koje osobne podatke imamo i \u0161to s njima radimo;<\/li>\n\n\n\n<li>Pristup preciznim osobnim podacima koje imamo;<\/li>\n\n\n\n<li>Ispravljanje gre\u0161aka;<\/li>\n\n\n\n<li>Uklanjanje zastarjelih osobnih podataka;<\/li>\n\n\n\n<li>Prijenos osobnih podataka drugoj strani;<\/li>\n\n\n\n<li>Povla\u010denje privole;<\/li>\n\n\n\n<li>Ograni\u010diti odre\u0111enu obradu;<\/li>\n\n\n\n<li>Usprotiviti se odre\u0111enoj uporabi.<\/li>\n<\/ul>\n\n\n\n<p>Imajte na umu da uvijek trebate jasno nazna\u010diti tko ste, kako bismo bili sigurni da ne prilago\u0111avamo ili bri\u0161emo podatke pogre\u0161ne osobe.<\/p>\n\n\n\n<p>Na\u010delno \u0107emo udovoljiti va\u0161em zahtjevu u roku od mjesec dana. Me\u0111utim, ovo se razdoblje mo\u017ee produ\u017eiti iz razloga povezanih s posebnim pravima ispitanika ili slo\u017eeno\u0161\u0107u zahtjeva. Ukoliko produ\u017eimo ovaj rok, pravovremeno \u0107emo Vas obavijestiti.  <\/p>\n\n\n\n<p><strong>Podno\u0161enje prigovora<\/strong><br> Ako \u017eelite podnijeti pritu\u017ebu na kori\u0161tenje Va\u0161ih osobnih podataka, mo\u017eete poslati e-mail na contact@ematrica.com. Interno \u0107emo obraditi svaku \u017ealbu i o tome dalje komunicirati s vama. <\/p>\n\n\n\n<p>Ukoliko smatrate da Vam ne poma\u017eemo na pravi na\u010din, imate pravo podnijeti pritu\u017ebu nadzornom tijelu. To se zove nizozemsko tijelo za za\u0161titu podataka. <\/p>\n\n\n\n<p><strong>Kontakt podaci<\/strong><\/p>\n\n\n\n<p><strong>Adresa<\/strong> : GOVIGNETTE LTD, 128 City Road, London, Ujedinjeno Kraljevstvo, EC1V 2NX<\/p>\n\n\n\n<p>E-mail: Email:&nbsp; contact@ematrica.com<\/p>\n\n\n\n<p>Kontakt : +44 077 5757 7501<\/p>\n","protected":false},"excerpt":{"rendered":"<p>Izjava o privatnosti i kola\u010di\u0107ima 1. studenog 2021 Va\u0161a privatnost je od velike va\u017enosti za ematrica.com. Stoga se pridr\u017eavamo relevantnih zakona i propisa o privatnosti, uklju\u010duju\u0107i Op\u0107u uredbu o za\u0161titi podataka (u daljnjem tekstu: GDPR). To zna\u010di da mi: \u00b7 &nbsp;&nbsp;&nbsp;&nbsp;&nbsp;&nbsp; Jasno izrazite na\u0161e svrhe&nbsp; prije nego \u0161to obradimo va\u0161e osobne podatke, putem ove izjave [&hellip;]<\/p>\n","protected":false},"author":1,"featured_media":0,"parent":0,"menu_order":0,"comment_status":"closed","ping_status":"closed","template":"","meta":{"inline_featured_image":false,"_uag_custom_page_level_css":"","site-sidebar-layout":"default","site-content-layout":"","ast-site-content-layout":"default","site-content-style":"default","site-sidebar-style":"default","ast-global-header-display":"","ast-banner-title-visibility":"","ast-main-header-display":"","ast-hfb-above-header-display":"","ast-hfb-below-header-display":"","ast-hfb-mobile-header-display":"","site-post-title":"","ast-breadcrumbs-content":"","ast-featured-img":"","footer-sml-layout":"","theme-transparent-header-meta":"","adv-header-id-meta":"","stick-header-meta":"","header-above-stick-meta":"","header-main-stick-meta":"","header-below-stick-meta":"","astra-migrate-meta-layouts":"default","ast-page-background-enabled":"default","ast-page-background-meta":{"desktop":{"background-color":"","background-image":"","background-repeat":"repeat","background-position":"center center","background-size":"auto","background-attachment":"scroll","background-type":"","background-media":"","overlay-type":"","overlay-color":"","overlay-opacity":"","overlay-gradient":""},"tablet":{"background-color":"","background-image":"","background-repeat":"repeat","background-position":"center center","background-size":"auto","background-attachment":"scroll","background-type":"","background-media":"","overlay-type":"","overlay-color":"","overlay-opacity":"","overlay-gradient":""},"mobile":{"background-color":"","background-image":"","background-repeat":"repeat","background-position":"center center","background-size":"auto","background-attachment":"scroll","background-type":"","background-media":"","overlay-type":"","overlay-color":"","overlay-opacity":"","overlay-gradient":""}},"ast-content-background-meta":{"desktop":{"background-color":"var(--ast-global-color-5)","background-image":"","background-repeat":"repeat","background-position":"center center","background-size":"auto","background-attachment":"scroll","background-type":"","background-media":"","overlay-type":"","overlay-color":"","overlay-opacity":"","overlay-gradient":""},"tablet":{"background-color":"var(--ast-global-color-5)","background-image":"","background-repeat":"repeat","background-position":"center center","background-size":"auto","background-attachment":"scroll","background-type":"","background-media":"","overlay-type":"","overlay-color":"","overlay-opacity":"","overlay-gradient":""},"mobile":{"background-color":"var(--ast-global-color-5)","background-image":"","background-repeat":"repeat","background-position":"center center","background-size":"auto","background-attachment":"scroll","background-type":"","background-media":"","overlay-type":"","overlay-color":"","overlay-opacity":"","overlay-gradient":""}},"footnotes":""},"categories":[],"tags":[104],"class_list":["post-4274","page","type-page","status-publish","hentry","tag-noindex-hr"],"uagb_featured_image_src":{"full":false,"thumbnail":false,"medium":false,"medium_large":false,"large":false,"1536x1536":false,"2048x2048":false},"uagb_author_info":{"display_name":"admin","author_link":"https:\/\/www.ematrica.com\/hr\/author\/admin\/"},"uagb_comment_info":0,"uagb_excerpt":"Izjava o privatnosti i kola\u010di\u0107ima 1. studenog 2021 Va\u0161a privatnost je od velike va\u017enosti za ematrica.com. Stoga se pridr\u017eavamo relevantnih zakona i propisa o privatnosti, uklju\u010duju\u0107i Op\u0107u uredbu o za\u0161titi podataka (u daljnjem tekstu: GDPR). To zna\u010di da mi: \u00b7 &nbsp;&nbsp;&nbsp;&nbsp;&nbsp;&nbsp; Jasno izrazite na\u0161e svrhe&nbsp; prije nego \u0161to obradimo va\u0161e osobne podatke, putem ove izjave&hellip;","_links":{"self":[{"href":"https:\/\/www.ematrica.com\/hr\/wp-json\/wp\/v2\/pages\/4274","targetHints":{"allow":["GET","POST","PUT","PATCH","DELETE"]}}],"collection":[{"href":"https:\/\/www.ematrica.com\/hr\/wp-json\/wp\/v2\/pages"}],"about":[{"href":"https:\/\/www.ematrica.com\/hr\/wp-json\/wp\/v2\/types\/page"}],"author":[{"embeddable":true,"href":"https:\/\/www.ematrica.com\/hr\/wp-json\/wp\/v2\/users\/1"}],"replies":[{"embeddable":true,"href":"https:\/\/www.ematrica.com\/hr\/wp-json\/wp\/v2\/comments?post=4274"}],"version-history":[{"count":0,"href":"https:\/\/www.ematrica.com\/hr\/wp-json\/wp\/v2\/pages\/4274\/revisions"}],"wp:attachment":[{"href":"https:\/\/www.ematrica.com\/hr\/wp-json\/wp\/v2\/media?parent=4274"}],"wp:term":[{"taxonomy":"category","embeddable":true,"href":"https:\/\/www.ematrica.com\/hr\/wp-json\/wp\/v2\/categories?post=4274"},{"taxonomy":"post_tag","embeddable":true,"href":"https:\/\/www.ematrica.com\/hr\/wp-json\/wp\/v2\/tags?post=4274"}],"curies":[{"name":"wp","href":"https:\/\/api.w.org\/{rel}","templated":true}]}}