{"id":5031,"date":"2024-10-28T14:20:00","date_gmt":"2024-10-28T13:20:00","guid":{"rendered":"https:\/\/www.ematrica.com\/karte\/"},"modified":"2024-10-28T14:20:00","modified_gmt":"2024-10-28T13:20:00","slug":"karte","status":"publish","type":"page","link":"https:\/\/www.ematrica.com\/hr\/karte\/","title":{"rendered":"Karte"},"content":{"rendered":"\n<div class=\"wp-block-uagb-container uagb-block-25efe059 alignfull uagb-is-root-container\"><div class=\"uagb-container-inner-blocks-wrap\">\n<div class=\"wp-block-uagb-advanced-heading uagb-block-152b2cf8\"><h1 class=\"uagb-heading-text\">Karte<\/h1><\/div>\n<\/div><\/div>\n\n\n\n<div class=\"wp-block-uagb-container uagb-layout-flex uagb-block-a1027da3 alignfull uagb-is-root-container\"><div class=\"uagb-container-inner-blocks-wrap\">\n<div class=\"wp-block-uagb-container uagb-block-52c1a9ca\">\n<p>Karte su samo u informativne svrhe. To\u010dan popis naplatnih dionica utvr\u0111en je sljede\u0107im uredbama: <\/p>\n\n\n\n<ul class=\"wp-block-list\">\n<li>E-vinjeta:&nbsp; Uredba 45\/2020 (XI. 28.) ITM ministra za inovacije i tehnologiju<\/li>\n\n\n\n<li>E-cestarina:&nbsp; Uredba 25\/2013 (V.&nbsp; 31.) NFM ministra narodnog razvitka<\/li>\n<\/ul>\n\n\n\n<p>\u00a9 Karte dostupne na web stranicama nemzetiutdij.hu i toll-charge.hu koje prikazuju mre\u017eu cesta s naplatom cestarine intelektualno su vlasni\u0161tvo tvrtke National Toll Payment Services Plc., stoga je za njihovu daljnju upotrebu potrebna prethodna suglasnost na\u0161e tvrtke.<\/p>\n\n\n\n<hr class=\"wp-block-separator has-alpha-channel-opacity\">\n\n\n\n<h3 class=\"wp-block-heading\">E-vinjeta karta zemlje<\/h3>\n\n\n\n<h4 class=\"wp-block-heading\">Vrijedi od 1. sije\u010dnja 2024.<\/h4>\n\n\n\n<p>Kliknite na sliku za preuzimanje karte u punoj veli\u010dini.<\/p>\n\n\n\n<div class=\"wp-block-uagb-image uagb-block-358e27ee wp-block-uagb-image--layout-default wp-block-uagb-image--effect-static wp-block-uagb-image--align-none\"><figure class=\"wp-block-uagb-image__figure\"><img decoding=\"async\" srcset=\"https:\/\/www.ematrica.com\/wp-content\/uploads\/2024\/10\/map.jpg ,https:\/\/www.ematrica.com\/wp-content\/uploads\/2024\/10\/map.jpg 780w, https:\/\/www.ematrica.com\/wp-content\/uploads\/2024\/10\/map.jpg 360w\" sizes=\"auto, (max-width: 480px) 150px\" src=\"https:\/\/www.ematrica.com\/wp-content\/uploads\/2024\/10\/map.jpg\" alt=\"\" class=\"uag-image-4208\" width=\"1024\" height=\"576\" title=\"NUSZ_HD_terkep_A0_20240801\" loading=\"lazy\" role=\"img\"><\/figure><\/div>\n\n\n\n<h3 class=\"wp-block-heading\">Regionalne e-vinjetne karte<\/h3>\n\n\n\n<h4 class=\"wp-block-heading\">Vrijedi od 1. sije\u010dnja 2024.<\/h4>\n\n\n\n<p>Podru\u010dje va\u017eenja regionalnih e-vinjeta prote\u017ee se izvan administrativnih granica \u017eupanije, do prvog kri\u017eanja iza granice \u017eupanije. Teritorijalna valjanost regionalnih vinjeta prema broju \u010dvori\u0161ta i broju dionice ceste navedena je u Dodatku 1.&nbsp; Uredba 45\/2020 (XI. 28.) ITM ministra za inovacije i tehnologiju. <\/p>\n\n\n\n<p>Karte regionalnih e-vinjeta koje vrijede od 1. sije\u010dnja 2024. godine mo\u017eete pogledati klikom na naziv \u017eupanije.<\/p>\n\n\n\n<p>Baranjska \u017eupanija<\/p>\n\n\n\n<p>\u017dupanija B\u00e1cs-Kiskun<\/p>\n\n\n\n<p>\u017dupanija B\u00e9k\u00e9s<\/p>\n\n\n\n<p>Okrug Borsod-Aba\u00faj-Zempl\u00e9n<\/p>\n\n\n\n<p>\u017dupanija Csongr\u00e1d-Csan\u00e1d<\/p>\n\n\n\n<p>\u017dupanija Fej\u00e9r<\/p>\n\n\n\n<p>\u017dupanija Gy\u0151r-Moson-Sopron<\/p>\n\n\n\n<p>Okrug Hajd\u00fa-Bihar<\/p>\n\n\n\n<p>\u017dupanija Heves<\/p>\n\n\n\n<p>\u017dupanija J\u00e1sz-Nagykun-Szolnok<\/p>\n\n\n\n<p>\u017dupanija Kom\u00e1rom-Esztergom<\/p>\n\n\n\n<p>Pe\u0161tanska \u017eupanija<\/p>\n\n\n\n<p>\u017dupanija Somogy<\/p>\n\n\n\n<p>\u017dupanija Szabolcs-Szatm\u00e1r-Bereg<\/p>\n\n\n\n<p>\u017eupanija Tolna<\/p>\n\n\n\n<p>Va\u0161ka \u017eupanija<\/p>\n\n\n\n<p>\u017dupanija Veszprem<\/p>\n\n\n\n<p>Zalska \u017eupanija<\/p>\n\n\n\n<hr class=\"wp-block-separator has-alpha-channel-opacity\">\n\n\n\n<h3 class=\"wp-block-heading\">Sustav e-naplate za vozila iznad 3,5 tone&nbsp; najve\u0107a dopu\u0161tena bruto te\u017eina<\/h3>\n\n\n\n<h4 class=\"wp-block-heading\">Vrijedi od 1. rujna 2024.<\/h4>\n\n\n\n<p>Kliknite na sliku za preuzimanje karte u punoj veli\u010dini.<\/p>\n\n\n\n<div class=\"wp-block-uagb-image uagb-block-0a956f8e wp-block-uagb-image--layout-default wp-block-uagb-image--effect-static wp-block-uagb-image--align-none\"><figure class=\"wp-block-uagb-image__figure\"><img decoding=\"async\" srcset=\"https:\/\/www.ematrica.com\/wp-content\/uploads\/2024\/10\/map2.jpg ,https:\/\/www.ematrica.com\/wp-content\/uploads\/2024\/10\/map2.jpg 780w, https:\/\/www.ematrica.com\/wp-content\/uploads\/2024\/10\/map2.jpg 360w\" sizes=\"auto, (max-width: 480px) 150px\" src=\"https:\/\/www.ematrica.com\/wp-content\/uploads\/2024\/10\/map2.jpg\" alt=\"\" class=\"uag-image-4214\" width=\"1024\" height=\"576\" title=\"karta2\" loading=\"lazy\" role=\"img\"><\/figure><\/div>\n<\/div>\n<\/div><\/div>\n","protected":false},"excerpt":{"rendered":"<p>Karte Karte su samo u informativne svrhe. To\u010dan popis naplatnih dionica utvr\u0111en je sljede\u0107im uredbama: \u00a9 Karte dostupne na web stranicama nemzetiutdij.hu i toll-charge.hu koje prikazuju mre\u017eu cesta s naplatom cestarine intelektualno su vlasni\u0161tvo tvrtke National Toll Payment Services Plc., stoga je za njihovu daljnju upotrebu potrebna prethodna suglasnost na\u0161e tvrtke. E-vinjeta karta zemlje Vrijedi [&hellip;]<\/p>\n","protected":false},"author":2,"featured_media":0,"parent":0,"menu_order":0,"comment_status":"closed","ping_status":"closed","template":"","meta":{"inline_featured_image":false,"_uag_custom_page_level_css":"","site-sidebar-layout":"no-sidebar","site-content-layout":"plain-container","ast-site-content-layout":"full-width-container","site-content-style":"unboxed","site-sidebar-style":"unboxed","ast-global-header-display":"","ast-banner-title-visibility":"","ast-main-header-display":"","ast-hfb-above-header-display":"","ast-hfb-below-header-display":"","ast-hfb-mobile-header-display":"","site-post-title":"disabled","ast-breadcrumbs-content":"","ast-featured-img":"disabled","footer-sml-layout":"","theme-transparent-header-meta":"enabled","adv-header-id-meta":"","stick-header-meta":"","header-above-stick-meta":"","header-main-stick-meta":"","header-below-stick-meta":"","astra-migrate-meta-layouts":"default","ast-page-background-enabled":"default","ast-page-background-meta":{"desktop":{"background-color":"","background-image":"","background-repeat":"repeat","background-position":"center center","background-size":"auto","background-attachment":"scroll","background-type":"","background-media":"","overlay-type":"","overlay-color":"","overlay-opacity":"","overlay-gradient":""},"tablet":{"background-color":"","background-image":"","background-repeat":"repeat","background-position":"center center","background-size":"auto","background-attachment":"scroll","background-type":"","background-media":"","overlay-type":"","overlay-color":"","overlay-opacity":"","overlay-gradient":""},"mobile":{"background-color":"","background-image":"","background-repeat":"repeat","background-position":"center center","background-size":"auto","background-attachment":"scroll","background-type":"","background-media":"","overlay-type":"","overlay-color":"","overlay-opacity":"","overlay-gradient":""}},"ast-content-background-meta":{"desktop":{"background-color":"var(--ast-global-color-5)","background-image":"","background-repeat":"repeat","background-position":"center center","background-size":"auto","background-attachment":"scroll","background-type":"","background-media":"","overlay-type":"","overlay-color":"","overlay-opacity":"","overlay-gradient":""},"tablet":{"background-color":"var(--ast-global-color-5)","background-image":"","background-repeat":"repeat","background-position":"center center","background-size":"auto","background-attachment":"scroll","background-type":"","background-media":"","overlay-type":"","overlay-color":"","overlay-opacity":"","overlay-gradient":""},"mobile":{"background-color":"var(--ast-global-color-5)","background-image":"","background-repeat":"repeat","background-position":"center center","background-size":"auto","background-attachment":"scroll","background-type":"","background-media":"","overlay-type":"","overlay-color":"","overlay-opacity":"","overlay-gradient":""}},"footnotes":""},"categories":[],"tags":[],"class_list":["post-5031","page","type-page","status-publish","hentry"],"uagb_featured_image_src":{"full":false,"thumbnail":false,"medium":false,"medium_large":false,"large":false,"1536x1536":false,"2048x2048":false},"uagb_author_info":{"display_name":"shubham","author_link":"https:\/\/www.ematrica.com\/hr\/author\/shubham\/"},"uagb_comment_info":0,"uagb_excerpt":"Karte Karte su samo u informativne svrhe. To\u010dan popis naplatnih dionica utvr\u0111en je sljede\u0107im uredbama: \u00a9 Karte dostupne na web stranicama nemzetiutdij.hu i toll-charge.hu koje prikazuju mre\u017eu cesta s naplatom cestarine intelektualno su vlasni\u0161tvo tvrtke National Toll Payment Services Plc., stoga je za njihovu daljnju upotrebu potrebna prethodna suglasnost na\u0161e tvrtke. E-vinjeta karta zemlje Vrijedi&hellip;","_links":{"self":[{"href":"https:\/\/www.ematrica.com\/hr\/wp-json\/wp\/v2\/pages\/5031","targetHints":{"allow":["GET","POST","PUT","PATCH","DELETE"]}}],"collection":[{"href":"https:\/\/www.ematrica.com\/hr\/wp-json\/wp\/v2\/pages"}],"about":[{"href":"https:\/\/www.ematrica.com\/hr\/wp-json\/wp\/v2\/types\/page"}],"author":[{"embeddable":true,"href":"https:\/\/www.ematrica.com\/hr\/wp-json\/wp\/v2\/users\/2"}],"replies":[{"embeddable":true,"href":"https:\/\/www.ematrica.com\/hr\/wp-json\/wp\/v2\/comments?post=5031"}],"version-history":[{"count":0,"href":"https:\/\/www.ematrica.com\/hr\/wp-json\/wp\/v2\/pages\/5031\/revisions"}],"wp:attachment":[{"href":"https:\/\/www.ematrica.com\/hr\/wp-json\/wp\/v2\/media?parent=5031"}],"wp:term":[{"taxonomy":"category","embeddable":true,"href":"https:\/\/www.ematrica.com\/hr\/wp-json\/wp\/v2\/categories?post=5031"},{"taxonomy":"post_tag","embeddable":true,"href":"https:\/\/www.ematrica.com\/hr\/wp-json\/wp\/v2\/tags?post=5031"}],"curies":[{"name":"wp","href":"https:\/\/api.w.org\/{rel}","templated":true}]}}