{"id":2924,"date":"2024-09-27T09:59:58","date_gmt":"2024-09-27T07:59:58","guid":{"rendered":"https:\/\/www.ematrica.com\/faq\/"},"modified":"2024-11-08T14:00:36","modified_gmt":"2024-11-08T13:00:36","slug":"faq","status":"publish","type":"page","link":"https:\/\/www.ematrica.com\/hu\/faq\/","title":{"rendered":"Faq"},"content":{"rendered":"\n<div class=\"wp-block-uagb-container uagb-block-25efe059 alignfull uagb-is-root-container\">\n<div class=\"wp-block-uagb-advanced-heading uagb-block-152b2cf8\"><h1 class=\"uagb-heading-text\">Gyakran ism\u00e9telt k\u00e9rd\u00e9sek<\/h1><\/div>\n<\/div>\n\n\n\n<div class=\"wp-block-uagb-container uagb-block-3578b4ec alignfull uagb-is-root-container\"><div class=\"uagb-container-inner-blocks-wrap\">\n<div class=\"wp-block-uagb-info-box uagb-block-8152c234 uagb-infobox__content-wrap uagb-infobox-icon-above-title uagb-infobox-image-valign-top\"><div class=\"uagb-ifb-content\"><div class=\"uagb-ifb-title-wrap\"><\/div><\/div><\/div>\n\n\n<style>\n.accordion-content {\n    display: none;\n    padding: 10px;\n    border: 1px solid #ccc;\n    border-top: none;\n}\n\n.accordion-header {\n    cursor: pointer;\n    padding: 10px;\n    border: 1px solid #ccc;\n    margin: 0;\nbackground-color:#fafafa;\nmargin-bottom:10px;\nborder-radius:3px;\npadding-right:50px;\nposition: relative;\nfont-size:110%;\n}\n.accordion-header .qs {\n\n}\n.arrow {\n    position: absolute;\n    right: 10px;\n    top: 10px;\n}\n\n.arrow-up {\n    transform: rotate(180deg);\n}\n<\/style>\n\n\n<script>\njQuery(document).ready(function(){\n    jQuery(\".accordion-header\").click(function() {\n        \/\/ Toggle the arrow direction of the clicked header\n        jQuery(this).children(\".arrow\").toggleClass(\"arrow-up\", !jQuery(this).next().is(\":visible\"));\n        \n        \/\/ Close previously opened content and reset their arrows\n        jQuery(\".accordion-content\").not(jQuery(this).next()).slideUp().prev().children(\".arrow\").removeClass(\"arrow-up\");\n        jQuery(\".accordion-content\").not(jQuery(this).next()).prev().find(\".arrow\").html(\"&#9660;\"); \/\/ Reset other arrows to down\n        \n        jQuery(this).next().slideToggle();\n        if(jQuery(this).next().is(\":visible\")) {\n            jQuery(this).find(\".arrow\").html(\"&#9660;\"); \/\/ Change to up arrow\n        } else {\n            jQuery(this).find(\".arrow\").html(\"&#9650;\"); \/\/ Change back to down arrow\n        }\n    });\n});\n<\/script>\n\n\n<div class=\"accordion\"><h4 class=\"accordion-header\"><span class=\"qs\">Nem kaptam semmilyen e-mailt a fizet\u00e9ssel vagy a megrendel\u00e9s teljes\u00edt\u00e9s\u00e9vel kapcsolatban.<\/span><span class=\"arrow\">&#9660;<\/span><\/h4>\n            <div class=\"accordion-content\">\n            <p>Ha az e-mail c\u00edm helyesen van megadva, k\u00e9rj\u00fck, ellen\u0151rizze a spam mapp\u00e1j\u00e1t vagy m\u00e1s mapp\u00e1kat, ahov\u00e1 az inform\u00e1ci\u00f3s e-maileket k\u00e9zbes\u00edthetj\u00fck. El\u0151fordulhat, hogy az e-mailt nem tal\u00e1lja a szok\u00e1sos levelei k\u00f6z\u00f6tt.<\/p>\n            <\/div><h4 class=\"accordion-header\"><span class=\"qs\">Hib\u00e1t k\u00f6vettem el a bejegyz\u00e9si jel vagy az orsz\u00e1g megad\u00e1sakor<\/span><span class=\"arrow\">&#9660;<\/span><\/h4>\n            <div class=\"accordion-content\">\n            <p>A fizet\u00e9s ut\u00e1n az e-mailben tal\u00e1l egy linket a k\u00f6sz\u00f6n\u0151oldalra. Ha a megrendel\u00e9s\u00e9t m\u00e9g nem dolgozt\u00e1k fel, m\u00f3dos\u00edthatja az adatokat, bele\u00e9rtve az orsz\u00e1got \u00e9s a regisztr\u00e1ci\u00f3s sz\u00e1mot is. Sajnos, ha a megrendel\u00e9se m\u00e1r elk\u00e9sz\u00fclt, a m\u00f3dos\u00edt\u00e1sokra m\u00e1r nincs lehet\u0151s\u00e9g, \u00e9s \u00faj megrendel\u00e9st kell l\u00e9trehozni.<\/p>\n            <\/div><h4 class=\"accordion-header\"><span class=\"qs\">Egyszerre t\u00f6bb aut\u00f3ra is szeretn\u00e9k egy matric\u00e1t.<\/span><span class=\"arrow\">&#9660;<\/span><\/h4>\n            <div class=\"accordion-content\">\n            <p>Ha egyszerre t\u00f6bb aut\u00f3ra szeretne matric\u00e1t v\u00e1s\u00e1rolni, k\u00e9rj\u00fck, vegye fel vel\u00fcnk a kapcsolatot. Nem sz\u00fcks\u00e9ges minden egyes rendsz\u00e1mot k\u00fcl\u00f6n-k\u00fcl\u00f6n megadni - \u00dczenet\u00e9ben k\u00e9rj\u00fck, sorolja fel a regisztr\u00e1lni k\u00edv\u00e1nt rendsz\u00e1mokat, az \u00e1llamban (vagy t\u00f6bb \u00e1llamban) val\u00f3 tart\u00f3zkod\u00e1s id\u0151tartam\u00e1t \u00e9s a hat\u00e1lybal\u00e9p\u00e9s d\u00e1tum\u00e1t.<\/p>\n            <\/div><h4 class=\"accordion-header\"><span class=\"qs\">Lemondhatom vagy megv\u00e1ltoztathatom a matric\u00e1mat, ha megv\u00e1ltoznak az utaz\u00e1si terveim?<\/span><span class=\"arrow\">&#9660;<\/span><\/h4>\n            <div class=\"accordion-content\">\n            <p>Az elektronikus jegyek \u00e1ltal\u00e1ban egy adott j\u00e1rm\u0171h\u00f6z \u00e9s id\u0151szakhoz k\u00f6t\u0151dnek, \u00e9s az aktiv\u00e1l\u00e1s ut\u00e1n nem \u00e1truh\u00e1zhat\u00f3k vagy megv\u00e1ltoztathat\u00f3k. Adatbeviteli hiba vagy egy\u00e9b rendk\u00edv\u00fcli helyzetek eset\u00e9n a legjobb, ha a lehet\u0151 leghamarabb kapcsolatba l\u00e9p vel\u00fcnk.<\/p>\n            <\/div><h4 class=\"accordion-header\"><span class=\"qs\">Kaptam egy b\u00fcntet\u0151c\u00e9dul\u00e1t egy kifizetetlen matrica miatt.<\/span><span class=\"arrow\">&#9660;<\/span><\/h4>\n            <div class=\"accordion-content\">\n            <p>M\u00e9g nem tal\u00e1lkoztunk olyan esettel, amikor a b\u00edrs\u00e1g kiszab\u00e1sa nem volt indokolt. Az esetek t\u00falnyom\u00f3 t\u00f6bbs\u00e9g\u00e9ben az ok az, hogy n\u00e9h\u00e1ny adatot helytelen\u00fcl t\u00f6lt\u00f6ttek ki. Javasoljuk, hogy fizesse be a b\u00edrs\u00e1got, mivel a fizet\u00e9s elmarad\u00e1sa eset\u00e9n a b\u00fcntet\u00e9s sokkal magasabb lehet.<\/p>\n            <\/div><h4 class=\"accordion-header\"><span class=\"qs\">Mi a szolg\u00e1ltat\u00e1si d\u00edj<\/span><span class=\"arrow\">&#9660;<\/span><\/h4>\n            <div class=\"accordion-content\">\n            <p>A szolg\u00e1ltat\u00e1si d\u00edj a szolg\u00e1ltat\u00e1s k\u00f6lts\u00e9geinek fedez\u00e9s\u00e9re szolg\u00e1l, bele\u00e9rtve a technikai t\u00e1mogat\u00e1s, a szem\u00e9lyes t\u00e1mogat\u00e1si szolg\u00e1ltat\u00e1sok, a manu\u00e1lis rendel\u00e9s-ellen\u0151rz\u00e9s \u00e9s a marketingk\u00f6lts\u00e9gek k\u00f6lts\u00e9geit.<\/p>\n            <\/div><h4 class=\"accordion-header\"><span class=\"qs\">Azt \u00edrja, hogy 3 percen bel\u00fcl megkapom a matric\u00e1t, m\u00e9g mindig nem kaptam semmit. Mi\u00e9rt van ez \u00edgy?<\/span><span class=\"arrow\">&#9660;<\/span><\/h4>\n            <div class=\"accordion-content\">\n            <p>Igyeksz\u00fcnk ezt az id\u0151t a lehet\u0151 legjobban betartani. A m\u00e1t\u00f3l \u00e9rv\u00e9nyes szolg\u00e1ltat\u00e1sok els\u0151bbs\u00e9get \u00e9lveznek. Azonban rajtunk k\u00edv\u00fcl \u00e1ll\u00f3 okok miatt (fizet\u00e9si \u00e1tj\u00e1r\u00f3k kies\u00e9se, korm\u00e1nyzati webszolg\u00e1ltat\u00e1sok) a regisztr\u00e1ci\u00f3 kiv\u00e9teles esetekben meghosszabb\u00edthat\u00f3. Javasoljuk tov\u00e1bb\u00e1, hogy gondosan ellen\u0151rizze e-mail c\u00edm\u00e9nek helyess\u00e9g\u00e9t. Abban az esetben, ha helyesen adta meg az e-mail c\u00edm\u00e9t, k\u00e9rj\u00fck, k\u00f6vesse a v\u00e1s\u00e1rl\u00e1s ut\u00e1n megjelen\u0151 oldalt. Itt naprak\u00e9sz inform\u00e1ci\u00f3kat tal\u00e1l, bele\u00e9rtve a megrendel\u00e9s\u00e9nek st\u00e1tusz\u00e1t is.<\/p>\n            <\/div><h4 class=\"accordion-header\"><span class=\"qs\">Szeretn\u00e9m t\u00f6r\u00f6lni a rendel\u00e9semet<\/span><span class=\"arrow\">&#9660;<\/span><\/h4>\n            <div class=\"accordion-content\">\n            <p>A felt\u00e9telek \u00e9rtelm\u00e9ben a megrendel\u00e9s feldolgoz\u00e1s\u00e1nak megkezd\u00e9se el\u0151tt visszat\u00e9r\u00edthet\u0151 a v\u00e9tel\u00e1r. Ha a megrendel\u00e9s teljes\u00edt\u00e9sre ker\u00fclt, visszat\u00e9r\u00edt\u00e9s nem lehets\u00e9ges.<\/p>\n            <\/div><h4 class=\"accordion-header\"><span class=\"qs\">V\u00e1ltozott az utaz\u00e1si tervem, \u00e9s szeretn\u00e9m megv\u00e1ltoztatni a regisztr\u00e1ci\u00f3 id\u0151pontj\u00e1t.<\/span><span class=\"arrow\">&#9660;<\/span><\/h4>\n            <div class=\"accordion-content\">\n            <p>Ha a szolg\u00e1ltat\u00e1st m\u00e1r regisztr\u00e1lt\u00e1k az \u00d6n sz\u00e1m\u00e1ra, sajnos nem lehet megv\u00e1ltoztatni az \u00e9rv\u00e9nyess\u00e9get, \u00e9s \u00fajra meg kell v\u00e1s\u00e1rolnia a szolg\u00e1ltat\u00e1st.<\/p>\n            <\/div><h4 class=\"accordion-header\"><span class=\"qs\">Meggondoltam magam, \u00e9s vissza akarom kapni a p\u00e9nzemet.<\/span><span class=\"arrow\">&#9660;<\/span><\/h4>\n            <div class=\"accordion-content\">\n            <p>A szolg\u00e1ltat\u00e1st a fizet\u00e9s ut\u00e1n is lemondhatja, m\u00e9g a megrendel\u00e9s feldolgoz\u00e1sa el\u0151tt. A leggyorsabb m\u00f3dja ennek a megrendel\u00e9si adatok oldal\u00e1n tal\u00e1lhat\u00f3 \u201erendel\u00e9s lemond\u00e1sa\u201d linkre kattintva. Itt megtal\u00e1lja megrendel\u00e9se aktu\u00e1lis \u00e1llapot\u00e1t is, bele\u00e9rtve a lemond\u00e1si lehet\u0151s\u00e9geket is. Ha nem ismeri az oldal c\u00edm\u00e9t, egyszer\u0171en megtal\u00e1lhatja, ha r\u00e1keres a megrendel\u00e9sben megadott e-mail c\u00edm\u00e9re.<\/p>\n            <\/div><h4 class=\"accordion-header\"><span class=\"qs\">Mikor lesz aktiv\u00e1lva a matric\u00e1m<\/span><span class=\"arrow\">&#9660;<\/span><\/h4>\n            <div class=\"accordion-content\">\n            <p>Ha a matrica \u00e9rv\u00e9nyess\u00e9ge t\u00f6bb mint 1 nap m\u00falva kezd\u0151dik, a matric\u00e1t az \u00e9rv\u00e9nyess\u00e9g kezdete el\u0151tt 1 nappal aktiv\u00e1ljuk \u00d6nnek. Ha a matrica \u00e9rv\u00e9nyess\u00e9gi ideje ugyanazon vagy a k\u00f6vetkez\u0151 napon j\u00e1r le, vagy ha a szolg\u00e1ltat\u00e1st els\u0151bbs\u00e9gi feldolgoz\u00e1ssal v\u00e1s\u00e1rolta meg, akkor a v\u00e1s\u00e1rl\u00e1st k\u00f6vet\u0151en azonnal aktiv\u00e1ljuk \u00d6nnek a szolg\u00e1ltat\u00e1st - a fizet\u00e9s be\u00e9rkez\u00e9s\u00e9t k\u00f6vet\u0151 3 percen bel\u00fcl igyeksz\u00fcnk aktiv\u00e1lni, ha minden rendben van az \u00d6n adatai tekintet\u00e9ben.<\/p>\n            <\/div><\/div><script type=\"application\/ld+json\">\n    {\n      \"@context\": \"https:\/\/schema.org\",\n      \"@type\": \"FAQPage\",\n      \"mainEntity\": [{\n        \"@type\": \"Question\",\n        \"name\": \"Nem kaptam semmilyen e-mailt a fizet\u00e9ssel vagy a megrendel\u00e9s teljes\u00edt\u00e9s\u00e9vel kapcsolatban.\",\n        \"acceptedAnswer\": {\n          \"@type\": \"Answer\",\n          \"text\": \"Ha az e-mail c\u00edm helyesen van megadva, k\u00e9rj\u00fck, ellen\u0151rizze a spam mapp\u00e1j\u00e1t vagy m\u00e1s mapp\u00e1kat, ahov\u00e1 az inform\u00e1ci\u00f3s e-maileket k\u00e9zbes\u00edthetj\u00fck. El\u0151fordulhat, hogy az e-mailt nem tal\u00e1lja a szok\u00e1sos levelei k\u00f6z\u00f6tt.\"\n        }\n      },{\n        \"@type\": \"Question\",\n        \"name\": \"Hib\u00e1t k\u00f6vettem el a bejegyz\u00e9si jel vagy az orsz\u00e1g megad\u00e1sakor\",\n        \"acceptedAnswer\": {\n          \"@type\": \"Answer\",\n          \"text\": \"A fizet\u00e9s ut\u00e1n az e-mailben tal\u00e1l egy linket a k\u00f6sz\u00f6n\u0151oldalra. Ha a megrendel\u00e9s\u00e9t m\u00e9g nem dolgozt\u00e1k fel, m\u00f3dos\u00edthatja az adatokat, bele\u00e9rtve az orsz\u00e1got \u00e9s a regisztr\u00e1ci\u00f3s sz\u00e1mot is. Sajnos, ha a megrendel\u00e9se m\u00e1r elk\u00e9sz\u00fclt, a m\u00f3dos\u00edt\u00e1sokra m\u00e1r nincs lehet\u0151s\u00e9g, \u00e9s \u00faj megrendel\u00e9st kell l\u00e9trehozni.\"\n        }\n      },{\n        \"@type\": \"Question\",\n        \"name\": \"Egyszerre t\u00f6bb aut\u00f3ra is szeretn\u00e9k egy matric\u00e1t.\",\n        \"acceptedAnswer\": {\n          \"@type\": \"Answer\",\n          \"text\": \"Ha egyszerre t\u00f6bb aut\u00f3ra szeretne matric\u00e1t v\u00e1s\u00e1rolni, k\u00e9rj\u00fck, vegye fel vel\u00fcnk a kapcsolatot. Nem sz\u00fcks\u00e9ges minden egyes rendsz\u00e1mot k\u00fcl\u00f6n-k\u00fcl\u00f6n megadni - \u00dczenet\u00e9ben k\u00e9rj\u00fck, sorolja fel a regisztr\u00e1lni k\u00edv\u00e1nt rendsz\u00e1mokat, az \u00e1llamban (vagy t\u00f6bb \u00e1llamban) val\u00f3 tart\u00f3zkod\u00e1s id\u0151tartam\u00e1t \u00e9s a hat\u00e1lybal\u00e9p\u00e9s d\u00e1tum\u00e1t.\"\n        }\n      },{\n        \"@type\": \"Question\",\n        \"name\": \"Lemondhatom vagy megv\u00e1ltoztathatom a matric\u00e1mat, ha megv\u00e1ltoznak az utaz\u00e1si terveim?\",\n        \"acceptedAnswer\": {\n          \"@type\": \"Answer\",\n          \"text\": \"Az elektronikus jegyek \u00e1ltal\u00e1ban egy adott j\u00e1rm\u0171h\u00f6z \u00e9s id\u0151szakhoz k\u00f6t\u0151dnek, \u00e9s az aktiv\u00e1l\u00e1s ut\u00e1n nem \u00e1truh\u00e1zhat\u00f3k vagy megv\u00e1ltoztathat\u00f3k. Adatbeviteli hiba vagy egy\u00e9b rendk\u00edv\u00fcli helyzetek eset\u00e9n a legjobb, ha a lehet\u0151 leghamarabb kapcsolatba l\u00e9p vel\u00fcnk.\"\n        }\n      },{\n        \"@type\": \"Question\",\n        \"name\": \"Kaptam egy b\u00fcntet\u0151c\u00e9dul\u00e1t egy kifizetetlen matrica miatt.\",\n        \"acceptedAnswer\": {\n          \"@type\": \"Answer\",\n          \"text\": \"M\u00e9g nem tal\u00e1lkoztunk olyan esettel, amikor a b\u00edrs\u00e1g kiszab\u00e1sa nem volt indokolt. Az esetek t\u00falnyom\u00f3 t\u00f6bbs\u00e9g\u00e9ben az ok az, hogy n\u00e9h\u00e1ny adatot helytelen\u00fcl t\u00f6lt\u00f6ttek ki. Javasoljuk, hogy fizesse be a b\u00edrs\u00e1got, mivel a fizet\u00e9s elmarad\u00e1sa eset\u00e9n a b\u00fcntet\u00e9s sokkal magasabb lehet.\"\n        }\n      },{\n        \"@type\": \"Question\",\n        \"name\": \"Mi a szolg\u00e1ltat\u00e1si d\u00edj\",\n        \"acceptedAnswer\": {\n          \"@type\": \"Answer\",\n          \"text\": \"A szolg\u00e1ltat\u00e1si d\u00edj a szolg\u00e1ltat\u00e1s k\u00f6lts\u00e9geinek fedez\u00e9s\u00e9re szolg\u00e1l, bele\u00e9rtve a technikai t\u00e1mogat\u00e1s, a szem\u00e9lyes t\u00e1mogat\u00e1si szolg\u00e1ltat\u00e1sok, a manu\u00e1lis rendel\u00e9s-ellen\u0151rz\u00e9s \u00e9s a marketingk\u00f6lts\u00e9gek k\u00f6lts\u00e9geit.\"\n        }\n      },{\n        \"@type\": \"Question\",\n        \"name\": \"Azt \u00edrja, hogy 3 percen bel\u00fcl megkapom a matric\u00e1t, m\u00e9g mindig nem kaptam semmit. Mi\u00e9rt van ez \u00edgy?\",\n        \"acceptedAnswer\": {\n          \"@type\": \"Answer\",\n          \"text\": \"Igyeksz\u00fcnk ezt az id\u0151t a lehet\u0151 legjobban betartani. A m\u00e1t\u00f3l \u00e9rv\u00e9nyes szolg\u00e1ltat\u00e1sok els\u0151bbs\u00e9get \u00e9lveznek. Azonban rajtunk k\u00edv\u00fcl \u00e1ll\u00f3 okok miatt (fizet\u00e9si \u00e1tj\u00e1r\u00f3k kies\u00e9se, korm\u00e1nyzati webszolg\u00e1ltat\u00e1sok) a regisztr\u00e1ci\u00f3 kiv\u00e9teles esetekben meghosszabb\u00edthat\u00f3. Javasoljuk tov\u00e1bb\u00e1, hogy gondosan ellen\u0151rizze e-mail c\u00edm\u00e9nek helyess\u00e9g\u00e9t. Abban az esetben, ha helyesen adta meg az e-mail c\u00edm\u00e9t, k\u00e9rj\u00fck, k\u00f6vesse a v\u00e1s\u00e1rl\u00e1s ut\u00e1n megjelen\u0151 oldalt. Itt naprak\u00e9sz inform\u00e1ci\u00f3kat tal\u00e1l, bele\u00e9rtve a megrendel\u00e9s\u00e9nek st\u00e1tusz\u00e1t is.\"\n        }\n      },{\n        \"@type\": \"Question\",\n        \"name\": \"Szeretn\u00e9m t\u00f6r\u00f6lni a rendel\u00e9semet\",\n        \"acceptedAnswer\": {\n          \"@type\": \"Answer\",\n          \"text\": \"A felt\u00e9telek \u00e9rtelm\u00e9ben a megrendel\u00e9s feldolgoz\u00e1s\u00e1nak megkezd\u00e9se el\u0151tt visszat\u00e9r\u00edthet\u0151 a v\u00e9tel\u00e1r. Ha a megrendel\u00e9s teljes\u00edt\u00e9sre ker\u00fclt, visszat\u00e9r\u00edt\u00e9s nem lehets\u00e9ges.\"\n        }\n      },{\n        \"@type\": \"Question\",\n        \"name\": \"V\u00e1ltozott az utaz\u00e1si tervem, \u00e9s szeretn\u00e9m megv\u00e1ltoztatni a regisztr\u00e1ci\u00f3 id\u0151pontj\u00e1t.\",\n        \"acceptedAnswer\": {\n          \"@type\": \"Answer\",\n          \"text\": \"Ha a szolg\u00e1ltat\u00e1st m\u00e1r regisztr\u00e1lt\u00e1k az \u00d6n sz\u00e1m\u00e1ra, sajnos nem lehet megv\u00e1ltoztatni az \u00e9rv\u00e9nyess\u00e9get, \u00e9s \u00fajra meg kell v\u00e1s\u00e1rolnia a szolg\u00e1ltat\u00e1st.\"\n        }\n      },{\n        \"@type\": \"Question\",\n        \"name\": \"Meggondoltam magam, \u00e9s vissza akarom kapni a p\u00e9nzemet.\",\n        \"acceptedAnswer\": {\n          \"@type\": \"Answer\",\n          \"text\": \"A szolg\u00e1ltat\u00e1st a fizet\u00e9s ut\u00e1n is lemondhatja, m\u00e9g a megrendel\u00e9s feldolgoz\u00e1sa el\u0151tt. A leggyorsabb m\u00f3dja ennek a megrendel\u00e9si adatok oldal\u00e1n tal\u00e1lhat\u00f3 \u201erendel\u00e9s lemond\u00e1sa\u201d linkre kattintva. Itt megtal\u00e1lja megrendel\u00e9se aktu\u00e1lis \u00e1llapot\u00e1t is, bele\u00e9rtve a lemond\u00e1si lehet\u0151s\u00e9geket is. Ha nem ismeri az oldal c\u00edm\u00e9t, egyszer\u0171en megtal\u00e1lhatja, ha r\u00e1keres a megrendel\u00e9sben megadott e-mail c\u00edm\u00e9re.\"\n        }\n      },{\n        \"@type\": \"Question\",\n        \"name\": \"Mikor lesz aktiv\u00e1lva a matric\u00e1m\",\n        \"acceptedAnswer\": {\n          \"@type\": \"Answer\",\n          \"text\": \"Ha a matrica \u00e9rv\u00e9nyess\u00e9ge t\u00f6bb mint 1 nap m\u00falva kezd\u0151dik, a matric\u00e1t az \u00e9rv\u00e9nyess\u00e9g kezdete el\u0151tt 1 nappal aktiv\u00e1ljuk \u00d6nnek. Ha a matrica \u00e9rv\u00e9nyess\u00e9gi ideje ugyanazon vagy a k\u00f6vetkez\u0151 napon j\u00e1r le, vagy ha a szolg\u00e1ltat\u00e1st els\u0151bbs\u00e9gi feldolgoz\u00e1ssal v\u00e1s\u00e1rolta meg, akkor a v\u00e1s\u00e1rl\u00e1st k\u00f6vet\u0151en azonnal aktiv\u00e1ljuk \u00d6nnek a szolg\u00e1ltat\u00e1st - a fizet\u00e9s be\u00e9rkez\u00e9s\u00e9t k\u00f6vet\u0151 3 percen bel\u00fcl igyeksz\u00fcnk aktiv\u00e1lni, ha minden rendben van az \u00d6n adatai tekintet\u00e9ben.\"\n        }\n      }\n      ]\n    }\n    <\/script>\n<\/div><\/div>\n\n\n\n<p><\/p>\n","protected":false},"excerpt":{"rendered":"<p>Gyakran ism\u00e9telt k\u00e9rd\u00e9sek<\/p>\n","protected":false},"author":2,"featured_media":0,"parent":0,"menu_order":0,"comment_status":"closed","ping_status":"closed","template":"","meta":{"inline_featured_image":false,"_uag_custom_page_level_css":"","site-sidebar-layout":"no-sidebar","site-content-layout":"plain-container","ast-site-content-layout":"full-width-container","site-content-style":"unboxed","site-sidebar-style":"unboxed","ast-global-header-display":"","ast-banner-title-visibility":"","ast-main-header-display":"","ast-hfb-above-header-display":"","ast-hfb-below-header-display":"","ast-hfb-mobile-header-display":"","site-post-title":"disabled","ast-breadcrumbs-content":"","ast-featured-img":"","footer-sml-layout":"","theme-transparent-header-meta":"enabled","adv-header-id-meta":"","stick-header-meta":"","header-above-stick-meta":"","header-main-stick-meta":"","header-below-stick-meta":"","astra-migrate-meta-layouts":"default","ast-page-background-enabled":"default","ast-page-background-meta":{"desktop":{"background-color":"","background-image":"","background-repeat":"repeat","background-position":"center center","background-size":"auto","background-attachment":"scroll","background-type":"","background-media":"","overlay-type":"","overlay-color":"","overlay-opacity":"","overlay-gradient":""},"tablet":{"background-color":"","background-image":"","background-repeat":"repeat","background-position":"center center","background-size":"auto","background-attachment":"scroll","background-type":"","background-media":"","overlay-type":"","overlay-color":"","overlay-opacity":"","overlay-gradient":""},"mobile":{"background-color":"","background-image":"","background-repeat":"repeat","background-position":"center center","background-size":"auto","background-attachment":"scroll","background-type":"","background-media":"","overlay-type":"","overlay-color":"","overlay-opacity":"","overlay-gradient":""}},"ast-content-background-meta":{"desktop":{"background-color":"var(--ast-global-color-5)","background-image":"","background-repeat":"repeat","background-position":"center center","background-size":"auto","background-attachment":"scroll","background-type":"","background-media":"","overlay-type":"","overlay-color":"","overlay-opacity":"","overlay-gradient":""},"tablet":{"background-color":"var(--ast-global-color-5)","background-image":"","background-repeat":"repeat","background-position":"center center","background-size":"auto","background-attachment":"scroll","background-type":"","background-media":"","overlay-type":"","overlay-color":"","overlay-opacity":"","overlay-gradient":""},"mobile":{"background-color":"var(--ast-global-color-5)","background-image":"","background-repeat":"repeat","background-position":"center center","background-size":"auto","background-attachment":"scroll","background-type":"","background-media":"","overlay-type":"","overlay-color":"","overlay-opacity":"","overlay-gradient":""}},"footnotes":""},"categories":[],"tags":[],"class_list":["post-2924","page","type-page","status-publish","hentry"],"uagb_featured_image_src":{"full":false,"thumbnail":false,"medium":false,"medium_large":false,"large":false,"1536x1536":false,"2048x2048":false},"uagb_author_info":{"display_name":"shubham","author_link":"https:\/\/www.ematrica.com\/hu\/author\/shubham\/"},"uagb_comment_info":0,"uagb_excerpt":"Gyakran ism\u00e9telt k\u00e9rd\u00e9sek","_links":{"self":[{"href":"https:\/\/www.ematrica.com\/hu\/wp-json\/wp\/v2\/pages\/2924","targetHints":{"allow":["GET","POST","PUT","PATCH","DELETE"]}}],"collection":[{"href":"https:\/\/www.ematrica.com\/hu\/wp-json\/wp\/v2\/pages"}],"about":[{"href":"https:\/\/www.ematrica.com\/hu\/wp-json\/wp\/v2\/types\/page"}],"author":[{"embeddable":true,"href":"https:\/\/www.ematrica.com\/hu\/wp-json\/wp\/v2\/users\/2"}],"replies":[{"embeddable":true,"href":"https:\/\/www.ematrica.com\/hu\/wp-json\/wp\/v2\/comments?post=2924"}],"version-history":[{"count":1,"href":"https:\/\/www.ematrica.com\/hu\/wp-json\/wp\/v2\/pages\/2924\/revisions"}],"predecessor-version":[{"id":4296,"href":"https:\/\/www.ematrica.com\/hu\/wp-json\/wp\/v2\/pages\/2924\/revisions\/4296"}],"wp:attachment":[{"href":"https:\/\/www.ematrica.com\/hu\/wp-json\/wp\/v2\/media?parent=2924"}],"wp:term":[{"taxonomy":"category","embeddable":true,"href":"https:\/\/www.ematrica.com\/hu\/wp-json\/wp\/v2\/categories?post=2924"},{"taxonomy":"post_tag","embeddable":true,"href":"https:\/\/www.ematrica.com\/hu\/wp-json\/wp\/v2\/tags?post=2924"}],"curies":[{"name":"wp","href":"https:\/\/api.w.org\/{rel}","templated":true}]}}