{"id":2930,"date":"2024-09-27T09:59:58","date_gmt":"2024-09-27T07:59:58","guid":{"rendered":"https:\/\/www.ematrica.com\/hol-alkalmazando\/"},"modified":"2024-11-08T14:07:33","modified_gmt":"2024-11-08T13:07:33","slug":"hol-alkalmazando","status":"publish","type":"page","link":"https:\/\/www.ematrica.com\/hu\/hol-alkalmazando\/","title":{"rendered":"Hol alkalmazand\u00f3"},"content":{"rendered":"\n<div class=\"wp-block-uagb-container uagb-block-25efe059 alignfull uagb-is-root-container\"><div class=\"uagb-container-inner-blocks-wrap\">\n<div class=\"wp-block-uagb-advanced-heading uagb-block-152b2cf8\"><h1 class=\"uagb-heading-text\">Hol alkalmazand\u00f3<\/h1><\/div>\n<\/div><\/div>\n\n\n\n<div class=\"wp-block-uagb-container uagb-block-4a87feac alignfull uagb-is-root-container\"><div class=\"uagb-container-inner-blocks-wrap\">\n<div class=\"wp-block-uagb-container uagb-block-eb4eb583\">\n<div class=\"wp-block-uagb-image uagb-block-9f678b37 wp-block-uagb-image--layout-default wp-block-uagb-image--effect-static wp-block-uagb-image--align-none\"><figure class=\"wp-block-uagb-image__figure\"><img decoding=\"async\" srcset=\"https:\/\/www.ematrica.com\/wp-content\/uploads\/2024\/09\/Map-1024x481.png ,https:\/\/www.ematrica.com\/wp-content\/uploads\/2024\/09\/Map.png 780w, https:\/\/www.ematrica.com\/wp-content\/uploads\/2024\/09\/Map.png 360w\" sizes=\"auto, (max-width: 480px) 150px\" src=\"https:\/\/www.ematrica.com\/wp-content\/uploads\/2024\/09\/Map-1024x481.png\" alt=\"\" class=\"uag-image-2822\" width=\"1428\" height=\"671\" title=\"T\u00e9rk\u00e9p\" loading=\"lazy\" role=\"img\"><\/figure><\/div>\n<\/div>\n<\/div><\/div>\n\n\n\n<div class=\"wp-block-uagb-container uagb-block-615326b3 alignfull uagb-is-root-container\"><div class=\"uagb-container-inner-blocks-wrap\">\n<div class=\"wp-block-uagb-container uagb-block-c51809a9\">\n<div class=\"wp-block-uagb-info-box uagb-block-96aad7cb uagb-infobox__content-wrap uagb-infobox-icon-above-title uagb-infobox-image-valign-top\"><div class=\"uagb-ifb-content\"><div class=\"uagb-ifb-title-wrap\"><h2 class=\"uagb-ifb-title\">Ahol a matricaszolg\u00e1ltat\u00e1saink alkalmazhat\u00f3k<\/h2><\/div><\/div><\/div>\n<\/div>\n\n\n\n<div class=\"wp-block-uagb-container uagb-block-dc6e0ba1\">\n<div class=\"wp-block-uagb-info-box uagb-block-cba2f3d7 uagb-infobox__content-wrap uagb-infobox-icon-above-title uagb-infobox-image-valign-top\"><div class=\"uagb-ifb-content\"><div class=\"uagb-ifb-title-wrap\"><h3 class=\"uagb-ifb-title\">V\u00e1rosi ter\u00fcletek<\/h3><\/div><p class=\"uagb-ifb-desc\">Sz\u00e1mos nagyv\u00e1rosi r\u00e9gi\u00f3 alkalmaz \u00fatd\u00edjfizet\u00e9si rendszert a torl\u00f3d\u00e1sok kezel\u00e9s\u00e9re.\nEzek az \u00fatd\u00edjak nemcsak a karbantart\u00e1s \u00e9s a fejleszt\u00e9sek finansz\u00edroz\u00e1s\u00e1t seg\u00edtik, hanem az alternat\u00edv \u00fatvonalak haszn\u00e1lat\u00e1t is \u00f6szt\u00f6nzik.\nSzolg\u00e1ltat\u00e1sainkat \u00fagy tervezt\u00fck, hogy megk\u00f6nny\u00edts\u00e9k a z\u00f6kken\u0151mentes \u00fatd\u00edjtranzakci\u00f3kat  <\/p><\/div><\/div>\n<\/div>\n\n\n\n<div class=\"wp-block-uagb-container uagb-block-20b3f7af\">\n<div class=\"wp-block-uagb-info-box uagb-block-bdcff0de uagb-infobox__content-wrap uagb-infobox-icon-above-title uagb-infobox-image-valign-top\"><div class=\"uagb-ifb-content\"><div class=\"uagb-ifb-title-wrap\"><h3 class=\"uagb-ifb-title\">\u00c1llamk\u00f6zi aut\u00f3p\u00e1ly\u00e1k<\/h3><\/div><p class=\"uagb-ifb-desc\">A nagyobb aut\u00f3p\u00e1ly\u00e1k gyakran rendelkeznek fizet\u0151s szakaszokkal az \u00fat min\u0151s\u00e9g\u00e9nek \u00e9s biztons\u00e1g\u00e1nak fenntart\u00e1sa \u00e9rdek\u00e9ben.\nAut\u00f3p\u00e1lyad\u00edj-szolg\u00e1ltat\u00e1si szolg\u00e1ltat\u00e1saink ezeken az \u00fatvonalakon \u00e9rv\u00e9nyesek, biztos\u00edtva, hogy az utaz\u00f3k k\u00f6nnyen fizethetik az \u00fatd\u00edjat, \u00e9s val\u00f3s idej\u0171 inform\u00e1ci\u00f3kat kaphatnak az \u00fatd\u00edj m\u00e9rt\u00e9k\u00e9r\u0151l \u00e9s hely\u00e9r\u0151l. <\/p><\/div><\/div>\n<\/div>\n\n\n\n<div class=\"wp-block-uagb-container uagb-block-4a7a80b7\">\n<div class=\"wp-block-uagb-info-box uagb-block-71841dc7 uagb-infobox__content-wrap uagb-infobox-icon-above-title uagb-infobox-image-valign-top\"><div class=\"uagb-ifb-content\"><div class=\"uagb-ifb-title-wrap\"><h3 class=\"uagb-ifb-title\">Hidak \u00e9s alagutak<\/h3><\/div><p class=\"uagb-ifb-desc\">Az olyan kulcsfontoss\u00e1g\u00fa infrastrukt\u00far\u00e1k, mint a hidak \u00e9s alagutak, gyakran haszn\u00e1lnak aut\u00f3p\u00e1lyad\u00edjat az \u00e9p\u00edt\u00e9si \u00e9s karbantart\u00e1si k\u00f6lts\u00e9gek fedez\u00e9s\u00e9re.\nSzolg\u00e1ltat\u00e1saink biztos\u00edtj\u00e1k, hogy ezeken a pontokon hat\u00e9konyan fizethessen \u00fatd\u00edjat, elker\u00fclve ezzel a k\u00e9s\u00e9seket \u00e9s biztos\u00edtva, hogy \u00fatja a tervezett \u00fctemben haladjon. <\/p><\/div><\/div>\n<\/div>\n\n\n\n<div class=\"wp-block-uagb-container uagb-block-69df0e98\">\n<div class=\"wp-block-uagb-info-box uagb-block-194ffc81 uagb-infobox__content-wrap uagb-infobox-icon-above-title uagb-infobox-image-valign-top\"><div class=\"uagb-ifb-content\"><div class=\"uagb-ifb-title-wrap\"><h3 class=\"uagb-ifb-title\">Hossz\u00fa t\u00e1v\u00fa utaz\u00e1s<\/h3><\/div><p class=\"uagb-ifb-desc\">A hossz\u00fa \u00fatra indul\u00f3knak seg\u00edthet a k\u00f6lts\u00e9gvet\u00e9s \u00f6ssze\u00e1ll\u00edt\u00e1s\u00e1ban \u00e9s tervez\u00e9s\u00e9ben, ha tudj\u00e1k, hol kell \u00fatd\u00edjat fizetni.\nSzolg\u00e1ltat\u00e1saink \u00e1tfog\u00f3 \u00fatd\u00edj-inform\u00e1ci\u00f3kat ny\u00fajtanak, hogy seg\u00edtsenek \u00d6nnek megalapozott d\u00f6nt\u00e9seket hozni az utaz\u00e1si \u00fatvonalakkal kapcsolatban. <\/p><\/div><\/div>\n<\/div>\n\n\n\n<div class=\"wp-block-uagb-container uagb-block-85518280\">\n<div class=\"wp-block-uagb-info-box uagb-block-1dc87a3d uagb-infobox__content-wrap uagb-infobox-icon-above-title uagb-infobox-image-valign-top\"><div class=\"uagb-ifb-content\"><div class=\"uagb-ifb-title-wrap\"><h3 class=\"uagb-ifb-title\">Flotta\u00fczemeltet\u00e9s<\/h3><\/div><p class=\"uagb-ifb-desc\">A nagy flott\u00e1kat kezel\u0151 v\u00e1llalkoz\u00e1sok a hat\u00e9konys\u00e1g \u00e9s a k\u00f6lts\u00e9ggazd\u00e1lkod\u00e1s \u00e9rdek\u00e9ben az \u00fatd\u00edjszed\u00e9si szolg\u00e1ltat\u00e1sokra t\u00e1maszkodnak.\nMegold\u00e1saink a flotta\u00fczemeltet\u0151k ig\u00e9nyeihez igazodnak, \u00e9s szem\u00e9lyre szabott szolg\u00e1ltat\u00e1sokat k\u00edn\u00e1lnak a t\u00f6bb j\u00e1rm\u0171re kiterjed\u0151 \u00fatd\u00edjfizet\u00e9s racionaliz\u00e1l\u00e1s\u00e1ra, biztos\u00edtva a z\u00f6kken\u0151mentes m\u0171k\u00f6d\u00e9st az utakon. <\/p><\/div><\/div>\n<\/div>\n<\/div><\/div>\n","protected":false},"excerpt":{"rendered":"<p>Hol alkalmazand\u00f3<\/p>\n","protected":false},"author":2,"featured_media":0,"parent":0,"menu_order":0,"comment_status":"closed","ping_status":"closed","template":"","meta":{"inline_featured_image":false,"_uag_custom_page_level_css":"","site-sidebar-layout":"no-sidebar","site-content-layout":"plain-container","ast-site-content-layout":"full-width-container","site-content-style":"unboxed","site-sidebar-style":"unboxed","ast-global-header-display":"","ast-banner-title-visibility":"","ast-main-header-display":"","ast-hfb-above-header-display":"","ast-hfb-below-header-display":"","ast-hfb-mobile-header-display":"","site-post-title":"disabled","ast-breadcrumbs-content":"","ast-featured-img":"","footer-sml-layout":"","theme-transparent-header-meta":"enabled","adv-header-id-meta":"","stick-header-meta":"","header-above-stick-meta":"","header-main-stick-meta":"","header-below-stick-meta":"","astra-migrate-meta-layouts":"default","ast-page-background-enabled":"default","ast-page-background-meta":{"desktop":{"background-color":"","background-image":"","background-repeat":"repeat","background-position":"center center","background-size":"auto","background-attachment":"scroll","background-type":"","background-media":"","overlay-type":"","overlay-color":"","overlay-opacity":"","overlay-gradient":""},"tablet":{"background-color":"","background-image":"","background-repeat":"repeat","background-position":"center center","background-size":"auto","background-attachment":"scroll","background-type":"","background-media":"","overlay-type":"","overlay-color":"","overlay-opacity":"","overlay-gradient":""},"mobile":{"background-color":"","background-image":"","background-repeat":"repeat","background-position":"center center","background-size":"auto","background-attachment":"scroll","background-type":"","background-media":"","overlay-type":"","overlay-color":"","overlay-opacity":"","overlay-gradient":""}},"ast-content-background-meta":{"desktop":{"background-color":"var(--ast-global-color-5)","background-image":"","background-repeat":"repeat","background-position":"center center","background-size":"auto","background-attachment":"scroll","background-type":"","background-media":"","overlay-type":"","overlay-color":"","overlay-opacity":"","overlay-gradient":""},"tablet":{"background-color":"var(--ast-global-color-5)","background-image":"","background-repeat":"repeat","background-position":"center center","background-size":"auto","background-attachment":"scroll","background-type":"","background-media":"","overlay-type":"","overlay-color":"","overlay-opacity":"","overlay-gradient":""},"mobile":{"background-color":"var(--ast-global-color-5)","background-image":"","background-repeat":"repeat","background-position":"center center","background-size":"auto","background-attachment":"scroll","background-type":"","background-media":"","overlay-type":"","overlay-color":"","overlay-opacity":"","overlay-gradient":""}},"footnotes":""},"categories":[],"tags":[],"class_list":["post-2930","page","type-page","status-publish","hentry"],"uagb_featured_image_src":{"full":false,"thumbnail":false,"medium":false,"medium_large":false,"large":false,"1536x1536":false,"2048x2048":false},"uagb_author_info":{"display_name":"shubham","author_link":"https:\/\/www.ematrica.com\/hu\/author\/shubham\/"},"uagb_comment_info":0,"uagb_excerpt":"Hol alkalmazand\u00f3","_links":{"self":[{"href":"https:\/\/www.ematrica.com\/hu\/wp-json\/wp\/v2\/pages\/2930","targetHints":{"allow":["GET","POST","PUT","PATCH","DELETE"]}}],"collection":[{"href":"https:\/\/www.ematrica.com\/hu\/wp-json\/wp\/v2\/pages"}],"about":[{"href":"https:\/\/www.ematrica.com\/hu\/wp-json\/wp\/v2\/types\/page"}],"author":[{"embeddable":true,"href":"https:\/\/www.ematrica.com\/hu\/wp-json\/wp\/v2\/users\/2"}],"replies":[{"embeddable":true,"href":"https:\/\/www.ematrica.com\/hu\/wp-json\/wp\/v2\/comments?post=2930"}],"version-history":[{"count":1,"href":"https:\/\/www.ematrica.com\/hu\/wp-json\/wp\/v2\/pages\/2930\/revisions"}],"predecessor-version":[{"id":4763,"href":"https:\/\/www.ematrica.com\/hu\/wp-json\/wp\/v2\/pages\/2930\/revisions\/4763"}],"wp:attachment":[{"href":"https:\/\/www.ematrica.com\/hu\/wp-json\/wp\/v2\/media?parent=2930"}],"wp:term":[{"taxonomy":"category","embeddable":true,"href":"https:\/\/www.ematrica.com\/hu\/wp-json\/wp\/v2\/categories?post=2930"},{"taxonomy":"post_tag","embeddable":true,"href":"https:\/\/www.ematrica.com\/hu\/wp-json\/wp\/v2\/tags?post=2930"}],"curies":[{"name":"wp","href":"https:\/\/api.w.org\/{rel}","templated":true}]}}