{"id":4279,"date":"2024-09-27T07:37:25","date_gmt":"2024-09-27T05:37:25","guid":{"rendered":"https:\/\/www.ematrica.com\/adatvedelmi-iranyelvek\/"},"modified":"2024-09-27T07:37:25","modified_gmt":"2024-09-27T05:37:25","slug":"adatvedelmi-iranyelvek","status":"publish","type":"page","link":"https:\/\/www.ematrica.com\/hu\/adatvedelmi-iranyelvek\/","title":{"rendered":"Adatv\u00e9delmi ir\u00e1nyelvek"},"content":{"rendered":"\n<p><strong>Adatv\u00e9delmi \u00e9s cookie-nyilatkozat  <\/strong><\/p>\n\n\n\n<p>november 1, 2021<\/p>\n\n\n\n<p>Az ematrica.com sz\u00e1m\u00e1ra nagyon fontos az \u00d6n mag\u00e1n\u00e9lete. Ez\u00e9rt betartjuk a vonatkoz\u00f3 adatv\u00e9delmi t\u00f6rv\u00e9nyeket \u00e9s rendeleteket, bele\u00e9rtve az \u00e1ltal\u00e1nos adatv\u00e9delmi rendeletet (a tov\u00e1bbiakban: GDPR). Ez azt jelenti, hogy mi:  <\/p>\n\n\n\n<p>&#8211;&nbsp;&nbsp;&nbsp;&nbsp; &nbsp;&nbsp; A szem\u00e9lyes adatok feldolgoz\u00e1sa el\u0151tt, a jelen adatv\u00e9delmi nyilatkozaton kereszt\u00fcl<strong>egy\u00e9rtelm\u0171en meghat\u00e1rozzuk c\u00e9ljainkat<\/strong>&nbsp;;<\/p>\n\n\n\n<p>&#8211;&nbsp;&nbsp;&nbsp;&nbsp; &nbsp;&nbsp;<strong>T\u00e1roljon a lehet\u0151 legkevesebb szem\u00e9lyes adatot<\/strong>&nbsp;\u00e9s csak a c\u00e9ljainkhoz sz\u00fcks\u00e9ges adatokat;<\/p>\n\n\n\n<p>&#8211;&nbsp;&nbsp;&nbsp;&nbsp; &nbsp;&nbsp;<strong>Kifejezetten k\u00e9rjen hozz\u00e1j\u00e1rul\u00e1st<\/strong>&nbsp;az \u00d6n szem\u00e9lyes adatainak feldolgoz\u00e1s\u00e1hoz, ha hozz\u00e1j\u00e1rul\u00e1s sz\u00fcks\u00e9ges;<\/p>\n\n\n\n<p>&#8211;&nbsp;&nbsp;&nbsp;&nbsp;&nbsp;&nbsp;<strong>Tegye meg a sz\u00fcks\u00e9ges biztons\u00e1gi int\u00e9zked\u00e9seket<\/strong>&nbsp;az \u00d6n szem\u00e9lyes adatainak v\u00e9delme \u00e9rdek\u00e9ben. Ezeket a k\u00f6telezetts\u00e9geket a szem\u00e9lyes adatokat sz\u00e1munkra feldolgoz\u00f3 felek sz\u00e1m\u00e1ra is el\u0151\u00edrjuk; <\/p>\n\n\n\n<p>&#8211;&nbsp;&nbsp;&nbsp;&nbsp; &nbsp;&nbsp;<strong>Az \u00d6n jogainak tiszteletben tart\u00e1sa<\/strong>&nbsp;, mint p\u00e9ld\u00e1ul az \u00e1ltalunk feldolgozott szem\u00e9lyes adataihoz val\u00f3 hozz\u00e1f\u00e9r\u00e9s, azok helyesb\u00edt\u00e9se vagy t\u00f6rl\u00e9se.<\/p>\n\n\n\n<p>Az \u00d6n adatai biztons\u00e1gban vannak n\u00e1lunk, \u00e9s ezeket az adatokat mindig megfelel\u0151en haszn\u00e1ljuk. Ebben az adatv\u00e9delmi nyilatkozatban elmagyar\u00e1zzuk, hogy mi az ematrica.com web\u00e1ruh\u00e1zban mit tesz\u00fcnk az \u00d6nr\u0151l szerzett inform\u00e1ci\u00f3kkal. <\/p>\n\n\n\n<p>Ha b\u00e1rmilyen k\u00e9rd\u00e9se van, vagy szeretn\u00e9 tudni, hogy pontosan milyen adatokat t\u00e1rolunk \u00d6nr\u0151l, k\u00e9rj\u00fck, l\u00e9pjen kapcsolatba az ematrica.com c\u00edmmel.<\/p>\n\n\n\n<p><strong>A megrendel\u00e9sek feldolgoz\u00e1sa<\/strong><br>Amikor megrendel\u00e9st ad le n\u00e1lunk, szem\u00e9lyes adatait a megfelel\u0151 feldolgoz\u00e1shoz haszn\u00e1ljuk fel. Ezt k\u00f6vet\u0151en a szem\u00e9lyes adatait \u00e1tadhatjuk a sz\u00e1ll\u00edt\u00e1si szolg\u00e1latunknak, hogy a megrendel\u00e9st kisz\u00e1ll\u00edthassuk \u00d6nnek. A bankj\u00e1t\u00f3l vagy hitelk\u00e1rtya-t\u00e1rsas\u00e1g\u00e1t\u00f3l is kapunk inform\u00e1ci\u00f3kat az \u00d6n fizet\u00e9s\u00e9re vonatkoz\u00f3an. Ehhez haszn\u00e1ljuk az \u00d6n:   <\/p>\n\n\n\n<ul class=\"wp-block-list\">\n<li>N\u00e9v \u00e9s c\u00edmadatok<\/li>\n\n\n\n<li>E-mail c\u00edm<\/li>\n\n\n\n<li>Fizet\u00e9si r\u00e9szletek<\/li>\n\n\n\n<li>IP-c\u00edm<\/li>\n\n\n\n<li>\u00datlev\u00e9ladatok (sz\u00fclet\u00e9si d\u00e1tum, nem, f\u00e9nyk\u00e9p, \u00fatlev\u00e9lsz\u00e1m stb.)<\/li>\n<\/ul>\n\n\n\n<p>Erre az \u00d6nnel k\u00f6t\u00f6tt szerz\u0151d\u00e9s miatt van sz\u00fcks\u00e9g\u00fcnk. Ezeket az adatokat a megrendel\u00e9s\u00e9nek teljes\u00edt\u00e9s\u00e9ig t\u00e1roljuk. Bizonyos \u00fcgyf\u00e9ladatokat a t\u00f6rv\u00e9nyes ad\u00f3meg\u0151rz\u00e9si k\u00f6telezetts\u00e9ggel \u00f6sszef\u00fcgg\u00e9sben hosszabb ideig t\u00e1rolunk.  <\/p>\n\n\n\n<p><em>Harmadik felek r\u00e9sz\u00e9re t\u00f6rt\u00e9n\u0151 \u00e1tad\u00e1s<\/em><br>Egy\u00fcttm\u0171k\u00f6d\u00fcnk bizonyos v\u00e1llalatokkal, amelyek megkaphatj\u00e1k t\u0151l\u00fcnk az \u00d6n fent eml\u00edtett szem\u00e9lyes adatait.<\/p>\n\n\n\n<p>A megrendel\u00e9sek feldolgoz\u00e1s\u00e1hoz egy\u00fcttm\u0171k\u00f6d\u00fcnk:<\/p>\n\n\n\n<ul class=\"wp-block-list\">\n<li>Fizet\u00e9si szolg\u00e1ltat\u00f3ink Mollie \u00e9s Multisafepay<\/li>\n\n\n\n<li>Annak az orsz\u00e1gnak a korm\u00e1nya vagy k\u00fcl\u00fcgyminiszt\u00e9riuma, amelybe \u00d6n v\u00edzumot k\u00e9r.<\/li>\n<\/ul>\n\n\n\n<p><strong>Kapcsolatfelv\u00e9teli \u0171rlap<\/strong><br>A kapcsolatfelv\u00e9teli \u0171rlap seg\u00edts\u00e9g\u00e9vel k\u00e9rd\u00e9seket vagy k\u00e9r\u00e9seket tehet fel nek\u00fcnk. Ehhez haszn\u00e1ljuk az \u00d6n: <\/p>\n\n\n\n<ul class=\"wp-block-list\">\n<li>E-mail c\u00edm<\/li>\n<\/ul>\n\n\n\n<p>Ezt az \u00d6n hozz\u00e1j\u00e1rul\u00e1sa alapj\u00e1n tessz\u00fck. Ezeket az inform\u00e1ci\u00f3kat addig t\u00e1roljuk, am\u00edg meg nem bizonyosodunk arr\u00f3l, hogy \u00d6n el\u00e9gedett a v\u00e1laszunkkal. <\/p>\n\n\n\n<p><strong>Hirdet\u00e9sek<\/strong><br>Web\u00e1ruh\u00e1zunkban hirdet\u00e9sek jelennek meg. Ezeket nem mi magunk tessz\u00fck k\u00f6zz\u00e9, hanem rekl\u00e1m\u00fcgyn\u00f6ks\u00e9gek, amelyekkel egy\u00fcttm\u0171k\u00f6d\u00fcnk. Ezek az \u00fcgyn\u00f6ks\u00e9gek nyomon k\u00f6vetik, hogy \u00d6n \u00e9rdekesnek tal\u00e1lja-e a hirdet\u00e9seket, \u00e9s ezt az inform\u00e1ci\u00f3t arra haszn\u00e1lj\u00e1k fel, hogy a j\u00f6v\u0151ben csak sz\u00f3rakoztat\u00f3 vagy \u00e9rdekes hirdet\u00e9seket \u00e9s aj\u00e1nlatokat jelen\u00edtsenek meg \u00d6nnek.  <\/p>\n\n\n\n<p><strong>M\u00e1s c\u00e9geknek vagy int\u00e9zm\u00e9nyeknek t\u00f6rt\u00e9n\u0151 \u00e1tad\u00e1s<\/strong><br>A fent eml\u00edtett szolg\u00e1ltat\u00e1sok ny\u00fajt\u00e1s\u00e1hoz sz\u00fcks\u00e9ges felek kiv\u00e9tel\u00e9vel semmilyen k\u00f6r\u00fclm\u00e9nyek k\u00f6z\u00f6tt nem adjuk \u00e1t az \u00d6n szem\u00e9lyes adatait m\u00e1s c\u00e9geknek vagy int\u00e9zm\u00e9nyeknek, kiv\u00e9ve, ha erre t\u00f6rv\u00e9nyi k\u00f6telezetts\u00e9g\u00fcnk van (p\u00e9ld\u00e1ul ha a rend\u0151rs\u00e9g b\u0171ncselekm\u00e9ny gyan\u00faja eset\u00e9n ezt k\u00e9ri).&nbsp;<\/p>\n\n\n\n<p><strong>Statisztik\u00e1k<\/strong><br>Web\u00e1ruh\u00e1zunk haszn\u00e1lat\u00e1r\u00f3l statisztik\u00e1kat vezet\u00fcnk, de ezeket az adatokat mindig anonimiz\u00e1ljuk.&nbsp;<\/p>\n\n\n\n<p><strong>S\u00fctik<\/strong><br>Webshopunk s\u00fctiket haszn\u00e1l. A s\u00fctik olyan kis f\u00e1jlok, amelyekben inform\u00e1ci\u00f3kat t\u00e1rolhatunk, hogy \u00d6nnek ne kelljen azokat \u00fajra kit\u00f6ltenie. De azt is l\u00e1thatjuk, hogy \u00d6n \u00fajra ell\u00e1togat hozz\u00e1nk.  <\/p>\n\n\n\n<p>A b\u00f6ng\u00e9sz\u0151je seg\u00edts\u00e9g\u00e9vel letilthatja a s\u00fctik elhelyez\u00e9s\u00e9t, de web\u00e1ruh\u00e1zunk egyes r\u00e9szei ezut\u00e1n nem fognak megfelel\u0151en m\u0171k\u00f6dni.<\/p>\n\n\n\n<p>A s\u00fctiket elhelyez\u0151 m\u00e1s v\u00e1llalatokkal meg\u00e1llapod\u00e1sokat k\u00f6t\u00f6tt\u00fcnk a s\u00fctik haszn\u00e1lat\u00e1r\u00f3l. Azonban nincs teljes ellen\u0151rz\u00e9s\u00fcnk arra vonatkoz\u00f3an, hogy \u0151k maguk mit tesznek a s\u00fctikkel. Ez\u00e9rt olvassa el az \u0151 adatv\u00e9delmi nyilatkozataikat is.  <\/p>\n\n\n\n<p><strong>Biztons\u00e1g<\/strong><br>A szem\u00e9lyes adatok biztons\u00e1ga nagyon fontos sz\u00e1munkra. Gondoskodunk arr\u00f3l, hogy az \u00d6n adatai j\u00f3l v\u00e9dve legyenek n\u00e1lunk. Folyamatosan m\u00f3dos\u00edtjuk a biztons\u00e1got, \u00e9s nagyon figyel\u00fcnk arra, hogy mi az, ami elromolhat.  <\/p>\n\n\n\n<p><strong>Az adatv\u00e9delmi nyilatkozat m\u00f3dos\u00edt\u00e1sa<\/strong><br>Amikor webshopunk v\u00e1ltozik, term\u00e9szetesen az adatv\u00e9delmi nyilatkozatot is ki kell igaz\u00edtanunk. Ez\u00e9rt mindig figyeljen a fenti d\u00e1tumra, \u00e9s rendszeresen ellen\u0151rizze az \u00faj verzi\u00f3kat. Igyeksz\u00fcnk mindent megtenni, hogy a v\u00e1ltoz\u00e1sokat tov\u00e1bb\u00edtsuk \u00d6nnek.  <\/p>\n\n\n\n<p><strong>Az \u00d6n jogai<\/strong><br>Ha b\u00e1rmilyen k\u00e9rd\u00e9se van, vagy szeretn\u00e9 tudni, milyen szem\u00e9lyes adatokat t\u00e1rolunk \u00d6nr\u0151l, b\u00e1rmikor kapcsolatba l\u00e9phet vel\u00fcnk. L\u00e1sd az al\u00e1bbi el\u00e9rhet\u0151s\u00e9geket. <\/p>\n\n\n\n<p>A k\u00f6vetkez\u0151 jogokkal rendelkezik:<\/p>\n\n\n\n<ul class=\"wp-block-list\">\n<li>Magyar\u00e1zatot kaphat arr\u00f3l, hogy milyen szem\u00e9lyes adatokkal rendelkez\u00fcnk, \u00e9s mit csin\u00e1lunk vel\u00fck;<\/li>\n\n\n\n<li>Hozz\u00e1f\u00e9r\u00e9s a birtokunkban l\u00e9v\u0151 pontos szem\u00e9lyes adatokhoz;<\/li>\n\n\n\n<li>A hib\u00e1k kijav\u00edt\u00e1sa;<\/li>\n\n\n\n<li>Az elavult szem\u00e9lyes adatok elt\u00e1vol\u00edt\u00e1sa;<\/li>\n\n\n\n<li>Szem\u00e9lyes adatok tov\u00e1bb\u00edt\u00e1sa egy m\u00e1sik f\u00e9lnek;<\/li>\n\n\n\n<li>A hozz\u00e1j\u00e1rul\u00e1s visszavon\u00e1sa;<\/li>\n\n\n\n<li>Egy bizonyos feldolgoz\u00e1s korl\u00e1toz\u00e1sa;<\/li>\n\n\n\n<li>Tiltakozni egy adott felhaszn\u00e1l\u00e1s ellen.<\/li>\n<\/ul>\n\n\n\n<p>K\u00e9rj\u00fck, vegye figyelembe, hogy mindig egy\u00e9rtelm\u0171en jelezze, hogy ki \u00d6n, hogy biztosak lehess\u00fcnk abban, hogy nem a rossz szem\u00e9ly adatait m\u00f3dos\u00edtjuk vagy t\u00f6r\u00f6lj\u00fck.<\/p>\n\n\n\n<p>Elvileg egy h\u00f3napon bel\u00fcl teljes\u00edtj\u00fck a k\u00e9r\u00e9s\u00e9t. Ez az id\u0151tartam azonban meghosszabb\u00edthat\u00f3 az \u00e9rintettek k\u00fcl\u00f6nleges jogaihoz vagy a k\u00e9relem \u00f6sszetetts\u00e9g\u00e9hez kapcsol\u00f3d\u00f3 okokb\u00f3l. Ha meghosszabb\u00edtjuk ezt az id\u0151szakot, err\u0151l id\u0151ben t\u00e1j\u00e9koztatjuk \u00d6nt.  <\/p>\n\n\n\n<p><strong>Panasz beny\u00fajt\u00e1sa<\/strong><br>Ha panaszt k\u00edv\u00e1n tenni szem\u00e9lyes adatainak felhaszn\u00e1l\u00e1s\u00e1val kapcsolatban, k\u00fcldj\u00f6n e-mailt a contact@ematrica.com c\u00edmre. Minden panaszt bels\u0151leg kezel\u00fcnk, \u00e9s a tov\u00e1bbiakban t\u00e1j\u00e9koztatjuk \u00d6nt. <\/p>\n\n\n\n<p>Ha \u00fagy \u00e9rzi, hogy nem a megfelel\u0151 m\u00f3don seg\u00edt\u00fcnk \u00d6nnek, joga van panaszt tenni a fel\u00fcgyeleti hat\u00f3s\u00e1gn\u00e1l. Ezt a holland adatv\u00e9delmi hat\u00f3s\u00e1gnak h\u00edvj\u00e1k. <\/p>\n\n\n\n<p><strong>Kapcsolattart\u00e1si adatok<\/strong><\/p>\n\n\n\n<p><strong>C\u00edm<\/strong>: GOVIGNETTE LTD, a 128 City Road, London, Egyes\u00fclt Kir\u00e1lys\u00e1g, EC1V 2NX<\/p>\n\n\n\n<p>E-mail: E-mail:&nbsp;contact@ematrica.com<\/p>\n\n\n\n<p>Kapcsolat : +44 077 5757 7501<\/p>\n","protected":false},"excerpt":{"rendered":"<p>Adatv\u00e9delmi \u00e9s cookie-nyilatkozat november 1, 2021 Az ematrica.com sz\u00e1m\u00e1ra nagyon fontos az \u00d6n mag\u00e1n\u00e9lete. Ez\u00e9rt betartjuk a vonatkoz\u00f3 adatv\u00e9delmi t\u00f6rv\u00e9nyeket \u00e9s rendeleteket, bele\u00e9rtve az \u00e1ltal\u00e1nos adatv\u00e9delmi rendeletet (a tov\u00e1bbiakban: GDPR). Ez azt jelenti, hogy mi: &#8211;&nbsp;&nbsp;&nbsp;&nbsp; &nbsp;&nbsp; A szem\u00e9lyes adatok feldolgoz\u00e1sa el\u0151tt, a jelen adatv\u00e9delmi nyilatkozaton kereszt\u00fclegy\u00e9rtelm\u0171en meghat\u00e1rozzuk c\u00e9ljainkat&nbsp;; &#8211;&nbsp;&nbsp;&nbsp;&nbsp; &nbsp;&nbsp;T\u00e1roljon a lehet\u0151 legkevesebb szem\u00e9lyes [&hellip;]<\/p>\n","protected":false},"author":1,"featured_media":0,"parent":0,"menu_order":0,"comment_status":"closed","ping_status":"closed","template":"","meta":{"inline_featured_image":false,"_uag_custom_page_level_css":"","site-sidebar-layout":"default","site-content-layout":"","ast-site-content-layout":"default","site-content-style":"default","site-sidebar-style":"default","ast-global-header-display":"","ast-banner-title-visibility":"","ast-main-header-display":"","ast-hfb-above-header-display":"","ast-hfb-below-header-display":"","ast-hfb-mobile-header-display":"","site-post-title":"","ast-breadcrumbs-content":"","ast-featured-img":"","footer-sml-layout":"","theme-transparent-header-meta":"","adv-header-id-meta":"","stick-header-meta":"","header-above-stick-meta":"","header-main-stick-meta":"","header-below-stick-meta":"","astra-migrate-meta-layouts":"default","ast-page-background-enabled":"default","ast-page-background-meta":{"desktop":{"background-color":"","background-image":"","background-repeat":"repeat","background-position":"center center","background-size":"auto","background-attachment":"scroll","background-type":"","background-media":"","overlay-type":"","overlay-color":"","overlay-opacity":"","overlay-gradient":""},"tablet":{"background-color":"","background-image":"","background-repeat":"repeat","background-position":"center center","background-size":"auto","background-attachment":"scroll","background-type":"","background-media":"","overlay-type":"","overlay-color":"","overlay-opacity":"","overlay-gradient":""},"mobile":{"background-color":"","background-image":"","background-repeat":"repeat","background-position":"center center","background-size":"auto","background-attachment":"scroll","background-type":"","background-media":"","overlay-type":"","overlay-color":"","overlay-opacity":"","overlay-gradient":""}},"ast-content-background-meta":{"desktop":{"background-color":"var(--ast-global-color-5)","background-image":"","background-repeat":"repeat","background-position":"center center","background-size":"auto","background-attachment":"scroll","background-type":"","background-media":"","overlay-type":"","overlay-color":"","overlay-opacity":"","overlay-gradient":""},"tablet":{"background-color":"var(--ast-global-color-5)","background-image":"","background-repeat":"repeat","background-position":"center center","background-size":"auto","background-attachment":"scroll","background-type":"","background-media":"","overlay-type":"","overlay-color":"","overlay-opacity":"","overlay-gradient":""},"mobile":{"background-color":"var(--ast-global-color-5)","background-image":"","background-repeat":"repeat","background-position":"center center","background-size":"auto","background-attachment":"scroll","background-type":"","background-media":"","overlay-type":"","overlay-color":"","overlay-opacity":"","overlay-gradient":""}},"footnotes":""},"categories":[],"tags":[109],"class_list":["post-4279","page","type-page","status-publish","hentry","tag-noindex-hu"],"uagb_featured_image_src":{"full":false,"thumbnail":false,"medium":false,"medium_large":false,"large":false,"1536x1536":false,"2048x2048":false},"uagb_author_info":{"display_name":"admin","author_link":"https:\/\/www.ematrica.com\/hu\/author\/admin\/"},"uagb_comment_info":0,"uagb_excerpt":"Adatv\u00e9delmi \u00e9s cookie-nyilatkozat november 1, 2021 Az ematrica.com sz\u00e1m\u00e1ra nagyon fontos az \u00d6n mag\u00e1n\u00e9lete. Ez\u00e9rt betartjuk a vonatkoz\u00f3 adatv\u00e9delmi t\u00f6rv\u00e9nyeket \u00e9s rendeleteket, bele\u00e9rtve az \u00e1ltal\u00e1nos adatv\u00e9delmi rendeletet (a tov\u00e1bbiakban: GDPR). Ez azt jelenti, hogy mi: &#8211;&nbsp;&nbsp;&nbsp;&nbsp; &nbsp;&nbsp; A szem\u00e9lyes adatok feldolgoz\u00e1sa el\u0151tt, a jelen adatv\u00e9delmi nyilatkozaton kereszt\u00fclegy\u00e9rtelm\u0171en meghat\u00e1rozzuk c\u00e9ljainkat&nbsp;; &#8211;&nbsp;&nbsp;&nbsp;&nbsp; &nbsp;&nbsp;T\u00e1roljon a lehet\u0151 legkevesebb szem\u00e9lyes&hellip;","_links":{"self":[{"href":"https:\/\/www.ematrica.com\/hu\/wp-json\/wp\/v2\/pages\/4279","targetHints":{"allow":["GET","POST","PUT","PATCH","DELETE"]}}],"collection":[{"href":"https:\/\/www.ematrica.com\/hu\/wp-json\/wp\/v2\/pages"}],"about":[{"href":"https:\/\/www.ematrica.com\/hu\/wp-json\/wp\/v2\/types\/page"}],"author":[{"embeddable":true,"href":"https:\/\/www.ematrica.com\/hu\/wp-json\/wp\/v2\/users\/1"}],"replies":[{"embeddable":true,"href":"https:\/\/www.ematrica.com\/hu\/wp-json\/wp\/v2\/comments?post=4279"}],"version-history":[{"count":0,"href":"https:\/\/www.ematrica.com\/hu\/wp-json\/wp\/v2\/pages\/4279\/revisions"}],"wp:attachment":[{"href":"https:\/\/www.ematrica.com\/hu\/wp-json\/wp\/v2\/media?parent=4279"}],"wp:term":[{"taxonomy":"category","embeddable":true,"href":"https:\/\/www.ematrica.com\/hu\/wp-json\/wp\/v2\/categories?post=4279"},{"taxonomy":"post_tag","embeddable":true,"href":"https:\/\/www.ematrica.com\/hu\/wp-json\/wp\/v2\/tags?post=4279"}],"curies":[{"name":"wp","href":"https:\/\/api.w.org\/{rel}","templated":true}]}}