{"id":4285,"date":"2024-09-27T07:37:25","date_gmt":"2024-09-27T05:37:25","guid":{"rendered":"https:\/\/www.ematrica.com\/privatumo-politika\/"},"modified":"2024-09-27T07:37:25","modified_gmt":"2024-09-27T05:37:25","slug":"privatumo-politika","status":"publish","type":"page","link":"https:\/\/www.ematrica.com\/lt\/privatumo-politika\/","title":{"rendered":"Privatumo politika"},"content":{"rendered":"\n<p><strong>Privatumo ir slapuk\u0173 deklaracija  <\/strong><\/p>\n\n\n\n<p>2021 m. lapkri\u010dio 1 d.<\/p>\n\n\n\n<p>J\u016bs\u0173 privatumas yra labai svarbus ematrica.com. Tod\u0117l laikom\u0117s atitinkam\u0173 \u012fstatym\u0173 ir teis\u0117s akt\u0173 d\u0117l privatumo, \u012fskaitant Bendr\u0105j\u012f duomen\u0173 apsaugos reglament\u0105 (toliau &#8211; BDAR). Tai rei\u0161kia, kad mes:  <\/p>\n\n\n\n<p>&#8211;&nbsp;&nbsp;&nbsp;&nbsp; &nbsp;&nbsp; Prie\u0161 prad\u0117dami tvarkyti j\u016bs\u0173 asmens duomenis, \u0161iame privatumo parei\u0161kime<strong>ai\u0161kiai nurodome savo tikslus<\/strong>&nbsp;;<\/p>\n\n\n\n<p>&#8211;&nbsp;&nbsp;&nbsp;&nbsp; &nbsp;&nbsp;<strong>Saugokite kuo ma\u017eiau asmens duomen\u0173<\/strong>&nbsp;ir tik tuos duomenis, kurie b\u016btini m\u016bs\u0173 tikslams;<\/p>\n\n\n\n<p>&#8211;&nbsp;&nbsp;&nbsp;&nbsp; &nbsp;&nbsp;<strong>Ai\u0161kiai papra\u0161ykite sutikimo<\/strong>&nbsp;tvarkyti j\u016bs\u0173 asmens duomenis, jei sutikimo reikia;<\/p>\n\n\n\n<p>&#8211;&nbsp;&nbsp;&nbsp;&nbsp;&nbsp;&nbsp;<strong>Imkit\u0117s reikiam\u0173 saugumo priemoni\u0173<\/strong>&nbsp;<strong>, kad<\/strong> apsaugotum\u0117te savo asmens duomenis. \u0160iuos \u012fpareigojimus taip pat nustatome \u0161alims, kurios tvarko m\u016bs\u0173 asmens duomenis; <\/p>\n\n\n\n<p>&#8211;&nbsp;&nbsp;&nbsp;&nbsp; &nbsp;&nbsp;<strong>Gerbkite savo teises<\/strong>&nbsp;, pavyzd\u017eiui, teis\u0119 susipa\u017einti su m\u016bs\u0173 tvarkomais j\u016bs\u0173 asmens duomenimis, juos taisyti ar i\u0161trinti.<\/p>\n\n\n\n<p>J\u016bs\u0173 duomenys pas mus yra saug\u016bs ir mes visada tinkamai juos naudosime. \u0160iame privatumo parei\u0161kime paai\u0161kiname, k\u0105 mes internetin\u0117je parduotuv\u0117je ematrica.com darome su informacija, kuri\u0105 su\u017einome apie jus. <\/p>\n\n\n\n<p>Jei turite klausim\u0173 arba norite su\u017einoti, kokius tiksliai duomenis apie jus saugome, kreipkit\u0117s \u012f ematrica.com.<\/p>\n\n\n\n<p><strong>U\u017esakym\u0173 tvarkymas<\/strong><br>Kai mums pateikiate u\u017esakym\u0105, j\u016bs\u0173 asmens duomenis naudojame tam, kad j\u012f tinkamai apdorotume. Tada j\u016bs\u0173 asmens duomenis galime pateikti m\u016bs\u0173 pristatymo tarnybai, kad u\u017esakymas b\u016bt\u0173 pristatytas jums. Informacij\u0105 apie j\u016bs\u0173 mok\u0117jim\u0105 taip pat gauname i\u0161 j\u016bs\u0173 banko arba kredito korteli\u0173 bendrov\u0117s. Tam naudojame j\u016bs\u0173:   <\/p>\n\n\n\n<ul class=\"wp-block-list\">\n<li>Vardas, pavard\u0117 ir adresas<\/li>\n\n\n\n<li>El. pa\u0161to adresas<\/li>\n\n\n\n<li>Mok\u0117jimo informacija<\/li>\n\n\n\n<li>IP adresas<\/li>\n\n\n\n<li>paso duomenys (gimimo data, lytis, nuotrauka, paso numeris ir kt.)<\/li>\n<\/ul>\n\n\n\n<p>Mums to reikia d\u0117l su jumis sudarytos sutarties. \u0160i\u0105 informacij\u0105 saugome tol, kol j\u016bs\u0173 u\u017esakymas bus \u012fvykdytas. Tam tikrus klient\u0173 duomenis saugome ilgiau, nes tai susij\u0119 su teis\u0117s aktuose nustatyta fiskalinio saugojimo prievole.  <\/p>\n\n\n\n<p><em>Pateikimas tre\u010diosioms \u0161alims<\/em><br>Bendradarbiaujame su tam tikromis \u012fmon\u0117mis, kurios gali i\u0161 m\u016bs\u0173 gauti pirmiau min\u0117tus j\u016bs\u0173 asmens duomenis.<\/p>\n\n\n\n<p>Nor\u0117dami apdoroti u\u017esakymus, bendradarbiaujame su:<\/p>\n\n\n\n<ul class=\"wp-block-list\">\n<li>M\u016bs\u0173 mok\u0117jimo paslaug\u0173 teik\u0117jai &#8222;Mollie&#8221; ir &#8222;Multisafepay<\/li>\n\n\n\n<li>\u0160alies, \u012f kuri\u0105 pra\u0161ote vizos, vyriausyb\u0117 arba u\u017esienio reikal\u0173 ministerija.<\/li>\n<\/ul>\n\n\n\n<p><strong>Kontaktin\u0117 forma<\/strong><br>Naudodami kontaktin\u0119 form\u0105 galite u\u017eduoti mums klausimus arba pateikti pra\u0161ymus. Tam mes naudojame j\u016bs\u0173: <\/p>\n\n\n\n<ul class=\"wp-block-list\">\n<li>El. pa\u0161to adresas<\/li>\n<\/ul>\n\n\n\n<p>Tai darome remdamiesi j\u016bs\u0173 sutikimu. \u0160i\u0105 informacij\u0105 saugome tol, kol \u012fsitikiname, kad esate patenkinti m\u016bs\u0173 atsakymu. <\/p>\n\n\n\n<p><strong>Skelbimai<\/strong><br>M\u016bs\u0173 internetin\u0117je parduotuv\u0117je rodomi skelbimai. Mes patys j\u0173 neskelbiame, ta\u010diau tai daro reklamos agent\u016bros, su kuriomis bendradarbiaujame. \u0160ios agent\u016bros stebi, ar jums reklama atrodo \u012fdomi, ir naudoja \u0161i\u0105 informacij\u0105, kad ateityje rodyt\u0173 jums tik \u012fdomias arba \u012fdomias reklamas ir pasi\u016blymus.  <\/p>\n\n\n\n<p><strong>Teikimas kitoms bendrov\u0117ms ar institucijoms<\/strong><br>I\u0161skyrus \u0161alis, kurios yra b\u016btinos pirmiau min\u0117toms paslaugoms teikti, j\u016bs\u0173 asmens duomen\u0173 jokiomis aplinkyb\u0117mis neteiksime kitoms bendrov\u0117ms ar institucijoms, i\u0161skyrus atvejus, kai esame teisi\u0161kai \u012fpareigoti tai daryti (pavyzd\u017eiui, jei to reikalauja policija \u012ftariamo nusikaltimo atveju).&nbsp;<\/p>\n\n\n\n<p><strong>Statistika<\/strong><br>Vedame statistik\u0105 apie naudojim\u0105si m\u016bs\u0173 interneto parduotuve, ta\u010diau \u0161ie duomenys visada yra anoniminiai.&nbsp;<\/p>\n\n\n\n<p><strong>Slapukai<\/strong><br>M\u016bs\u0173 internetin\u0117je parduotuv\u0117je naudojami slapukai. Slapukai &#8211; tai nedideli failai, kuriuose galime i\u0161saugoti informacij\u0105, kad jums nereik\u0117t\u0173 jos pildyti i\u0161 naujo. Ta\u010diau mes taip pat galime matyti, kad v\u0117l pas mus lankot\u0117s.  <\/p>\n\n\n\n<p>Galite i\u0161jungti slapuk\u0173 \u012fra\u0161ym\u0105 per savo nar\u0161ykl\u0119, ta\u010diau tuomet kai kurios m\u016bs\u0173 internetin\u0117s parduotuv\u0117s dalys neveiks tinkamai.<\/p>\n\n\n\n<p>Su kitomis slapukus talpinan\u010diomis bendrov\u0117mis esame sudar\u0119 susitarimus d\u0117l slapuk\u0173 naudojimo. Ta\u010diau mes negalime visi\u0161kai kontroliuoti, k\u0105 jos daro su pa\u010diais slapukais. Tod\u0117l taip pat perskaitykite j\u0173 privatumo parei\u0161kimus.  <\/p>\n\n\n\n<p><strong>Saugumas<\/strong><br>Asmens duomen\u0173 saugumas mums labai svarbus. U\u017etikriname, kad j\u016bs\u0173 duomenys pas mus b\u016bt\u0173 gerai apsaugoti. Nuolat koreguojame saugum\u0105 ir atkreipiame d\u0117mes\u012f \u012f tai, kas gali nutikti ne taip.  <\/p>\n\n\n\n<p><strong>\u0160io privatumo parei\u0161kimo pakeitimai<\/strong><br>Kai kei\u010diasi m\u016bs\u0173 internetin\u0117 parduotuv\u0117, mes, \u017einoma, turime pakeisti ir privatumo parei\u0161kim\u0105. Tod\u0117l visada atkreipkite d\u0117mes\u012f \u012f auk\u0161\u010diau nurodyt\u0105 dat\u0105 ir reguliariai tikrinkite, ar n\u0117ra nauj\u0173 versij\u0173. Mes pasistengsime, kad pakeitimus perduotume jums.  <\/p>\n\n\n\n<p><strong>J\u016bs\u0173 teis\u0117s<\/strong><br>Jei turite koki\u0173 nors klausim\u0173 arba norite su\u017einoti, kokius j\u016bs\u0173 asmens duomenis saugome, visada galite su mumis susisiekti. \u017dr. toliau pateikt\u0105 kontaktin\u0119 informacij\u0105. <\/p>\n\n\n\n<p>Turite \u0161ias teises:<\/p>\n\n\n\n<ul class=\"wp-block-list\">\n<li>gauti paai\u0161kinim\u0105, kokius asmens duomenis turime ir k\u0105 su jais darome;<\/li>\n\n\n\n<li>Galimyb\u0117 susipa\u017einti su m\u016bs\u0173 turimais tiksliais asmens duomenimis;<\/li>\n\n\n\n<li>Klaid\u0173 taisymas;<\/li>\n\n\n\n<li>pa\u0161alinti pasenusius asmens duomenis;<\/li>\n\n\n\n<li>Asmens duomen\u0173 perdavimas kitai \u0161aliai;<\/li>\n\n\n\n<li>Sutikimo at\u0161aukimas;<\/li>\n\n\n\n<li>apriboti tam tikr\u0105 apdorojim\u0105;<\/li>\n\n\n\n<li>prie\u0161tarauti tam tikram naudojimui.<\/li>\n<\/ul>\n\n\n\n<p>Atkreipkite d\u0117mes\u012f, kad visada tur\u0117tum\u0117te ai\u0161kiai nurodyti, kas esate, kad gal\u0117tume b\u016bti tikri, jog nepakoreguosime ar nei\u0161trinsime ne to asmens duomen\u0173.<\/p>\n\n\n\n<p>J\u016bs\u0173 pra\u0161ym\u0105 i\u0161 esm\u0117s \u012fvykdysime per vien\u0105 m\u0117nes\u012f. Ta\u010diau \u0161is laikotarpis gali b\u016bti prat\u0119stas d\u0117l prie\u017eas\u010di\u0173, susijusi\u0173 su konkre\u010diomis duomen\u0173 subjekt\u0173 teis\u0117mis arba pra\u0161ymo sud\u0117tingumu. Jei \u0161\u012f laikotarp\u012f prat\u0119sime, laiku jus apie tai informuosime.  <\/p>\n\n\n\n<p><strong>Skundo pateikimas<\/strong><br>Jei norite pateikti skund\u0105 d\u0117l savo asmens duomen\u0173 naudojimo, galite si\u0173sti el. lai\u0161k\u0105 adresu contact@ematrica.com. Kiekvien\u0105 skund\u0105 nagrin\u0117sime viduje ir toliau apie tai informuosime jus. <\/p>\n\n\n\n<p>Jei manote, kad jums padedame netinkamai, turite teis\u0119 pateikti skund\u0105 prie\u017ei\u016bros institucijai. Ji vadinama Nyderland\u0173 duomen\u0173 apsaugos institucija. <\/p>\n\n\n\n<p><strong>Kontaktin\u0117 informacija<\/strong><\/p>\n\n\n\n<p><strong>Adresas:<\/strong> GOVIGNETTE LTD, a 128 City Road, Londonas, Jungtin\u0117 Karalyst\u0117, EC1V 2NX<\/p>\n\n\n\n<p>El. pa\u0161tas: El. pa\u0161tas:&nbsp;contact@ematrica.com<\/p>\n\n\n\n<p>Susisiekite su mumis: +44 077 5757 7501<\/p>\n","protected":false},"excerpt":{"rendered":"<p>Privatumo ir slapuk\u0173 deklaracija 2021 m. lapkri\u010dio 1 d. J\u016bs\u0173 privatumas yra labai svarbus ematrica.com. Tod\u0117l laikom\u0117s atitinkam\u0173 \u012fstatym\u0173 ir teis\u0117s akt\u0173 d\u0117l privatumo, \u012fskaitant Bendr\u0105j\u012f duomen\u0173 apsaugos reglament\u0105 (toliau &#8211; BDAR). Tai rei\u0161kia, kad mes: &#8211;&nbsp;&nbsp;&nbsp;&nbsp; &nbsp;&nbsp; Prie\u0161 prad\u0117dami tvarkyti j\u016bs\u0173 asmens duomenis, \u0161iame privatumo parei\u0161kimeai\u0161kiai nurodome savo tikslus&nbsp;; &#8211;&nbsp;&nbsp;&nbsp;&nbsp; &nbsp;&nbsp;Saugokite kuo ma\u017eiau asmens [&hellip;]<\/p>\n","protected":false},"author":1,"featured_media":0,"parent":0,"menu_order":0,"comment_status":"closed","ping_status":"closed","template":"","meta":{"inline_featured_image":false,"_uag_custom_page_level_css":"","site-sidebar-layout":"default","site-content-layout":"","ast-site-content-layout":"default","site-content-style":"default","site-sidebar-style":"default","ast-global-header-display":"","ast-banner-title-visibility":"","ast-main-header-display":"","ast-hfb-above-header-display":"","ast-hfb-below-header-display":"","ast-hfb-mobile-header-display":"","site-post-title":"","ast-breadcrumbs-content":"","ast-featured-img":"","footer-sml-layout":"","theme-transparent-header-meta":"","adv-header-id-meta":"","stick-header-meta":"","header-above-stick-meta":"","header-main-stick-meta":"","header-below-stick-meta":"","astra-migrate-meta-layouts":"default","ast-page-background-enabled":"default","ast-page-background-meta":{"desktop":{"background-color":"","background-image":"","background-repeat":"repeat","background-position":"center center","background-size":"auto","background-attachment":"scroll","background-type":"","background-media":"","overlay-type":"","overlay-color":"","overlay-opacity":"","overlay-gradient":""},"tablet":{"background-color":"","background-image":"","background-repeat":"repeat","background-position":"center center","background-size":"auto","background-attachment":"scroll","background-type":"","background-media":"","overlay-type":"","overlay-color":"","overlay-opacity":"","overlay-gradient":""},"mobile":{"background-color":"","background-image":"","background-repeat":"repeat","background-position":"center center","background-size":"auto","background-attachment":"scroll","background-type":"","background-media":"","overlay-type":"","overlay-color":"","overlay-opacity":"","overlay-gradient":""}},"ast-content-background-meta":{"desktop":{"background-color":"var(--ast-global-color-5)","background-image":"","background-repeat":"repeat","background-position":"center center","background-size":"auto","background-attachment":"scroll","background-type":"","background-media":"","overlay-type":"","overlay-color":"","overlay-opacity":"","overlay-gradient":""},"tablet":{"background-color":"var(--ast-global-color-5)","background-image":"","background-repeat":"repeat","background-position":"center center","background-size":"auto","background-attachment":"scroll","background-type":"","background-media":"","overlay-type":"","overlay-color":"","overlay-opacity":"","overlay-gradient":""},"mobile":{"background-color":"var(--ast-global-color-5)","background-image":"","background-repeat":"repeat","background-position":"center center","background-size":"auto","background-attachment":"scroll","background-type":"","background-media":"","overlay-type":"","overlay-color":"","overlay-opacity":"","overlay-gradient":""}},"footnotes":""},"categories":[],"tags":[115],"class_list":["post-4285","page","type-page","status-publish","hentry","tag-noindex-lt"],"uagb_featured_image_src":{"full":false,"thumbnail":false,"medium":false,"medium_large":false,"large":false,"1536x1536":false,"2048x2048":false},"uagb_author_info":{"display_name":"admin","author_link":"https:\/\/www.ematrica.com\/lt\/author\/admin\/"},"uagb_comment_info":0,"uagb_excerpt":"Privatumo ir slapuk\u0173 deklaracija 2021 m. lapkri\u010dio 1 d. J\u016bs\u0173 privatumas yra labai svarbus ematrica.com. Tod\u0117l laikom\u0117s atitinkam\u0173 \u012fstatym\u0173 ir teis\u0117s akt\u0173 d\u0117l privatumo, \u012fskaitant Bendr\u0105j\u012f duomen\u0173 apsaugos reglament\u0105 (toliau &#8211; BDAR). Tai rei\u0161kia, kad mes: &#8211;&nbsp;&nbsp;&nbsp;&nbsp; &nbsp;&nbsp; Prie\u0161 prad\u0117dami tvarkyti j\u016bs\u0173 asmens duomenis, \u0161iame privatumo parei\u0161kimeai\u0161kiai nurodome savo tikslus&nbsp;; &#8211;&nbsp;&nbsp;&nbsp;&nbsp; &nbsp;&nbsp;Saugokite kuo ma\u017eiau asmens&hellip;","_links":{"self":[{"href":"https:\/\/www.ematrica.com\/lt\/wp-json\/wp\/v2\/pages\/4285","targetHints":{"allow":["GET","POST","PUT","PATCH","DELETE"]}}],"collection":[{"href":"https:\/\/www.ematrica.com\/lt\/wp-json\/wp\/v2\/pages"}],"about":[{"href":"https:\/\/www.ematrica.com\/lt\/wp-json\/wp\/v2\/types\/page"}],"author":[{"embeddable":true,"href":"https:\/\/www.ematrica.com\/lt\/wp-json\/wp\/v2\/users\/1"}],"replies":[{"embeddable":true,"href":"https:\/\/www.ematrica.com\/lt\/wp-json\/wp\/v2\/comments?post=4285"}],"version-history":[{"count":0,"href":"https:\/\/www.ematrica.com\/lt\/wp-json\/wp\/v2\/pages\/4285\/revisions"}],"wp:attachment":[{"href":"https:\/\/www.ematrica.com\/lt\/wp-json\/wp\/v2\/media?parent=4285"}],"wp:term":[{"taxonomy":"category","embeddable":true,"href":"https:\/\/www.ematrica.com\/lt\/wp-json\/wp\/v2\/categories?post=4285"},{"taxonomy":"post_tag","embeddable":true,"href":"https:\/\/www.ematrica.com\/lt\/wp-json\/wp\/v2\/tags?post=4285"}],"curies":[{"name":"wp","href":"https:\/\/api.w.org\/{rel}","templated":true}]}}