{"id":4870,"date":"2024-09-27T09:59:58","date_gmt":"2024-09-27T07:59:58","guid":{"rendered":"https:\/\/www.ematrica.com\/uzklausa\/"},"modified":"2024-09-27T09:59:58","modified_gmt":"2024-09-27T07:59:58","slug":"uzklausa","status":"publish","type":"page","link":"https:\/\/www.ematrica.com\/lt\/uzklausa\/","title":{"rendered":"U\u017eklausa"},"content":{"rendered":"\n<div class=\"wp-block-uagb-container uagb-block-25efe059 alignfull uagb-is-root-container\">\n<div class=\"wp-block-uagb-advanced-heading uagb-block-152b2cf8\"><h1 class=\"uagb-heading-text\">Da\u017enai u\u017eduodami klausimai<\/h1><\/div>\n<\/div>\n\n\n\n<div class=\"wp-block-uagb-container uagb-block-3578b4ec alignfull uagb-is-root-container\"><div class=\"uagb-container-inner-blocks-wrap\">\n<div class=\"wp-block-uagb-info-box uagb-block-8152c234 uagb-infobox__content-wrap uagb-infobox-icon-above-title uagb-infobox-image-valign-top\"><div class=\"uagb-ifb-content\"><div class=\"uagb-ifb-title-wrap\"><\/div><\/div><\/div>\n\n\n<style>\n.accordion-content {\n    display: none;\n    padding: 10px;\n    border: 1px solid #ccc;\n    border-top: none;\n}\n\n.accordion-header {\n    cursor: pointer;\n    padding: 10px;\n    border: 1px solid #ccc;\n    margin: 0;\nbackground-color:#fafafa;\nmargin-bottom:10px;\nborder-radius:3px;\npadding-right:50px;\nposition: relative;\nfont-size:110%;\n}\n.accordion-header .qs {\n\n}\n.arrow {\n    position: absolute;\n    right: 10px;\n    top: 10px;\n}\n\n.arrow-up {\n    transform: rotate(180deg);\n}\n<\/style>\n\n\n<script>\njQuery(document).ready(function(){\n    jQuery(\".accordion-header\").click(function() {\n        \/\/ Toggle the arrow direction of the clicked header\n        jQuery(this).children(\".arrow\").toggleClass(\"arrow-up\", !jQuery(this).next().is(\":visible\"));\n        \n        \/\/ Close previously opened content and reset their arrows\n        jQuery(\".accordion-content\").not(jQuery(this).next()).slideUp().prev().children(\".arrow\").removeClass(\"arrow-up\");\n        jQuery(\".accordion-content\").not(jQuery(this).next()).prev().find(\".arrow\").html(\"&#9660;\"); \/\/ Reset other arrows to down\n        \n        jQuery(this).next().slideToggle();\n        if(jQuery(this).next().is(\":visible\")) {\n            jQuery(this).find(\".arrow\").html(\"&#9660;\"); \/\/ Change to up arrow\n        } else {\n            jQuery(this).find(\".arrow\").html(\"&#9650;\"); \/\/ Change back to down arrow\n        }\n    });\n});\n<\/script>\n\n\n<div class=\"accordion\"><h4 class=\"accordion-header\"><span class=\"qs\">Negavau jokio el. lai\u0161ko apie apmok\u0117jim\u0105 ar u\u017esakymo \u012fvykdym\u0105.<\/span><span class=\"arrow\">&#9660;<\/span><\/h4>\n            <div class=\"accordion-content\">\n            <p>Jei el. pa\u0161to adresas \u012fvestas teisingai, patikrinkite \u0161lam\u0161to aplank\u0105 arba kitus aplankus, \u012f kuriuos gali b\u016bti siun\u010diami informaciniai el. lai\u0161kai. Kai kuriais atvejais galite nerasti el. lai\u0161ko \u012fprastame pa\u0161te.<\/p>\n            <\/div><h4 class=\"accordion-header\"><span class=\"qs\">Padariau klaid\u0105 \u012fvesdamas automobilio numer\u012f arba \u0161al\u012f.<\/span><span class=\"arrow\">&#9660;<\/span><\/h4>\n            <div class=\"accordion-content\">\n            <p>Po apmok\u0117jimo el. lai\u0161ke rasite nuorod\u0105 \u012f pad\u0117kos puslap\u012f. Jei u\u017esakymas dar nebuvo apdorotas, galite pakeisti bet koki\u0105 informacij\u0105, \u012fskaitant \u0161al\u012f ir automobilio numer\u012f. Deja, kai u\u017esakymas bus baigtas, pakeitimai nebegalimi ir reikia sukurti nauj\u0105 u\u017esakym\u0105.<\/p>\n            <\/div><h4 class=\"accordion-header\"><span class=\"qs\">Noriu greitkelio vinjet\u0117s kelioms transporto priemon\u0117ms vienu metu.<\/span><span class=\"arrow\">&#9660;<\/span><\/h4>\n            <div class=\"accordion-content\">\n            <p>Jei norite \u012fsigyti greitkelio vinjet\u0119 kelioms transporto priemon\u0117ms vienu metu, susisiekite su mumis. Neb\u016btina kiekvieno numerio \u017eenklo \u012fvesti atskirai \u2013 savo prane\u0161ime pateikite norim\u0173 registruoti numerio \u017eenkl\u0173 s\u0105ra\u0161\u0105, buvimo \u0161alyje (ar \u0161alyse) trukm\u0119 ir galiojimo dat\u0105. <\/p>\n            <\/div><h4 class=\"accordion-header\"><span class=\"qs\">Ar galiu at\u0161aukti arba pakeisti \u012fsigyt\u0105 pa\u0161to \u017eenkl\u0105, jei pasikei\u010dia mano kelion\u0117s planai?<\/span><span class=\"arrow\">&#9660;<\/span><\/h4>\n            <div class=\"accordion-content\">\n            <p>Paprastai elektroninis bilietas yra susietas su konkre\u010dia transporto priemone ir laikotarpiu, ir po aktyvavimo negali b\u016bti perduotas ar pakeistas. \u012evykus klaidai \u012fvedant duomenis ar kitoms i\u0161imtin\u0117ms situacijoms, geriausia kuo grei\u010diau susisiekti su mumis.<\/p>\n            <\/div><h4 class=\"accordion-header\"><span class=\"qs\">Gavau baud\u0105 u\u017e nesumok\u0117t\u0105 mokest\u012f.<\/span><span class=\"arrow\">&#9660;<\/span><\/h4>\n            <div class=\"accordion-content\">\n            <p>Dar nesusid\u016br\u0117me su atveju, kai bauda neb\u016bt\u0173 skirta pagr\u012fstai. Did\u017ei\u0105ja dauguma atvej\u0173 prie\u017eastis \u2013 neteisingai u\u017epildyti kai kurie duomenys. Rekomenduojame sumok\u0117ti baud\u0105, nes nesumok\u0117jus gali b\u016bti taikomos daug didesn\u0117s sankcijos.<\/p>\n            <\/div><h4 class=\"accordion-header\"><span class=\"qs\">Kas yra paslaugos mokestis?<\/span><span class=\"arrow\">&#9660;<\/span><\/h4>\n            <div class=\"accordion-content\">\n            <p>Paslaugos mokestis naudojamas padengti paslaugos i\u0161laidas, \u012fskaitant technin\u0117s pagalbos teikimo, asmenin\u0117s pagalbos paslaug\u0173, rankinio u\u017esakym\u0173 tikrinimo ir rinkodaros i\u0161laidas.<\/p>\n            <\/div><h4 class=\"accordion-header\"><span class=\"qs\">Sakote, kad vinjet\u0119 gausiu per 3 minutes, bet vis dar nieko negavau. Kod\u0117l?<\/span><span class=\"arrow\">&#9660;<\/span><\/h4>\n            <div class=\"accordion-content\">\n            <p>Stengiam\u0117s kuo labiau laikytis nurodyto laiko. Pirmenyb\u0117 teikiama paslaugoms, galiojan\u010dioms nuo \u0161iandien. Ta\u010diau d\u0117l nuo m\u016bs\u0173 nepriklausan\u010di\u0173 prie\u017eas\u010di\u0173 (mok\u0117jimo vart\u0173 sutrikimai, valstybin\u0117s \u017einiatinklio paslaugos) i\u0161imtiniais atvejais registracija gali b\u016bti prat\u0119sta. Taip pat rekomenduojame atid\u017eiai patikrinti, ar teisingai \u012fved\u0117te savo el. pa\u0161to adres\u0105. Jei teisingai \u012fved\u0117te savo el. pa\u0161to adres\u0105, pra\u0161ome sekti puslap\u012f, kuris buvo parodytas po pirkimo. \u010cia rasite naujausi\u0105 informacij\u0105, \u012fskaitant j\u016bs\u0173 u\u017esakymo b\u016bsen\u0105.<\/p>\n            <\/div><h4 class=\"accordion-header\"><span class=\"qs\">Noriu at\u0161aukti savo u\u017esakym\u0105.<\/span><span class=\"arrow\">&#9660;<\/span><\/h4>\n            <div class=\"accordion-content\">\n            <p>Pagal s\u0105lygas ir nuostatas, u\u017esakym\u0105 galima gr\u0105\u017einti prie\u0161 pradedant darbus pagal j\u012f. Jei u\u017esakymas jau \u012fvykdytas, gr\u0105\u017einimas negalimas.<\/p>\n            <\/div><h4 class=\"accordion-header\"><span class=\"qs\">Pasikeit\u0117 mano kelion\u0117s planai ir noriu pakeisti atvykimo dat\u0105<\/span><span class=\"arrow\">&#9660;<\/span><\/h4>\n            <div class=\"accordion-content\">\n            <p>Jei paslauga jau buvo jums u\u017eregistruota, deja, galiojimo pakeisti negalima ir turite j\u0105 \u012fsigyti i\u0161 naujo.<\/p>\n            <\/div><h4 class=\"accordion-header\"><span class=\"qs\">Persigalvojau ir noriu gr\u0105\u017einti pinigus<\/span><span class=\"arrow\">&#9660;<\/span><\/h4>\n            <div class=\"accordion-content\">\n            <p>Paslaug\u0105 galite at\u0161aukti net ir po apmok\u0117jimo, prie\u0161 u\u017esakymo apdorojim\u0105. Grei\u010diausias b\u016bdas \u2013 per nuorod\u0105 \u201eat\u0161aukti u\u017esakym\u0105\u201c puslapyje su j\u016bs\u0173 u\u017esakymo duomenimis. Ten taip pat rasite dabartin\u0119 u\u017esakymo b\u016bsen\u0105, \u012fskaitant informacij\u0105 apie at\u0161aukimo galimybes. Jei ne\u017einote puslapio adreso, galite j\u012f tiesiog rasti ie\u0161kodami savo el. pa\u0161to adreso, kur\u012f \u012fved\u0117te u\u017esakyme.<\/p>\n            <\/div><h4 class=\"accordion-header\"><span class=\"qs\">Kada bus aktyvuota mano vinjet\u0117<\/span><span class=\"arrow\">&#9660;<\/span><\/h4>\n            <div class=\"accordion-content\">\n            <p>Jei vinjet\u0117 prad\u0117s galioti v\u0117liau nei po 1 dienos, mes aktyvuosime vinjet\u0119 likus 1 dienai iki jos galiojimo prad\u017eios. Jei vinjet\u0117s galiojimo laikas baigiasi t\u0105 pa\u010di\u0105 dien\u0105, kit\u0105 dien\u0105 arba jei paslaug\u0105 \u012fsigijote su pirmenybiniu tvarkymu, paslaug\u0105 jums aktyvuosime i\u0161 karto po \u012fsigijimo - jei viskas su j\u016bs\u0173 duomenimis tvarkoje, paslaug\u0105 siekiame aktyvuoti per 3 minutes nuo mok\u0117jimo gavimo.<\/p>\n            <\/div><\/div><script type=\"application\/ld+json\">\n    {\n      \"@context\": \"https:\/\/schema.org\",\n      \"@type\": \"FAQPage\",\n      \"mainEntity\": [{\n        \"@type\": \"Question\",\n        \"name\": \"Negavau jokio el. lai\u0161ko apie apmok\u0117jim\u0105 ar u\u017esakymo \u012fvykdym\u0105.\",\n        \"acceptedAnswer\": {\n          \"@type\": \"Answer\",\n          \"text\": \"Jei el. pa\u0161to adresas \u012fvestas teisingai, patikrinkite \u0161lam\u0161to aplank\u0105 arba kitus aplankus, \u012f kuriuos gali b\u016bti siun\u010diami informaciniai el. lai\u0161kai. Kai kuriais atvejais galite nerasti el. lai\u0161ko \u012fprastame pa\u0161te.\"\n        }\n      },{\n        \"@type\": \"Question\",\n        \"name\": \"Padariau klaid\u0105 \u012fvesdamas automobilio numer\u012f arba \u0161al\u012f.\",\n        \"acceptedAnswer\": {\n          \"@type\": \"Answer\",\n          \"text\": \"Po apmok\u0117jimo el. lai\u0161ke rasite nuorod\u0105 \u012f pad\u0117kos puslap\u012f. Jei u\u017esakymas dar nebuvo apdorotas, galite pakeisti bet koki\u0105 informacij\u0105, \u012fskaitant \u0161al\u012f ir automobilio numer\u012f. Deja, kai u\u017esakymas bus baigtas, pakeitimai nebegalimi ir reikia sukurti nauj\u0105 u\u017esakym\u0105.\"\n        }\n      },{\n        \"@type\": \"Question\",\n        \"name\": \"Noriu greitkelio vinjet\u0117s kelioms transporto priemon\u0117ms vienu metu.\",\n        \"acceptedAnswer\": {\n          \"@type\": \"Answer\",\n          \"text\": \"Jei norite \u012fsigyti greitkelio vinjet\u0119 kelioms transporto priemon\u0117ms vienu metu, susisiekite su mumis. Neb\u016btina kiekvieno numerio \u017eenklo \u012fvesti atskirai \u2013 savo prane\u0161ime pateikite norim\u0173 registruoti numerio \u017eenkl\u0173 s\u0105ra\u0161\u0105, buvimo \u0161alyje (ar \u0161alyse) trukm\u0119 ir galiojimo dat\u0105. \"\n        }\n      },{\n        \"@type\": \"Question\",\n        \"name\": \"Ar galiu at\u0161aukti arba pakeisti \u012fsigyt\u0105 pa\u0161to \u017eenkl\u0105, jei pasikei\u010dia mano kelion\u0117s planai?\",\n        \"acceptedAnswer\": {\n          \"@type\": \"Answer\",\n          \"text\": \"Paprastai elektroninis bilietas yra susietas su konkre\u010dia transporto priemone ir laikotarpiu, ir po aktyvavimo negali b\u016bti perduotas ar pakeistas. \u012evykus klaidai \u012fvedant duomenis ar kitoms i\u0161imtin\u0117ms situacijoms, geriausia kuo grei\u010diau susisiekti su mumis.\"\n        }\n      },{\n        \"@type\": \"Question\",\n        \"name\": \"Gavau baud\u0105 u\u017e nesumok\u0117t\u0105 mokest\u012f.\",\n        \"acceptedAnswer\": {\n          \"@type\": \"Answer\",\n          \"text\": \"Dar nesusid\u016br\u0117me su atveju, kai bauda neb\u016bt\u0173 skirta pagr\u012fstai. Did\u017ei\u0105ja dauguma atvej\u0173 prie\u017eastis \u2013 neteisingai u\u017epildyti kai kurie duomenys. Rekomenduojame sumok\u0117ti baud\u0105, nes nesumok\u0117jus gali b\u016bti taikomos daug didesn\u0117s sankcijos.\"\n        }\n      },{\n        \"@type\": \"Question\",\n        \"name\": \"Kas yra paslaugos mokestis?\",\n        \"acceptedAnswer\": {\n          \"@type\": \"Answer\",\n          \"text\": \"Paslaugos mokestis naudojamas padengti paslaugos i\u0161laidas, \u012fskaitant technin\u0117s pagalbos teikimo, asmenin\u0117s pagalbos paslaug\u0173, rankinio u\u017esakym\u0173 tikrinimo ir rinkodaros i\u0161laidas.\"\n        }\n      },{\n        \"@type\": \"Question\",\n        \"name\": \"Sakote, kad vinjet\u0119 gausiu per 3 minutes, bet vis dar nieko negavau. Kod\u0117l?\",\n        \"acceptedAnswer\": {\n          \"@type\": \"Answer\",\n          \"text\": \"Stengiam\u0117s kuo labiau laikytis nurodyto laiko. Pirmenyb\u0117 teikiama paslaugoms, galiojan\u010dioms nuo \u0161iandien. Ta\u010diau d\u0117l nuo m\u016bs\u0173 nepriklausan\u010di\u0173 prie\u017eas\u010di\u0173 (mok\u0117jimo vart\u0173 sutrikimai, valstybin\u0117s \u017einiatinklio paslaugos) i\u0161imtiniais atvejais registracija gali b\u016bti prat\u0119sta. Taip pat rekomenduojame atid\u017eiai patikrinti, ar teisingai \u012fved\u0117te savo el. pa\u0161to adres\u0105. Jei teisingai \u012fved\u0117te savo el. pa\u0161to adres\u0105, pra\u0161ome sekti puslap\u012f, kuris buvo parodytas po pirkimo. \u010cia rasite naujausi\u0105 informacij\u0105, \u012fskaitant j\u016bs\u0173 u\u017esakymo b\u016bsen\u0105.\"\n        }\n      },{\n        \"@type\": \"Question\",\n        \"name\": \"Noriu at\u0161aukti savo u\u017esakym\u0105.\",\n        \"acceptedAnswer\": {\n          \"@type\": \"Answer\",\n          \"text\": \"Pagal s\u0105lygas ir nuostatas, u\u017esakym\u0105 galima gr\u0105\u017einti prie\u0161 pradedant darbus pagal j\u012f. Jei u\u017esakymas jau \u012fvykdytas, gr\u0105\u017einimas negalimas.\"\n        }\n      },{\n        \"@type\": \"Question\",\n        \"name\": \"Pasikeit\u0117 mano kelion\u0117s planai ir noriu pakeisti atvykimo dat\u0105\",\n        \"acceptedAnswer\": {\n          \"@type\": \"Answer\",\n          \"text\": \"Jei paslauga jau buvo jums u\u017eregistruota, deja, galiojimo pakeisti negalima ir turite j\u0105 \u012fsigyti i\u0161 naujo.\"\n        }\n      },{\n        \"@type\": \"Question\",\n        \"name\": \"Persigalvojau ir noriu gr\u0105\u017einti pinigus\",\n        \"acceptedAnswer\": {\n          \"@type\": \"Answer\",\n          \"text\": \"Paslaug\u0105 galite at\u0161aukti net ir po apmok\u0117jimo, prie\u0161 u\u017esakymo apdorojim\u0105. Grei\u010diausias b\u016bdas \u2013 per nuorod\u0105 \u201eat\u0161aukti u\u017esakym\u0105\u201c puslapyje su j\u016bs\u0173 u\u017esakymo duomenimis. Ten taip pat rasite dabartin\u0119 u\u017esakymo b\u016bsen\u0105, \u012fskaitant informacij\u0105 apie at\u0161aukimo galimybes. Jei ne\u017einote puslapio adreso, galite j\u012f tiesiog rasti ie\u0161kodami savo el. pa\u0161to adreso, kur\u012f \u012fved\u0117te u\u017esakyme.\"\n        }\n      },{\n        \"@type\": \"Question\",\n        \"name\": \"Kada bus aktyvuota mano vinjet\u0117\",\n        \"acceptedAnswer\": {\n          \"@type\": \"Answer\",\n          \"text\": \"Jei vinjet\u0117 prad\u0117s galioti v\u0117liau nei po 1 dienos, mes aktyvuosime vinjet\u0119 likus 1 dienai iki jos galiojimo prad\u017eios. Jei vinjet\u0117s galiojimo laikas baigiasi t\u0105 pa\u010di\u0105 dien\u0105, kit\u0105 dien\u0105 arba jei paslaug\u0105 \u012fsigijote su pirmenybiniu tvarkymu, paslaug\u0105 jums aktyvuosime i\u0161 karto po \u012fsigijimo - jei viskas su j\u016bs\u0173 duomenimis tvarkoje, paslaug\u0105 siekiame aktyvuoti per 3 minutes nuo mok\u0117jimo gavimo.\"\n        }\n      }\n      ]\n    }\n    <\/script>\n<\/div><\/div>\n\n\n\n<p><\/p>\n","protected":false},"excerpt":{"rendered":"<p>Da\u017enai u\u017eduodami klausimai<\/p>\n","protected":false},"author":2,"featured_media":0,"parent":0,"menu_order":0,"comment_status":"closed","ping_status":"closed","template":"","meta":{"inline_featured_image":false,"_uag_custom_page_level_css":"","site-sidebar-layout":"no-sidebar","site-content-layout":"plain-container","ast-site-content-layout":"full-width-container","site-content-style":"unboxed","site-sidebar-style":"unboxed","ast-global-header-display":"","ast-banner-title-visibility":"","ast-main-header-display":"","ast-hfb-above-header-display":"","ast-hfb-below-header-display":"","ast-hfb-mobile-header-display":"","site-post-title":"disabled","ast-breadcrumbs-content":"","ast-featured-img":"","footer-sml-layout":"","theme-transparent-header-meta":"enabled","adv-header-id-meta":"","stick-header-meta":"","header-above-stick-meta":"","header-main-stick-meta":"","header-below-stick-meta":"","astra-migrate-meta-layouts":"default","ast-page-background-enabled":"default","ast-page-background-meta":{"desktop":{"background-color":"","background-image":"","background-repeat":"repeat","background-position":"center center","background-size":"auto","background-attachment":"scroll","background-type":"","background-media":"","overlay-type":"","overlay-color":"","overlay-opacity":"","overlay-gradient":""},"tablet":{"background-color":"","background-image":"","background-repeat":"repeat","background-position":"center center","background-size":"auto","background-attachment":"scroll","background-type":"","background-media":"","overlay-type":"","overlay-color":"","overlay-opacity":"","overlay-gradient":""},"mobile":{"background-color":"","background-image":"","background-repeat":"repeat","background-position":"center center","background-size":"auto","background-attachment":"scroll","background-type":"","background-media":"","overlay-type":"","overlay-color":"","overlay-opacity":"","overlay-gradient":""}},"ast-content-background-meta":{"desktop":{"background-color":"var(--ast-global-color-5)","background-image":"","background-repeat":"repeat","background-position":"center center","background-size":"auto","background-attachment":"scroll","background-type":"","background-media":"","overlay-type":"","overlay-color":"","overlay-opacity":"","overlay-gradient":""},"tablet":{"background-color":"var(--ast-global-color-5)","background-image":"","background-repeat":"repeat","background-position":"center center","background-size":"auto","background-attachment":"scroll","background-type":"","background-media":"","overlay-type":"","overlay-color":"","overlay-opacity":"","overlay-gradient":""},"mobile":{"background-color":"var(--ast-global-color-5)","background-image":"","background-repeat":"repeat","background-position":"center center","background-size":"auto","background-attachment":"scroll","background-type":"","background-media":"","overlay-type":"","overlay-color":"","overlay-opacity":"","overlay-gradient":""}},"footnotes":""},"categories":[],"tags":[],"class_list":["post-4870","page","type-page","status-publish","hentry"],"uagb_featured_image_src":{"full":false,"thumbnail":false,"medium":false,"medium_large":false,"large":false,"1536x1536":false,"2048x2048":false},"uagb_author_info":{"display_name":"shubham","author_link":"https:\/\/www.ematrica.com\/lt\/author\/shubham\/"},"uagb_comment_info":0,"uagb_excerpt":"Da\u017enai u\u017eduodami klausimai","_links":{"self":[{"href":"https:\/\/www.ematrica.com\/lt\/wp-json\/wp\/v2\/pages\/4870","targetHints":{"allow":["GET","POST","PUT","PATCH","DELETE"]}}],"collection":[{"href":"https:\/\/www.ematrica.com\/lt\/wp-json\/wp\/v2\/pages"}],"about":[{"href":"https:\/\/www.ematrica.com\/lt\/wp-json\/wp\/v2\/types\/page"}],"author":[{"embeddable":true,"href":"https:\/\/www.ematrica.com\/lt\/wp-json\/wp\/v2\/users\/2"}],"replies":[{"embeddable":true,"href":"https:\/\/www.ematrica.com\/lt\/wp-json\/wp\/v2\/comments?post=4870"}],"version-history":[{"count":0,"href":"https:\/\/www.ematrica.com\/lt\/wp-json\/wp\/v2\/pages\/4870\/revisions"}],"wp:attachment":[{"href":"https:\/\/www.ematrica.com\/lt\/wp-json\/wp\/v2\/media?parent=4870"}],"wp:term":[{"taxonomy":"category","embeddable":true,"href":"https:\/\/www.ematrica.com\/lt\/wp-json\/wp\/v2\/categories?post=4870"},{"taxonomy":"post_tag","embeddable":true,"href":"https:\/\/www.ematrica.com\/lt\/wp-json\/wp\/v2\/tags?post=4870"}],"curies":[{"name":"wp","href":"https:\/\/api.w.org\/{rel}","templated":true}]}}