{"id":4989,"date":"2024-10-28T14:52:11","date_gmt":"2024-10-28T13:52:11","guid":{"rendered":"https:\/\/www.ematrica.com\/nemokami-keliu-ruozai\/"},"modified":"2024-10-28T14:52:11","modified_gmt":"2024-10-28T13:52:11","slug":"nemokami-keliu-ruozai","status":"publish","type":"page","link":"https:\/\/www.ematrica.com\/lt\/nemokami-keliu-ruozai\/","title":{"rendered":"Nemokami keli\u0173 ruo\u017eai"},"content":{"rendered":"\n<div class=\"wp-block-uagb-container uagb-block-25efe059 alignfull uagb-is-root-container\"><div class=\"uagb-container-inner-blocks-wrap\">\n<div class=\"wp-block-uagb-advanced-heading uagb-block-152b2cf8\"><h1 class=\"uagb-heading-text\">Nemokami keli\u0173 ruo\u017eai<\/h1><\/div>\n<\/div><\/div>\n\n\n\n<div class=\"wp-block-uagb-container uagb-layout-flex uagb-block-a1027da3 alignfull uagb-is-root-container\"><div class=\"uagb-container-inner-blocks-wrap\">\n<div class=\"wp-block-uagb-container uagb-block-717dfbe0\">\n<h3 class=\"wp-block-heading\"><strong>Pagal nuo 2024 m. sausio 1 d. \u012fsigaliosiant\u012f dekret\u0105, toliau nurodytais keli\u0173 ruo\u017eais galima va\u017eiuoti nemokamai:<\/strong><\/h3>\n\n\n\n<ul class=\"wp-block-list\">\n<li>greitkelio M4 atkarpa tarp Vecs\u00e9s ir Budape\u0161to Ferenco Liszto tarptautinio oro uosto,<\/li>\n\n\n\n<li>Pe\u010do pietvakarinio aplinkkelio M60 greitkelio atkarpa tarp 58 ir 5826 keli\u0173,<\/li>\n\n\n\n<li>M8 greitkelis,<\/li>\n\n\n\n<li>&#8222;Speedway M80&#8221;,<\/li>\n\n\n\n<li>greitkelio M9 atkarpa tarp 6 ir 51 pagrindini\u0173 keli\u0173,<\/li>\n\n\n\n<li>greitkelio M9 Kaposvaro aplinkkelio atkarpa (61 pagrindinio kelio \u017eenklas).<\/li>\n<\/ul>\n\n\n\n<h3 class=\"wp-block-heading\"><strong>Daugiau nauding\u0173 nuorod\u0173:<\/strong><\/h3>\n\n\n\n<p>i\u0161samus mokam\u0173 keli\u0173 tinklo \u017eem\u0117lapis<\/p>\n<\/div>\n<\/div><\/div>\n","protected":false},"excerpt":{"rendered":"<p>Nemokami keli\u0173 ruo\u017eai Pagal nuo 2024 m. sausio 1 d. \u012fsigaliosiant\u012f dekret\u0105, toliau nurodytais keli\u0173 ruo\u017eais galima va\u017eiuoti nemokamai: Daugiau nauding\u0173 nuorod\u0173: i\u0161samus mokam\u0173 keli\u0173 tinklo \u017eem\u0117lapis<\/p>\n","protected":false},"author":2,"featured_media":0,"parent":0,"menu_order":0,"comment_status":"closed","ping_status":"closed","template":"","meta":{"inline_featured_image":false,"_uag_custom_page_level_css":"","site-sidebar-layout":"no-sidebar","site-content-layout":"plain-container","ast-site-content-layout":"full-width-container","site-content-style":"unboxed","site-sidebar-style":"unboxed","ast-global-header-display":"","ast-banner-title-visibility":"","ast-main-header-display":"","ast-hfb-above-header-display":"","ast-hfb-below-header-display":"","ast-hfb-mobile-header-display":"","site-post-title":"disabled","ast-breadcrumbs-content":"","ast-featured-img":"disabled","footer-sml-layout":"","theme-transparent-header-meta":"enabled","adv-header-id-meta":"","stick-header-meta":"","header-above-stick-meta":"","header-main-stick-meta":"","header-below-stick-meta":"","astra-migrate-meta-layouts":"default","ast-page-background-enabled":"default","ast-page-background-meta":{"desktop":{"background-color":"","background-image":"","background-repeat":"repeat","background-position":"center center","background-size":"auto","background-attachment":"scroll","background-type":"","background-media":"","overlay-type":"","overlay-color":"","overlay-opacity":"","overlay-gradient":""},"tablet":{"background-color":"","background-image":"","background-repeat":"repeat","background-position":"center center","background-size":"auto","background-attachment":"scroll","background-type":"","background-media":"","overlay-type":"","overlay-color":"","overlay-opacity":"","overlay-gradient":""},"mobile":{"background-color":"","background-image":"","background-repeat":"repeat","background-position":"center center","background-size":"auto","background-attachment":"scroll","background-type":"","background-media":"","overlay-type":"","overlay-color":"","overlay-opacity":"","overlay-gradient":""}},"ast-content-background-meta":{"desktop":{"background-color":"var(--ast-global-color-5)","background-image":"","background-repeat":"repeat","background-position":"center center","background-size":"auto","background-attachment":"scroll","background-type":"","background-media":"","overlay-type":"","overlay-color":"","overlay-opacity":"","overlay-gradient":""},"tablet":{"background-color":"var(--ast-global-color-5)","background-image":"","background-repeat":"repeat","background-position":"center center","background-size":"auto","background-attachment":"scroll","background-type":"","background-media":"","overlay-type":"","overlay-color":"","overlay-opacity":"","overlay-gradient":""},"mobile":{"background-color":"var(--ast-global-color-5)","background-image":"","background-repeat":"repeat","background-position":"center center","background-size":"auto","background-attachment":"scroll","background-type":"","background-media":"","overlay-type":"","overlay-color":"","overlay-opacity":"","overlay-gradient":""}},"footnotes":""},"categories":[],"tags":[],"class_list":["post-4989","page","type-page","status-publish","hentry"],"uagb_featured_image_src":{"full":false,"thumbnail":false,"medium":false,"medium_large":false,"large":false,"1536x1536":false,"2048x2048":false},"uagb_author_info":{"display_name":"shubham","author_link":"https:\/\/www.ematrica.com\/lt\/author\/shubham\/"},"uagb_comment_info":0,"uagb_excerpt":"Nemokami keli\u0173 ruo\u017eai Pagal nuo 2024 m. sausio 1 d. \u012fsigaliosiant\u012f dekret\u0105, toliau nurodytais keli\u0173 ruo\u017eais galima va\u017eiuoti nemokamai: Daugiau nauding\u0173 nuorod\u0173: i\u0161samus mokam\u0173 keli\u0173 tinklo \u017eem\u0117lapis","_links":{"self":[{"href":"https:\/\/www.ematrica.com\/lt\/wp-json\/wp\/v2\/pages\/4989","targetHints":{"allow":["GET","POST","PUT","PATCH","DELETE"]}}],"collection":[{"href":"https:\/\/www.ematrica.com\/lt\/wp-json\/wp\/v2\/pages"}],"about":[{"href":"https:\/\/www.ematrica.com\/lt\/wp-json\/wp\/v2\/types\/page"}],"author":[{"embeddable":true,"href":"https:\/\/www.ematrica.com\/lt\/wp-json\/wp\/v2\/users\/2"}],"replies":[{"embeddable":true,"href":"https:\/\/www.ematrica.com\/lt\/wp-json\/wp\/v2\/comments?post=4989"}],"version-history":[{"count":0,"href":"https:\/\/www.ematrica.com\/lt\/wp-json\/wp\/v2\/pages\/4989\/revisions"}],"wp:attachment":[{"href":"https:\/\/www.ematrica.com\/lt\/wp-json\/wp\/v2\/media?parent=4989"}],"wp:term":[{"taxonomy":"category","embeddable":true,"href":"https:\/\/www.ematrica.com\/lt\/wp-json\/wp\/v2\/categories?post=4989"},{"taxonomy":"post_tag","embeddable":true,"href":"https:\/\/www.ematrica.com\/lt\/wp-json\/wp\/v2\/tags?post=4989"}],"curies":[{"name":"wp","href":"https:\/\/api.w.org\/{rel}","templated":true}]}}