{"id":5026,"date":"2024-10-28T14:20:00","date_gmt":"2024-10-28T13:20:00","guid":{"rendered":"https:\/\/www.ematrica.com\/zemelapiai\/"},"modified":"2024-10-28T14:20:00","modified_gmt":"2024-10-28T13:20:00","slug":"zemelapiai","status":"publish","type":"page","link":"https:\/\/www.ematrica.com\/lt\/zemelapiai\/","title":{"rendered":"\u017dem\u0117lapiai"},"content":{"rendered":"\n<div class=\"wp-block-uagb-container uagb-block-25efe059 alignfull uagb-is-root-container\"><div class=\"uagb-container-inner-blocks-wrap\">\n<div class=\"wp-block-uagb-advanced-heading uagb-block-152b2cf8\"><h1 class=\"uagb-heading-text\">\u017dem\u0117lapiai<\/h1><\/div>\n<\/div><\/div>\n\n\n\n<div class=\"wp-block-uagb-container uagb-layout-flex uagb-block-a1027da3 alignfull uagb-is-root-container\"><div class=\"uagb-container-inner-blocks-wrap\">\n<div class=\"wp-block-uagb-container uagb-block-52c1a9ca\">\n<p>\u017dem\u0117lapiai yra tik informacinio pob\u016bd\u017eio. Tikslus rinkliavos ruo\u017e\u0173 s\u0105ra\u0161as pateikiamas \u0161iuose nutarimuose: <\/p>\n\n\n\n<ul class=\"wp-block-list\">\n<li>E. vinjet\u0117:&nbsp;Inovacij\u0173 ir technologij\u0173 ministro dekretas 45\/2020 (XI. 28.) ITM<\/li>\n\n\n\n<li>E. rinkliava:&nbsp;Nacionalin\u0117s pl\u0117tros ministro dekretas 25\/2013 (V.&nbsp;31.) NFM<\/li>\n<\/ul>\n\n\n\n<p>\u00a9 Interneto svetain\u0117se nemzetiutdij.hu ir toll-charge.hu pateikti \u017eem\u0117lapiai, kuriuose pavaizduotas mokam\u0173 keli\u0173 tinklas, yra &#8222;National Toll Payment Services Plc.&#8221; intelektin\u0117 nuosavyb\u0117, tod\u0117l norint juos toliau naudoti, reikalingas i\u0161ankstinis m\u016bs\u0173 bendrov\u0117s sutikimas.<\/p>\n\n\n\n<hr class=\"wp-block-separator has-alpha-channel-opacity\">\n\n\n\n<h3 class=\"wp-block-heading\">E. vinjet\u0117s \u0161alies \u017eem\u0117lapis<\/h3>\n\n\n\n<h4 class=\"wp-block-heading\">Galioja nuo 2024 m. sausio 1 d.<\/h4>\n\n\n\n<p>Spustel\u0117kite ant paveiksl\u0117lio ir atsisi\u0173skite viso dyd\u017eio \u017eem\u0117lap\u012f.<\/p>\n\n\n\n<div class=\"wp-block-uagb-image uagb-block-358e27ee wp-block-uagb-image--layout-default wp-block-uagb-image--effect-static wp-block-uagb-image--align-none\"><figure class=\"wp-block-uagb-image__figure\"><img decoding=\"async\" srcset=\"https:\/\/www.ematrica.com\/wp-content\/uploads\/2024\/10\/map.jpg ,https:\/\/www.ematrica.com\/wp-content\/uploads\/2024\/10\/map.jpg 780w, https:\/\/www.ematrica.com\/wp-content\/uploads\/2024\/10\/map.jpg 360w\" sizes=\"auto, (max-width: 480px) 150px\" src=\"https:\/\/www.ematrica.com\/wp-content\/uploads\/2024\/10\/map.jpg\" alt=\"\" class=\"uag-image-4208\" width=\"1024\" height=\"576\" title=\"NUSZ_HD_terkep_A0_20240801\" loading=\"lazy\" role=\"img\"><\/figure><\/div>\n\n\n\n<h3 class=\"wp-block-heading\">Regioniniai e. vinje\u010di\u0173 \u017eem\u0117lapiai<\/h3>\n\n\n\n<h4 class=\"wp-block-heading\">Galioja nuo 2024 m. sausio 1 d.<\/h4>\n\n\n\n<p>Regionin\u0117s e. vinjet\u0117s galioja u\u017e apskrities administracini\u0173 sien\u0173 iki pirmosios sankry\u017eos u\u017e apskrities sienos.&nbsp;Regionini\u0173 vinje\u010di\u0173 galiojimo teritorija pagal sankry\u017eos numer\u012f ir kelio ruo\u017eo numer\u012f yra nurodyta Inovacij\u0173 ir technologij\u0173 ministro dekreto 45\/2020 (XI. 28.) ITM 1 priede. <\/p>\n\n\n\n<p>Nuo 2024 m. sausio 1 d. galiojan\u010dius regioninius e. vinje\u010di\u0173 \u017eem\u0117lapius galite per\u017ei\u016br\u0117ti paspaud\u0119 ant apskrities pavadinimo.<\/p>\n\n\n\n<p>Baranijos apskritis<\/p>\n\n\n\n<p>B\u00e1cs-Kiskun apskritis<\/p>\n\n\n\n<p>Beke\u0161o apskritis<\/p>\n\n\n\n<p>Borsod-Aba\u00faj-Zempl\u00e9n apskritis<\/p>\n\n\n\n<p>Csongr\u00e1d-Csan\u00e1d apskritis<\/p>\n\n\n\n<p>Fej\u00e9r apskritis<\/p>\n\n\n\n<p>Gy\u0151r-Moson-Sopron apskritis<\/p>\n\n\n\n<p>Had\u017edu-Biharo apskritis<\/p>\n\n\n\n<p>Heves apskritis<\/p>\n\n\n\n<p>J\u00e1sz-Nagykun-Szolnok apskritis<\/p>\n\n\n\n<p>Kom\u00e1rom-Esztergomo apskritis<\/p>\n\n\n\n<p>Kenk\u0117j\u0173 apskritis<\/p>\n\n\n\n<p>Somogijos apskritis<\/p>\n\n\n\n<p>Szabolcs-Szatm\u00e1r-Bereg apskritis<\/p>\n\n\n\n<p>Tolnos apskritis<\/p>\n\n\n\n<p>Vas apskritis<\/p>\n\n\n\n<p>Veszpr\u00e9m apskritis<\/p>\n\n\n\n<p>Zalos apskritis<\/p>\n\n\n\n<hr class=\"wp-block-separator has-alpha-channel-opacity\">\n\n\n\n<h3 class=\"wp-block-heading\">E rinkliavos sistema, taikoma transporto priemon\u0117ms, kuri\u0173 did\u017eiausia leistina bendroji mas\u0117 vir\u0161ija 3,5 tonos&nbsp;<\/h3>\n\n\n\n<h4 class=\"wp-block-heading\">Galioja nuo 2024 m. rugs\u0117jo 1 d.<\/h4>\n\n\n\n<p>Spustel\u0117kite ant paveiksl\u0117lio ir atsisi\u0173skite viso dyd\u017eio \u017eem\u0117lap\u012f.<\/p>\n\n\n\n<div class=\"wp-block-uagb-image uagb-block-0a956f8e wp-block-uagb-image--layout-default wp-block-uagb-image--effect-static wp-block-uagb-image--align-none\"><figure class=\"wp-block-uagb-image__figure\"><img decoding=\"async\" srcset=\"https:\/\/www.ematrica.com\/wp-content\/uploads\/2024\/10\/map2.jpg ,https:\/\/www.ematrica.com\/wp-content\/uploads\/2024\/10\/map2.jpg 780w, https:\/\/www.ematrica.com\/wp-content\/uploads\/2024\/10\/map2.jpg 360w\" sizes=\"auto, (max-width: 480px) 150px\" src=\"https:\/\/www.ematrica.com\/wp-content\/uploads\/2024\/10\/map2.jpg\" alt=\"\" class=\"uag-image-4214\" width=\"1024\" height=\"576\" title=\"\u017eem\u0117lapis2\" loading=\"lazy\" role=\"img\"><\/figure><\/div>\n<\/div>\n<\/div><\/div>\n","protected":false},"excerpt":{"rendered":"<p>\u017dem\u0117lapiai \u017dem\u0117lapiai yra tik informacinio pob\u016bd\u017eio. Tikslus rinkliavos ruo\u017e\u0173 s\u0105ra\u0161as pateikiamas \u0161iuose nutarimuose: \u00a9 Interneto svetain\u0117se nemzetiutdij.hu ir toll-charge.hu pateikti \u017eem\u0117lapiai, kuriuose pavaizduotas mokam\u0173 keli\u0173 tinklas, yra &#8222;National Toll Payment Services Plc.&#8221; intelektin\u0117 nuosavyb\u0117, tod\u0117l norint juos toliau naudoti, reikalingas i\u0161ankstinis m\u016bs\u0173 bendrov\u0117s sutikimas. E. vinjet\u0117s \u0161alies \u017eem\u0117lapis Galioja nuo 2024 m. sausio 1 d. [&hellip;]<\/p>\n","protected":false},"author":2,"featured_media":0,"parent":0,"menu_order":0,"comment_status":"closed","ping_status":"closed","template":"","meta":{"inline_featured_image":false,"_uag_custom_page_level_css":"","site-sidebar-layout":"no-sidebar","site-content-layout":"plain-container","ast-site-content-layout":"full-width-container","site-content-style":"unboxed","site-sidebar-style":"unboxed","ast-global-header-display":"","ast-banner-title-visibility":"","ast-main-header-display":"","ast-hfb-above-header-display":"","ast-hfb-below-header-display":"","ast-hfb-mobile-header-display":"","site-post-title":"disabled","ast-breadcrumbs-content":"","ast-featured-img":"disabled","footer-sml-layout":"","theme-transparent-header-meta":"enabled","adv-header-id-meta":"","stick-header-meta":"","header-above-stick-meta":"","header-main-stick-meta":"","header-below-stick-meta":"","astra-migrate-meta-layouts":"default","ast-page-background-enabled":"default","ast-page-background-meta":{"desktop":{"background-color":"","background-image":"","background-repeat":"repeat","background-position":"center center","background-size":"auto","background-attachment":"scroll","background-type":"","background-media":"","overlay-type":"","overlay-color":"","overlay-opacity":"","overlay-gradient":""},"tablet":{"background-color":"","background-image":"","background-repeat":"repeat","background-position":"center center","background-size":"auto","background-attachment":"scroll","background-type":"","background-media":"","overlay-type":"","overlay-color":"","overlay-opacity":"","overlay-gradient":""},"mobile":{"background-color":"","background-image":"","background-repeat":"repeat","background-position":"center center","background-size":"auto","background-attachment":"scroll","background-type":"","background-media":"","overlay-type":"","overlay-color":"","overlay-opacity":"","overlay-gradient":""}},"ast-content-background-meta":{"desktop":{"background-color":"var(--ast-global-color-5)","background-image":"","background-repeat":"repeat","background-position":"center center","background-size":"auto","background-attachment":"scroll","background-type":"","background-media":"","overlay-type":"","overlay-color":"","overlay-opacity":"","overlay-gradient":""},"tablet":{"background-color":"var(--ast-global-color-5)","background-image":"","background-repeat":"repeat","background-position":"center center","background-size":"auto","background-attachment":"scroll","background-type":"","background-media":"","overlay-type":"","overlay-color":"","overlay-opacity":"","overlay-gradient":""},"mobile":{"background-color":"var(--ast-global-color-5)","background-image":"","background-repeat":"repeat","background-position":"center center","background-size":"auto","background-attachment":"scroll","background-type":"","background-media":"","overlay-type":"","overlay-color":"","overlay-opacity":"","overlay-gradient":""}},"footnotes":""},"categories":[],"tags":[],"class_list":["post-5026","page","type-page","status-publish","hentry"],"uagb_featured_image_src":{"full":false,"thumbnail":false,"medium":false,"medium_large":false,"large":false,"1536x1536":false,"2048x2048":false},"uagb_author_info":{"display_name":"shubham","author_link":"https:\/\/www.ematrica.com\/lt\/author\/shubham\/"},"uagb_comment_info":0,"uagb_excerpt":"\u017dem\u0117lapiai \u017dem\u0117lapiai yra tik informacinio pob\u016bd\u017eio. Tikslus rinkliavos ruo\u017e\u0173 s\u0105ra\u0161as pateikiamas \u0161iuose nutarimuose: \u00a9 Interneto svetain\u0117se nemzetiutdij.hu ir toll-charge.hu pateikti \u017eem\u0117lapiai, kuriuose pavaizduotas mokam\u0173 keli\u0173 tinklas, yra &#8222;National Toll Payment Services Plc.&#8221; intelektin\u0117 nuosavyb\u0117, tod\u0117l norint juos toliau naudoti, reikalingas i\u0161ankstinis m\u016bs\u0173 bendrov\u0117s sutikimas. E. vinjet\u0117s \u0161alies \u017eem\u0117lapis Galioja nuo 2024 m. sausio 1 d.&hellip;","_links":{"self":[{"href":"https:\/\/www.ematrica.com\/lt\/wp-json\/wp\/v2\/pages\/5026","targetHints":{"allow":["GET","POST","PUT","PATCH","DELETE"]}}],"collection":[{"href":"https:\/\/www.ematrica.com\/lt\/wp-json\/wp\/v2\/pages"}],"about":[{"href":"https:\/\/www.ematrica.com\/lt\/wp-json\/wp\/v2\/types\/page"}],"author":[{"embeddable":true,"href":"https:\/\/www.ematrica.com\/lt\/wp-json\/wp\/v2\/users\/2"}],"replies":[{"embeddable":true,"href":"https:\/\/www.ematrica.com\/lt\/wp-json\/wp\/v2\/comments?post=5026"}],"version-history":[{"count":0,"href":"https:\/\/www.ematrica.com\/lt\/wp-json\/wp\/v2\/pages\/5026\/revisions"}],"wp:attachment":[{"href":"https:\/\/www.ematrica.com\/lt\/wp-json\/wp\/v2\/media?parent=5026"}],"wp:term":[{"taxonomy":"category","embeddable":true,"href":"https:\/\/www.ematrica.com\/lt\/wp-json\/wp\/v2\/categories?post=5026"},{"taxonomy":"post_tag","embeddable":true,"href":"https:\/\/www.ematrica.com\/lt\/wp-json\/wp\/v2\/tags?post=5026"}],"curies":[{"name":"wp","href":"https:\/\/api.w.org\/{rel}","templated":true}]}}