{"id":4284,"date":"2024-09-27T07:37:25","date_gmt":"2024-09-27T05:37:25","guid":{"rendered":"https:\/\/www.ematrica.com\/konfidencialitates-politika\/"},"modified":"2024-09-27T07:37:25","modified_gmt":"2024-09-27T05:37:25","slug":"konfidencialitates-politika","status":"publish","type":"page","link":"https:\/\/www.ematrica.com\/lv\/konfidencialitates-politika\/","title":{"rendered":"Konfidencialit\u0101tes politika"},"content":{"rendered":"\n<p><strong>Priv\u0101tuma un s\u012bkdat\u0146u deklar\u0101cija  <\/strong><\/p>\n\n\n\n<p>2021. gada 1. novembris<\/p>\n\n\n\n<p>Ematrica.com ir \u013coti svar\u012bgs j\u016bsu priv\u0101tums. T\u0101p\u0113c m\u0113s iev\u0113rojam attiec\u012bgos ties\u012bbu aktus un noteikumus par priv\u0101tumu, tostarp Visp\u0101r\u012bgo datu aizsardz\u012bbas regulu (turpm\u0101k &#8211; VDAR). Tas noz\u012bm\u0113, ka m\u0113s:  <\/p>\n\n\n\n<p>&#8211;&nbsp;&nbsp;&nbsp;&nbsp; &nbsp;&nbsp; Pirms apstr\u0101d\u0101jam j\u016bsu personas datus, \u0161aj\u0101 priv\u0101tuma pazi\u0146ojum\u0101<strong>skaidri nor\u0101diet m\u016bsu m\u0113r\u0137us<\/strong>&nbsp;;<\/p>\n\n\n\n<p>&#8211;&nbsp;&nbsp;&nbsp;&nbsp; &nbsp;&nbsp; Saglab\u0101jiet p\u0113c<strong>iesp\u0113jas maz\u0101k personas datu<\/strong>&nbsp;un tikai tos datus, kas nepiecie\u0161ami m\u016bsu m\u0113r\u0137iem;<\/p>\n\n\n\n<p>&#8211;&nbsp;&nbsp;&nbsp;&nbsp; &nbsp;&nbsp; Ja ir nepiecie\u0161ama piekri\u0161ana apstr\u0101d\u0101t j\u016bsu personas datus,<strong>nep\u0101rprotami l\u016bdziet piekri\u0161anu<\/strong>&nbsp;;<\/p>\n\n\n\n<p>&#8211;&nbsp;&nbsp;&nbsp;&nbsp;&nbsp;&nbsp;<strong>Veikt nepiecie\u0161amos dro\u0161\u012bbas pas\u0101kumus<\/strong>&nbsp;, lai aizsarg\u0101tu j\u016bsu personas datus. \u0160os pien\u0101kumus m\u0113s uzliekam ar\u012b pus\u0113m, kas m\u016bsu uzdevum\u0101 apstr\u0101d\u0101 personas datus; <\/p>\n\n\n\n<p>&#8211;&nbsp;&nbsp;&nbsp;&nbsp; &nbsp;&nbsp;<strong>Respekt\u0113jiet savas ties\u012bbas<\/strong>&nbsp;, piem\u0113ram, ties\u012bbas piek\u013c\u016bt, labot vai dz\u0113st m\u016bsu apstr\u0101d\u0101tos personas datus.<\/p>\n\n\n\n<p>J\u016bsu dati pie mums ir dro\u0161\u012bb\u0101, un m\u0113s tos vienm\u0113r izmantosim pareizi. \u0160aj\u0101 pazi\u0146ojum\u0101 par konfidencialit\u0101ti m\u0113s izskaidrojam, ko m\u0113s, interneta veikals ematrica.com, dar\u0101m ar inform\u0101ciju, ko uzzin\u0101m par jums. <\/p>\n\n\n\n<p>Ja jums ir k\u0101di jaut\u0101jumi vai v\u0113laties uzzin\u0101t, k\u0101dus tie\u0161i datus par jums m\u0113s glab\u0101jam, l\u016bdzu, sazinieties ar ematrica.com.<\/p>\n\n\n\n<p><strong>Pas\u016bt\u012bjumu apstr\u0101de<\/strong><br>Kad j\u016bs mums iesniedzat pas\u016bt\u012bjumu, m\u0113s izmantojam j\u016bsu personas datus, lai to pien\u0101c\u012bgi apstr\u0101d\u0101tu. P\u0113c tam m\u0113s varam sniegt j\u016bsu personas datus m\u016bsu pieg\u0101des dienestam, lai pas\u016bt\u012bjums tiktu jums pieg\u0101d\u0101ts. M\u0113s ar\u012b sa\u0146emam inform\u0101ciju par j\u016bsu maks\u0101jumu no j\u016bsu bankas vai kred\u012btkar\u0161u uz\u0146\u0113muma. \u0160im nol\u016bkam m\u0113s izmantojam j\u016bsu:   <\/p>\n\n\n\n<ul class=\"wp-block-list\">\n<li>V\u0101rds, uzv\u0101rds un adrese<\/li>\n\n\n\n<li>E-pasta adrese<\/li>\n\n\n\n<li>Maks\u0101juma inform\u0101cija<\/li>\n\n\n\n<li>IP adrese<\/li>\n\n\n\n<li>Pases dati (dzim\u0161anas datums, dzimums, fotoatt\u0113ls, pases numurs utt.)<\/li>\n<\/ul>\n\n\n\n<p>Tas mums ir nepiecie\u0161ams, jo ar jums esam nosl\u0113gu\u0161i l\u012bgumu. M\u0113s glab\u0101jam \u0161o inform\u0101ciju l\u012bdz j\u016bsu pas\u016bt\u012bjuma izpildei. Saist\u012bb\u0101 ar likum\u0101 noteikto fisk\u0101lo datu saglab\u0101\u0161anas pien\u0101kumu m\u0113s uzglab\u0101jam noteiktus klientu datus ilg\u0101k.  <\/p>\n\n\n\n<p><em>Snieg\u0161ana tre\u0161aj\u0101m pus\u0113m<\/em><br>M\u0113s sadarbojamies ar noteiktiem uz\u0146\u0113mumiem, kuri var sa\u0146emt no mums iepriek\u0161 min\u0113tos j\u016bsu personas datus.<\/p>\n\n\n\n<p>Lai apstr\u0101d\u0101tu pas\u016bt\u012bjumus, m\u0113s sadarbojamies ar:<\/p>\n\n\n\n<ul class=\"wp-block-list\">\n<li>M\u016bsu maks\u0101jumu pakalpojumu sniedz\u0113ji Mollie un Multisafepay<\/li>\n\n\n\n<li>T\u0101s valsts vald\u012bba vai \u0100rlietu ministrija, uz kuru j\u016bs piesak\u0101ties v\u012bzas sa\u0146em\u0161anai.<\/li>\n<\/ul>\n\n\n\n<p><strong>Sazi\u0146as veidlapa<\/strong><br>J\u016bs varat izmantot sazi\u0146as veidlapu, lai uzdotu mums jaut\u0101jumus vai iesniegtu piepras\u012bjumus. \u0160im nol\u016bkam m\u0113s izmantojam j\u016bsu: <\/p>\n\n\n\n<ul class=\"wp-block-list\">\n<li>E-pasta adrese<\/li>\n<\/ul>\n\n\n\n<p>M\u0113s to dar\u0101m, pamatojoties uz j\u016bsu piekri\u0161anu. M\u0113s \u0161o inform\u0101ciju glab\u0101jam, l\u012bdz esam p\u0101rliecin\u0101ti, ka j\u016bs esat apmierin\u0101ts ar m\u016bsu atbildi. <\/p>\n\n\n\n<p><strong>Rekl\u0101mas<\/strong><br>M\u016bsu interneta veikal\u0101 tiek r\u0101d\u012btas rekl\u0101mas. M\u0113s pa\u0161i t\u0101s nepublic\u0113jam, bet to dara rekl\u0101mas a\u0123ent\u016bras, ar kur\u0101m m\u0113s sadarbojamies. \u0160\u012bs a\u0123ent\u016bras seko l\u012bdzi tam, vai jums \u0161\u012bs rekl\u0101mas \u0161\u0137iet interesantas, un izmanto \u0161o inform\u0101ciju, lai turpm\u0101k r\u0101d\u012btu jums tikai interesantas vai interesantas rekl\u0101mas un pied\u0101v\u0101jumus.  <\/p>\n\n\n\n<p><strong>Snieg\u0161ana citiem uz\u0146\u0113mumiem vai iest\u0101d\u0113m<\/strong><br>Iz\u0146emot puses, kas ir nepiecie\u0161amas iepriek\u0161 min\u0113to pakalpojumu snieg\u0161anai, m\u0113s nek\u0101dos apst\u0101k\u013cos nesniegsim j\u016bsu personas datus citiem uz\u0146\u0113mumiem vai iest\u0101d\u0113m, ja vien mums neb\u016bs juridiska pien\u0101kuma to dar\u012bt (piem\u0113ram, ja to pieprasa policija iesp\u0113jama nozieguma gad\u012bjum\u0101).&nbsp;<\/p>\n\n\n\n<p><strong>Statistika<\/strong><br>M\u0113s apkopojam statistiku par m\u016bsu interneta veikala izmanto\u0161anu, ta\u010du \u0161ie dati vienm\u0113r ir anon\u012bmi.&nbsp;<\/p>\n\n\n\n<p><strong>S\u012bkfaili<\/strong><br>M\u016bsu interneta veikals izmanto s\u012bkfailus. S\u012bkdatnes ir nelieli faili, kuros m\u0113s varam saglab\u0101t inform\u0101ciju, lai jums to nevajadz\u0113tu aizpild\u012bt v\u0113lreiz. Ta\u010du m\u0113s varam ar\u012b redz\u0113t, ka j\u016bs m\u016bs apmekl\u0113jat atk\u0101rtoti.  <\/p>\n\n\n\n<p>J\u016bs varat atsp\u0113jot s\u012bkfailu ievieto\u0161anu sav\u0101 p\u0101rl\u016bkprogramm\u0101, ta\u010du tad da\u017eas m\u016bsu interneta veikala da\u013cas vairs nedarbosies pareizi.<\/p>\n\n\n\n<p>M\u0113s esam nosl\u0113gu\u0161i l\u012bgumus ar citiem uz\u0146\u0113mumiem, kas ievieto s\u012bkfailus, par s\u012bkfailu izmanto\u0161anu. Tom\u0113r mums nav piln\u012bgas kontroles p\u0101r to, ko tie dara ar pa\u0161\u0101m s\u012bkdatn\u0113m. T\u0101p\u0113c izlasiet ar\u012b vi\u0146u pazi\u0146ojumus par konfidencialit\u0101ti.  <\/p>\n\n\n\n<p><strong>Dro\u0161\u012bba<\/strong><br>Personas datu dro\u0161\u012bba mums ir \u013coti svar\u012bga. M\u0113s nodro\u0161in\u0101m, ka j\u016bsu dati pie mums ir labi aizsarg\u0101ti. M\u0113s past\u0101v\u012bgi piel\u0101gojam dro\u0161\u012bbu un piev\u0113r\u0161am lielu uzman\u012bbu tam, kas var notikt nepareizi.  <\/p>\n\n\n\n<p><strong>Izmai\u0146as \u0161aj\u0101 pazi\u0146ojum\u0101 par konfidencialit\u0101ti<\/strong><br>Kad main\u0101s m\u016bsu interneta veikals, mums, protams, ir j\u0101piel\u0101go ar\u012b pazi\u0146ojums par konfidencialit\u0101ti. T\u0101p\u0113c vienm\u0113r piev\u0113rsiet uzman\u012bbu iepriek\u0161 nor\u0101d\u012btajam datumam un regul\u0101ri p\u0101rbaudiet, vai nav pieejamas jaunas versijas. M\u0113s dar\u012bsim visu iesp\u0113jamo, lai jums pazi\u0146otu par izmai\u0146\u0101m.  <\/p>\n\n\n\n<p><strong>J\u016bsu ties\u012bbas<\/strong><br>Ja jums ir k\u0101di jaut\u0101jumi vai v\u0113laties uzzin\u0101t, k\u0101di personas dati par jums ir m\u016bsu r\u012bc\u012bb\u0101, vienm\u0113r varat ar mums sazin\u0101ties. Skatiet t\u0101l\u0101k sniegto kontaktinform\u0101ciju. <\/p>\n\n\n\n<p>Jums ir \u0161\u0101das ties\u012bbas:<\/p>\n\n\n\n<ul class=\"wp-block-list\">\n<li>sa\u0146emt skaidrojumu par to, k\u0101di personas dati ir m\u016bsu r\u012bc\u012bb\u0101 un ko m\u0113s ar tiem dar\u0101m;<\/li>\n\n\n\n<li>Piek\u013cuve m\u016bsu r\u012bc\u012bb\u0101 eso\u0161ajiem prec\u012bziem personas datiem;<\/li>\n\n\n\n<li>K\u013c\u016bdu labo\u0161ana;<\/li>\n\n\n\n<li>novecoju\u0161u personas datu dz\u0113\u0161ana;<\/li>\n\n\n\n<li>Personas datu nodo\u0161ana citai pusei;<\/li>\n\n\n\n<li>Piekri\u0161anas atsauk\u0161ana;<\/li>\n\n\n\n<li>Ierobe\u017eot noteiktu apstr\u0101di;<\/li>\n\n\n\n<li>iebilst pret konkr\u0113tu izmanto\u0161anu.<\/li>\n<\/ul>\n\n\n\n<p>L\u016bdzu, \u0146emiet v\u0113r\u0101, ka jums vienm\u0113r ir skaidri j\u0101nor\u0101da, kas esat, lai m\u0113s var\u0113tu b\u016bt dro\u0161i, ka neveicam nepareizas personas datu korekcijas vai dz\u0113\u0161anu.<\/p>\n\n\n\n<p>M\u0113s princip\u0101 izpild\u012bsim j\u016bsu piepras\u012bjumu viena m\u0113ne\u0161a laik\u0101. Tom\u0113r \u0161o termi\u0146u var pagarin\u0101t ar datu subjektu \u012bpa\u0161aj\u0101m ties\u012bb\u0101m vai piepras\u012bjuma sare\u017e\u0123\u012bt\u012bbu saist\u012btu iemeslu d\u0113\u013c. Ja m\u0113s \u0161o termi\u0146u pagarin\u0101sim, m\u0113s j\u016bs par to savlaic\u012bgi inform\u0113sim.  <\/p>\n\n\n\n<p><strong>S\u016bdz\u012bbas iesnieg\u0161ana<\/strong><br>Ja v\u0113laties iesniegt s\u016bdz\u012bbu par savu personas datu izmanto\u0161anu, varat s\u016bt\u012bt e-pastu uz adresi contact@ematrica.com. M\u0113s izskat\u012bsim katru s\u016bdz\u012bbu iek\u0161\u0113ji un sazin\u0101simies ar jums t\u0101l\u0101k. <\/p>\n\n\n\n<p>Ja jums \u0161\u0137iet, ka m\u0113s jums nepal\u012bdzam pareizi, jums ir ties\u012bbas iesniegt s\u016bdz\u012bbu uzraudz\u012bbas iest\u0101dei. To sauc par N\u012bderlandes datu aizsardz\u012bbas iest\u0101di. <\/p>\n\n\n\n<p><strong>Kontaktinform\u0101cija<\/strong><\/p>\n\n\n\n<p><strong>Adrese<\/strong>: GOVIGNETTE LTD, a 128 City Road, Londona, Apvienot\u0101 Karaliste, EC1V 2NX<\/p>\n\n\n\n<p>E-pasts: E-pasts:&nbsp;contact@ematrica.com<\/p>\n\n\n\n<p>Sazinieties ar : +44 077 5757 7501<\/p>\n","protected":false},"excerpt":{"rendered":"<p>Priv\u0101tuma un s\u012bkdat\u0146u deklar\u0101cija 2021. gada 1. novembris Ematrica.com ir \u013coti svar\u012bgs j\u016bsu priv\u0101tums. T\u0101p\u0113c m\u0113s iev\u0113rojam attiec\u012bgos ties\u012bbu aktus un noteikumus par priv\u0101tumu, tostarp Visp\u0101r\u012bgo datu aizsardz\u012bbas regulu (turpm\u0101k &#8211; VDAR). Tas noz\u012bm\u0113, ka m\u0113s: &#8211;&nbsp;&nbsp;&nbsp;&nbsp; &nbsp;&nbsp; Pirms apstr\u0101d\u0101jam j\u016bsu personas datus, \u0161aj\u0101 priv\u0101tuma pazi\u0146ojum\u0101skaidri nor\u0101diet m\u016bsu m\u0113r\u0137us&nbsp;; &#8211;&nbsp;&nbsp;&nbsp;&nbsp; &nbsp;&nbsp; Saglab\u0101jiet p\u0113ciesp\u0113jas maz\u0101k personas [&hellip;]<\/p>\n","protected":false},"author":1,"featured_media":0,"parent":0,"menu_order":0,"comment_status":"closed","ping_status":"closed","template":"","meta":{"inline_featured_image":false,"_uag_custom_page_level_css":"","site-sidebar-layout":"default","site-content-layout":"","ast-site-content-layout":"default","site-content-style":"default","site-sidebar-style":"default","ast-global-header-display":"","ast-banner-title-visibility":"","ast-main-header-display":"","ast-hfb-above-header-display":"","ast-hfb-below-header-display":"","ast-hfb-mobile-header-display":"","site-post-title":"","ast-breadcrumbs-content":"","ast-featured-img":"","footer-sml-layout":"","theme-transparent-header-meta":"","adv-header-id-meta":"","stick-header-meta":"","header-above-stick-meta":"","header-main-stick-meta":"","header-below-stick-meta":"","astra-migrate-meta-layouts":"default","ast-page-background-enabled":"default","ast-page-background-meta":{"desktop":{"background-color":"","background-image":"","background-repeat":"repeat","background-position":"center center","background-size":"auto","background-attachment":"scroll","background-type":"","background-media":"","overlay-type":"","overlay-color":"","overlay-opacity":"","overlay-gradient":""},"tablet":{"background-color":"","background-image":"","background-repeat":"repeat","background-position":"center center","background-size":"auto","background-attachment":"scroll","background-type":"","background-media":"","overlay-type":"","overlay-color":"","overlay-opacity":"","overlay-gradient":""},"mobile":{"background-color":"","background-image":"","background-repeat":"repeat","background-position":"center center","background-size":"auto","background-attachment":"scroll","background-type":"","background-media":"","overlay-type":"","overlay-color":"","overlay-opacity":"","overlay-gradient":""}},"ast-content-background-meta":{"desktop":{"background-color":"var(--ast-global-color-5)","background-image":"","background-repeat":"repeat","background-position":"center center","background-size":"auto","background-attachment":"scroll","background-type":"","background-media":"","overlay-type":"","overlay-color":"","overlay-opacity":"","overlay-gradient":""},"tablet":{"background-color":"var(--ast-global-color-5)","background-image":"","background-repeat":"repeat","background-position":"center center","background-size":"auto","background-attachment":"scroll","background-type":"","background-media":"","overlay-type":"","overlay-color":"","overlay-opacity":"","overlay-gradient":""},"mobile":{"background-color":"var(--ast-global-color-5)","background-image":"","background-repeat":"repeat","background-position":"center center","background-size":"auto","background-attachment":"scroll","background-type":"","background-media":"","overlay-type":"","overlay-color":"","overlay-opacity":"","overlay-gradient":""}},"footnotes":""},"categories":[],"tags":[114],"class_list":["post-4284","page","type-page","status-publish","hentry","tag-noindex-lv"],"uagb_featured_image_src":{"full":false,"thumbnail":false,"medium":false,"medium_large":false,"large":false,"1536x1536":false,"2048x2048":false},"uagb_author_info":{"display_name":"admin","author_link":"https:\/\/www.ematrica.com\/lv\/author\/admin\/"},"uagb_comment_info":0,"uagb_excerpt":"Priv\u0101tuma un s\u012bkdat\u0146u deklar\u0101cija 2021. gada 1. novembris Ematrica.com ir \u013coti svar\u012bgs j\u016bsu priv\u0101tums. T\u0101p\u0113c m\u0113s iev\u0113rojam attiec\u012bgos ties\u012bbu aktus un noteikumus par priv\u0101tumu, tostarp Visp\u0101r\u012bgo datu aizsardz\u012bbas regulu (turpm\u0101k &#8211; VDAR). Tas noz\u012bm\u0113, ka m\u0113s: &#8211;&nbsp;&nbsp;&nbsp;&nbsp; &nbsp;&nbsp; Pirms apstr\u0101d\u0101jam j\u016bsu personas datus, \u0161aj\u0101 priv\u0101tuma pazi\u0146ojum\u0101skaidri nor\u0101diet m\u016bsu m\u0113r\u0137us&nbsp;; &#8211;&nbsp;&nbsp;&nbsp;&nbsp; &nbsp;&nbsp; Saglab\u0101jiet p\u0113ciesp\u0113jas maz\u0101k personas&hellip;","_links":{"self":[{"href":"https:\/\/www.ematrica.com\/lv\/wp-json\/wp\/v2\/pages\/4284","targetHints":{"allow":["GET","POST","PUT","PATCH","DELETE"]}}],"collection":[{"href":"https:\/\/www.ematrica.com\/lv\/wp-json\/wp\/v2\/pages"}],"about":[{"href":"https:\/\/www.ematrica.com\/lv\/wp-json\/wp\/v2\/types\/page"}],"author":[{"embeddable":true,"href":"https:\/\/www.ematrica.com\/lv\/wp-json\/wp\/v2\/users\/1"}],"replies":[{"embeddable":true,"href":"https:\/\/www.ematrica.com\/lv\/wp-json\/wp\/v2\/comments?post=4284"}],"version-history":[{"count":0,"href":"https:\/\/www.ematrica.com\/lv\/wp-json\/wp\/v2\/pages\/4284\/revisions"}],"wp:attachment":[{"href":"https:\/\/www.ematrica.com\/lv\/wp-json\/wp\/v2\/media?parent=4284"}],"wp:term":[{"taxonomy":"category","embeddable":true,"href":"https:\/\/www.ematrica.com\/lv\/wp-json\/wp\/v2\/categories?post=4284"},{"taxonomy":"post_tag","embeddable":true,"href":"https:\/\/www.ematrica.com\/lv\/wp-json\/wp\/v2\/tags?post=4284"}],"curies":[{"name":"wp","href":"https:\/\/api.w.org\/{rel}","templated":true}]}}