{"id":4754,"date":"2024-09-27T09:59:58","date_gmt":"2024-09-27T07:59:58","guid":{"rendered":"https:\/\/www.ematrica.com\/kur-tas-ir-piemerojams\/"},"modified":"2024-09-27T09:59:58","modified_gmt":"2024-09-27T07:59:58","slug":"kur-tas-ir-piemerojams","status":"publish","type":"page","link":"https:\/\/www.ematrica.com\/lv\/kur-tas-ir-piemerojams\/","title":{"rendered":"Kur tas ir piem\u0113rojams"},"content":{"rendered":"\n<div class=\"wp-block-uagb-container uagb-block-25efe059 alignfull uagb-is-root-container\"><div class=\"uagb-container-inner-blocks-wrap\">\n<div class=\"wp-block-uagb-advanced-heading uagb-block-152b2cf8\"><h1 class=\"uagb-heading-text\">Kur tas piem\u0113rojams<\/h1><\/div>\n<\/div><\/div>\n\n\n\n<div class=\"wp-block-uagb-container uagb-block-4a87feac alignfull uagb-is-root-container\"><div class=\"uagb-container-inner-blocks-wrap\">\n<div class=\"wp-block-uagb-container uagb-block-eb4eb583\">\n<div class=\"wp-block-uagb-image uagb-block-9f678b37 wp-block-uagb-image--layout-default wp-block-uagb-image--effect-static wp-block-uagb-image--align-none\"><figure class=\"wp-block-uagb-image__figure\"><img decoding=\"async\" srcset=\"https:\/\/www.ematrica.com\/wp-content\/uploads\/2024\/09\/Map-1024x481.png ,https:\/\/www.ematrica.com\/wp-content\/uploads\/2024\/09\/Map.png 780w, https:\/\/www.ematrica.com\/wp-content\/uploads\/2024\/09\/Map.png 360w\" sizes=\"auto, (max-width: 480px) 150px\" src=\"https:\/\/www.ematrica.com\/wp-content\/uploads\/2024\/09\/Map-1024x481.png\" alt=\"\" class=\"uag-image-2822\" width=\"1428\" height=\"671\" title=\"Karte\" loading=\"lazy\" role=\"img\"><\/figure><\/div>\n<\/div>\n<\/div><\/div>\n\n\n\n<div class=\"wp-block-uagb-container uagb-block-615326b3 alignfull uagb-is-root-container\"><div class=\"uagb-container-inner-blocks-wrap\">\n<div class=\"wp-block-uagb-container uagb-block-c51809a9\">\n<div class=\"wp-block-uagb-info-box uagb-block-96aad7cb uagb-infobox__content-wrap uagb-infobox-icon-above-title uagb-infobox-image-valign-top\"><div class=\"uagb-ifb-content\"><div class=\"uagb-ifb-title-wrap\"><h2 class=\"uagb-ifb-title\">Kur piem\u0113ro m\u016bsu vinjetes pakalpojumus<\/h2><\/div><\/div><\/div>\n<\/div>\n\n\n\n<div class=\"wp-block-uagb-container uagb-block-dc6e0ba1\">\n<div class=\"wp-block-uagb-info-box uagb-block-cba2f3d7 uagb-infobox__content-wrap uagb-infobox-icon-above-title uagb-infobox-image-valign-top\"><div class=\"uagb-ifb-content\"><div class=\"uagb-ifb-title-wrap\"><h3 class=\"uagb-ifb-title\">Pils\u0113tu teritorijas<\/h3><\/div><p class=\"uagb-ifb-desc\">Daudzos lielpils\u0113tu re\u0123ionos ir ieviestas nodevu sist\u0113mas, lai p\u0101rvald\u012btu sastr\u0113gumus.\n\u0160\u012bs nodevas ne tikai pal\u012bdz finans\u0113t uztur\u0113\u0161anu un uzlabojumus, bet ar\u012b veicina alternat\u012bvu mar\u0161rutu izmanto\u0161anu.\nM\u016bsu pakalpojumi ir izstr\u0101d\u0101ti, lai atvieglotu netrauc\u0113tu ce\u013cu nodevu iekas\u0113\u0161anu.  <\/p><\/div><\/div>\n<\/div>\n\n\n\n<div class=\"wp-block-uagb-container uagb-block-20b3f7af\">\n<div class=\"wp-block-uagb-info-box uagb-block-bdcff0de uagb-infobox__content-wrap uagb-infobox-icon-above-title uagb-infobox-image-valign-top\"><div class=\"uagb-ifb-content\"><div class=\"uagb-ifb-title-wrap\"><h3 class=\"uagb-ifb-title\">Starpvalstu automa\u0123istr\u0101les<\/h3><\/div><p class=\"uagb-ifb-desc\">Lai uztur\u0113tu ce\u013cu kvalit\u0101ti un dro\u0161\u012bbu, liel\u0101kaj\u0101s starpvalstu automa\u0123istr\u0101l\u0113s bie\u017ei vien ir maksas posmi.\nM\u016bsu autoce\u013cu nodevu pakalpojumi tiek piem\u0113roti visos \u0161ajos mar\u0161rutos, nodro\u0161inot, ka ce\u013cot\u0101ji var viegli samaks\u0101t nodevas un piek\u013c\u016bt re\u0101llaika inform\u0101cijai par nodevu likm\u0113m un viet\u0101m. <\/p><\/div><\/div>\n<\/div>\n\n\n\n<div class=\"wp-block-uagb-container uagb-block-4a7a80b7\">\n<div class=\"wp-block-uagb-info-box uagb-block-71841dc7 uagb-infobox__content-wrap uagb-infobox-icon-above-title uagb-infobox-image-valign-top\"><div class=\"uagb-ifb-content\"><div class=\"uagb-ifb-title-wrap\"><h3 class=\"uagb-ifb-title\">Tilti un tune\u013ci<\/h3><\/div><p class=\"uagb-ifb-desc\">Lai segtu b\u016bvniec\u012bbas un uztur\u0113\u0161anas izmaksas, galvenaj\u0101s infrastrukt\u016br\u0101s, piem\u0113ram, tiltos un tune\u013cos, bie\u017ei vien tiek iekas\u0113tas ce\u013ca nodevas.\nM\u016bsu pakalpojumi nodro\u0161ina, ka j\u016bs varat efekt\u012bvi samaks\u0101t nodevas \u0161ajos punktos, lai izvair\u012btos no aizkav\u0113\u0161an\u0101s un nodro\u0161in\u0101tu, ka j\u016bsu ce\u013cojums notiek pareizi. <\/p><\/div><\/div>\n<\/div>\n\n\n\n<div class=\"wp-block-uagb-container uagb-block-69df0e98\">\n<div class=\"wp-block-uagb-info-box uagb-block-194ffc81 uagb-infobox__content-wrap uagb-infobox-icon-above-title uagb-infobox-image-valign-top\"><div class=\"uagb-ifb-content\"><div class=\"uagb-ifb-title-wrap\"><h3 class=\"uagb-ifb-title\">T\u0101lsatiksmes ce\u013cojumi<\/h3><\/div><p class=\"uagb-ifb-desc\">Tiem, kas dodas t\u0101los ce\u013cojumos, izpratne par to, kur ir j\u0101maks\u0101 ce\u013ca nodevas, var pal\u012bdz\u0113t pl\u0101not un pl\u0101not bud\u017eetu.\nM\u016bsu pakalpojumi sniedz visaptvero\u0161u inform\u0101ciju par ce\u013cu nodev\u0101m, lai pal\u012bdz\u0113tu jums pie\u0146emt pamatotus l\u0113mumus par ce\u013cojuma mar\u0161rutiem. <\/p><\/div><\/div>\n<\/div>\n\n\n\n<div class=\"wp-block-uagb-container uagb-block-85518280\">\n<div class=\"wp-block-uagb-info-box uagb-block-1dc87a3d uagb-infobox__content-wrap uagb-infobox-icon-above-title uagb-infobox-image-valign-top\"><div class=\"uagb-ifb-content\"><div class=\"uagb-ifb-title-wrap\"><h3 class=\"uagb-ifb-title\">Flotes oper\u0101cijas<\/h3><\/div><p class=\"uagb-ifb-desc\">Uz\u0146\u0113mumi, kas p\u0101rvalda lielus autoparkus, pa\u013caujas uz autoce\u013cu nodevu pakalpojumiem, lai nodro\u0161in\u0101tu efektivit\u0101ti un izmaksu p\u0101rvald\u012bbu.\nM\u016bsu risin\u0101jumi ir paredz\u0113ti autoparku operatoriem, pied\u0101v\u0101jot piel\u0101gotus pakalpojumus, lai racionaliz\u0113tu ce\u013cu nodevu maks\u0101jumus vair\u0101kiem transportl\u012bdzek\u013ciem, nodro\u0161inot netrauc\u0113tu darb\u012bbu uz ce\u013ca. <\/p><\/div><\/div>\n<\/div>\n<\/div><\/div>\n","protected":false},"excerpt":{"rendered":"<p>Kur tas piem\u0113rojams<\/p>\n","protected":false},"author":2,"featured_media":0,"parent":0,"menu_order":0,"comment_status":"closed","ping_status":"closed","template":"","meta":{"inline_featured_image":false,"_uag_custom_page_level_css":"","site-sidebar-layout":"no-sidebar","site-content-layout":"plain-container","ast-site-content-layout":"full-width-container","site-content-style":"unboxed","site-sidebar-style":"unboxed","ast-global-header-display":"","ast-banner-title-visibility":"","ast-main-header-display":"","ast-hfb-above-header-display":"","ast-hfb-below-header-display":"","ast-hfb-mobile-header-display":"","site-post-title":"disabled","ast-breadcrumbs-content":"","ast-featured-img":"","footer-sml-layout":"","theme-transparent-header-meta":"enabled","adv-header-id-meta":"","stick-header-meta":"","header-above-stick-meta":"","header-main-stick-meta":"","header-below-stick-meta":"","astra-migrate-meta-layouts":"default","ast-page-background-enabled":"default","ast-page-background-meta":{"desktop":{"background-color":"","background-image":"","background-repeat":"repeat","background-position":"center center","background-size":"auto","background-attachment":"scroll","background-type":"","background-media":"","overlay-type":"","overlay-color":"","overlay-opacity":"","overlay-gradient":""},"tablet":{"background-color":"","background-image":"","background-repeat":"repeat","background-position":"center center","background-size":"auto","background-attachment":"scroll","background-type":"","background-media":"","overlay-type":"","overlay-color":"","overlay-opacity":"","overlay-gradient":""},"mobile":{"background-color":"","background-image":"","background-repeat":"repeat","background-position":"center center","background-size":"auto","background-attachment":"scroll","background-type":"","background-media":"","overlay-type":"","overlay-color":"","overlay-opacity":"","overlay-gradient":""}},"ast-content-background-meta":{"desktop":{"background-color":"var(--ast-global-color-5)","background-image":"","background-repeat":"repeat","background-position":"center center","background-size":"auto","background-attachment":"scroll","background-type":"","background-media":"","overlay-type":"","overlay-color":"","overlay-opacity":"","overlay-gradient":""},"tablet":{"background-color":"var(--ast-global-color-5)","background-image":"","background-repeat":"repeat","background-position":"center center","background-size":"auto","background-attachment":"scroll","background-type":"","background-media":"","overlay-type":"","overlay-color":"","overlay-opacity":"","overlay-gradient":""},"mobile":{"background-color":"var(--ast-global-color-5)","background-image":"","background-repeat":"repeat","background-position":"center center","background-size":"auto","background-attachment":"scroll","background-type":"","background-media":"","overlay-type":"","overlay-color":"","overlay-opacity":"","overlay-gradient":""}},"footnotes":""},"categories":[],"tags":[],"class_list":["post-4754","page","type-page","status-publish","hentry"],"uagb_featured_image_src":{"full":false,"thumbnail":false,"medium":false,"medium_large":false,"large":false,"1536x1536":false,"2048x2048":false},"uagb_author_info":{"display_name":"shubham","author_link":"https:\/\/www.ematrica.com\/lv\/author\/shubham\/"},"uagb_comment_info":0,"uagb_excerpt":"Kur tas piem\u0113rojams","_links":{"self":[{"href":"https:\/\/www.ematrica.com\/lv\/wp-json\/wp\/v2\/pages\/4754","targetHints":{"allow":["GET","POST","PUT","PATCH","DELETE"]}}],"collection":[{"href":"https:\/\/www.ematrica.com\/lv\/wp-json\/wp\/v2\/pages"}],"about":[{"href":"https:\/\/www.ematrica.com\/lv\/wp-json\/wp\/v2\/types\/page"}],"author":[{"embeddable":true,"href":"https:\/\/www.ematrica.com\/lv\/wp-json\/wp\/v2\/users\/2"}],"replies":[{"embeddable":true,"href":"https:\/\/www.ematrica.com\/lv\/wp-json\/wp\/v2\/comments?post=4754"}],"version-history":[{"count":0,"href":"https:\/\/www.ematrica.com\/lv\/wp-json\/wp\/v2\/pages\/4754\/revisions"}],"wp:attachment":[{"href":"https:\/\/www.ematrica.com\/lv\/wp-json\/wp\/v2\/media?parent=4754"}],"wp:term":[{"taxonomy":"category","embeddable":true,"href":"https:\/\/www.ematrica.com\/lv\/wp-json\/wp\/v2\/categories?post=4754"},{"taxonomy":"post_tag","embeddable":true,"href":"https:\/\/www.ematrica.com\/lv\/wp-json\/wp\/v2\/tags?post=4754"}],"curies":[{"name":"wp","href":"https:\/\/api.w.org\/{rel}","templated":true}]}}