{"id":4855,"date":"2024-09-27T09:59:58","date_gmt":"2024-09-27T07:59:58","guid":{"rendered":"https:\/\/www.ematrica.com\/faq\/"},"modified":"2024-09-27T09:59:58","modified_gmt":"2024-09-27T07:59:58","slug":"faq","status":"publish","type":"page","link":"https:\/\/www.ematrica.com\/lv\/faq\/","title":{"rendered":"Faq"},"content":{"rendered":"\n<div class=\"wp-block-uagb-container uagb-block-25efe059 alignfull uagb-is-root-container\">\n<div class=\"wp-block-uagb-advanced-heading uagb-block-152b2cf8\"><h1 class=\"uagb-heading-text\">Bie\u017e\u0101k uzdotie jaut\u0101jumi<\/h1><\/div>\n<\/div>\n\n\n\n<div class=\"wp-block-uagb-container uagb-block-3578b4ec alignfull uagb-is-root-container\"><div class=\"uagb-container-inner-blocks-wrap\">\n<div class=\"wp-block-uagb-info-box uagb-block-8152c234 uagb-infobox__content-wrap uagb-infobox-icon-above-title uagb-infobox-image-valign-top\"><div class=\"uagb-ifb-content\"><div class=\"uagb-ifb-title-wrap\"><\/div><\/div><\/div>\n\n\n<style>\n.accordion-content {\n    display: none;\n    padding: 10px;\n    border: 1px solid #ccc;\n    border-top: none;\n}\n\n.accordion-header {\n    cursor: pointer;\n    padding: 10px;\n    border: 1px solid #ccc;\n    margin: 0;\nbackground-color:#fafafa;\nmargin-bottom:10px;\nborder-radius:3px;\npadding-right:50px;\nposition: relative;\nfont-size:110%;\n}\n.accordion-header .qs {\n\n}\n.arrow {\n    position: absolute;\n    right: 10px;\n    top: 10px;\n}\n\n.arrow-up {\n    transform: rotate(180deg);\n}\n<\/style>\n\n\n<script>\njQuery(document).ready(function(){\n    jQuery(\".accordion-header\").click(function() {\n        \/\/ Toggle the arrow direction of the clicked header\n        jQuery(this).children(\".arrow\").toggleClass(\"arrow-up\", !jQuery(this).next().is(\":visible\"));\n        \n        \/\/ Close previously opened content and reset their arrows\n        jQuery(\".accordion-content\").not(jQuery(this).next()).slideUp().prev().children(\".arrow\").removeClass(\"arrow-up\");\n        jQuery(\".accordion-content\").not(jQuery(this).next()).prev().find(\".arrow\").html(\"&#9660;\"); \/\/ Reset other arrows to down\n        \n        jQuery(this).next().slideToggle();\n        if(jQuery(this).next().is(\":visible\")) {\n            jQuery(this).find(\".arrow\").html(\"&#9660;\"); \/\/ Change to up arrow\n        } else {\n            jQuery(this).find(\".arrow\").html(\"&#9650;\"); \/\/ Change back to down arrow\n        }\n    });\n});\n<\/script>\n\n\n<div class=\"accordion\"><h4 class=\"accordion-header\"><span class=\"qs\">Es nesa\u0146\u0113mu nek\u0101du e-pastu par pas\u016bt\u012bjuma izpildi vai apmaksu.<\/span><span class=\"arrow\">&#9660;<\/span><\/h4>\n            <div class=\"accordion-content\">\n            <p>Ja e-pasta adrese ir ievad\u012bta pareizi, l\u016bdzu, p\u0101rbaudiet surog\u0101tpasta mapi vai citas mapes, uz kur\u0101m var tikt pieg\u0101d\u0101ti informat\u012bvie e-pasti. Da\u017eos gad\u012bjumos e-pastu var neb\u016bt iesp\u0113jams atrast sav\u0101 parastaj\u0101 past\u0101.<\/p>\n            <\/div><h4 class=\"accordion-header\"><span class=\"qs\">Es k\u013c\u016bd\u012bjos, ievadot automa\u0161\u012bnas numuru vai valsti.<\/span><span class=\"arrow\">&#9660;<\/span><\/h4>\n            <div class=\"accordion-content\">\n            <p>P\u0113c apmaksas sav\u0101 e-past\u0101 atrad\u012bsiet saiti uz pateic\u012bbas lapu. Ja pas\u016bt\u012bjums v\u0113l nav apstr\u0101d\u0101ts, varat main\u012bt jebkuru inform\u0101ciju, tostarp valsti un automa\u0161\u012bnas numuru. Diem\u017e\u0113l p\u0113c pas\u016bt\u012bjuma pabeig\u0161anas izmai\u0146as vairs nav iesp\u0113jamas, un ir j\u0101izveido jauns pas\u016bt\u012bjums.<\/p>\n            <\/div><h4 class=\"accordion-header\"><span class=\"qs\">Es v\u0113los automa\u0123istr\u0101les vinjeti vair\u0101kiem transportl\u012bdzek\u013ciem vienlaikus.<\/span><span class=\"arrow\">&#9660;<\/span><\/h4>\n            <div class=\"accordion-content\">\n            <p>Ja v\u0113laties ieg\u0101d\u0101ties automa\u0123istr\u0101les vinjeti vair\u0101kiem transportl\u012bdzek\u013ciem vienlaikus, l\u016bdzu, sazinieties ar mums. Nav nepiecie\u0161ams ievad\u012bt katru numura z\u012bmi atsevi\u0161\u0137i. Sav\u0101 zi\u0146ojum\u0101, l\u016bdzu, iek\u013caujiet re\u0123istr\u0113jamo numura z\u012bmju sarakstu, uztur\u0113\u0161an\u0101s ilgumu valst\u012b (vai valst\u012bs) un der\u012bguma termi\u0146u. <\/p>\n            <\/div><h4 class=\"accordion-header\"><span class=\"qs\">Vai es varu atcelt vai main\u012bt ieg\u0101d\u0101to pastmarku, ja main\u0101s mani ce\u013cojuma pl\u0101ni?<\/span><span class=\"arrow\">&#9660;<\/span><\/h4>\n            <div class=\"accordion-content\">\n            <p>Parasti elektronisk\u0101 bi\u013cete ir piesaist\u012bta konkr\u0113tam transportl\u012bdzeklim un laika periodam, un p\u0113c aktiviz\u0113\u0161anas to nevar p\u0101rs\u016bt\u012bt vai main\u012bt. Datu ievades k\u013c\u016bdas vai citu \u0101rk\u0101rtas situ\u0101ciju gad\u012bjum\u0101 vislab\u0101k ir sazin\u0101ties ar mums p\u0113c iesp\u0113jas \u0101tr\u0101k.<\/p>\n            <\/div><h4 class=\"accordion-header\"><span class=\"qs\">Man tika uzlikts sods par neapmaks\u0101tu nodevu.<\/span><span class=\"arrow\">&#9660;<\/span><\/h4>\n            <div class=\"accordion-content\">\n            <p>M\u0113s v\u0113l neesam sask\u0101ru\u0161ies ar gad\u012bjumu, kad sods neb\u016btu pamatots. Liel\u0101kaj\u0101 da\u013c\u0101 gad\u012bjumu iemesls ir t\u0101ds, ka da\u013ca datu ir aizpild\u012bti nepareizi. M\u0113s iesak\u0101m samaks\u0101t sodu, jo sankcijas nemaks\u0101\u0161anas gad\u012bjum\u0101 var b\u016bt daudz barg\u0101kas.<\/p>\n            <\/div><h4 class=\"accordion-header\"><span class=\"qs\">Kas ir pakalpojuma maksa?<\/span><span class=\"arrow\">&#9660;<\/span><\/h4>\n            <div class=\"accordion-content\">\n            <p>Pakalpojuma maksa tiek izmantota, lai segtu pakalpojuma izmaksas, tostarp tehnisk\u0101 atbalsta, person\u012bg\u0101 atbalsta pakalpojumu, manu\u0101las pas\u016bt\u012bjumu p\u0101rbaudes un m\u0101rketinga izmaksas.<\/p>\n            <\/div><h4 class=\"accordion-header\"><span class=\"qs\">J\u016bs sak\u0101t, ka vinjeti sa\u0146em\u0161u 3 min\u016b\u0161u laik\u0101, bet es joproj\u0101m neko neesmu sa\u0146\u0113mis. K\u0101p\u0113c?<\/span><span class=\"arrow\">&#9660;<\/span><\/h4>\n            <div class=\"accordion-content\">\n            <p>M\u0113s cen\u0161amies p\u0113c iesp\u0113jas iev\u0113rot nor\u0101d\u012bto laiku. Priek\u0161roka tiek dota pakalpojumiem, kas ir sp\u0113k\u0101 no \u0161odienas. Tom\u0113r iemeslu d\u0113\u013c, kas nav m\u016bsu kontrol\u0113 (maks\u0101jumu v\u0101rteju darb\u012bbas p\u0101rtraukumi, valsts t\u012bmek\u013ca pakalpojumi), iz\u0146\u0113muma gad\u012bjumos re\u0123istr\u0101cija var tikt pagarin\u0101ta. M\u0113s ar\u012b iesak\u0101m r\u016bp\u012bgi p\u0101rbaud\u012bt, vai esat pareizi ievad\u012bjis savu e-pasta adresi. Ja esat pareizi ievad\u012bjis savu e-pasta adresi, l\u016bdzu, sekojiet lapai, kas tika par\u0101d\u012bta p\u0113c pirkuma. \u0160eit atrad\u012bsiet aktu\u0101lo inform\u0101ciju, tostarp sava pas\u016bt\u012bjuma statusu.<\/p>\n            <\/div><h4 class=\"accordion-header\"><span class=\"qs\">Es v\u0113los atcelt savu pas\u016bt\u012bjumu.<\/span><span class=\"arrow\">&#9660;<\/span><\/h4>\n            <div class=\"accordion-content\">\n            <p>Saska\u0146\u0101 ar noteikumiem un nosac\u012bjumiem, pas\u016bt\u012bjuma atmaksu var veikt pirms pas\u016bt\u012bjuma apstr\u0101des uzs\u0101k\u0161anas. Ja pas\u016bt\u012bjums ir pabeigts, atmaksa nav iesp\u0113jama.<\/p>\n            <\/div><h4 class=\"accordion-header\"><span class=\"qs\">Mani ce\u013cojuma pl\u0101ni ir main\u012bju\u0161ies, un es v\u0113los main\u012bt savu re\u0123istr\u0113\u0161an\u0101s datumu.<\/span><span class=\"arrow\">&#9660;<\/span><\/h4>\n            <div class=\"accordion-content\">\n            <p>Ja pakalpojums jums jau ir re\u0123istr\u0113ts, diem\u017e\u0113l der\u012bguma termi\u0146u main\u012bt nevar, un pakalpojums ir j\u0101ieg\u0101d\u0101jas atk\u0101rtoti.<\/p>\n            <\/div><h4 class=\"accordion-header\"><span class=\"qs\">Es p\u0101rdom\u0101ju un v\u0113los atmaksu<\/span><span class=\"arrow\">&#9660;<\/span><\/h4>\n            <div class=\"accordion-content\">\n            <p>Pakalpojumu var atcelt pat p\u0113c apmaksas veik\u0161anas, pirms pas\u016bt\u012bjums ir apstr\u0101d\u0101ts. \u0100tr\u0101kais veids, k\u0101 to izdar\u012bt, ir izmantojot saiti &quot;atcelt pas\u016bt\u012bjumu&quot; lap\u0101 ar j\u016bsu pas\u016bt\u012bjuma inform\u0101ciju. Tur j\u016bs atrad\u012bsiet ar\u012b sava pas\u016bt\u012bjuma pa\u0161reiz\u0113jo statusu, tostarp inform\u0101ciju par atcel\u0161anas iesp\u0113j\u0101m. Ja nezin\u0101t lapas adresi, varat to vienk\u0101r\u0161i atrast, mekl\u0113jot savu pas\u016bt\u012bjum\u0101 ievad\u012bto e-pasta adresi.<\/p>\n            <\/div><h4 class=\"accordion-header\"><span class=\"qs\">Kad tiks aktiviz\u0113ta mana vinjete<\/span><span class=\"arrow\">&#9660;<\/span><\/h4>\n            <div class=\"accordion-content\">\n            <p>Ja vinjetes der\u012bguma termi\u0146\u0161 s\u0101kas p\u0113c vair\u0101k nek\u0101 1 dienas, m\u0113s jums aktiviz\u0113sim vinjeti 1 dienu pirms der\u012bguma termi\u0146a s\u0101kuma. Ja vinjetes der\u012bguma termi\u0146\u0161 beidzas taj\u0101 pa\u0161\u0101 dien\u0101, n\u0101kamaj\u0101 dien\u0101 vai ja esat ieg\u0101d\u0101jies pakalpojumu ar priorit\u0101ru apstr\u0101di, m\u0113s jums aktiviz\u0113sim pakalpojumu uzreiz p\u0113c ieg\u0101des - m\u0113s cen\u0161amies to aktiviz\u0113t 3 min\u016b\u0161u laik\u0101 p\u0113c maks\u0101juma sa\u0146em\u0161anas, ja viss ir k\u0101rt\u012bb\u0101 ar j\u016bsu datiem.<\/p>\n            <\/div><\/div><script type=\"application\/ld+json\">\n    {\n      \"@context\": \"https:\/\/schema.org\",\n      \"@type\": \"FAQPage\",\n      \"mainEntity\": [{\n        \"@type\": \"Question\",\n        \"name\": \"Es nesa\u0146\u0113mu nek\u0101du e-pastu par pas\u016bt\u012bjuma izpildi vai apmaksu.\",\n        \"acceptedAnswer\": {\n          \"@type\": \"Answer\",\n          \"text\": \"Ja e-pasta adrese ir ievad\u012bta pareizi, l\u016bdzu, p\u0101rbaudiet surog\u0101tpasta mapi vai citas mapes, uz kur\u0101m var tikt pieg\u0101d\u0101ti informat\u012bvie e-pasti. Da\u017eos gad\u012bjumos e-pastu var neb\u016bt iesp\u0113jams atrast sav\u0101 parastaj\u0101 past\u0101.\"\n        }\n      },{\n        \"@type\": \"Question\",\n        \"name\": \"Es k\u013c\u016bd\u012bjos, ievadot automa\u0161\u012bnas numuru vai valsti.\",\n        \"acceptedAnswer\": {\n          \"@type\": \"Answer\",\n          \"text\": \"P\u0113c apmaksas sav\u0101 e-past\u0101 atrad\u012bsiet saiti uz pateic\u012bbas lapu. Ja pas\u016bt\u012bjums v\u0113l nav apstr\u0101d\u0101ts, varat main\u012bt jebkuru inform\u0101ciju, tostarp valsti un automa\u0161\u012bnas numuru. Diem\u017e\u0113l p\u0113c pas\u016bt\u012bjuma pabeig\u0161anas izmai\u0146as vairs nav iesp\u0113jamas, un ir j\u0101izveido jauns pas\u016bt\u012bjums.\"\n        }\n      },{\n        \"@type\": \"Question\",\n        \"name\": \"Es v\u0113los automa\u0123istr\u0101les vinjeti vair\u0101kiem transportl\u012bdzek\u013ciem vienlaikus.\",\n        \"acceptedAnswer\": {\n          \"@type\": \"Answer\",\n          \"text\": \"Ja v\u0113laties ieg\u0101d\u0101ties automa\u0123istr\u0101les vinjeti vair\u0101kiem transportl\u012bdzek\u013ciem vienlaikus, l\u016bdzu, sazinieties ar mums. Nav nepiecie\u0161ams ievad\u012bt katru numura z\u012bmi atsevi\u0161\u0137i. Sav\u0101 zi\u0146ojum\u0101, l\u016bdzu, iek\u013caujiet re\u0123istr\u0113jamo numura z\u012bmju sarakstu, uztur\u0113\u0161an\u0101s ilgumu valst\u012b (vai valst\u012bs) un der\u012bguma termi\u0146u. \"\n        }\n      },{\n        \"@type\": \"Question\",\n        \"name\": \"Vai es varu atcelt vai main\u012bt ieg\u0101d\u0101to pastmarku, ja main\u0101s mani ce\u013cojuma pl\u0101ni?\",\n        \"acceptedAnswer\": {\n          \"@type\": \"Answer\",\n          \"text\": \"Parasti elektronisk\u0101 bi\u013cete ir piesaist\u012bta konkr\u0113tam transportl\u012bdzeklim un laika periodam, un p\u0113c aktiviz\u0113\u0161anas to nevar p\u0101rs\u016bt\u012bt vai main\u012bt. Datu ievades k\u013c\u016bdas vai citu \u0101rk\u0101rtas situ\u0101ciju gad\u012bjum\u0101 vislab\u0101k ir sazin\u0101ties ar mums p\u0113c iesp\u0113jas \u0101tr\u0101k.\"\n        }\n      },{\n        \"@type\": \"Question\",\n        \"name\": \"Man tika uzlikts sods par neapmaks\u0101tu nodevu.\",\n        \"acceptedAnswer\": {\n          \"@type\": \"Answer\",\n          \"text\": \"M\u0113s v\u0113l neesam sask\u0101ru\u0161ies ar gad\u012bjumu, kad sods neb\u016btu pamatots. Liel\u0101kaj\u0101 da\u013c\u0101 gad\u012bjumu iemesls ir t\u0101ds, ka da\u013ca datu ir aizpild\u012bti nepareizi. M\u0113s iesak\u0101m samaks\u0101t sodu, jo sankcijas nemaks\u0101\u0161anas gad\u012bjum\u0101 var b\u016bt daudz barg\u0101kas.\"\n        }\n      },{\n        \"@type\": \"Question\",\n        \"name\": \"Kas ir pakalpojuma maksa?\",\n        \"acceptedAnswer\": {\n          \"@type\": \"Answer\",\n          \"text\": \"Pakalpojuma maksa tiek izmantota, lai segtu pakalpojuma izmaksas, tostarp tehnisk\u0101 atbalsta, person\u012bg\u0101 atbalsta pakalpojumu, manu\u0101las pas\u016bt\u012bjumu p\u0101rbaudes un m\u0101rketinga izmaksas.\"\n        }\n      },{\n        \"@type\": \"Question\",\n        \"name\": \"J\u016bs sak\u0101t, ka vinjeti sa\u0146em\u0161u 3 min\u016b\u0161u laik\u0101, bet es joproj\u0101m neko neesmu sa\u0146\u0113mis. K\u0101p\u0113c?\",\n        \"acceptedAnswer\": {\n          \"@type\": \"Answer\",\n          \"text\": \"M\u0113s cen\u0161amies p\u0113c iesp\u0113jas iev\u0113rot nor\u0101d\u012bto laiku. Priek\u0161roka tiek dota pakalpojumiem, kas ir sp\u0113k\u0101 no \u0161odienas. Tom\u0113r iemeslu d\u0113\u013c, kas nav m\u016bsu kontrol\u0113 (maks\u0101jumu v\u0101rteju darb\u012bbas p\u0101rtraukumi, valsts t\u012bmek\u013ca pakalpojumi), iz\u0146\u0113muma gad\u012bjumos re\u0123istr\u0101cija var tikt pagarin\u0101ta. M\u0113s ar\u012b iesak\u0101m r\u016bp\u012bgi p\u0101rbaud\u012bt, vai esat pareizi ievad\u012bjis savu e-pasta adresi. Ja esat pareizi ievad\u012bjis savu e-pasta adresi, l\u016bdzu, sekojiet lapai, kas tika par\u0101d\u012bta p\u0113c pirkuma. \u0160eit atrad\u012bsiet aktu\u0101lo inform\u0101ciju, tostarp sava pas\u016bt\u012bjuma statusu.\"\n        }\n      },{\n        \"@type\": \"Question\",\n        \"name\": \"Es v\u0113los atcelt savu pas\u016bt\u012bjumu.\",\n        \"acceptedAnswer\": {\n          \"@type\": \"Answer\",\n          \"text\": \"Saska\u0146\u0101 ar noteikumiem un nosac\u012bjumiem, pas\u016bt\u012bjuma atmaksu var veikt pirms pas\u016bt\u012bjuma apstr\u0101des uzs\u0101k\u0161anas. Ja pas\u016bt\u012bjums ir pabeigts, atmaksa nav iesp\u0113jama.\"\n        }\n      },{\n        \"@type\": \"Question\",\n        \"name\": \"Mani ce\u013cojuma pl\u0101ni ir main\u012bju\u0161ies, un es v\u0113los main\u012bt savu re\u0123istr\u0113\u0161an\u0101s datumu.\",\n        \"acceptedAnswer\": {\n          \"@type\": \"Answer\",\n          \"text\": \"Ja pakalpojums jums jau ir re\u0123istr\u0113ts, diem\u017e\u0113l der\u012bguma termi\u0146u main\u012bt nevar, un pakalpojums ir j\u0101ieg\u0101d\u0101jas atk\u0101rtoti.\"\n        }\n      },{\n        \"@type\": \"Question\",\n        \"name\": \"Es p\u0101rdom\u0101ju un v\u0113los atmaksu\",\n        \"acceptedAnswer\": {\n          \"@type\": \"Answer\",\n          \"text\": \"Pakalpojumu var atcelt pat p\u0113c apmaksas veik\u0161anas, pirms pas\u016bt\u012bjums ir apstr\u0101d\u0101ts. \u0100tr\u0101kais veids, k\u0101 to izdar\u012bt, ir izmantojot saiti &quot;atcelt pas\u016bt\u012bjumu&quot; lap\u0101 ar j\u016bsu pas\u016bt\u012bjuma inform\u0101ciju. Tur j\u016bs atrad\u012bsiet ar\u012b sava pas\u016bt\u012bjuma pa\u0161reiz\u0113jo statusu, tostarp inform\u0101ciju par atcel\u0161anas iesp\u0113j\u0101m. Ja nezin\u0101t lapas adresi, varat to vienk\u0101r\u0161i atrast, mekl\u0113jot savu pas\u016bt\u012bjum\u0101 ievad\u012bto e-pasta adresi.\"\n        }\n      },{\n        \"@type\": \"Question\",\n        \"name\": \"Kad tiks aktiviz\u0113ta mana vinjete\",\n        \"acceptedAnswer\": {\n          \"@type\": \"Answer\",\n          \"text\": \"Ja vinjetes der\u012bguma termi\u0146\u0161 s\u0101kas p\u0113c vair\u0101k nek\u0101 1 dienas, m\u0113s jums aktiviz\u0113sim vinjeti 1 dienu pirms der\u012bguma termi\u0146a s\u0101kuma. Ja vinjetes der\u012bguma termi\u0146\u0161 beidzas taj\u0101 pa\u0161\u0101 dien\u0101, n\u0101kamaj\u0101 dien\u0101 vai ja esat ieg\u0101d\u0101jies pakalpojumu ar priorit\u0101ru apstr\u0101di, m\u0113s jums aktiviz\u0113sim pakalpojumu uzreiz p\u0113c ieg\u0101des - m\u0113s cen\u0161amies to aktiviz\u0113t 3 min\u016b\u0161u laik\u0101 p\u0113c maks\u0101juma sa\u0146em\u0161anas, ja viss ir k\u0101rt\u012bb\u0101 ar j\u016bsu datiem.\"\n        }\n      }\n      ]\n    }\n    <\/script>\n<\/div><\/div>\n\n\n\n<p><\/p>\n","protected":false},"excerpt":{"rendered":"<p>Bie\u017e\u0101k uzdotie jaut\u0101jumi<\/p>\n","protected":false},"author":2,"featured_media":0,"parent":0,"menu_order":0,"comment_status":"closed","ping_status":"closed","template":"","meta":{"inline_featured_image":false,"_uag_custom_page_level_css":"","site-sidebar-layout":"no-sidebar","site-content-layout":"plain-container","ast-site-content-layout":"full-width-container","site-content-style":"unboxed","site-sidebar-style":"unboxed","ast-global-header-display":"","ast-banner-title-visibility":"","ast-main-header-display":"","ast-hfb-above-header-display":"","ast-hfb-below-header-display":"","ast-hfb-mobile-header-display":"","site-post-title":"disabled","ast-breadcrumbs-content":"","ast-featured-img":"","footer-sml-layout":"","theme-transparent-header-meta":"enabled","adv-header-id-meta":"","stick-header-meta":"","header-above-stick-meta":"","header-main-stick-meta":"","header-below-stick-meta":"","astra-migrate-meta-layouts":"default","ast-page-background-enabled":"default","ast-page-background-meta":{"desktop":{"background-color":"","background-image":"","background-repeat":"repeat","background-position":"center center","background-size":"auto","background-attachment":"scroll","background-type":"","background-media":"","overlay-type":"","overlay-color":"","overlay-opacity":"","overlay-gradient":""},"tablet":{"background-color":"","background-image":"","background-repeat":"repeat","background-position":"center center","background-size":"auto","background-attachment":"scroll","background-type":"","background-media":"","overlay-type":"","overlay-color":"","overlay-opacity":"","overlay-gradient":""},"mobile":{"background-color":"","background-image":"","background-repeat":"repeat","background-position":"center center","background-size":"auto","background-attachment":"scroll","background-type":"","background-media":"","overlay-type":"","overlay-color":"","overlay-opacity":"","overlay-gradient":""}},"ast-content-background-meta":{"desktop":{"background-color":"var(--ast-global-color-5)","background-image":"","background-repeat":"repeat","background-position":"center center","background-size":"auto","background-attachment":"scroll","background-type":"","background-media":"","overlay-type":"","overlay-color":"","overlay-opacity":"","overlay-gradient":""},"tablet":{"background-color":"var(--ast-global-color-5)","background-image":"","background-repeat":"repeat","background-position":"center center","background-size":"auto","background-attachment":"scroll","background-type":"","background-media":"","overlay-type":"","overlay-color":"","overlay-opacity":"","overlay-gradient":""},"mobile":{"background-color":"var(--ast-global-color-5)","background-image":"","background-repeat":"repeat","background-position":"center center","background-size":"auto","background-attachment":"scroll","background-type":"","background-media":"","overlay-type":"","overlay-color":"","overlay-opacity":"","overlay-gradient":""}},"footnotes":""},"categories":[],"tags":[],"class_list":["post-4855","page","type-page","status-publish","hentry"],"uagb_featured_image_src":{"full":false,"thumbnail":false,"medium":false,"medium_large":false,"large":false,"1536x1536":false,"2048x2048":false},"uagb_author_info":{"display_name":"shubham","author_link":"https:\/\/www.ematrica.com\/lv\/author\/shubham\/"},"uagb_comment_info":0,"uagb_excerpt":"Bie\u017e\u0101k uzdotie jaut\u0101jumi","_links":{"self":[{"href":"https:\/\/www.ematrica.com\/lv\/wp-json\/wp\/v2\/pages\/4855","targetHints":{"allow":["GET","POST","PUT","PATCH","DELETE"]}}],"collection":[{"href":"https:\/\/www.ematrica.com\/lv\/wp-json\/wp\/v2\/pages"}],"about":[{"href":"https:\/\/www.ematrica.com\/lv\/wp-json\/wp\/v2\/types\/page"}],"author":[{"embeddable":true,"href":"https:\/\/www.ematrica.com\/lv\/wp-json\/wp\/v2\/users\/2"}],"replies":[{"embeddable":true,"href":"https:\/\/www.ematrica.com\/lv\/wp-json\/wp\/v2\/comments?post=4855"}],"version-history":[{"count":0,"href":"https:\/\/www.ematrica.com\/lv\/wp-json\/wp\/v2\/pages\/4855\/revisions"}],"wp:attachment":[{"href":"https:\/\/www.ematrica.com\/lv\/wp-json\/wp\/v2\/media?parent=4855"}],"wp:term":[{"taxonomy":"category","embeddable":true,"href":"https:\/\/www.ematrica.com\/lv\/wp-json\/wp\/v2\/categories?post=4855"},{"taxonomy":"post_tag","embeddable":true,"href":"https:\/\/www.ematrica.com\/lv\/wp-json\/wp\/v2\/tags?post=4855"}],"curies":[{"name":"wp","href":"https:\/\/api.w.org\/{rel}","templated":true}]}}