{"id":5023,"date":"2024-10-28T14:20:00","date_gmt":"2024-10-28T13:20:00","guid":{"rendered":"https:\/\/www.ematrica.com\/kartes\/"},"modified":"2024-10-28T14:20:00","modified_gmt":"2024-10-28T13:20:00","slug":"kartes","status":"publish","type":"page","link":"https:\/\/www.ematrica.com\/lv\/kartes\/","title":{"rendered":"Kartes"},"content":{"rendered":"\n<div class=\"wp-block-uagb-container uagb-block-25efe059 alignfull uagb-is-root-container\"><div class=\"uagb-container-inner-blocks-wrap\">\n<div class=\"wp-block-uagb-advanced-heading uagb-block-152b2cf8\"><h1 class=\"uagb-heading-text\">Kartes<\/h1><\/div>\n<\/div><\/div>\n\n\n\n<div class=\"wp-block-uagb-container uagb-layout-flex uagb-block-a1027da3 alignfull uagb-is-root-container\"><div class=\"uagb-container-inner-blocks-wrap\">\n<div class=\"wp-block-uagb-container uagb-block-52c1a9ca\">\n<p>Kart\u0113m ir tikai informat\u012bvs raksturs. Prec\u012bzs maksas posmu saraksts ir izkl\u0101st\u012bts turpm\u0101kajos dekr\u0113tos: <\/p>\n\n\n\n<ul class=\"wp-block-list\">\n<li>E-vignete:&nbsp;Inov\u0101ciju un tehnolo\u0123iju ministra dekr\u0113ts 45\/2020 (XI. 28.) ITM.<\/li>\n\n\n\n<li>E-maksa:&nbsp;Nacion\u0101l\u0101s att\u012bst\u012bbas ministra dekr\u0113ts 25\/2013 (V.&nbsp;31.) NFM.<\/li>\n<\/ul>\n\n\n\n<p>\u00a9 Interneta vietn\u0113s nemzetiutdij.hu un toll-charge.hu pieejam\u0101s kartes, kur\u0101s redzams maksas ce\u013cu t\u012bkls, ir National Toll Payment Services Plc. intelektu\u0101lais \u012bpa\u0161ums, t\u0101p\u0113c to t\u0101l\u0101kai izmanto\u0161anai nepiecie\u0161ama iepriek\u0161\u0113ja m\u016bsu uz\u0146\u0113muma piekri\u0161ana.<\/p>\n\n\n\n<hr class=\"wp-block-separator has-alpha-channel-opacity\">\n\n\n\n<h3 class=\"wp-block-heading\">E-vinjetes valsts karte<\/h3>\n\n\n\n<h4 class=\"wp-block-heading\">Der\u012bgs no 2024. gada 1. janv\u0101ra.<\/h4>\n\n\n\n<p>Noklik\u0161\u0137iniet uz att\u0113la, lai lejupiel\u0101d\u0113tu karti piln\u0101 izm\u0113r\u0101.<\/p>\n\n\n\n<div class=\"wp-block-uagb-image uagb-block-358e27ee wp-block-uagb-image--layout-default wp-block-uagb-image--effect-static wp-block-uagb-image--align-none\"><figure class=\"wp-block-uagb-image__figure\"><img decoding=\"async\" srcset=\"https:\/\/www.ematrica.com\/wp-content\/uploads\/2024\/10\/map.jpg ,https:\/\/www.ematrica.com\/wp-content\/uploads\/2024\/10\/map.jpg 780w, https:\/\/www.ematrica.com\/wp-content\/uploads\/2024\/10\/map.jpg 360w\" sizes=\"auto, (max-width: 480px) 150px\" src=\"https:\/\/www.ematrica.com\/wp-content\/uploads\/2024\/10\/map.jpg\" alt=\"\" class=\"uag-image-4208\" width=\"1024\" height=\"576\" title=\"NUSZ_HD_terkep_A0_20240801\" loading=\"lazy\" role=\"img\"><\/figure><\/div>\n\n\n\n<h3 class=\"wp-block-heading\">Re\u0123ion\u0101l\u0101s e-vinje\u0161u kartes<\/h3>\n\n\n\n<h4 class=\"wp-block-heading\">Der\u012bgs no 2024. gada 1. janv\u0101ra.<\/h4>\n\n\n\n<p>Re\u0123ion\u0101lo e-vine\u0161u der\u012bguma joma sniedzas \u0101rpus apgabala administrat\u012bvaj\u0101m robe\u017e\u0101m l\u012bdz pirmajam krustojumam aiz apgabala robe\u017eas.&nbsp;Re\u0123ion\u0101lo vinje\u0161u teritori\u0101lais der\u012bgums p\u0113c krustojuma numura un ce\u013ca posma numura ir noteikts Inov\u0101ciju un tehnolo\u0123iju ministra Dekr\u0113ta 45\/2020 (XI. 28.) ITM 1. pielikum\u0101. <\/p>\n\n\n\n<p>No 2024. gada 1. janv\u0101ra sp\u0113k\u0101 eso\u0161\u0101s re\u0123ion\u0101l\u0101s e-vine\u0161u kartes var apskat\u012bt, noklik\u0161\u0137inot uz apgabala nosaukuma.<\/p>\n\n\n\n<p>Baranjas apri\u0146\u0137is<\/p>\n\n\n\n<p>B\u00e1cs-Kiskun apri\u0146\u0137is<\/p>\n\n\n\n<p>B\u00e9k\u00e9s apri\u0146\u0137is<\/p>\n\n\n\n<p>Borsod-Aba\u00faj-Zempl\u00e9n apri\u0146\u0137is<\/p>\n\n\n\n<p>Csongr\u00e1d-Csan\u00e1d apri\u0146\u0137is<\/p>\n\n\n\n<p>Fej\u00e9r apri\u0146\u0137is<\/p>\n\n\n\n<p>Gy\u0151r-Moson-Sopron apri\u0146\u0137is<\/p>\n\n\n\n<p>Hajd\u016b-Bih\u0101ras apgabals<\/p>\n\n\n\n<p>H\u0113ves apri\u0146\u0137is<\/p>\n\n\n\n<p>J\u00e1sz-Nagykun-Szolnok apri\u0146\u0137is<\/p>\n\n\n\n<p>Kom\u00e1rom-Esztergom apri\u0146\u0137is<\/p>\n\n\n\n<p>Kait\u0113k\u013cu apgabals<\/p>\n\n\n\n<p>Somogijas apgabals<\/p>\n\n\n\n<p>Szabolcs-Szatm\u00e1r-Bereg apri\u0146\u0137is<\/p>\n\n\n\n<p>Tolnas apri\u0146\u0137is<\/p>\n\n\n\n<p>Vas apgabals<\/p>\n\n\n\n<p>Veszpr\u0113mas apri\u0146\u0137is<\/p>\n\n\n\n<p>Zalas apri\u0146\u0137is<\/p>\n\n\n\n<hr class=\"wp-block-separator has-alpha-channel-opacity\">\n\n\n\n<h3 class=\"wp-block-heading\">E-maksu sist\u0113ma transportl\u012bdzek\u013ciem, kuru maksim\u0101l\u0101 pie\u013caujam\u0101 bruto masa p\u0101rsniedz 3,5 tonnas&nbsp;<\/h3>\n\n\n\n<h4 class=\"wp-block-heading\">Der\u012bgs no 2024. gada 1. septembra.<\/h4>\n\n\n\n<p>Noklik\u0161\u0137iniet uz att\u0113la, lai lejupiel\u0101d\u0113tu karti piln\u0101 izm\u0113r\u0101.<\/p>\n\n\n\n<div class=\"wp-block-uagb-image uagb-block-0a956f8e wp-block-uagb-image--layout-default wp-block-uagb-image--effect-static wp-block-uagb-image--align-none\"><figure class=\"wp-block-uagb-image__figure\"><img decoding=\"async\" srcset=\"https:\/\/www.ematrica.com\/wp-content\/uploads\/2024\/10\/map2.jpg ,https:\/\/www.ematrica.com\/wp-content\/uploads\/2024\/10\/map2.jpg 780w, https:\/\/www.ematrica.com\/wp-content\/uploads\/2024\/10\/map2.jpg 360w\" sizes=\"auto, (max-width: 480px) 150px\" src=\"https:\/\/www.ematrica.com\/wp-content\/uploads\/2024\/10\/map2.jpg\" alt=\"\" class=\"uag-image-4214\" width=\"1024\" height=\"576\" title=\"karte2\" loading=\"lazy\" role=\"img\"><\/figure><\/div>\n<\/div>\n<\/div><\/div>\n","protected":false},"excerpt":{"rendered":"<p>Kartes Kart\u0113m ir tikai informat\u012bvs raksturs. Prec\u012bzs maksas posmu saraksts ir izkl\u0101st\u012bts turpm\u0101kajos dekr\u0113tos: \u00a9 Interneta vietn\u0113s nemzetiutdij.hu un toll-charge.hu pieejam\u0101s kartes, kur\u0101s redzams maksas ce\u013cu t\u012bkls, ir National Toll Payment Services Plc. intelektu\u0101lais \u012bpa\u0161ums, t\u0101p\u0113c to t\u0101l\u0101kai izmanto\u0161anai nepiecie\u0161ama iepriek\u0161\u0113ja m\u016bsu uz\u0146\u0113muma piekri\u0161ana. E-vinjetes valsts karte Der\u012bgs no 2024. gada 1. janv\u0101ra. Noklik\u0161\u0137iniet uz [&hellip;]<\/p>\n","protected":false},"author":2,"featured_media":0,"parent":0,"menu_order":0,"comment_status":"closed","ping_status":"closed","template":"","meta":{"inline_featured_image":false,"_uag_custom_page_level_css":"","site-sidebar-layout":"no-sidebar","site-content-layout":"plain-container","ast-site-content-layout":"full-width-container","site-content-style":"unboxed","site-sidebar-style":"unboxed","ast-global-header-display":"","ast-banner-title-visibility":"","ast-main-header-display":"","ast-hfb-above-header-display":"","ast-hfb-below-header-display":"","ast-hfb-mobile-header-display":"","site-post-title":"disabled","ast-breadcrumbs-content":"","ast-featured-img":"disabled","footer-sml-layout":"","theme-transparent-header-meta":"enabled","adv-header-id-meta":"","stick-header-meta":"","header-above-stick-meta":"","header-main-stick-meta":"","header-below-stick-meta":"","astra-migrate-meta-layouts":"default","ast-page-background-enabled":"default","ast-page-background-meta":{"desktop":{"background-color":"","background-image":"","background-repeat":"repeat","background-position":"center center","background-size":"auto","background-attachment":"scroll","background-type":"","background-media":"","overlay-type":"","overlay-color":"","overlay-opacity":"","overlay-gradient":""},"tablet":{"background-color":"","background-image":"","background-repeat":"repeat","background-position":"center center","background-size":"auto","background-attachment":"scroll","background-type":"","background-media":"","overlay-type":"","overlay-color":"","overlay-opacity":"","overlay-gradient":""},"mobile":{"background-color":"","background-image":"","background-repeat":"repeat","background-position":"center center","background-size":"auto","background-attachment":"scroll","background-type":"","background-media":"","overlay-type":"","overlay-color":"","overlay-opacity":"","overlay-gradient":""}},"ast-content-background-meta":{"desktop":{"background-color":"var(--ast-global-color-5)","background-image":"","background-repeat":"repeat","background-position":"center center","background-size":"auto","background-attachment":"scroll","background-type":"","background-media":"","overlay-type":"","overlay-color":"","overlay-opacity":"","overlay-gradient":""},"tablet":{"background-color":"var(--ast-global-color-5)","background-image":"","background-repeat":"repeat","background-position":"center center","background-size":"auto","background-attachment":"scroll","background-type":"","background-media":"","overlay-type":"","overlay-color":"","overlay-opacity":"","overlay-gradient":""},"mobile":{"background-color":"var(--ast-global-color-5)","background-image":"","background-repeat":"repeat","background-position":"center center","background-size":"auto","background-attachment":"scroll","background-type":"","background-media":"","overlay-type":"","overlay-color":"","overlay-opacity":"","overlay-gradient":""}},"footnotes":""},"categories":[],"tags":[],"class_list":["post-5023","page","type-page","status-publish","hentry"],"uagb_featured_image_src":{"full":false,"thumbnail":false,"medium":false,"medium_large":false,"large":false,"1536x1536":false,"2048x2048":false},"uagb_author_info":{"display_name":"shubham","author_link":"https:\/\/www.ematrica.com\/lv\/author\/shubham\/"},"uagb_comment_info":0,"uagb_excerpt":"Kartes Kart\u0113m ir tikai informat\u012bvs raksturs. Prec\u012bzs maksas posmu saraksts ir izkl\u0101st\u012bts turpm\u0101kajos dekr\u0113tos: \u00a9 Interneta vietn\u0113s nemzetiutdij.hu un toll-charge.hu pieejam\u0101s kartes, kur\u0101s redzams maksas ce\u013cu t\u012bkls, ir National Toll Payment Services Plc. intelektu\u0101lais \u012bpa\u0161ums, t\u0101p\u0113c to t\u0101l\u0101kai izmanto\u0161anai nepiecie\u0161ama iepriek\u0161\u0113ja m\u016bsu uz\u0146\u0113muma piekri\u0161ana. E-vinjetes valsts karte Der\u012bgs no 2024. gada 1. janv\u0101ra. Noklik\u0161\u0137iniet uz&hellip;","_links":{"self":[{"href":"https:\/\/www.ematrica.com\/lv\/wp-json\/wp\/v2\/pages\/5023","targetHints":{"allow":["GET","POST","PUT","PATCH","DELETE"]}}],"collection":[{"href":"https:\/\/www.ematrica.com\/lv\/wp-json\/wp\/v2\/pages"}],"about":[{"href":"https:\/\/www.ematrica.com\/lv\/wp-json\/wp\/v2\/types\/page"}],"author":[{"embeddable":true,"href":"https:\/\/www.ematrica.com\/lv\/wp-json\/wp\/v2\/users\/2"}],"replies":[{"embeddable":true,"href":"https:\/\/www.ematrica.com\/lv\/wp-json\/wp\/v2\/comments?post=5023"}],"version-history":[{"count":0,"href":"https:\/\/www.ematrica.com\/lv\/wp-json\/wp\/v2\/pages\/5023\/revisions"}],"wp:attachment":[{"href":"https:\/\/www.ematrica.com\/lv\/wp-json\/wp\/v2\/media?parent=5023"}],"wp:term":[{"taxonomy":"category","embeddable":true,"href":"https:\/\/www.ematrica.com\/lv\/wp-json\/wp\/v2\/categories?post=5023"},{"taxonomy":"post_tag","embeddable":true,"href":"https:\/\/www.ematrica.com\/lv\/wp-json\/wp\/v2\/tags?post=5023"}],"curies":[{"name":"wp","href":"https:\/\/api.w.org\/{rel}","templated":true}]}}