{"id":4280,"date":"2024-09-27T07:37:25","date_gmt":"2024-09-27T05:37:25","guid":{"rendered":"https:\/\/www.ematrica.com\/polityka-prywatnosci\/"},"modified":"2024-09-27T07:37:25","modified_gmt":"2024-09-27T05:37:25","slug":"polityka-prywatnosci","status":"publish","type":"page","link":"https:\/\/www.ematrica.com\/pl\/polityka-prywatnosci\/","title":{"rendered":"Polityka prywatno\u015bci"},"content":{"rendered":"\n<p><strong>O\u015bwiadczenie o ochronie prywatno\u015bci i plikach cookie  <\/strong><\/p>\n\n\n\n<p>1 listopada 2021 r.<\/p>\n\n\n\n<p>Prywatno\u015b\u0107 u\u017cytkownik\u00f3w ma dla ematrica.com ogromne znaczenie. W zwi\u0105zku z tym przestrzegamy odpowiednich przepis\u00f3w ustawowych i wykonawczych dotycz\u0105cych prywatno\u015bci, w tym og\u00f3lnego rozporz\u0105dzenia o ochronie danych (dalej: RODO). Oznacza to, \u017ce:  <\/p>\n\n\n\n<p>&#8211;&nbsp;&nbsp;&nbsp;&nbsp; &nbsp;&nbsp;<strong>Wyra\u017anie okre\u015blamy nasze cele<\/strong>&nbsp;przed przetwarzaniem danych osobowych u\u017cytkownika za po\u015brednictwem niniejszego o\u015bwiadczenia o ochronie prywatno\u015bci;<\/p>\n\n\n\n<p>&#8211;&nbsp;&nbsp;&nbsp;&nbsp; &nbsp;&nbsp;<strong>Przechowuj jak najmniej danych osobowych<\/strong>&nbsp;i tylko te dane, kt\u00f3re s\u0105 niezb\u0119dne do naszych cel\u00f3w;<\/p>\n\n\n\n<p>&#8211;&nbsp;&nbsp;&nbsp;&nbsp; &nbsp;&nbsp;<strong>Wyra\u017anie poprosi\u0107 o zgod\u0119<\/strong>&nbsp;na przetwarzanie danych osobowych, je\u015bli zgoda jest wymagana;<\/p>\n\n\n\n<p>&#8211;&nbsp;&nbsp;&nbsp;&nbsp;&nbsp;&nbsp;Podj\u0119cia <strong>niezb\u0119dnych \u015brodk\u00f3w bezpiecze\u0144stwa<\/strong>&nbsp;w celu ochrony danych osobowych u\u017cytkownika. Obowi\u0105zki te nak\u0142adamy r\u00f3wnie\u017c na strony, kt\u00f3re przetwarzaj\u0105 dla nas dane osobowe; <\/p>\n\n\n\n<p>&#8211;&nbsp;&nbsp;&nbsp;&nbsp; &nbsp;&nbsp;<strong>Poszanowanie Twoich praw<\/strong>&nbsp;, takich jak prawo dost\u0119pu, poprawiania lub usuwania Twoich danych osobowych przetwarzanych przez nas.<\/p>\n\n\n\n<p>Twoje dane s\u0105 u nas bezpieczne i zawsze b\u0119dziemy je w\u0142a\u015bciwie wykorzystywa\u0107. W niniejszym o\u015bwiadczeniu o ochronie prywatno\u015bci wyja\u015bniamy, co w sklepie internetowym ematrica.com robimy z informacjami, kt\u00f3rych si\u0119 o Tobie dowiadujemy. <\/p>\n\n\n\n<p>W przypadku jakichkolwiek pyta\u0144 lub ch\u0119ci uzyskania dok\u0142adnych informacji na temat przechowywanych przez nas danych, prosimy o kontakt z ematrica.com.<\/p>\n\n\n\n<p><strong>Przetwarzanie zam\u00f3wie\u0144<\/strong><br>Kiedy u\u017cytkownik sk\u0142ada u nas zam\u00f3wienie, wykorzystujemy jego dane osobowe w celu jego prawid\u0142owego przetworzenia. Nast\u0119pnie mo\u017cemy przekaza\u0107 dane osobowe u\u017cytkownika naszej firmie kurierskiej w celu dostarczenia zam\u00f3wienia do u\u017cytkownika. Otrzymujemy r\u00f3wnie\u017c informacje o p\u0142atno\u015bciach od banku lub operatora karty kredytowej. W tym celu wykorzystujemy dane u\u017cytkownika:   <\/p>\n\n\n\n<ul class=\"wp-block-list\">\n<li>Nazwa i dane adresowe<\/li>\n\n\n\n<li>Adres e-mail<\/li>\n\n\n\n<li>Szczeg\u00f3\u0142y p\u0142atno\u015bci<\/li>\n\n\n\n<li>Adres IP<\/li>\n\n\n\n<li>Dane paszportowe (data urodzenia, p\u0142e\u0107, zdj\u0119cie, numer paszportu itp.)<\/li>\n<\/ul>\n\n\n\n<p>Potrzebujemy ich ze wzgl\u0119du na umow\u0119, kt\u00f3r\u0105 zawieramy z u\u017cytkownikiem. Przechowujemy te informacje do momentu zrealizowania zam\u00f3wienia. Niekt\u00f3re dane klient\u00f3w przechowujemy d\u0142u\u017cej w zwi\u0105zku z ustawowym obowi\u0105zkiem przechowywania danych fiskalnych.  <\/p>\n\n\n\n<p><em>Przekazywanie danych stronom trzecim<\/em><br>Wsp\u00f3\u0142pracujemy z pewnymi firmami, kt\u00f3re mog\u0105 otrzymywa\u0107 od nas wy\u017cej wymienione dane osobowe u\u017cytkownik\u00f3w.<\/p>\n\n\n\n<p>W celu realizacji zam\u00f3wie\u0144 wsp\u00f3\u0142pracujemy z:<\/p>\n\n\n\n<ul class=\"wp-block-list\">\n<li>Nasi dostawcy p\u0142atno\u015bci Mollie i Multisafepay<\/li>\n\n\n\n<li>Rz\u0105d lub ministerstwo spraw zagranicznych kraju, dla kt\u00f3rego ubiegasz si\u0119 o wiz\u0119<\/li>\n<\/ul>\n\n\n\n<p><strong>Formularz kontaktowy<\/strong><br>Mo\u017cesz u\u017cy\u0107 formularza kontaktowego, aby zada\u0107 nam pytania lub z\u0142o\u017cy\u0107 wnioski. W tym celu u\u017cywamy danych u\u017cytkownika: <\/p>\n\n\n\n<ul class=\"wp-block-list\">\n<li>Adres e-mail<\/li>\n<\/ul>\n\n\n\n<p>Robimy to na podstawie zgody u\u017cytkownika. Przechowujemy te informacje, dop\u00f3ki nie upewnimy si\u0119, \u017ce u\u017cytkownik jest zadowolony z naszej odpowiedzi. <\/p>\n\n\n\n<p><strong>Reklamy<\/strong><br>Nasz sklep internetowy wy\u015bwietla reklamy. Nie publikujemy ich sami, ale robi\u0105 to agencje reklamowe, z kt\u00f3rymi wsp\u00f3\u0142pracujemy. Agencje te \u015bledz\u0105, czy reklamy s\u0105 interesuj\u0105ce dla u\u017cytkownika, i wykorzystuj\u0105 te informacje, aby w przysz\u0142o\u015bci wy\u015bwietla\u0107 tylko zabawne lub interesuj\u0105ce reklamy i oferty.  <\/p>\n\n\n\n<p><strong>Przekazywanie danych innym firmom lub instytuc<\/strong>jom<br>Z wyj\u0105tkiem stron, kt\u00f3re s\u0105 niezb\u0119dne do \u015bwiadczenia us\u0142ug wymienionych powy\u017cej, nie b\u0119dziemy przekazywa\u0107 danych osobowych u\u017cytkownika innym firmom lub instytucjom w \u017cadnych okoliczno\u015bciach, chyba \u017ce b\u0119dziemy do tego prawnie zobowi\u0105zani (na przyk\u0142ad, je\u015bli za\u017c\u0105da tego policja w przypadku podejrzenia pope\u0142nienia przest\u0119pstwa).&nbsp;<\/p>\n\n\n\n<p><strong>Statystyki<\/strong><br>Prowadzimy statystyki dotycz\u0105ce korzystania z naszego sklepu internetowego, ale dane te s\u0105 zawsze anonimowe.&nbsp;<\/p>\n\n\n\n<p><strong>Pliki cookie<\/strong><br>Nasz sklep internetowy wykorzystuje pliki cookie. Pliki cookie to ma\u0142e pliki, w kt\u00f3rych mo\u017cemy przechowywa\u0107 informacje, dzi\u0119ki czemu nie trzeba ich ponownie wype\u0142nia\u0107. Ale mo\u017cemy r\u00f3wnie\u017c zobaczy\u0107, \u017ce odwiedzasz nas ponownie.  <\/p>\n\n\n\n<p>Mo\u017cesz wy\u0142\u0105czy\u0107 umieszczanie plik\u00f3w cookie za pomoc\u0105 przegl\u0105darki, ale niekt\u00f3re cz\u0119\u015bci naszego sklepu internetowego nie b\u0119d\u0105 wtedy dzia\u0142a\u0107 poprawnie.<\/p>\n\n\n\n<p>Zawarli\u015bmy umowy z innymi firmami, kt\u00f3re umieszczaj\u0105 pliki cookie, dotycz\u0105ce korzystania z plik\u00f3w cookie. Nie mamy jednak pe\u0142nej kontroli nad tym, co robi\u0105 one z samymi plikami cookie. Dlatego te\u017c nale\u017cy zapozna\u0107 si\u0119 z ich o\u015bwiadczeniami o ochronie prywatno\u015bci.  <\/p>\n\n\n\n<p><strong>Bezpiecze\u0144stwo<\/strong><br>Bezpiecze\u0144stwo danych osobowych ma dla nas ogromne znaczenie. Zapewniamy, \u017ce Twoje dane s\u0105 u nas dobrze zabezpieczone. Nieustannie dostosowujemy zabezpieczenia i zwracamy szczeg\u00f3ln\u0105 uwag\u0119 na to, co mo\u017ce p\u00f3j\u015b\u0107 nie tak.  <\/p>\n\n\n\n<p><strong>Zmiany w niniejszym o\u015bwiadczeniu<\/strong> o ochronie prywatno\u015bci<br>Kiedy zmienia si\u0119 nasz sklep internetowy, musimy oczywi\u015bcie dostosowa\u0107 r\u00f3wnie\u017c o\u015bwiadczenie o ochronie prywatno\u015bci. Dlatego zawsze zwracaj uwag\u0119 na powy\u017csz\u0105 dat\u0119 i regularnie sprawdzaj nowe wersje. Do\u0142o\u017cymy wszelkich stara\u0144, aby informowa\u0107 o zmianach.  <\/p>\n\n\n\n<p><strong>Twoje prawa<\/strong><br>Je\u015bli masz jakiekolwiek pytania lub chcia\u0142by\u015b dowiedzie\u0107 si\u0119, jakie Twoje dane osobowe posiadamy, zawsze mo\u017cesz si\u0119 z nami skontaktowa\u0107. Dane kontaktowe znajduj\u0105 si\u0119 poni\u017cej. <\/p>\n\n\n\n<p>U\u017cytkownik ma nast\u0119puj\u0105ce prawa:<\/p>\n\n\n\n<ul class=\"wp-block-list\">\n<li>Otrzyma\u0107 wyja\u015bnienie, jakie dane osobowe posiadamy i co z nimi robimy;<\/li>\n\n\n\n<li>Dost\u0119p do dok\u0142adnych danych osobowych, kt\u00f3re posiadamy;<\/li>\n\n\n\n<li>Poprawianie b\u0142\u0119d\u00f3w;<\/li>\n\n\n\n<li>Usuni\u0119cie nieaktualnych danych osobowych;<\/li>\n\n\n\n<li>Przekazywanie danych osobowych innemu podmiotowi;<\/li>\n\n\n\n<li>Wycofanie zgody;<\/li>\n\n\n\n<li>Ograniczenie okre\u015blonego przetwarzania;<\/li>\n\n\n\n<li>Sprzeciw wobec okre\u015blonego zastosowania.<\/li>\n<\/ul>\n\n\n\n<p>Pami\u0119taj, \u017ce zawsze powiniene\u015b wyra\u017anie wskaza\u0107, kim jeste\u015b, aby\u015bmy mieli pewno\u015b\u0107, \u017ce nie dostosujemy ani nie usuniemy danych niew\u0142a\u015bciwej osoby.<\/p>\n\n\n\n<p>Zasadniczo spe\u0142nimy \u017c\u0105danie u\u017cytkownika w ci\u0105gu jednego miesi\u0105ca. Okres ten mo\u017ce jednak zosta\u0107 przed\u0142u\u017cony z przyczyn zwi\u0105zanych ze szczeg\u00f3lnymi prawami os\u00f3b, kt\u00f3rych dane dotycz\u0105, lub z\u0142o\u017cono\u015bci\u0105 wniosku. Je\u015bli przed\u0142u\u017cymy ten okres, poinformujemy o tym u\u017cytkownika w odpowiednim czasie.  <\/p>\n\n\n\n<p><strong>Sk\u0142adanie<\/strong> skarg<br>Je\u015bli chcesz z\u0142o\u017cy\u0107 skarg\u0119 dotycz\u0105c\u0105 wykorzystania Twoich danych osobowych, mo\u017cesz wys\u0142a\u0107 wiadomo\u015b\u0107 e-mail na adres contact@ematrica.com. Ka\u017cd\u0105 skarg\u0119 rozpatrzymy wewn\u0119trznie i poinformujemy o tym u\u017cytkownika. <\/p>\n\n\n\n<p>Je\u015bli uwa\u017casz, \u017ce nie pomagamy Ci we w\u0142a\u015bciwy spos\u00f3b, masz prawo z\u0142o\u017cy\u0107 skarg\u0119 do organu nadzorczego. Jest to holenderski organ ochrony danych. <\/p>\n\n\n\n<p><strong>Dane kontaktowe<\/strong><\/p>\n\n\n\n<p><strong>Adres<\/strong>: GOVIGNETTE LTD, a 128 City Road, Londyn, Wielka Brytania, EC1V 2NX<\/p>\n\n\n\n<p>E-mail: E-mail:&nbsp;contact@ematrica.com<\/p>\n\n\n\n<p>Kontakt : +44 077 5757 7501<\/p>\n","protected":false},"excerpt":{"rendered":"<p>O\u015bwiadczenie o ochronie prywatno\u015bci i plikach cookie 1 listopada 2021 r. Prywatno\u015b\u0107 u\u017cytkownik\u00f3w ma dla ematrica.com ogromne znaczenie. W zwi\u0105zku z tym przestrzegamy odpowiednich przepis\u00f3w ustawowych i wykonawczych dotycz\u0105cych prywatno\u015bci, w tym og\u00f3lnego rozporz\u0105dzenia o ochronie danych (dalej: RODO). Oznacza to, \u017ce: &#8211;&nbsp;&nbsp;&nbsp;&nbsp; &nbsp;&nbsp;Wyra\u017anie okre\u015blamy nasze cele&nbsp;przed przetwarzaniem danych osobowych u\u017cytkownika za po\u015brednictwem niniejszego o\u015bwiadczenia [&hellip;]<\/p>\n","protected":false},"author":1,"featured_media":0,"parent":0,"menu_order":0,"comment_status":"closed","ping_status":"closed","template":"","meta":{"inline_featured_image":false,"_uag_custom_page_level_css":"","site-sidebar-layout":"default","site-content-layout":"","ast-site-content-layout":"default","site-content-style":"default","site-sidebar-style":"default","ast-global-header-display":"","ast-banner-title-visibility":"","ast-main-header-display":"","ast-hfb-above-header-display":"","ast-hfb-below-header-display":"","ast-hfb-mobile-header-display":"","site-post-title":"","ast-breadcrumbs-content":"","ast-featured-img":"","footer-sml-layout":"","theme-transparent-header-meta":"","adv-header-id-meta":"","stick-header-meta":"","header-above-stick-meta":"","header-main-stick-meta":"","header-below-stick-meta":"","astra-migrate-meta-layouts":"default","ast-page-background-enabled":"default","ast-page-background-meta":{"desktop":{"background-color":"","background-image":"","background-repeat":"repeat","background-position":"center center","background-size":"auto","background-attachment":"scroll","background-type":"","background-media":"","overlay-type":"","overlay-color":"","overlay-opacity":"","overlay-gradient":""},"tablet":{"background-color":"","background-image":"","background-repeat":"repeat","background-position":"center center","background-size":"auto","background-attachment":"scroll","background-type":"","background-media":"","overlay-type":"","overlay-color":"","overlay-opacity":"","overlay-gradient":""},"mobile":{"background-color":"","background-image":"","background-repeat":"repeat","background-position":"center center","background-size":"auto","background-attachment":"scroll","background-type":"","background-media":"","overlay-type":"","overlay-color":"","overlay-opacity":"","overlay-gradient":""}},"ast-content-background-meta":{"desktop":{"background-color":"var(--ast-global-color-5)","background-image":"","background-repeat":"repeat","background-position":"center center","background-size":"auto","background-attachment":"scroll","background-type":"","background-media":"","overlay-type":"","overlay-color":"","overlay-opacity":"","overlay-gradient":""},"tablet":{"background-color":"var(--ast-global-color-5)","background-image":"","background-repeat":"repeat","background-position":"center center","background-size":"auto","background-attachment":"scroll","background-type":"","background-media":"","overlay-type":"","overlay-color":"","overlay-opacity":"","overlay-gradient":""},"mobile":{"background-color":"var(--ast-global-color-5)","background-image":"","background-repeat":"repeat","background-position":"center center","background-size":"auto","background-attachment":"scroll","background-type":"","background-media":"","overlay-type":"","overlay-color":"","overlay-opacity":"","overlay-gradient":""}},"footnotes":""},"categories":[],"tags":[110],"class_list":["post-4280","page","type-page","status-publish","hentry","tag-noindex-pl"],"uagb_featured_image_src":{"full":false,"thumbnail":false,"medium":false,"medium_large":false,"large":false,"1536x1536":false,"2048x2048":false},"uagb_author_info":{"display_name":"admin","author_link":"https:\/\/www.ematrica.com\/pl\/author\/admin\/"},"uagb_comment_info":0,"uagb_excerpt":"O\u015bwiadczenie o ochronie prywatno\u015bci i plikach cookie 1 listopada 2021 r. Prywatno\u015b\u0107 u\u017cytkownik\u00f3w ma dla ematrica.com ogromne znaczenie. W zwi\u0105zku z tym przestrzegamy odpowiednich przepis\u00f3w ustawowych i wykonawczych dotycz\u0105cych prywatno\u015bci, w tym og\u00f3lnego rozporz\u0105dzenia o ochronie danych (dalej: RODO). Oznacza to, \u017ce: &#8211;&nbsp;&nbsp;&nbsp;&nbsp; &nbsp;&nbsp;Wyra\u017anie okre\u015blamy nasze cele&nbsp;przed przetwarzaniem danych osobowych u\u017cytkownika za po\u015brednictwem niniejszego o\u015bwiadczenia&hellip;","_links":{"self":[{"href":"https:\/\/www.ematrica.com\/pl\/wp-json\/wp\/v2\/pages\/4280","targetHints":{"allow":["GET","POST","PUT","PATCH","DELETE"]}}],"collection":[{"href":"https:\/\/www.ematrica.com\/pl\/wp-json\/wp\/v2\/pages"}],"about":[{"href":"https:\/\/www.ematrica.com\/pl\/wp-json\/wp\/v2\/types\/page"}],"author":[{"embeddable":true,"href":"https:\/\/www.ematrica.com\/pl\/wp-json\/wp\/v2\/users\/1"}],"replies":[{"embeddable":true,"href":"https:\/\/www.ematrica.com\/pl\/wp-json\/wp\/v2\/comments?post=4280"}],"version-history":[{"count":0,"href":"https:\/\/www.ematrica.com\/pl\/wp-json\/wp\/v2\/pages\/4280\/revisions"}],"wp:attachment":[{"href":"https:\/\/www.ematrica.com\/pl\/wp-json\/wp\/v2\/media?parent=4280"}],"wp:term":[{"taxonomy":"category","embeddable":true,"href":"https:\/\/www.ematrica.com\/pl\/wp-json\/wp\/v2\/categories?post=4280"},{"taxonomy":"post_tag","embeddable":true,"href":"https:\/\/www.ematrica.com\/pl\/wp-json\/wp\/v2\/tags?post=4280"}],"curies":[{"name":"wp","href":"https:\/\/api.w.org\/{rel}","templated":true}]}}