{"id":4753,"date":"2024-09-27T09:59:58","date_gmt":"2024-09-27T07:59:58","guid":{"rendered":"https:\/\/www.ematrica.com\/gdzie-ma-zastosowanie\/"},"modified":"2024-09-27T09:59:58","modified_gmt":"2024-09-27T07:59:58","slug":"gdzie-ma-zastosowanie","status":"publish","type":"page","link":"https:\/\/www.ematrica.com\/pl\/gdzie-ma-zastosowanie\/","title":{"rendered":"Gdzie ma zastosowanie"},"content":{"rendered":"\n<div class=\"wp-block-uagb-container uagb-block-25efe059 alignfull uagb-is-root-container\"><div class=\"uagb-container-inner-blocks-wrap\">\n<div class=\"wp-block-uagb-advanced-heading uagb-block-152b2cf8\"><h1 class=\"uagb-heading-text\">Gdzie ma zastosowanie<\/h1><\/div>\n<\/div><\/div>\n\n\n\n<div class=\"wp-block-uagb-container uagb-block-4a87feac alignfull uagb-is-root-container\"><div class=\"uagb-container-inner-blocks-wrap\">\n<div class=\"wp-block-uagb-container uagb-block-eb4eb583\">\n<div class=\"wp-block-uagb-image uagb-block-9f678b37 wp-block-uagb-image--layout-default wp-block-uagb-image--effect-static wp-block-uagb-image--align-none\"><figure class=\"wp-block-uagb-image__figure\"><img decoding=\"async\" srcset=\"https:\/\/www.ematrica.com\/wp-content\/uploads\/2024\/09\/Map-1024x481.png ,https:\/\/www.ematrica.com\/wp-content\/uploads\/2024\/09\/Map.png 780w, https:\/\/www.ematrica.com\/wp-content\/uploads\/2024\/09\/Map.png 360w\" sizes=\"auto, (max-width: 480px) 150px\" src=\"https:\/\/www.ematrica.com\/wp-content\/uploads\/2024\/09\/Map-1024x481.png\" alt=\"\" class=\"uag-image-2822\" width=\"1428\" height=\"671\" title=\"Mapa\" loading=\"lazy\" role=\"img\"><\/figure><\/div>\n<\/div>\n<\/div><\/div>\n\n\n\n<div class=\"wp-block-uagb-container uagb-block-615326b3 alignfull uagb-is-root-container\"><div class=\"uagb-container-inner-blocks-wrap\">\n<div class=\"wp-block-uagb-container uagb-block-c51809a9\">\n<div class=\"wp-block-uagb-info-box uagb-block-96aad7cb uagb-infobox__content-wrap uagb-infobox-icon-above-title uagb-infobox-image-valign-top\"><div class=\"uagb-ifb-content\"><div class=\"uagb-ifb-title-wrap\"><h2 class=\"uagb-ifb-title\">Gdzie maj\u0105 zastosowanie nasze us\u0142ugi winietowe<\/h2><\/div><\/div><\/div>\n<\/div>\n\n\n\n<div class=\"wp-block-uagb-container uagb-block-dc6e0ba1\">\n<div class=\"wp-block-uagb-info-box uagb-block-cba2f3d7 uagb-infobox__content-wrap uagb-infobox-icon-above-title uagb-infobox-image-valign-top\"><div class=\"uagb-ifb-content\"><div class=\"uagb-ifb-title-wrap\"><h3 class=\"uagb-ifb-title\">Obszary miejskie<\/h3><\/div><p class=\"uagb-ifb-desc\">Wiele region\u00f3w metropolitalnych wdra\u017ca systemy op\u0142at drogowych w celu zarz\u0105dzania zatorami.\nOp\u0142aty te nie tylko pomagaj\u0105 w finansowaniu konserwacji i ulepsze\u0144, ale tak\u017ce zach\u0119caj\u0105 do korzystania z alternatywnych tras.\nNasze us\u0142ugi maj\u0105 na celu u\u0142atwienie p\u0142ynnych transakcji op\u0142at drogowych  <\/p><\/div><\/div>\n<\/div>\n\n\n\n<div class=\"wp-block-uagb-container uagb-block-20b3f7af\">\n<div class=\"wp-block-uagb-info-box uagb-block-bdcff0de uagb-infobox__content-wrap uagb-infobox-icon-above-title uagb-infobox-image-valign-top\"><div class=\"uagb-ifb-content\"><div class=\"uagb-ifb-title-wrap\"><h3 class=\"uagb-ifb-title\">Autostrady mi\u0119dzystanowe<\/h3><\/div><p class=\"uagb-ifb-desc\">G\u0142\u00f3wne autostrady mi\u0119dzystanowe cz\u0119sto maj\u0105 p\u0142atne odcinki w celu utrzymania jako\u015bci i bezpiecze\u0144stwa dr\u00f3g.\nNasze us\u0142ugi op\u0142at drogowych maj\u0105 zastosowanie na tych trasach, zapewniaj\u0105c podr\u00f3\u017cnym \u0142atwe uiszczanie op\u0142at drogowych i dost\u0119p do informacji w czasie rzeczywistym o stawkach i lokalizacjach op\u0142at drogowych. <\/p><\/div><\/div>\n<\/div>\n\n\n\n<div class=\"wp-block-uagb-container uagb-block-4a7a80b7\">\n<div class=\"wp-block-uagb-info-box uagb-block-71841dc7 uagb-infobox__content-wrap uagb-infobox-icon-above-title uagb-infobox-image-valign-top\"><div class=\"uagb-ifb-content\"><div class=\"uagb-ifb-title-wrap\"><h3 class=\"uagb-ifb-title\">Mosty i tunele<\/h3><\/div><p class=\"uagb-ifb-desc\">Kluczowe elementy infrastruktury, takie jak mosty i tunele, cz\u0119sto wykorzystuj\u0105 op\u0142aty drogowe do pokrycia koszt\u00f3w budowy i utrzymania.\nNasze us\u0142ugi zapewniaj\u0105 sprawne uiszczanie op\u0142at drogowych w tych punktach, unikaj\u0105c op\u00f3\u017anie\u0144 i utrzymuj\u0105c podr\u00f3\u017c na w\u0142a\u015bciwym torze. <\/p><\/div><\/div>\n<\/div>\n\n\n\n<div class=\"wp-block-uagb-container uagb-block-69df0e98\">\n<div class=\"wp-block-uagb-info-box uagb-block-194ffc81 uagb-infobox__content-wrap uagb-infobox-icon-above-title uagb-infobox-image-valign-top\"><div class=\"uagb-ifb-content\"><div class=\"uagb-ifb-title-wrap\"><h3 class=\"uagb-ifb-title\">Podr\u00f3\u017ce d\u0142ugodystansowe<\/h3><\/div><p class=\"uagb-ifb-desc\">Dla tych, kt\u00f3rzy wyruszaj\u0105 w d\u0142ugie podr\u00f3\u017ce drogowe, zrozumienie, gdzie obowi\u0105zuj\u0105 op\u0142aty drogowe, mo\u017ce pom\u00f3c w bud\u017cetowaniu i planowaniu.\nNasze us\u0142ugi zapewniaj\u0105 kompleksowe informacje o op\u0142atach drogowych, aby pom\u00f3c w podejmowaniu \u015bwiadomych decyzji dotycz\u0105cych tras podr\u00f3\u017cy. <\/p><\/div><\/div>\n<\/div>\n\n\n\n<div class=\"wp-block-uagb-container uagb-block-85518280\">\n<div class=\"wp-block-uagb-info-box uagb-block-1dc87a3d uagb-infobox__content-wrap uagb-infobox-icon-above-title uagb-infobox-image-valign-top\"><div class=\"uagb-ifb-content\"><div class=\"uagb-ifb-title-wrap\"><h3 class=\"uagb-ifb-title\">Operacje flotowe<\/h3><\/div><p class=\"uagb-ifb-desc\">Firmy zarz\u0105dzaj\u0105ce du\u017cymi flotami polegaj\u0105 na us\u0142ugach op\u0142at drogowych w celu zapewnienia wydajno\u015bci i zarz\u0105dzania kosztami.\nNasze rozwi\u0105zania s\u0105 przeznaczone dla operator\u00f3w flot, oferuj\u0105c dostosowane us\u0142ugi usprawniaj\u0105ce p\u0142atno\u015bci op\u0142at drogowych w wielu pojazdach, zapewniaj\u0105c p\u0142ynne dzia\u0142anie na drodze. <\/p><\/div><\/div>\n<\/div>\n<\/div><\/div>\n","protected":false},"excerpt":{"rendered":"<p>Gdzie ma zastosowanie<\/p>\n","protected":false},"author":2,"featured_media":0,"parent":0,"menu_order":0,"comment_status":"closed","ping_status":"closed","template":"","meta":{"inline_featured_image":false,"_uag_custom_page_level_css":"","site-sidebar-layout":"no-sidebar","site-content-layout":"plain-container","ast-site-content-layout":"full-width-container","site-content-style":"unboxed","site-sidebar-style":"unboxed","ast-global-header-display":"","ast-banner-title-visibility":"","ast-main-header-display":"","ast-hfb-above-header-display":"","ast-hfb-below-header-display":"","ast-hfb-mobile-header-display":"","site-post-title":"disabled","ast-breadcrumbs-content":"","ast-featured-img":"","footer-sml-layout":"","theme-transparent-header-meta":"enabled","adv-header-id-meta":"","stick-header-meta":"","header-above-stick-meta":"","header-main-stick-meta":"","header-below-stick-meta":"","astra-migrate-meta-layouts":"default","ast-page-background-enabled":"default","ast-page-background-meta":{"desktop":{"background-color":"","background-image":"","background-repeat":"repeat","background-position":"center center","background-size":"auto","background-attachment":"scroll","background-type":"","background-media":"","overlay-type":"","overlay-color":"","overlay-opacity":"","overlay-gradient":""},"tablet":{"background-color":"","background-image":"","background-repeat":"repeat","background-position":"center center","background-size":"auto","background-attachment":"scroll","background-type":"","background-media":"","overlay-type":"","overlay-color":"","overlay-opacity":"","overlay-gradient":""},"mobile":{"background-color":"","background-image":"","background-repeat":"repeat","background-position":"center center","background-size":"auto","background-attachment":"scroll","background-type":"","background-media":"","overlay-type":"","overlay-color":"","overlay-opacity":"","overlay-gradient":""}},"ast-content-background-meta":{"desktop":{"background-color":"var(--ast-global-color-5)","background-image":"","background-repeat":"repeat","background-position":"center center","background-size":"auto","background-attachment":"scroll","background-type":"","background-media":"","overlay-type":"","overlay-color":"","overlay-opacity":"","overlay-gradient":""},"tablet":{"background-color":"var(--ast-global-color-5)","background-image":"","background-repeat":"repeat","background-position":"center center","background-size":"auto","background-attachment":"scroll","background-type":"","background-media":"","overlay-type":"","overlay-color":"","overlay-opacity":"","overlay-gradient":""},"mobile":{"background-color":"var(--ast-global-color-5)","background-image":"","background-repeat":"repeat","background-position":"center center","background-size":"auto","background-attachment":"scroll","background-type":"","background-media":"","overlay-type":"","overlay-color":"","overlay-opacity":"","overlay-gradient":""}},"footnotes":""},"categories":[],"tags":[],"class_list":["post-4753","page","type-page","status-publish","hentry"],"uagb_featured_image_src":{"full":false,"thumbnail":false,"medium":false,"medium_large":false,"large":false,"1536x1536":false,"2048x2048":false},"uagb_author_info":{"display_name":"shubham","author_link":"https:\/\/www.ematrica.com\/pl\/author\/shubham\/"},"uagb_comment_info":0,"uagb_excerpt":"Gdzie ma zastosowanie","_links":{"self":[{"href":"https:\/\/www.ematrica.com\/pl\/wp-json\/wp\/v2\/pages\/4753","targetHints":{"allow":["GET","POST","PUT","PATCH","DELETE"]}}],"collection":[{"href":"https:\/\/www.ematrica.com\/pl\/wp-json\/wp\/v2\/pages"}],"about":[{"href":"https:\/\/www.ematrica.com\/pl\/wp-json\/wp\/v2\/types\/page"}],"author":[{"embeddable":true,"href":"https:\/\/www.ematrica.com\/pl\/wp-json\/wp\/v2\/users\/2"}],"replies":[{"embeddable":true,"href":"https:\/\/www.ematrica.com\/pl\/wp-json\/wp\/v2\/comments?post=4753"}],"version-history":[{"count":0,"href":"https:\/\/www.ematrica.com\/pl\/wp-json\/wp\/v2\/pages\/4753\/revisions"}],"wp:attachment":[{"href":"https:\/\/www.ematrica.com\/pl\/wp-json\/wp\/v2\/media?parent=4753"}],"wp:term":[{"taxonomy":"category","embeddable":true,"href":"https:\/\/www.ematrica.com\/pl\/wp-json\/wp\/v2\/categories?post=4753"},{"taxonomy":"post_tag","embeddable":true,"href":"https:\/\/www.ematrica.com\/pl\/wp-json\/wp\/v2\/tags?post=4753"}],"curies":[{"name":"wp","href":"https:\/\/api.w.org\/{rel}","templated":true}]}}