{"id":4840,"date":"2024-09-27T09:59:58","date_gmt":"2024-09-27T07:59:58","guid":{"rendered":"https:\/\/www.ematrica.com\/faq\/"},"modified":"2024-09-27T09:59:58","modified_gmt":"2024-09-27T07:59:58","slug":"faq","status":"publish","type":"page","link":"https:\/\/www.ematrica.com\/pl\/faq\/","title":{"rendered":"Faq"},"content":{"rendered":"\n<div class=\"wp-block-uagb-container uagb-block-25efe059 alignfull uagb-is-root-container\">\n<div class=\"wp-block-uagb-advanced-heading uagb-block-152b2cf8\"><h1 class=\"uagb-heading-text\">Cz\u0119sto zadawane pytania<\/h1><\/div>\n<\/div>\n\n\n\n<div class=\"wp-block-uagb-container uagb-block-3578b4ec alignfull uagb-is-root-container\"><div class=\"uagb-container-inner-blocks-wrap\">\n<div class=\"wp-block-uagb-info-box uagb-block-8152c234 uagb-infobox__content-wrap uagb-infobox-icon-above-title uagb-infobox-image-valign-top\"><div class=\"uagb-ifb-content\"><div class=\"uagb-ifb-title-wrap\"><\/div><\/div><\/div>\n\n\n<style>\n.accordion-content {\n    display: none;\n    padding: 10px;\n    border: 1px solid #ccc;\n    border-top: none;\n}\n\n.accordion-header {\n    cursor: pointer;\n    padding: 10px;\n    border: 1px solid #ccc;\n    margin: 0;\nbackground-color:#fafafa;\nmargin-bottom:10px;\nborder-radius:3px;\npadding-right:50px;\nposition: relative;\nfont-size:110%;\n}\n.accordion-header .qs {\n\n}\n.arrow {\n    position: absolute;\n    right: 10px;\n    top: 10px;\n}\n\n.arrow-up {\n    transform: rotate(180deg);\n}\n<\/style>\n\n\n<script>\njQuery(document).ready(function(){\n    jQuery(\".accordion-header\").click(function() {\n        \/\/ Toggle the arrow direction of the clicked header\n        jQuery(this).children(\".arrow\").toggleClass(\"arrow-up\", !jQuery(this).next().is(\":visible\"));\n        \n        \/\/ Close previously opened content and reset their arrows\n        jQuery(\".accordion-content\").not(jQuery(this).next()).slideUp().prev().children(\".arrow\").removeClass(\"arrow-up\");\n        jQuery(\".accordion-content\").not(jQuery(this).next()).prev().find(\".arrow\").html(\"&#9660;\"); \/\/ Reset other arrows to down\n        \n        jQuery(this).next().slideToggle();\n        if(jQuery(this).next().is(\":visible\")) {\n            jQuery(this).find(\".arrow\").html(\"&#9660;\"); \/\/ Change to up arrow\n        } else {\n            jQuery(this).find(\".arrow\").html(\"&#9650;\"); \/\/ Change back to down arrow\n        }\n    });\n});\n<\/script>\n\n\n<div class=\"accordion\"><h4 class=\"accordion-header\"><span class=\"qs\">Nie otrzyma\u0142em \u017cadnego e-maila dotycz\u0105cego p\u0142atno\u015bci ani realizacji zam\u00f3wienia.<\/span><span class=\"arrow\">&#9660;<\/span><\/h4>\n            <div class=\"accordion-content\">\n            <p>Je\u015bli adres e-mail jest wpisany poprawnie, sprawd\u017a folder ze spamem lub inne foldery, do kt\u00f3rych mog\u0105 trafia\u0107 wiadomo\u015bci e-mail z informacjami. W niekt\u00f3rych przypadkach wiadomo\u015b\u0107 mo\u017ce nie znale\u017a\u0107 si\u0119 w zwyk\u0142ej poczcie.<\/p>\n            <\/div><h4 class=\"accordion-header\"><span class=\"qs\">Pomyli\u0142em si\u0119 podaj\u0105c numer rejestracyjny lub kraj.<\/span><span class=\"arrow\">&#9660;<\/span><\/h4>\n            <div class=\"accordion-content\">\n            <p>Link do strony z podzi\u0119kowaniami znajdziesz w wiadomo\u015bci e-mail po dokonaniu p\u0142atno\u015bci. Je\u015bli zam\u00f3wienie nie zosta\u0142o jeszcze przetworzone, mo\u017cesz zmieni\u0107 dowolne dane, w tym kraj i numer rejestracyjny. Niestety, po zrealizowaniu zam\u00f3wienia zmiany nie b\u0119d\u0105 ju\u017c mo\u017cliwe i konieczne b\u0119dzie utworzenie nowego zam\u00f3wienia.<\/p>\n            <\/div><h4 class=\"accordion-header\"><span class=\"qs\">Chc\u0119 winiet\u0119 autostradow\u0105 dla wielu pojazd\u00f3w jednocze\u015bnie.<\/span><span class=\"arrow\">&#9660;<\/span><\/h4>\n            <div class=\"accordion-content\">\n            <p>Je\u015bli chcesz kupi\u0107 winiet\u0119 autostradow\u0105 dla kilku pojazd\u00f3w jednocze\u015bnie, skontaktuj si\u0119 z nami. Nie musisz wpisywa\u0107 ka\u017cdego numeru rejestracyjnego osobno \u2013 w wiadomo\u015bci prosimy o podanie listy numer\u00f3w rejestracyjnych, kt\u00f3re chcesz zarejestrowa\u0107, d\u0142ugo\u015bci pobytu w kraju (lub krajach) oraz daty wa\u017cno\u015bci. <\/p>\n            <\/div><h4 class=\"accordion-header\"><span class=\"qs\">Czy mog\u0119 anulowa\u0107 lub zmieni\u0107 zakupiony znaczek, je\u015bli moje plany podr\u00f3\u017cy ulegn\u0105 zmianie?<\/span><span class=\"arrow\">&#9660;<\/span><\/h4>\n            <div class=\"accordion-content\">\n            <p>Zazwyczaj bilet elektroniczny jest przypisany do konkretnego pojazdu i okresu wa\u017cno\u015bci i nie mo\u017cna go przenie\u015b\u0107 ani zmieni\u0107 po aktywacji. W przypadku b\u0142\u0119du we wprowadzaniu danych lub innych wyj\u0105tkowych sytuacji, prosimy o jak najszybszy kontakt z nami.<\/p>\n            <\/div><h4 class=\"accordion-header\"><span class=\"qs\">Dosta\u0142em mandat za niezap\u0142acon\u0105 op\u0142at\u0119 drogow\u0105.<\/span><span class=\"arrow\">&#9660;<\/span><\/h4>\n            <div class=\"accordion-content\">\n            <p>Nie spotkali\u015bmy si\u0119 jeszcze z przypadkiem, w kt\u00f3rym grzywna by\u0142aby nieuzasadniona. W zdecydowanej wi\u0119kszo\u015bci przypadk\u00f3w przyczyn\u0105 jest nieprawid\u0142owe wype\u0142nienie cz\u0119\u015bci danych. Zalecamy zap\u0142acenie grzywny, poniewa\u017c sankcje w przypadku braku zap\u0142aty mog\u0105 by\u0107 znacznie wy\u017csze.<\/p>\n            <\/div><h4 class=\"accordion-header\"><span class=\"qs\">Czym jest op\u0142ata za us\u0142ug\u0119?<\/span><span class=\"arrow\">&#9660;<\/span><\/h4>\n            <div class=\"accordion-content\">\n            <p>Op\u0142ata za us\u0142ug\u0119 s\u0142u\u017cy pokryciu koszt\u00f3w us\u0142ugi, w tym koszt\u00f3w zapewnienia wsparcia technicznego, us\u0142ug wsparcia osobistego, r\u0119cznej weryfikacji zam\u00f3wie\u0144 i koszt\u00f3w marketingowych.<\/p>\n            <\/div><h4 class=\"accordion-header\"><span class=\"qs\">M\u00f3wisz, \u017ce otrzymam winiet\u0119 w ci\u0105gu 3 minut, ale nadal nic nie otrzyma\u0142em. Dlaczego?<\/span><span class=\"arrow\">&#9660;<\/span><\/h4>\n            <div class=\"accordion-content\">\n            <p>Staramy si\u0119 w miar\u0119 mo\u017cliwo\u015bci dotrzymywa\u0107 podanego czasu. Priorytetowo traktujemy us\u0142ugi wa\u017cne od dzisiaj. Jednak\u017ce, z przyczyn od nas niezale\u017cnych (awarie bramki p\u0142atniczej, us\u0142ugi internetowe), rejestracja mo\u017ce zosta\u0107 przed\u0142u\u017cona w wyj\u0105tkowych przypadkach. Zalecamy r\u00f3wnie\u017c dok\u0142adne sprawdzenie poprawno\u015bci podanego adresu e-mail. Je\u015bli adres e-mail jest poprawny, prosimy o zapoznanie si\u0119 ze stron\u0105, kt\u00f3ra wy\u015bwietli\u0142a si\u0119 po zakupie. Znajdziesz tam aktualne informacje, w tym status swojego zam\u00f3wienia.<\/p>\n            <\/div><h4 class=\"accordion-header\"><span class=\"qs\">Chc\u0119 anulowa\u0107 moje zam\u00f3wienie.<\/span><span class=\"arrow\">&#9660;<\/span><\/h4>\n            <div class=\"accordion-content\">\n            <p>Zgodnie z regulaminem, zwrot pieni\u0119dzy za zam\u00f3wienie jest mo\u017cliwy przed rozpocz\u0119ciem jego realizacji. Je\u015bli zam\u00f3wienie zostanie zrealizowane, zwrot pieni\u0119dzy nie jest mo\u017cliwy.<\/p>\n            <\/div><h4 class=\"accordion-header\"><span class=\"qs\">Moje plany podr\u00f3\u017cy uleg\u0142y zmianie i chc\u0119 zmieni\u0107 dat\u0119 zameldowania<\/span><span class=\"arrow\">&#9660;<\/span><\/h4>\n            <div class=\"accordion-content\">\n            <p>Je\u015bli us\u0142uga zosta\u0142a ju\u017c dla Ciebie zarejestrowana, niestety nie b\u0119dziesz m\u00f3g\u0142 zmieni\u0107 jej wa\u017cno\u015bci. B\u0119dziesz musia\u0142 ponownie wykupi\u0107 us\u0142ug\u0119.<\/p>\n            <\/div><h4 class=\"accordion-header\"><span class=\"qs\">Zmieni\u0142em zdanie i chc\u0119 zwrotu pieni\u0119dzy<\/span><span class=\"arrow\">&#9660;<\/span><\/h4>\n            <div class=\"accordion-content\">\n            <p>Mo\u017cesz anulowa\u0107 us\u0142ug\u0119 nawet po dokonaniu p\u0142atno\u015bci, przed przetworzeniem zam\u00f3wienia. Najszybciej zrobisz to, klikaj\u0105c link \u201eAnuluj zam\u00f3wienie\u201d na stronie ze szczeg\u00f3\u0142ami zam\u00f3wienia. Znajdziesz tam r\u00f3wnie\u017c aktualny status zam\u00f3wienia, w tym informacje o opcjach anulowania. Je\u015bli nie znasz adresu strony, mo\u017cesz go po prostu znale\u017a\u0107, wyszukuj\u0105c sw\u00f3j adres e-mail podany w zam\u00f3wieniu.<\/p>\n            <\/div><h4 class=\"accordion-header\"><span class=\"qs\">Kiedy moja winieta zostanie aktywowana?<\/span><span class=\"arrow\">&#9660;<\/span><\/h4>\n            <div class=\"accordion-content\">\n            <p>Je\u015bli wa\u017cno\u015b\u0107 winiety rozpoczyna si\u0119 za wi\u0119cej ni\u017c 1 dzie\u0144, winiet\u0119 aktywujemy w ci\u0105gu 1 dnia przed rozpocz\u0119ciem jej wa\u017cno\u015bci. Je\u015bli data wyga\u015bni\u0119cia winiety przypada na ten sam dzie\u0144, nast\u0119pny dzie\u0144 lub zakupi\u0142e\u015b us\u0142ug\u0119 z priorytetowym przetwarzaniem, aktywujemy us\u0142ug\u0119 natychmiast po zakupie - staramy si\u0119 aktywowa\u0107 w ci\u0105gu 3 minut od otrzymania p\u0142atno\u015bci, je\u015bli wszystko jest w porz\u0105dku pod wzgl\u0119dem danych.<\/p>\n            <\/div><\/div><script type=\"application\/ld+json\">\n    {\n      \"@context\": \"https:\/\/schema.org\",\n      \"@type\": \"FAQPage\",\n      \"mainEntity\": [{\n        \"@type\": \"Question\",\n        \"name\": \"Nie otrzyma\u0142em \u017cadnego e-maila dotycz\u0105cego p\u0142atno\u015bci ani realizacji zam\u00f3wienia.\",\n        \"acceptedAnswer\": {\n          \"@type\": \"Answer\",\n          \"text\": \"Je\u015bli adres e-mail jest wpisany poprawnie, sprawd\u017a folder ze spamem lub inne foldery, do kt\u00f3rych mog\u0105 trafia\u0107 wiadomo\u015bci e-mail z informacjami. W niekt\u00f3rych przypadkach wiadomo\u015b\u0107 mo\u017ce nie znale\u017a\u0107 si\u0119 w zwyk\u0142ej poczcie.\"\n        }\n      },{\n        \"@type\": \"Question\",\n        \"name\": \"Pomyli\u0142em si\u0119 podaj\u0105c numer rejestracyjny lub kraj.\",\n        \"acceptedAnswer\": {\n          \"@type\": \"Answer\",\n          \"text\": \"Link do strony z podzi\u0119kowaniami znajdziesz w wiadomo\u015bci e-mail po dokonaniu p\u0142atno\u015bci. Je\u015bli zam\u00f3wienie nie zosta\u0142o jeszcze przetworzone, mo\u017cesz zmieni\u0107 dowolne dane, w tym kraj i numer rejestracyjny. Niestety, po zrealizowaniu zam\u00f3wienia zmiany nie b\u0119d\u0105 ju\u017c mo\u017cliwe i konieczne b\u0119dzie utworzenie nowego zam\u00f3wienia.\"\n        }\n      },{\n        \"@type\": \"Question\",\n        \"name\": \"Chc\u0119 winiet\u0119 autostradow\u0105 dla wielu pojazd\u00f3w jednocze\u015bnie.\",\n        \"acceptedAnswer\": {\n          \"@type\": \"Answer\",\n          \"text\": \"Je\u015bli chcesz kupi\u0107 winiet\u0119 autostradow\u0105 dla kilku pojazd\u00f3w jednocze\u015bnie, skontaktuj si\u0119 z nami. Nie musisz wpisywa\u0107 ka\u017cdego numeru rejestracyjnego osobno \u2013 w wiadomo\u015bci prosimy o podanie listy numer\u00f3w rejestracyjnych, kt\u00f3re chcesz zarejestrowa\u0107, d\u0142ugo\u015bci pobytu w kraju (lub krajach) oraz daty wa\u017cno\u015bci. \"\n        }\n      },{\n        \"@type\": \"Question\",\n        \"name\": \"Czy mog\u0119 anulowa\u0107 lub zmieni\u0107 zakupiony znaczek, je\u015bli moje plany podr\u00f3\u017cy ulegn\u0105 zmianie?\",\n        \"acceptedAnswer\": {\n          \"@type\": \"Answer\",\n          \"text\": \"Zazwyczaj bilet elektroniczny jest przypisany do konkretnego pojazdu i okresu wa\u017cno\u015bci i nie mo\u017cna go przenie\u015b\u0107 ani zmieni\u0107 po aktywacji. W przypadku b\u0142\u0119du we wprowadzaniu danych lub innych wyj\u0105tkowych sytuacji, prosimy o jak najszybszy kontakt z nami.\"\n        }\n      },{\n        \"@type\": \"Question\",\n        \"name\": \"Dosta\u0142em mandat za niezap\u0142acon\u0105 op\u0142at\u0119 drogow\u0105.\",\n        \"acceptedAnswer\": {\n          \"@type\": \"Answer\",\n          \"text\": \"Nie spotkali\u015bmy si\u0119 jeszcze z przypadkiem, w kt\u00f3rym grzywna by\u0142aby nieuzasadniona. W zdecydowanej wi\u0119kszo\u015bci przypadk\u00f3w przyczyn\u0105 jest nieprawid\u0142owe wype\u0142nienie cz\u0119\u015bci danych. Zalecamy zap\u0142acenie grzywny, poniewa\u017c sankcje w przypadku braku zap\u0142aty mog\u0105 by\u0107 znacznie wy\u017csze.\"\n        }\n      },{\n        \"@type\": \"Question\",\n        \"name\": \"Czym jest op\u0142ata za us\u0142ug\u0119?\",\n        \"acceptedAnswer\": {\n          \"@type\": \"Answer\",\n          \"text\": \"Op\u0142ata za us\u0142ug\u0119 s\u0142u\u017cy pokryciu koszt\u00f3w us\u0142ugi, w tym koszt\u00f3w zapewnienia wsparcia technicznego, us\u0142ug wsparcia osobistego, r\u0119cznej weryfikacji zam\u00f3wie\u0144 i koszt\u00f3w marketingowych.\"\n        }\n      },{\n        \"@type\": \"Question\",\n        \"name\": \"M\u00f3wisz, \u017ce otrzymam winiet\u0119 w ci\u0105gu 3 minut, ale nadal nic nie otrzyma\u0142em. Dlaczego?\",\n        \"acceptedAnswer\": {\n          \"@type\": \"Answer\",\n          \"text\": \"Staramy si\u0119 w miar\u0119 mo\u017cliwo\u015bci dotrzymywa\u0107 podanego czasu. Priorytetowo traktujemy us\u0142ugi wa\u017cne od dzisiaj. Jednak\u017ce, z przyczyn od nas niezale\u017cnych (awarie bramki p\u0142atniczej, us\u0142ugi internetowe), rejestracja mo\u017ce zosta\u0107 przed\u0142u\u017cona w wyj\u0105tkowych przypadkach. Zalecamy r\u00f3wnie\u017c dok\u0142adne sprawdzenie poprawno\u015bci podanego adresu e-mail. Je\u015bli adres e-mail jest poprawny, prosimy o zapoznanie si\u0119 ze stron\u0105, kt\u00f3ra wy\u015bwietli\u0142a si\u0119 po zakupie. Znajdziesz tam aktualne informacje, w tym status swojego zam\u00f3wienia.\"\n        }\n      },{\n        \"@type\": \"Question\",\n        \"name\": \"Chc\u0119 anulowa\u0107 moje zam\u00f3wienie.\",\n        \"acceptedAnswer\": {\n          \"@type\": \"Answer\",\n          \"text\": \"Zgodnie z regulaminem, zwrot pieni\u0119dzy za zam\u00f3wienie jest mo\u017cliwy przed rozpocz\u0119ciem jego realizacji. Je\u015bli zam\u00f3wienie zostanie zrealizowane, zwrot pieni\u0119dzy nie jest mo\u017cliwy.\"\n        }\n      },{\n        \"@type\": \"Question\",\n        \"name\": \"Moje plany podr\u00f3\u017cy uleg\u0142y zmianie i chc\u0119 zmieni\u0107 dat\u0119 zameldowania\",\n        \"acceptedAnswer\": {\n          \"@type\": \"Answer\",\n          \"text\": \"Je\u015bli us\u0142uga zosta\u0142a ju\u017c dla Ciebie zarejestrowana, niestety nie b\u0119dziesz m\u00f3g\u0142 zmieni\u0107 jej wa\u017cno\u015bci. B\u0119dziesz musia\u0142 ponownie wykupi\u0107 us\u0142ug\u0119.\"\n        }\n      },{\n        \"@type\": \"Question\",\n        \"name\": \"Zmieni\u0142em zdanie i chc\u0119 zwrotu pieni\u0119dzy\",\n        \"acceptedAnswer\": {\n          \"@type\": \"Answer\",\n          \"text\": \"Mo\u017cesz anulowa\u0107 us\u0142ug\u0119 nawet po dokonaniu p\u0142atno\u015bci, przed przetworzeniem zam\u00f3wienia. Najszybciej zrobisz to, klikaj\u0105c link \u201eAnuluj zam\u00f3wienie\u201d na stronie ze szczeg\u00f3\u0142ami zam\u00f3wienia. Znajdziesz tam r\u00f3wnie\u017c aktualny status zam\u00f3wienia, w tym informacje o opcjach anulowania. Je\u015bli nie znasz adresu strony, mo\u017cesz go po prostu znale\u017a\u0107, wyszukuj\u0105c sw\u00f3j adres e-mail podany w zam\u00f3wieniu.\"\n        }\n      },{\n        \"@type\": \"Question\",\n        \"name\": \"Kiedy moja winieta zostanie aktywowana?\",\n        \"acceptedAnswer\": {\n          \"@type\": \"Answer\",\n          \"text\": \"Je\u015bli wa\u017cno\u015b\u0107 winiety rozpoczyna si\u0119 za wi\u0119cej ni\u017c 1 dzie\u0144, winiet\u0119 aktywujemy w ci\u0105gu 1 dnia przed rozpocz\u0119ciem jej wa\u017cno\u015bci. Je\u015bli data wyga\u015bni\u0119cia winiety przypada na ten sam dzie\u0144, nast\u0119pny dzie\u0144 lub zakupi\u0142e\u015b us\u0142ug\u0119 z priorytetowym przetwarzaniem, aktywujemy us\u0142ug\u0119 natychmiast po zakupie - staramy si\u0119 aktywowa\u0107 w ci\u0105gu 3 minut od otrzymania p\u0142atno\u015bci, je\u015bli wszystko jest w porz\u0105dku pod wzgl\u0119dem danych.\"\n        }\n      }\n      ]\n    }\n    <\/script>\n<\/div><\/div>\n\n\n\n<p><\/p>\n","protected":false},"excerpt":{"rendered":"<p>Cz\u0119sto zadawane pytania<\/p>\n","protected":false},"author":2,"featured_media":0,"parent":0,"menu_order":0,"comment_status":"closed","ping_status":"closed","template":"","meta":{"inline_featured_image":false,"_uag_custom_page_level_css":"","site-sidebar-layout":"no-sidebar","site-content-layout":"plain-container","ast-site-content-layout":"full-width-container","site-content-style":"unboxed","site-sidebar-style":"unboxed","ast-global-header-display":"","ast-banner-title-visibility":"","ast-main-header-display":"","ast-hfb-above-header-display":"","ast-hfb-below-header-display":"","ast-hfb-mobile-header-display":"","site-post-title":"disabled","ast-breadcrumbs-content":"","ast-featured-img":"","footer-sml-layout":"","theme-transparent-header-meta":"enabled","adv-header-id-meta":"","stick-header-meta":"","header-above-stick-meta":"","header-main-stick-meta":"","header-below-stick-meta":"","astra-migrate-meta-layouts":"default","ast-page-background-enabled":"default","ast-page-background-meta":{"desktop":{"background-color":"","background-image":"","background-repeat":"repeat","background-position":"center center","background-size":"auto","background-attachment":"scroll","background-type":"","background-media":"","overlay-type":"","overlay-color":"","overlay-opacity":"","overlay-gradient":""},"tablet":{"background-color":"","background-image":"","background-repeat":"repeat","background-position":"center center","background-size":"auto","background-attachment":"scroll","background-type":"","background-media":"","overlay-type":"","overlay-color":"","overlay-opacity":"","overlay-gradient":""},"mobile":{"background-color":"","background-image":"","background-repeat":"repeat","background-position":"center center","background-size":"auto","background-attachment":"scroll","background-type":"","background-media":"","overlay-type":"","overlay-color":"","overlay-opacity":"","overlay-gradient":""}},"ast-content-background-meta":{"desktop":{"background-color":"var(--ast-global-color-5)","background-image":"","background-repeat":"repeat","background-position":"center center","background-size":"auto","background-attachment":"scroll","background-type":"","background-media":"","overlay-type":"","overlay-color":"","overlay-opacity":"","overlay-gradient":""},"tablet":{"background-color":"var(--ast-global-color-5)","background-image":"","background-repeat":"repeat","background-position":"center center","background-size":"auto","background-attachment":"scroll","background-type":"","background-media":"","overlay-type":"","overlay-color":"","overlay-opacity":"","overlay-gradient":""},"mobile":{"background-color":"var(--ast-global-color-5)","background-image":"","background-repeat":"repeat","background-position":"center center","background-size":"auto","background-attachment":"scroll","background-type":"","background-media":"","overlay-type":"","overlay-color":"","overlay-opacity":"","overlay-gradient":""}},"footnotes":""},"categories":[],"tags":[],"class_list":["post-4840","page","type-page","status-publish","hentry"],"uagb_featured_image_src":{"full":false,"thumbnail":false,"medium":false,"medium_large":false,"large":false,"1536x1536":false,"2048x2048":false},"uagb_author_info":{"display_name":"shubham","author_link":"https:\/\/www.ematrica.com\/pl\/author\/shubham\/"},"uagb_comment_info":0,"uagb_excerpt":"Cz\u0119sto zadawane pytania","_links":{"self":[{"href":"https:\/\/www.ematrica.com\/pl\/wp-json\/wp\/v2\/pages\/4840","targetHints":{"allow":["GET","POST","PUT","PATCH","DELETE"]}}],"collection":[{"href":"https:\/\/www.ematrica.com\/pl\/wp-json\/wp\/v2\/pages"}],"about":[{"href":"https:\/\/www.ematrica.com\/pl\/wp-json\/wp\/v2\/types\/page"}],"author":[{"embeddable":true,"href":"https:\/\/www.ematrica.com\/pl\/wp-json\/wp\/v2\/users\/2"}],"replies":[{"embeddable":true,"href":"https:\/\/www.ematrica.com\/pl\/wp-json\/wp\/v2\/comments?post=4840"}],"version-history":[{"count":0,"href":"https:\/\/www.ematrica.com\/pl\/wp-json\/wp\/v2\/pages\/4840\/revisions"}],"wp:attachment":[{"href":"https:\/\/www.ematrica.com\/pl\/wp-json\/wp\/v2\/media?parent=4840"}],"wp:term":[{"taxonomy":"category","embeddable":true,"href":"https:\/\/www.ematrica.com\/pl\/wp-json\/wp\/v2\/categories?post=4840"},{"taxonomy":"post_tag","embeddable":true,"href":"https:\/\/www.ematrica.com\/pl\/wp-json\/wp\/v2\/tags?post=4840"}],"curies":[{"name":"wp","href":"https:\/\/api.w.org\/{rel}","templated":true}]}}