{"id":4987,"date":"2024-10-28T14:52:11","date_gmt":"2024-10-28T13:52:11","guid":{"rendered":"https:\/\/www.ematrica.com\/platne-odcinki-drog\/"},"modified":"2024-10-28T14:52:11","modified_gmt":"2024-10-28T13:52:11","slug":"platne-odcinki-drog","status":"publish","type":"page","link":"https:\/\/www.ematrica.com\/pl\/platne-odcinki-drog\/","title":{"rendered":"P\u0142atne odcinki dr\u00f3g"},"content":{"rendered":"\n<div class=\"wp-block-uagb-container uagb-block-25efe059 alignfull uagb-is-root-container\"><div class=\"uagb-container-inner-blocks-wrap\">\n<div class=\"wp-block-uagb-advanced-heading uagb-block-152b2cf8\"><h1 class=\"uagb-heading-text\">P\u0142atne odcinki dr\u00f3g<\/h1><\/div>\n<\/div><\/div>\n\n\n\n<div class=\"wp-block-uagb-container uagb-layout-flex uagb-block-a1027da3 alignfull uagb-is-root-container\"><div class=\"uagb-container-inner-blocks-wrap\">\n<div class=\"wp-block-uagb-container uagb-block-717dfbe0\">\n<h3 class=\"wp-block-heading\"><strong>Zgodnie z dekretem obowi\u0105zuj\u0105cym od 1 stycznia 2024 r., nast\u0119puj\u0105ce odcinki dr\u00f3g mog\u0105 by\u0107 u\u017cywane bezp\u0142atnie:<\/strong><\/h3>\n\n\n\n<ul class=\"wp-block-list\">\n<li>odcinek trasy Speedway M4 mi\u0119dzy Vecs\u00e9s a mi\u0119dzynarodowym lotniskiem Budapest Ferenc Liszt,<\/li>\n\n\n\n<li>odcinek po\u0142udniowo-zachodniej obwodnicy Peczu na autostradzie M60 mi\u0119dzy drogami 58 i 5826,<\/li>\n\n\n\n<li>Autostrada M8,<\/li>\n\n\n\n<li>Speedway M80,<\/li>\n\n\n\n<li>odcinek drogi Speedway M9 mi\u0119dzy drogami g\u0142\u00f3wnymi 6 i 51,<\/li>\n\n\n\n<li>odcinek obwodnicy Kaposv\u00e1r na trasie Speedway M9 (znak Main Road 61).<\/li>\n<\/ul>\n\n\n\n<h3 class=\"wp-block-heading\"><strong>Wi\u0119cej przydatnych link\u00f3w:<\/strong><\/h3>\n\n\n\n<p>szczeg\u00f3\u0142owa mapa sieci p\u0142atnych dr\u00f3g<\/p>\n<\/div>\n<\/div><\/div>\n","protected":false},"excerpt":{"rendered":"<p>P\u0142atne odcinki dr\u00f3g Zgodnie z dekretem obowi\u0105zuj\u0105cym od 1 stycznia 2024 r., nast\u0119puj\u0105ce odcinki dr\u00f3g mog\u0105 by\u0107 u\u017cywane bezp\u0142atnie: Wi\u0119cej przydatnych link\u00f3w: szczeg\u00f3\u0142owa mapa sieci p\u0142atnych dr\u00f3g<\/p>\n","protected":false},"author":2,"featured_media":0,"parent":0,"menu_order":0,"comment_status":"closed","ping_status":"closed","template":"","meta":{"inline_featured_image":false,"_uag_custom_page_level_css":"","site-sidebar-layout":"no-sidebar","site-content-layout":"plain-container","ast-site-content-layout":"full-width-container","site-content-style":"unboxed","site-sidebar-style":"unboxed","ast-global-header-display":"","ast-banner-title-visibility":"","ast-main-header-display":"","ast-hfb-above-header-display":"","ast-hfb-below-header-display":"","ast-hfb-mobile-header-display":"","site-post-title":"disabled","ast-breadcrumbs-content":"","ast-featured-img":"disabled","footer-sml-layout":"","theme-transparent-header-meta":"enabled","adv-header-id-meta":"","stick-header-meta":"","header-above-stick-meta":"","header-main-stick-meta":"","header-below-stick-meta":"","astra-migrate-meta-layouts":"default","ast-page-background-enabled":"default","ast-page-background-meta":{"desktop":{"background-color":"","background-image":"","background-repeat":"repeat","background-position":"center center","background-size":"auto","background-attachment":"scroll","background-type":"","background-media":"","overlay-type":"","overlay-color":"","overlay-opacity":"","overlay-gradient":""},"tablet":{"background-color":"","background-image":"","background-repeat":"repeat","background-position":"center center","background-size":"auto","background-attachment":"scroll","background-type":"","background-media":"","overlay-type":"","overlay-color":"","overlay-opacity":"","overlay-gradient":""},"mobile":{"background-color":"","background-image":"","background-repeat":"repeat","background-position":"center center","background-size":"auto","background-attachment":"scroll","background-type":"","background-media":"","overlay-type":"","overlay-color":"","overlay-opacity":"","overlay-gradient":""}},"ast-content-background-meta":{"desktop":{"background-color":"var(--ast-global-color-5)","background-image":"","background-repeat":"repeat","background-position":"center center","background-size":"auto","background-attachment":"scroll","background-type":"","background-media":"","overlay-type":"","overlay-color":"","overlay-opacity":"","overlay-gradient":""},"tablet":{"background-color":"var(--ast-global-color-5)","background-image":"","background-repeat":"repeat","background-position":"center center","background-size":"auto","background-attachment":"scroll","background-type":"","background-media":"","overlay-type":"","overlay-color":"","overlay-opacity":"","overlay-gradient":""},"mobile":{"background-color":"var(--ast-global-color-5)","background-image":"","background-repeat":"repeat","background-position":"center center","background-size":"auto","background-attachment":"scroll","background-type":"","background-media":"","overlay-type":"","overlay-color":"","overlay-opacity":"","overlay-gradient":""}},"footnotes":""},"categories":[],"tags":[],"class_list":["post-4987","page","type-page","status-publish","hentry"],"uagb_featured_image_src":{"full":false,"thumbnail":false,"medium":false,"medium_large":false,"large":false,"1536x1536":false,"2048x2048":false},"uagb_author_info":{"display_name":"shubham","author_link":"https:\/\/www.ematrica.com\/pl\/author\/shubham\/"},"uagb_comment_info":0,"uagb_excerpt":"P\u0142atne odcinki dr\u00f3g Zgodnie z dekretem obowi\u0105zuj\u0105cym od 1 stycznia 2024 r., nast\u0119puj\u0105ce odcinki dr\u00f3g mog\u0105 by\u0107 u\u017cywane bezp\u0142atnie: Wi\u0119cej przydatnych link\u00f3w: szczeg\u00f3\u0142owa mapa sieci p\u0142atnych dr\u00f3g","_links":{"self":[{"href":"https:\/\/www.ematrica.com\/pl\/wp-json\/wp\/v2\/pages\/4987","targetHints":{"allow":["GET","POST","PUT","PATCH","DELETE"]}}],"collection":[{"href":"https:\/\/www.ematrica.com\/pl\/wp-json\/wp\/v2\/pages"}],"about":[{"href":"https:\/\/www.ematrica.com\/pl\/wp-json\/wp\/v2\/types\/page"}],"author":[{"embeddable":true,"href":"https:\/\/www.ematrica.com\/pl\/wp-json\/wp\/v2\/users\/2"}],"replies":[{"embeddable":true,"href":"https:\/\/www.ematrica.com\/pl\/wp-json\/wp\/v2\/comments?post=4987"}],"version-history":[{"count":0,"href":"https:\/\/www.ematrica.com\/pl\/wp-json\/wp\/v2\/pages\/4987\/revisions"}],"wp:attachment":[{"href":"https:\/\/www.ematrica.com\/pl\/wp-json\/wp\/v2\/media?parent=4987"}],"wp:term":[{"taxonomy":"category","embeddable":true,"href":"https:\/\/www.ematrica.com\/pl\/wp-json\/wp\/v2\/categories?post=4987"},{"taxonomy":"post_tag","embeddable":true,"href":"https:\/\/www.ematrica.com\/pl\/wp-json\/wp\/v2\/tags?post=4987"}],"curies":[{"name":"wp","href":"https:\/\/api.w.org\/{rel}","templated":true}]}}