{"id":5020,"date":"2024-10-28T14:20:00","date_gmt":"2024-10-28T13:20:00","guid":{"rendered":"https:\/\/www.ematrica.com\/mapy\/"},"modified":"2024-10-28T14:20:00","modified_gmt":"2024-10-28T13:20:00","slug":"mapy","status":"publish","type":"page","link":"https:\/\/www.ematrica.com\/pl\/mapy\/","title":{"rendered":"Mapy"},"content":{"rendered":"\n<div class=\"wp-block-uagb-container uagb-block-25efe059 alignfull uagb-is-root-container\"><div class=\"uagb-container-inner-blocks-wrap\">\n<div class=\"wp-block-uagb-advanced-heading uagb-block-152b2cf8\"><h1 class=\"uagb-heading-text\">Mapy<\/h1><\/div>\n<\/div><\/div>\n\n\n\n<div class=\"wp-block-uagb-container uagb-layout-flex uagb-block-a1027da3 alignfull uagb-is-root-container\"><div class=\"uagb-container-inner-blocks-wrap\">\n<div class=\"wp-block-uagb-container uagb-block-52c1a9ca\">\n<p>Mapy s\u0142u\u017c\u0105 wy\u0142\u0105cznie do cel\u00f3w informacyjnych. Dok\u0142adna lista odcink\u00f3w p\u0142atnych znajduje si\u0119 w poni\u017cszych rozporz\u0105dzeniach: <\/p>\n\n\n\n<ul class=\"wp-block-list\">\n<li>E-winieta:&nbsp;Rozporz\u0105dzenie 45\/2020 (XI. 28.) ITM Ministra Innowacji i Technologii<\/li>\n\n\n\n<li>E-myto:&nbsp;Dekret 25\/2013 (V.&nbsp;31.) NFM Ministra Rozwoju Narodowego<\/li>\n<\/ul>\n\n\n\n<p>\u00a9 Mapy dost\u0119pne na stronach internetowych nemzetiutdij.hu i toll-charge.hu przedstawiaj\u0105ce sie\u0107 p\u0142atnych dr\u00f3g stanowi\u0105 w\u0142asno\u015b\u0107 intelektualn\u0105 National Toll Payment Services Plc., w zwi\u0105zku z czym ich dalsze wykorzystywanie wymaga uprzedniej zgody naszej Sp\u00f3\u0142ki.<\/p>\n\n\n\n<hr class=\"wp-block-separator has-alpha-channel-opacity\">\n\n\n\n<h3 class=\"wp-block-heading\">Mapa kraju z winiet\u0105 elektroniczn\u0105<\/h3>\n\n\n\n<h4 class=\"wp-block-heading\">Obowi\u0105zuje od 1 stycznia 2024 r.<\/h4>\n\n\n\n<p>Kliknij obraz, aby pobra\u0107 map\u0119 w pe\u0142nym rozmiarze.<\/p>\n\n\n\n<div class=\"wp-block-uagb-image uagb-block-358e27ee wp-block-uagb-image--layout-default wp-block-uagb-image--effect-static wp-block-uagb-image--align-none\"><figure class=\"wp-block-uagb-image__figure\"><img decoding=\"async\" srcset=\"https:\/\/www.ematrica.com\/wp-content\/uploads\/2024\/10\/map.jpg ,https:\/\/www.ematrica.com\/wp-content\/uploads\/2024\/10\/map.jpg 780w, https:\/\/www.ematrica.com\/wp-content\/uploads\/2024\/10\/map.jpg 360w\" sizes=\"auto, (max-width: 480px) 150px\" src=\"https:\/\/www.ematrica.com\/wp-content\/uploads\/2024\/10\/map.jpg\" alt=\"\" class=\"uag-image-4208\" width=\"1024\" height=\"576\" title=\"NUSZ_HD_terkep_A0_20240801\" loading=\"lazy\" role=\"img\"><\/figure><\/div>\n\n\n\n<h3 class=\"wp-block-heading\">Regionalne mapy e-winiet<\/h3>\n\n\n\n<h4 class=\"wp-block-heading\">Obowi\u0105zuje od 1 stycznia 2024 r.<\/h4>\n\n\n\n<p>Zakres wa\u017cno\u015bci e-winiet regionalnych rozci\u0105ga si\u0119 poza granice administracyjne powiatu, do pierwszego skrzy\u017cowania za granic\u0105 powiatu. Wa\u017cno\u015b\u0107 terytorialna winiet regionalnych wed\u0142ug numeru skrzy\u017cowania i numeru odcinka drogi jest okre\u015blona w za\u0142\u0105czniku 1 do&nbsp;Rozporz\u0105dzenie 45\/2020 (XI. 28.) ITM Ministra Innowacji i Technologii. <\/p>\n\n\n\n<p>Regionalne mapy e-winiet obowi\u0105zuj\u0105ce od 1 stycznia 2024 r. mo\u017cna wy\u015bwietli\u0107, klikaj\u0105c nazw\u0119 powiatu.<\/p>\n\n\n\n<p>Hrabstwo Baranya<\/p>\n\n\n\n<p>Powiat B\u00e1cs-Kiskun<\/p>\n\n\n\n<p>Hrabstwo B\u00e9k\u00e9s<\/p>\n\n\n\n<p>Powiat Borsod-Aba\u00faj-Zempl\u00e9n<\/p>\n\n\n\n<p>Hrabstwo Csongr\u00e1d-Csan\u00e1d<\/p>\n\n\n\n<p>Hrabstwo Fej\u00e9r<\/p>\n\n\n\n<p>Powiat Gy\u0151r-Moson-Sopron<\/p>\n\n\n\n<p>Hrabstwo Hajd\u00fa-Bihar<\/p>\n\n\n\n<p>Hrabstwo Heves<\/p>\n\n\n\n<p>Powiat J\u00e1sz-Nagykun-Szolnok<\/p>\n\n\n\n<p>Powiat Kom\u00e1rom-Esztergom<\/p>\n\n\n\n<p>Powiat szkodnik\u00f3w<\/p>\n\n\n\n<p>Hrabstwo Somogy<\/p>\n\n\n\n<p>Powiat Szabolcs-Szatm\u00e1r-Bereg<\/p>\n\n\n\n<p>Hrabstwo Tolna<\/p>\n\n\n\n<p>Hrabstwo Vas<\/p>\n\n\n\n<p>Hrabstwo Veszpr\u00e9m<\/p>\n\n\n\n<p>Powiat Zala<\/p>\n\n\n\n<hr class=\"wp-block-separator has-alpha-channel-opacity\">\n\n\n\n<h3 class=\"wp-block-heading\">System e-myta dla pojazd\u00f3w o dopuszczalnej masie ca\u0142kowitej powy\u017cej 3,5 tony&nbsp;<\/h3>\n\n\n\n<h4 class=\"wp-block-heading\">Obowi\u0105zuje od 1 wrze\u015bnia 2024 r.<\/h4>\n\n\n\n<p>Kliknij obraz, aby pobra\u0107 map\u0119 w pe\u0142nym rozmiarze.<\/p>\n\n\n\n<div class=\"wp-block-uagb-image uagb-block-0a956f8e wp-block-uagb-image--layout-default wp-block-uagb-image--effect-static wp-block-uagb-image--align-none\"><figure class=\"wp-block-uagb-image__figure\"><img decoding=\"async\" srcset=\"https:\/\/www.ematrica.com\/wp-content\/uploads\/2024\/10\/map2.jpg ,https:\/\/www.ematrica.com\/wp-content\/uploads\/2024\/10\/map2.jpg 780w, https:\/\/www.ematrica.com\/wp-content\/uploads\/2024\/10\/map2.jpg 360w\" sizes=\"auto, (max-width: 480px) 150px\" src=\"https:\/\/www.ematrica.com\/wp-content\/uploads\/2024\/10\/map2.jpg\" alt=\"\" class=\"uag-image-4214\" width=\"1024\" height=\"576\" title=\"mapa2\" loading=\"lazy\" role=\"img\"><\/figure><\/div>\n<\/div>\n<\/div><\/div>\n","protected":false},"excerpt":{"rendered":"<p>Mapy Mapy s\u0142u\u017c\u0105 wy\u0142\u0105cznie do cel\u00f3w informacyjnych. Dok\u0142adna lista odcink\u00f3w p\u0142atnych znajduje si\u0119 w poni\u017cszych rozporz\u0105dzeniach: \u00a9 Mapy dost\u0119pne na stronach internetowych nemzetiutdij.hu i toll-charge.hu przedstawiaj\u0105ce sie\u0107 p\u0142atnych dr\u00f3g stanowi\u0105 w\u0142asno\u015b\u0107 intelektualn\u0105 National Toll Payment Services Plc., w zwi\u0105zku z czym ich dalsze wykorzystywanie wymaga uprzedniej zgody naszej Sp\u00f3\u0142ki. Mapa kraju z winiet\u0105 elektroniczn\u0105 Obowi\u0105zuje [&hellip;]<\/p>\n","protected":false},"author":2,"featured_media":0,"parent":0,"menu_order":0,"comment_status":"closed","ping_status":"closed","template":"","meta":{"inline_featured_image":false,"_uag_custom_page_level_css":"","site-sidebar-layout":"no-sidebar","site-content-layout":"plain-container","ast-site-content-layout":"full-width-container","site-content-style":"unboxed","site-sidebar-style":"unboxed","ast-global-header-display":"","ast-banner-title-visibility":"","ast-main-header-display":"","ast-hfb-above-header-display":"","ast-hfb-below-header-display":"","ast-hfb-mobile-header-display":"","site-post-title":"disabled","ast-breadcrumbs-content":"","ast-featured-img":"disabled","footer-sml-layout":"","theme-transparent-header-meta":"enabled","adv-header-id-meta":"","stick-header-meta":"","header-above-stick-meta":"","header-main-stick-meta":"","header-below-stick-meta":"","astra-migrate-meta-layouts":"default","ast-page-background-enabled":"default","ast-page-background-meta":{"desktop":{"background-color":"","background-image":"","background-repeat":"repeat","background-position":"center center","background-size":"auto","background-attachment":"scroll","background-type":"","background-media":"","overlay-type":"","overlay-color":"","overlay-opacity":"","overlay-gradient":""},"tablet":{"background-color":"","background-image":"","background-repeat":"repeat","background-position":"center center","background-size":"auto","background-attachment":"scroll","background-type":"","background-media":"","overlay-type":"","overlay-color":"","overlay-opacity":"","overlay-gradient":""},"mobile":{"background-color":"","background-image":"","background-repeat":"repeat","background-position":"center center","background-size":"auto","background-attachment":"scroll","background-type":"","background-media":"","overlay-type":"","overlay-color":"","overlay-opacity":"","overlay-gradient":""}},"ast-content-background-meta":{"desktop":{"background-color":"var(--ast-global-color-5)","background-image":"","background-repeat":"repeat","background-position":"center center","background-size":"auto","background-attachment":"scroll","background-type":"","background-media":"","overlay-type":"","overlay-color":"","overlay-opacity":"","overlay-gradient":""},"tablet":{"background-color":"var(--ast-global-color-5)","background-image":"","background-repeat":"repeat","background-position":"center center","background-size":"auto","background-attachment":"scroll","background-type":"","background-media":"","overlay-type":"","overlay-color":"","overlay-opacity":"","overlay-gradient":""},"mobile":{"background-color":"var(--ast-global-color-5)","background-image":"","background-repeat":"repeat","background-position":"center center","background-size":"auto","background-attachment":"scroll","background-type":"","background-media":"","overlay-type":"","overlay-color":"","overlay-opacity":"","overlay-gradient":""}},"footnotes":""},"categories":[],"tags":[],"class_list":["post-5020","page","type-page","status-publish","hentry"],"uagb_featured_image_src":{"full":false,"thumbnail":false,"medium":false,"medium_large":false,"large":false,"1536x1536":false,"2048x2048":false},"uagb_author_info":{"display_name":"shubham","author_link":"https:\/\/www.ematrica.com\/pl\/author\/shubham\/"},"uagb_comment_info":0,"uagb_excerpt":"Mapy Mapy s\u0142u\u017c\u0105 wy\u0142\u0105cznie do cel\u00f3w informacyjnych. Dok\u0142adna lista odcink\u00f3w p\u0142atnych znajduje si\u0119 w poni\u017cszych rozporz\u0105dzeniach: \u00a9 Mapy dost\u0119pne na stronach internetowych nemzetiutdij.hu i toll-charge.hu przedstawiaj\u0105ce sie\u0107 p\u0142atnych dr\u00f3g stanowi\u0105 w\u0142asno\u015b\u0107 intelektualn\u0105 National Toll Payment Services Plc., w zwi\u0105zku z czym ich dalsze wykorzystywanie wymaga uprzedniej zgody naszej Sp\u00f3\u0142ki. Mapa kraju z winiet\u0105 elektroniczn\u0105 Obowi\u0105zuje&hellip;","_links":{"self":[{"href":"https:\/\/www.ematrica.com\/pl\/wp-json\/wp\/v2\/pages\/5020","targetHints":{"allow":["GET","POST","PUT","PATCH","DELETE"]}}],"collection":[{"href":"https:\/\/www.ematrica.com\/pl\/wp-json\/wp\/v2\/pages"}],"about":[{"href":"https:\/\/www.ematrica.com\/pl\/wp-json\/wp\/v2\/types\/page"}],"author":[{"embeddable":true,"href":"https:\/\/www.ematrica.com\/pl\/wp-json\/wp\/v2\/users\/2"}],"replies":[{"embeddable":true,"href":"https:\/\/www.ematrica.com\/pl\/wp-json\/wp\/v2\/comments?post=5020"}],"version-history":[{"count":0,"href":"https:\/\/www.ematrica.com\/pl\/wp-json\/wp\/v2\/pages\/5020\/revisions"}],"wp:attachment":[{"href":"https:\/\/www.ematrica.com\/pl\/wp-json\/wp\/v2\/media?parent=5020"}],"wp:term":[{"taxonomy":"category","embeddable":true,"href":"https:\/\/www.ematrica.com\/pl\/wp-json\/wp\/v2\/categories?post=5020"},{"taxonomy":"post_tag","embeddable":true,"href":"https:\/\/www.ematrica.com\/pl\/wp-json\/wp\/v2\/tags?post=5020"}],"curies":[{"name":"wp","href":"https:\/\/api.w.org\/{rel}","templated":true}]}}