{"id":2928,"date":"2024-09-27T09:59:58","date_gmt":"2024-09-27T07:59:58","guid":{"rendered":"https:\/\/www.ematrica.com\/kde-sa-uplatnuje\/"},"modified":"2024-11-08T14:07:28","modified_gmt":"2024-11-08T13:07:28","slug":"kde-sa-uplatnuje","status":"publish","type":"page","link":"https:\/\/www.ematrica.com\/sk\/kde-sa-uplatnuje\/","title":{"rendered":"Kde sa uplat\u0148uje"},"content":{"rendered":"\n<div class=\"wp-block-uagb-container uagb-block-25efe059 alignfull uagb-is-root-container\"><div class=\"uagb-container-inner-blocks-wrap\">\n<div class=\"wp-block-uagb-advanced-heading uagb-block-152b2cf8\"><h1 class=\"uagb-heading-text\">Kde sa uplat\u0148uje<\/h1><\/div>\n<\/div><\/div>\n\n\n\n<div class=\"wp-block-uagb-container uagb-block-4a87feac alignfull uagb-is-root-container\"><div class=\"uagb-container-inner-blocks-wrap\">\n<div class=\"wp-block-uagb-container uagb-block-eb4eb583\">\n<div class=\"wp-block-uagb-image uagb-block-9f678b37 wp-block-uagb-image--layout-default wp-block-uagb-image--effect-static wp-block-uagb-image--align-none\"><figure class=\"wp-block-uagb-image__figure\"><img decoding=\"async\" srcset=\"https:\/\/www.ematrica.com\/wp-content\/uploads\/2024\/09\/Map-1024x481.png ,https:\/\/www.ematrica.com\/wp-content\/uploads\/2024\/09\/Map.png 780w, https:\/\/www.ematrica.com\/wp-content\/uploads\/2024\/09\/Map.png 360w\" sizes=\"auto, (max-width: 480px) 150px\" src=\"https:\/\/www.ematrica.com\/wp-content\/uploads\/2024\/09\/Map-1024x481.png\" alt=\"\" class=\"uag-image-2822\" width=\"1428\" height=\"671\" title=\"Mapa\" loading=\"lazy\" role=\"img\"><\/figure><\/div>\n<\/div>\n<\/div><\/div>\n\n\n\n<div class=\"wp-block-uagb-container uagb-block-615326b3 alignfull uagb-is-root-container\"><div class=\"uagb-container-inner-blocks-wrap\">\n<div class=\"wp-block-uagb-container uagb-block-c51809a9\">\n<div class=\"wp-block-uagb-info-box uagb-block-96aad7cb uagb-infobox__content-wrap uagb-infobox-icon-above-title uagb-infobox-image-valign-top\"><div class=\"uagb-ifb-content\"><div class=\"uagb-ifb-title-wrap\"><h2 class=\"uagb-ifb-title\">Kde sa uplat\u0148uj\u00fa na\u0161e slu\u017eby v oblasti dia\u013eni\u010dn\u00fdch zn\u00e1mok<\/h2><\/div><\/div><\/div>\n<\/div>\n\n\n\n<div class=\"wp-block-uagb-container uagb-block-dc6e0ba1\">\n<div class=\"wp-block-uagb-info-box uagb-block-cba2f3d7 uagb-infobox__content-wrap uagb-infobox-icon-above-title uagb-infobox-image-valign-top\"><div class=\"uagb-ifb-content\"><div class=\"uagb-ifb-title-wrap\"><h3 class=\"uagb-ifb-title\">Mestsk\u00e9 oblasti<\/h3><\/div><p class=\"uagb-ifb-desc\">Mnoh\u00e9 metropolitn\u00e9 regi\u00f3ny zav\u00e1dzaj\u00fa m\u00fdtne syst\u00e9my na riadenie pre\u0165a\u017eenia.\nTieto m\u00fdta pom\u00e1haj\u00fa nielen financova\u0165 \u00fadr\u017ebu a zlep\u0161enia, ale tie\u017e podporuj\u00fa pou\u017e\u00edvanie alternat\u00edvnych tr\u00e1s.\nNa\u0161e slu\u017eby s\u00fa navrhnut\u00e9 tak, aby u\u013eah\u010dovali hladk\u00fd priebeh m\u00fdtnych transakci\u00ed  <\/p><\/div><\/div>\n<\/div>\n\n\n\n<div class=\"wp-block-uagb-container uagb-block-20b3f7af\">\n<div class=\"wp-block-uagb-info-box uagb-block-bdcff0de uagb-infobox__content-wrap uagb-infobox-icon-above-title uagb-infobox-image-valign-top\"><div class=\"uagb-ifb-content\"><div class=\"uagb-ifb-title-wrap\"><h3 class=\"uagb-ifb-title\">Medzi\u0161t\u00e1tne dia\u013enice<\/h3><\/div><p class=\"uagb-ifb-desc\">Hlavn\u00e9 dia\u013eni\u010dn\u00e9 \u00faseky s\u00fa \u010dasto spoplatnen\u00e9, aby sa zachovala kvalita a bezpe\u010dnos\u0165 ciest.\nNa\u0161e slu\u017eby dia\u013eni\u010dn\u00e9ho m\u00fdta sa uplat\u0148uj\u00fa na t\u00fdchto cest\u00e1ch a zabezpe\u010duj\u00fa cestuj\u00facim jednoduch\u00e9 platenie m\u00fdta a pr\u00edstup k inform\u00e1ci\u00e1m o sadzb\u00e1ch a miestach platenia m\u00fdta v re\u00e1lnom \u010dase. <\/p><\/div><\/div>\n<\/div>\n\n\n\n<div class=\"wp-block-uagb-container uagb-block-4a7a80b7\">\n<div class=\"wp-block-uagb-info-box uagb-block-71841dc7 uagb-infobox__content-wrap uagb-infobox-icon-above-title uagb-infobox-image-valign-top\"><div class=\"uagb-ifb-content\"><div class=\"uagb-ifb-title-wrap\"><h3 class=\"uagb-ifb-title\">Mosty a tunely<\/h3><\/div><p class=\"uagb-ifb-desc\">K\u013e\u00fa\u010dov\u00e9 infra\u0161trukt\u00fary, ako s\u00fa mosty a tunely, \u010dasto vyu\u017e\u00edvaj\u00fa m\u00fdto na pokrytie n\u00e1kladov na v\u00fdstavbu a \u00fadr\u017ebu.\nNa\u0161e slu\u017eby zabezpe\u010duj\u00fa, aby ste na t\u00fdchto miestach mohli efekt\u00edvne plati\u0165 m\u00fdto, vyhli sa zdr\u017eaniam a udr\u017eali svoju cestu na dobrej ceste. <\/p><\/div><\/div>\n<\/div>\n\n\n\n<div class=\"wp-block-uagb-container uagb-block-69df0e98\">\n<div class=\"wp-block-uagb-info-box uagb-block-194ffc81 uagb-infobox__content-wrap uagb-infobox-icon-above-title uagb-infobox-image-valign-top\"><div class=\"uagb-ifb-content\"><div class=\"uagb-ifb-title-wrap\"><h3 class=\"uagb-ifb-title\">Cestovanie na dlh\u00e9 vzdialenosti<\/h3><\/div><p class=\"uagb-ifb-desc\">Pre t\u00fdch, ktor\u00ed sa vyd\u00e1vaj\u00fa na dlh\u00e9 cesty, m\u00f4\u017ee inform\u00e1cia o tom, kde sa plat\u00ed m\u00fdto, pom\u00f4c\u0165 pri zostavovan\u00ed rozpo\u010dtu a pl\u00e1novan\u00ed.\nNa\u0161e slu\u017eby poskytuj\u00fa komplexn\u00e9 inform\u00e1cie o m\u00fdte, ktor\u00e9 v\u00e1m pom\u00f4\u017eu pri informovanom rozhodovan\u00ed o va\u0161ich cestovn\u00fdch tras\u00e1ch. <\/p><\/div><\/div>\n<\/div>\n\n\n\n<div class=\"wp-block-uagb-container uagb-block-85518280\">\n<div class=\"wp-block-uagb-info-box uagb-block-1dc87a3d uagb-infobox__content-wrap uagb-infobox-icon-above-title uagb-infobox-image-valign-top\"><div class=\"uagb-ifb-content\"><div class=\"uagb-ifb-title-wrap\"><h3 class=\"uagb-ifb-title\">Prev\u00e1dzka vozov\u00e9ho parku<\/h3><\/div><p class=\"uagb-ifb-desc\">Podniky, ktor\u00e9 spravuj\u00fa ve\u013ek\u00e9 vozov\u00e9 parky, sa spoliehaj\u00fa na m\u00fdtne slu\u017eby z h\u013eadiska efekt\u00edvnosti a riadenia n\u00e1kladov.\nNa\u0161e rie\u0161enia s\u00fa ur\u010den\u00e9 pre prev\u00e1dzkovate\u013eov vozov\u00fdch parkov a pon\u00fakaj\u00fa prisp\u00f4soben\u00e9 slu\u017eby na zefekt\u00edvnenie platieb m\u00fdta vo viacer\u00fdch vozidl\u00e1ch, \u010d\u00edm zabezpe\u010duj\u00fa plynul\u00fa prev\u00e1dzku na cest\u00e1ch. <\/p><\/div><\/div>\n<\/div>\n<\/div><\/div>\n","protected":false},"excerpt":{"rendered":"<p>Kde sa uplat\u0148uje<\/p>\n","protected":false},"author":2,"featured_media":0,"parent":0,"menu_order":0,"comment_status":"closed","ping_status":"closed","template":"","meta":{"inline_featured_image":false,"_uag_custom_page_level_css":"","site-sidebar-layout":"no-sidebar","site-content-layout":"plain-container","ast-site-content-layout":"full-width-container","site-content-style":"unboxed","site-sidebar-style":"unboxed","ast-global-header-display":"","ast-banner-title-visibility":"","ast-main-header-display":"","ast-hfb-above-header-display":"","ast-hfb-below-header-display":"","ast-hfb-mobile-header-display":"","site-post-title":"disabled","ast-breadcrumbs-content":"","ast-featured-img":"","footer-sml-layout":"","theme-transparent-header-meta":"enabled","adv-header-id-meta":"","stick-header-meta":"","header-above-stick-meta":"","header-main-stick-meta":"","header-below-stick-meta":"","astra-migrate-meta-layouts":"default","ast-page-background-enabled":"default","ast-page-background-meta":{"desktop":{"background-color":"","background-image":"","background-repeat":"repeat","background-position":"center center","background-size":"auto","background-attachment":"scroll","background-type":"","background-media":"","overlay-type":"","overlay-color":"","overlay-opacity":"","overlay-gradient":""},"tablet":{"background-color":"","background-image":"","background-repeat":"repeat","background-position":"center center","background-size":"auto","background-attachment":"scroll","background-type":"","background-media":"","overlay-type":"","overlay-color":"","overlay-opacity":"","overlay-gradient":""},"mobile":{"background-color":"","background-image":"","background-repeat":"repeat","background-position":"center center","background-size":"auto","background-attachment":"scroll","background-type":"","background-media":"","overlay-type":"","overlay-color":"","overlay-opacity":"","overlay-gradient":""}},"ast-content-background-meta":{"desktop":{"background-color":"var(--ast-global-color-5)","background-image":"","background-repeat":"repeat","background-position":"center center","background-size":"auto","background-attachment":"scroll","background-type":"","background-media":"","overlay-type":"","overlay-color":"","overlay-opacity":"","overlay-gradient":""},"tablet":{"background-color":"var(--ast-global-color-5)","background-image":"","background-repeat":"repeat","background-position":"center center","background-size":"auto","background-attachment":"scroll","background-type":"","background-media":"","overlay-type":"","overlay-color":"","overlay-opacity":"","overlay-gradient":""},"mobile":{"background-color":"var(--ast-global-color-5)","background-image":"","background-repeat":"repeat","background-position":"center center","background-size":"auto","background-attachment":"scroll","background-type":"","background-media":"","overlay-type":"","overlay-color":"","overlay-opacity":"","overlay-gradient":""}},"footnotes":""},"categories":[],"tags":[],"class_list":["post-2928","page","type-page","status-publish","hentry"],"uagb_featured_image_src":{"full":false,"thumbnail":false,"medium":false,"medium_large":false,"large":false,"1536x1536":false,"2048x2048":false},"uagb_author_info":{"display_name":"shubham","author_link":"https:\/\/www.ematrica.com\/sk\/author\/shubham\/"},"uagb_comment_info":0,"uagb_excerpt":"Kde sa uplat\u0148uje","_links":{"self":[{"href":"https:\/\/www.ematrica.com\/sk\/wp-json\/wp\/v2\/pages\/2928","targetHints":{"allow":["GET","POST","PUT","PATCH","DELETE"]}}],"collection":[{"href":"https:\/\/www.ematrica.com\/sk\/wp-json\/wp\/v2\/pages"}],"about":[{"href":"https:\/\/www.ematrica.com\/sk\/wp-json\/wp\/v2\/types\/page"}],"author":[{"embeddable":true,"href":"https:\/\/www.ematrica.com\/sk\/wp-json\/wp\/v2\/users\/2"}],"replies":[{"embeddable":true,"href":"https:\/\/www.ematrica.com\/sk\/wp-json\/wp\/v2\/comments?post=2928"}],"version-history":[{"count":1,"href":"https:\/\/www.ematrica.com\/sk\/wp-json\/wp\/v2\/pages\/2928\/revisions"}],"predecessor-version":[{"id":4751,"href":"https:\/\/www.ematrica.com\/sk\/wp-json\/wp\/v2\/pages\/2928\/revisions\/4751"}],"wp:attachment":[{"href":"https:\/\/www.ematrica.com\/sk\/wp-json\/wp\/v2\/media?parent=2928"}],"wp:term":[{"taxonomy":"category","embeddable":true,"href":"https:\/\/www.ematrica.com\/sk\/wp-json\/wp\/v2\/categories?post=2928"},{"taxonomy":"post_tag","embeddable":true,"href":"https:\/\/www.ematrica.com\/sk\/wp-json\/wp\/v2\/tags?post=2928"}],"curies":[{"name":"wp","href":"https:\/\/api.w.org\/{rel}","templated":true}]}}