{"id":4283,"date":"2024-09-27T07:37:25","date_gmt":"2024-09-27T05:37:25","guid":{"rendered":"https:\/\/www.ematrica.com\/zasady-ochrany-osobnych-udajov\/"},"modified":"2024-09-27T07:37:25","modified_gmt":"2024-09-27T05:37:25","slug":"zasady-ochrany-osobnych-udajov","status":"publish","type":"page","link":"https:\/\/www.ematrica.com\/sk\/zasady-ochrany-osobnych-udajov\/","title":{"rendered":"Z\u00e1sady ochrany osobn\u00fdch \u00fadajov"},"content":{"rendered":"\n<p><strong>Vyhl\u00e1senie o ochrane s\u00fakromia a s\u00faboroch cookie  <\/strong><\/p>\n\n\n\n<p>novembra 2021<\/p>\n\n\n\n<p>Va\u0161e s\u00fakromie je pre ematrica.com ve\u013emi d\u00f4le\u017eit\u00e9. Preto dodr\u017eiavame pr\u00edslu\u0161n\u00e9 z\u00e1kony a nariadenia o ochrane osobn\u00fdch \u00fadajov vr\u00e1tane v\u0161eobecn\u00e9ho nariadenia o ochrane \u00fadajov (\u010falej len GDPR). To znamen\u00e1, \u017ee:  <\/p>\n\n\n\n<p>&#8211;&nbsp;&nbsp;&nbsp;&nbsp; &nbsp;&nbsp; Pred spracovan\u00edm va\u0161ich osobn\u00fdch \u00fadajov prostredn\u00edctvom tohto vyhl\u00e1senia o ochrane osobn\u00fdch \u00fadajov<strong>jasne uv\u00e1dzame na\u0161e \u00fa\u010dely<\/strong>&nbsp;;<\/p>\n\n\n\n<p>&#8211;&nbsp;&nbsp;&nbsp;&nbsp; &nbsp;&nbsp;<strong>Uchov\u00e1vajte \u010do najmenej osobn\u00fdch \u00fadajov<\/strong>&nbsp;a len tie \u00fadaje, ktor\u00e9 s\u00fa nevyhnutn\u00e9 na na\u0161e \u00fa\u010dely;<\/p>\n\n\n\n<p>&#8211;&nbsp;&nbsp;&nbsp;&nbsp; &nbsp;&nbsp;<strong>V\u00fdslovne po\u017eiadajte o s\u00fahlas<\/strong>&nbsp;<strong>so<\/strong> spracovan\u00edm va\u0161ich osobn\u00fdch \u00fadajov, ak sa s\u00fahlas vy\u017eaduje;<\/p>\n\n\n\n<p>&#8211;&nbsp;&nbsp;&nbsp;&nbsp;&nbsp;&nbsp;<strong>Prija\u0165 potrebn\u00e9 bezpe\u010dnostn\u00e9 opatrenia<\/strong>&nbsp;na ochranu va\u0161ich osobn\u00fdch \u00fadajov. Tieto povinnosti uklad\u00e1me aj stran\u00e1m, ktor\u00e9 pre n\u00e1s sprac\u00favaj\u00fa osobn\u00e9 \u00fadaje; <\/p>\n\n\n\n<p>&#8211;&nbsp;&nbsp;&nbsp;&nbsp; &nbsp;&nbsp;<strong>Re\u0161pektujte svoje pr\u00e1va<\/strong>&nbsp;, napr\u00edklad pr\u00e1vo na pr\u00edstup k va\u0161im osobn\u00fdm \u00fadajom, ktor\u00e9 sprac\u00favame, na ich opravu alebo vymazanie.<\/p>\n\n\n\n<p>Va\u0161e \u00fadaje s\u00fa u n\u00e1s v bezpe\u010d\u00ed a v\u017edy ich budeme spr\u00e1vne pou\u017e\u00edva\u0165. V tomto vyhl\u00e1sen\u00ed o ochrane osobn\u00fdch \u00fadajov vysvet\u013eujeme, \u010do rob\u00edme v internetovom obchode ematrica.com s inform\u00e1ciami, ktor\u00e9 sa o v\u00e1s dozvieme. <\/p>\n\n\n\n<p>Ak m\u00e1te ak\u00e9ko\u013evek ot\u00e1zky alebo chcete presne vedie\u0165, ak\u00e9 \u00fadaje o v\u00e1s uchov\u00e1vame, kontaktujte pros\u00edm ematrica.com.<\/p>\n\n\n\n<p><strong>Spracovanie objedn\u00e1vok<\/strong><br>Ke\u010f u n\u00e1s zad\u00e1te objedn\u00e1vku, va\u0161e osobn\u00e9 \u00fadaje pou\u017eijeme na jej spr\u00e1vne spracovanie. Va\u0161e osobn\u00e9 \u00fadaje potom m\u00f4\u017eeme poskytn\u00fa\u0165 na\u0161ej doru\u010dovate\u013eskej slu\u017ebe, aby v\u00e1m objedn\u00e1vku doru\u010dila. Inform\u00e1cie o va\u0161ej platbe dost\u00e1vame aj od va\u0161ej banky alebo spolo\u010dnosti vyd\u00e1vaj\u00facej kreditn\u00e9 karty. Na tento \u00fa\u010del pou\u017e\u00edvame va\u0161e:   <\/p>\n\n\n\n<ul class=\"wp-block-list\">\n<li>Meno a adresa<\/li>\n\n\n\n<li>E-mailov\u00e1 adresa<\/li>\n\n\n\n<li>Platobn\u00e9 \u00fadaje<\/li>\n\n\n\n<li>IP adresa<\/li>\n\n\n\n<li>\u00dadaje o cestovnom pase (d\u00e1tum narodenia, pohlavie, fotografia, \u010d\u00edslo pasu at\u010f.)<\/li>\n<\/ul>\n\n\n\n<p>Potrebujeme to kv\u00f4li zmluve, ktor\u00fa s vami uzatv\u00e1rame. Tieto inform\u00e1cie uchov\u00e1vame a\u017e do dokon\u010denia va\u0161ej objedn\u00e1vky. Niektor\u00e9 \u00fadaje z\u00e1kazn\u00edkov uchov\u00e1vame dlh\u0161ie v s\u00favislosti so z\u00e1konnou povinnos\u0165ou uchov\u00e1vania da\u0148ov\u00fdch \u00fadajov.  <\/p>\n\n\n\n<p><em>Poskytovanie tret\u00edm stran\u00e1m<\/em><br>Spolupracujeme s ur\u010dit\u00fdmi spolo\u010dnos\u0165ami, ktor\u00e9 od n\u00e1s m\u00f4\u017eu z\u00edska\u0165 va\u0161e vy\u0161\u0161ie uveden\u00e9 osobn\u00e9 \u00fadaje.<\/p>\n\n\n\n<p>Pri spracovan\u00ed objedn\u00e1vok spolupracujeme s:<\/p>\n\n\n\n<ul class=\"wp-block-list\">\n<li>Na\u0161i poskytovatelia platobn\u00fdch slu\u017eieb Mollie a Multisafepay<\/li>\n\n\n\n<li>Vl\u00e1da alebo ministerstvo zahrani\u010dn\u00fdch vec\u00ed krajiny, do ktorej \u017eiadate o v\u00edzum.<\/li>\n<\/ul>\n\n\n\n<p><strong>Kontaktn\u00fd formul\u00e1r<\/strong><br>Pomocou kontaktn\u00e9ho formul\u00e1ra n\u00e1m m\u00f4\u017eete polo\u017ei\u0165 ot\u00e1zky alebo po\u017eiadavky. Na tento \u00fa\u010del pou\u017eijeme v\u00e1\u0161: <\/p>\n\n\n\n<ul class=\"wp-block-list\">\n<li>E-mailov\u00e1 adresa<\/li>\n<\/ul>\n\n\n\n<p>Rob\u00edme to na z\u00e1klade v\u00e1\u0161ho s\u00fahlasu. Tieto inform\u00e1cie uchov\u00e1vame dovtedy, k\u00fdm si nie sme ist\u00ed, \u017ee ste s na\u0161ou odpove\u010fou spokojn\u00ed. <\/p>\n\n\n\n<p><strong>Reklamy<\/strong><br>N\u00e1\u0161 internetov\u00fd obchod zobrazuje reklamy. Nezverej\u0148ujeme ich sami, ale robia to reklamn\u00e9 agent\u00fary, s ktor\u00fdmi spolupracujeme. Tieto agent\u00fary sleduj\u00fa, \u010di v\u00e1s reklamy zaujali, a tieto inform\u00e1cie pou\u017e\u00edvaj\u00fa na to, aby v\u00e1m v bud\u00facnosti zobrazovali len z\u00e1bavn\u00e9 alebo zauj\u00edmav\u00e9 reklamy a ponuky.  <\/p>\n\n\n\n<p><strong>Poskytovanie in\u00fdm spolo\u010dnostiam alebo in\u0161tit\u00faci\u00e1m<\/strong><br>S v\u00fdnimkou str\u00e1n, ktor\u00e9 s\u00fa nevyhnutn\u00e9 na poskytovanie vy\u0161\u0161ie uveden\u00fdch slu\u017eieb, nebudeme va\u0161e osobn\u00e9 \u00fadaje za \u017eiadnych okolnost\u00ed poskytova\u0165 in\u00fdm spolo\u010dnostiam alebo in\u0161tit\u00faci\u00e1m, pokia\u013e k tomu nebudeme ma\u0165 z\u00e1konn\u00fa povinnos\u0165 (napr\u00edklad ak si to vy\u017eiada pol\u00edcia v pr\u00edpade podozrenia z trestn\u00e9ho \u010dinu).&nbsp;<\/p>\n\n\n\n<p><strong>\u0160tatistiky<\/strong><br>Vedieme \u0161tatistiky o pou\u017e\u00edvan\u00ed n\u00e1\u0161ho internetov\u00e9ho obchodu, ale tieto \u00fadaje s\u00fa v\u017edy anonymizovan\u00e9.&nbsp;<\/p>\n\n\n\n<p><strong>Cookies<\/strong><br>N\u00e1\u0161 internetov\u00fd obchod pou\u017e\u00edva cookies. S\u00fabory cookie s\u00fa mal\u00e9 s\u00fabory, do ktor\u00fdch m\u00f4\u017eeme uklada\u0165 inform\u00e1cie, aby ste ich nemuseli znova vyp\u013a\u0148a\u0165. Z\u00e1rove\u0148 v\u0161ak m\u00f4\u017eeme vidie\u0165, \u017ee n\u00e1s nav\u0161tevujete znova.  <\/p>\n\n\n\n<p>Ukladanie s\u00faborov cookie m\u00f4\u017eete vo svojom prehliada\u010di zak\u00e1za\u0165, ale niektor\u00e9 \u010dasti n\u00e1\u0161ho internetov\u00e9ho obchodu potom nebud\u00fa fungova\u0165 spr\u00e1vne.<\/p>\n\n\n\n<p>S in\u00fdmi spolo\u010dnos\u0165ami, ktor\u00e9 umiest\u0148uj\u00fa s\u00fabory cookie, sme uzavreli dohody o pou\u017e\u00edvan\u00ed s\u00faborov cookie. Nem\u00e1me v\u0161ak \u00fapln\u00fa kontrolu nad t\u00fdm, \u010do robia so samotn\u00fdmi s\u00fabormi cookie. Preto si pre\u010d\u00edtajte aj ich vyhl\u00e1senia o ochrane osobn\u00fdch \u00fadajov.  <\/p>\n\n\n\n<p><strong>Bezpe\u010dnos\u0165<\/strong><br>Bezpe\u010dnos\u0165 osobn\u00fdch \u00fadajov je pre n\u00e1s ve\u013emi d\u00f4le\u017eit\u00e1. Zabezpe\u010dujeme, aby boli va\u0161e \u00fadaje u n\u00e1s dobre zabezpe\u010den\u00e9. Zabezpe\u010denie neust\u00e1le upravujeme a venujeme ve\u013ek\u00fa pozornos\u0165 tomu, \u010do sa m\u00f4\u017ee pokazi\u0165.  <\/p>\n\n\n\n<p><strong>Zmeny tohto vyhl\u00e1senia o ochrane osobn\u00fdch \u00fadajov<\/strong><br>Ke\u010f sa zmen\u00ed n\u00e1\u0161 internetov\u00fd obchod, mus\u00edme samozrejme upravi\u0165 aj vyhl\u00e1senie o ochrane osobn\u00fdch \u00fadajov. V\u017edy preto venujte pozornos\u0165 vy\u0161\u0161ie uveden\u00e9mu d\u00e1tumu a pravidelne kontrolujte, \u010di nie s\u00fa k dispoz\u00edcii nov\u00e9 verzie. Urob\u00edme v\u0161etko pre to, aby sme v\u00e1m zmeny sprostredkovali.  <\/p>\n\n\n\n<p><strong>Va\u0161e pr\u00e1va<\/strong><br>Ak m\u00e1te ak\u00e9ko\u013evek ot\u00e1zky alebo chcete vedie\u0165, ak\u00e9 osobn\u00e9 \u00fadaje o v\u00e1s m\u00e1me, m\u00f4\u017eete n\u00e1s kedyko\u013evek kontaktova\u0165. Pozrite si ni\u017e\u0161ie uveden\u00e9 kontaktn\u00e9 \u00fadaje. <\/p>\n\n\n\n<p>M\u00e1te tieto pr\u00e1va:<\/p>\n\n\n\n<ul class=\"wp-block-list\">\n<li>Dosta\u0165 vysvetlenie, ak\u00e9 osobn\u00e9 \u00fadaje m\u00e1me a \u010do s nimi rob\u00edme;<\/li>\n\n\n\n<li>Pr\u00edstup k presn\u00fdm osobn\u00fdm \u00fadajom, ktor\u00e9 m\u00e1me;<\/li>\n\n\n\n<li>Oprava ch\u00fdb;<\/li>\n\n\n\n<li>Odstr\u00e1nenie neaktu\u00e1lnych osobn\u00fdch \u00fadajov;<\/li>\n\n\n\n<li>Prenos osobn\u00fdch \u00fadajov inej strane;<\/li>\n\n\n\n<li>Odvolanie s\u00fahlasu;<\/li>\n\n\n\n<li>Obmedzi\u0165 ur\u010dit\u00e9 spracovanie;<\/li>\n\n\n\n<li>vznies\u0165 n\u00e1mietku proti konkr\u00e9tnemu pou\u017eitiu.<\/li>\n<\/ul>\n\n\n\n<p>Upozor\u0148ujeme, \u017ee by ste mali v\u017edy jasne uvies\u0165, kto ste, aby sme mali istotu, \u017ee neuprav\u00edme alebo nevyma\u017eeme \u00fadaje nespr\u00e1vnej osoby.<\/p>\n\n\n\n<p>Va\u0161ej \u017eiadosti v z\u00e1sade vyhovieme do jedn\u00e9ho mesiaca. T\u00e1to lehota sa v\u0161ak m\u00f4\u017ee pred\u013a\u017ei\u0165 z d\u00f4vodov s\u00favisiacich s osobitn\u00fdmi pr\u00e1vami dotknut\u00fdch os\u00f4b alebo zlo\u017eitos\u0165ou \u017eiadosti. Ak t\u00fato lehotu pred\u013a\u017eime, budeme v\u00e1s o tom v\u010das informova\u0165.  <\/p>\n\n\n\n<p><strong>Podanie s\u0165a\u017enosti<\/strong><br>Ak chcete poda\u0165 s\u0165a\u017enos\u0165 t\u00fdkaj\u00facu sa pou\u017e\u00edvania va\u0161ich osobn\u00fdch \u00fadajov, m\u00f4\u017eete posla\u0165 e-mail na adresu contact@ematrica.com. Ka\u017ed\u00fa s\u0165a\u017enos\u0165 vybav\u00edme interne a budeme s vami o tom \u010falej komunikova\u0165. <\/p>\n\n\n\n<p>Ak m\u00e1te pocit, \u017ee v\u00e1m nepom\u00e1hame spr\u00e1vnym sp\u00f4sobom, m\u00e1te pr\u00e1vo poda\u0165 s\u0165a\u017enos\u0165 dozorn\u00e9mu org\u00e1nu. Ten sa naz\u00fdva holandsk\u00fd \u00farad na ochranu \u00fadajov. <\/p>\n\n\n\n<p><strong>Kontaktn\u00e9 \u00fadaje<\/strong><\/p>\n\n\n\n<p><strong>Adresa<\/strong>: GOVIGNETTE LTD, a 128 City Road, Lond\u00fdn, Spojen\u00e9 kr\u00e1\u013eovstvo, EC1V 2NX<\/p>\n\n\n\n<p>E-mail: E-mail:&nbsp;contact@ematrica.com<\/p>\n\n\n\n<p>Kontakt : +44 077 5757 7501<\/p>\n","protected":false},"excerpt":{"rendered":"<p>Vyhl\u00e1senie o ochrane s\u00fakromia a s\u00faboroch cookie novembra 2021 Va\u0161e s\u00fakromie je pre ematrica.com ve\u013emi d\u00f4le\u017eit\u00e9. Preto dodr\u017eiavame pr\u00edslu\u0161n\u00e9 z\u00e1kony a nariadenia o ochrane osobn\u00fdch \u00fadajov vr\u00e1tane v\u0161eobecn\u00e9ho nariadenia o ochrane \u00fadajov (\u010falej len GDPR). To znamen\u00e1, \u017ee: &#8211;&nbsp;&nbsp;&nbsp;&nbsp; &nbsp;&nbsp; Pred spracovan\u00edm va\u0161ich osobn\u00fdch \u00fadajov prostredn\u00edctvom tohto vyhl\u00e1senia o ochrane osobn\u00fdch \u00fadajovjasne uv\u00e1dzame na\u0161e \u00fa\u010dely&nbsp;; [&hellip;]<\/p>\n","protected":false},"author":1,"featured_media":0,"parent":0,"menu_order":0,"comment_status":"closed","ping_status":"closed","template":"","meta":{"inline_featured_image":false,"_uag_custom_page_level_css":"","site-sidebar-layout":"default","site-content-layout":"","ast-site-content-layout":"default","site-content-style":"default","site-sidebar-style":"default","ast-global-header-display":"","ast-banner-title-visibility":"","ast-main-header-display":"","ast-hfb-above-header-display":"","ast-hfb-below-header-display":"","ast-hfb-mobile-header-display":"","site-post-title":"","ast-breadcrumbs-content":"","ast-featured-img":"","footer-sml-layout":"","theme-transparent-header-meta":"","adv-header-id-meta":"","stick-header-meta":"","header-above-stick-meta":"","header-main-stick-meta":"","header-below-stick-meta":"","astra-migrate-meta-layouts":"default","ast-page-background-enabled":"default","ast-page-background-meta":{"desktop":{"background-color":"","background-image":"","background-repeat":"repeat","background-position":"center center","background-size":"auto","background-attachment":"scroll","background-type":"","background-media":"","overlay-type":"","overlay-color":"","overlay-opacity":"","overlay-gradient":""},"tablet":{"background-color":"","background-image":"","background-repeat":"repeat","background-position":"center center","background-size":"auto","background-attachment":"scroll","background-type":"","background-media":"","overlay-type":"","overlay-color":"","overlay-opacity":"","overlay-gradient":""},"mobile":{"background-color":"","background-image":"","background-repeat":"repeat","background-position":"center center","background-size":"auto","background-attachment":"scroll","background-type":"","background-media":"","overlay-type":"","overlay-color":"","overlay-opacity":"","overlay-gradient":""}},"ast-content-background-meta":{"desktop":{"background-color":"var(--ast-global-color-5)","background-image":"","background-repeat":"repeat","background-position":"center center","background-size":"auto","background-attachment":"scroll","background-type":"","background-media":"","overlay-type":"","overlay-color":"","overlay-opacity":"","overlay-gradient":""},"tablet":{"background-color":"var(--ast-global-color-5)","background-image":"","background-repeat":"repeat","background-position":"center center","background-size":"auto","background-attachment":"scroll","background-type":"","background-media":"","overlay-type":"","overlay-color":"","overlay-opacity":"","overlay-gradient":""},"mobile":{"background-color":"var(--ast-global-color-5)","background-image":"","background-repeat":"repeat","background-position":"center center","background-size":"auto","background-attachment":"scroll","background-type":"","background-media":"","overlay-type":"","overlay-color":"","overlay-opacity":"","overlay-gradient":""}},"footnotes":""},"categories":[],"tags":[113],"class_list":["post-4283","page","type-page","status-publish","hentry","tag-noindex-sk"],"uagb_featured_image_src":{"full":false,"thumbnail":false,"medium":false,"medium_large":false,"large":false,"1536x1536":false,"2048x2048":false},"uagb_author_info":{"display_name":"admin","author_link":"https:\/\/www.ematrica.com\/sk\/author\/admin\/"},"uagb_comment_info":0,"uagb_excerpt":"Vyhl\u00e1senie o ochrane s\u00fakromia a s\u00faboroch cookie novembra 2021 Va\u0161e s\u00fakromie je pre ematrica.com ve\u013emi d\u00f4le\u017eit\u00e9. Preto dodr\u017eiavame pr\u00edslu\u0161n\u00e9 z\u00e1kony a nariadenia o ochrane osobn\u00fdch \u00fadajov vr\u00e1tane v\u0161eobecn\u00e9ho nariadenia o ochrane \u00fadajov (\u010falej len GDPR). To znamen\u00e1, \u017ee: &#8211;&nbsp;&nbsp;&nbsp;&nbsp; &nbsp;&nbsp; Pred spracovan\u00edm va\u0161ich osobn\u00fdch \u00fadajov prostredn\u00edctvom tohto vyhl\u00e1senia o ochrane osobn\u00fdch \u00fadajovjasne uv\u00e1dzame na\u0161e \u00fa\u010dely&nbsp;;&hellip;","_links":{"self":[{"href":"https:\/\/www.ematrica.com\/sk\/wp-json\/wp\/v2\/pages\/4283","targetHints":{"allow":["GET","POST","PUT","PATCH","DELETE"]}}],"collection":[{"href":"https:\/\/www.ematrica.com\/sk\/wp-json\/wp\/v2\/pages"}],"about":[{"href":"https:\/\/www.ematrica.com\/sk\/wp-json\/wp\/v2\/types\/page"}],"author":[{"embeddable":true,"href":"https:\/\/www.ematrica.com\/sk\/wp-json\/wp\/v2\/users\/1"}],"replies":[{"embeddable":true,"href":"https:\/\/www.ematrica.com\/sk\/wp-json\/wp\/v2\/comments?post=4283"}],"version-history":[{"count":0,"href":"https:\/\/www.ematrica.com\/sk\/wp-json\/wp\/v2\/pages\/4283\/revisions"}],"wp:attachment":[{"href":"https:\/\/www.ematrica.com\/sk\/wp-json\/wp\/v2\/media?parent=4283"}],"wp:term":[{"taxonomy":"category","embeddable":true,"href":"https:\/\/www.ematrica.com\/sk\/wp-json\/wp\/v2\/categories?post=4283"},{"taxonomy":"post_tag","embeddable":true,"href":"https:\/\/www.ematrica.com\/sk\/wp-json\/wp\/v2\/tags?post=4283"}],"curies":[{"name":"wp","href":"https:\/\/api.w.org\/{rel}","templated":true}]}}