{"id":4824,"date":"2024-09-27T09:59:58","date_gmt":"2024-09-27T07:59:58","guid":{"rendered":"https:\/\/www.ematrica.com\/faq\/"},"modified":"2024-09-27T09:59:58","modified_gmt":"2024-09-27T07:59:58","slug":"faq","status":"publish","type":"page","link":"https:\/\/www.ematrica.com\/sk\/faq\/","title":{"rendered":"Faq"},"content":{"rendered":"\n<div class=\"wp-block-uagb-container uagb-block-25efe059 alignfull uagb-is-root-container\">\n<div class=\"wp-block-uagb-advanced-heading uagb-block-152b2cf8\"><h1 class=\"uagb-heading-text\">\u010casto kladen\u00e9 ot\u00e1zky<\/h1><\/div>\n<\/div>\n\n\n\n<div class=\"wp-block-uagb-container uagb-block-3578b4ec alignfull uagb-is-root-container\"><div class=\"uagb-container-inner-blocks-wrap\">\n<div class=\"wp-block-uagb-info-box uagb-block-8152c234 uagb-infobox__content-wrap uagb-infobox-icon-above-title uagb-infobox-image-valign-top\"><div class=\"uagb-ifb-content\"><div class=\"uagb-ifb-title-wrap\"><\/div><\/div><\/div>\n\n\n<style>\n.accordion-content {\n    display: none;\n    padding: 10px;\n    border: 1px solid #ccc;\n    border-top: none;\n}\n\n.accordion-header {\n    cursor: pointer;\n    padding: 10px;\n    border: 1px solid #ccc;\n    margin: 0;\nbackground-color:#fafafa;\nmargin-bottom:10px;\nborder-radius:3px;\npadding-right:50px;\nposition: relative;\nfont-size:110%;\n}\n.accordion-header .qs {\n\n}\n.arrow {\n    position: absolute;\n    right: 10px;\n    top: 10px;\n}\n\n.arrow-up {\n    transform: rotate(180deg);\n}\n<\/style>\n\n\n<script>\njQuery(document).ready(function(){\n    jQuery(\".accordion-header\").click(function() {\n        \/\/ Toggle the arrow direction of the clicked header\n        jQuery(this).children(\".arrow\").toggleClass(\"arrow-up\", !jQuery(this).next().is(\":visible\"));\n        \n        \/\/ Close previously opened content and reset their arrows\n        jQuery(\".accordion-content\").not(jQuery(this).next()).slideUp().prev().children(\".arrow\").removeClass(\"arrow-up\");\n        jQuery(\".accordion-content\").not(jQuery(this).next()).prev().find(\".arrow\").html(\"&#9660;\"); \/\/ Reset other arrows to down\n        \n        jQuery(this).next().slideToggle();\n        if(jQuery(this).next().is(\":visible\")) {\n            jQuery(this).find(\".arrow\").html(\"&#9660;\"); \/\/ Change to up arrow\n        } else {\n            jQuery(this).find(\".arrow\").html(\"&#9650;\"); \/\/ Change back to down arrow\n        }\n    });\n});\n<\/script>\n\n\n<div class=\"accordion\"><h4 class=\"accordion-header\"><span class=\"qs\">Nepri\u0161iel mi \u017eiadny email oh\u013eadom platby \u010di dokon\u010denia objedn\u00e1vky<\/span><span class=\"arrow\">&#9660;<\/span><\/h4>\n            <div class=\"accordion-content\">\n            <p>V pr\u00edpade, \u017ee je emailov\u00e1 adresa zadan\u00e1 spr\u00e1vne, si pros\u00edm skontrolujte zlo\u017eku so spamom, pr\u00edpadne \u010fal\u0161\u00edmi zlo\u017ekami, kam m\u00f4\u017eu informa\u010dn\u00e9 emaily by\u0165 doru\u010den\u00e9. V niektor\u00fdch pr\u00edpadoch nemus\u00edte email v be\u017enej po\u0161te n\u00e1js\u0165.<\/p>\n            <\/div><h4 class=\"accordion-header\"><span class=\"qs\">Urobil som chybu v zadan\u00ed registra\u010dnej zna\u010dky alebo krajiny<\/span><span class=\"arrow\">&#9660;<\/span><\/h4>\n            <div class=\"accordion-content\">\n            <p>Vo va\u0161om emaile po zaplaten\u00ed n\u00e1jdete odkaz na \u010fakovaciu str\u00e1nku. Ak objedn\u00e1vka nebola e\u0161te vybaven\u00e1, m\u00f4\u017eete zmeni\u0165 \u013eubovo\u013en\u00e9 \u00fadaje, vr\u00e1tane krajiny a \u010d\u00edsla registra\u010dnej zna\u010dky. Po dokon\u010den\u00ed objedn\u00e1vky u\u017e bohu\u017eia\u013e zmena nie je mo\u017en\u00e1 a je potrebn\u00e9 vytvori\u0165 nov\u00fa objedn\u00e1vku.<\/p>\n            <\/div><h4 class=\"accordion-header\"><span class=\"qs\">Chcem dia\u013eni\u010dn\u00fa zn\u00e1mku pre viac vozidiel naraz<\/span><span class=\"arrow\">&#9660;<\/span><\/h4>\n            <div class=\"accordion-content\">\n            <p>Pokia\u013e chcete zak\u00fapi\u0165 dia\u013eni\u010dn\u00fa zn\u00e1mku pre viac vozidiel naraz, kontaktujte n\u00e1s. Nie je nutn\u00e9 zad\u00e1va\u0165 ka\u017ed\u00fa registra\u010dn\u00fa zn\u00e1mku zvl\u00e1\u0161\u0165 - Vo va\u0161ej spr\u00e1ve uve\u010fte zoznam registra\u010dn\u00fdch zna\u010diek ktor\u00e9 chcete zaregistrova\u0165, d\u013a\u017eku pobytu na \u00fazem\u00ed \u0161t\u00e1tu (\u010di viacer\u00fdch \u0161t\u00e1tov) a d\u00e1tum za\u010diatku platnosti. <\/p>\n            <\/div><h4 class=\"accordion-header\"><span class=\"qs\">M\u00f4\u017eem zak\u00fapen\u00fa zn\u00e1mku stornova\u0165 alebo zmeni\u0165, ak sa zmenia moje cestovn\u00e9 pl\u00e1ny?<\/span><span class=\"arrow\">&#9660;<\/span><\/h4>\n            <div class=\"accordion-content\">\n            <p>Obvykle je elektronick\u00fd ticket viazan\u00e1 na konkr\u00e9tne vozidlo a \u010dasov\u00e9 obdobie a nem\u00f4\u017ee by\u0165 prenesen\u00e1 alebo zmenen\u00e1 po aktiv\u00e1cii. V pr\u00edpade chyby pri zad\u00e1van\u00ed \u00fadajov alebo in\u00fdch v\u00fdnimo\u010dn\u00fdch situ\u00e1ci\u00e1ch je najlep\u0161ie \u010do n\u00e1s najsk\u00f4r kontaktova\u0165<\/p>\n            <\/div><h4 class=\"accordion-header\"><span class=\"qs\">Pri\u0161la mi pokuta kv\u00f4li nezaplatenej dia\u013eni\u010dnej zn\u00e1mke<\/span><span class=\"arrow\">&#9660;<\/span><\/h4>\n            <div class=\"accordion-content\">\n            <p>Zatia\u013e sme sa nestretli s pr\u00edpadom, ke\u010f by pokuta nebola opr\u00e1vnen\u00e1. V drvivej v\u00e4\u010d\u0161ine pr\u00edpadov je d\u00f4vodom nespr\u00e1vne vyplnen\u00fd niektor\u00fd z \u00fadajov. Odpor\u00fa\u010dame pokutu uhradi\u0165, preto\u017ee sankcie v pr\u00edpade nezaplatenia m\u00f4\u017eu by\u0165 ove\u013ea vy\u0161\u0161ie.<\/p>\n            <\/div><h4 class=\"accordion-header\"><span class=\"qs\">\u010co je servisn\u00fd poplatok<\/span><span class=\"arrow\">&#9660;<\/span><\/h4>\n            <div class=\"accordion-content\">\n            <p>Servisn\u00fd poplatok sl\u00fa\u017ei na pokrytie n\u00e1kladov na slu\u017ebu, vr\u00e1tane n\u00e1kladov na zabezpe\u010denie technickej podpory, slu\u017eieb osobnej podpory, ru\u010dn\u00e9ho overenia objedn\u00e1vky a n\u00e1kladov na marketing.<\/p>\n            <\/div><h4 class=\"accordion-header\"><span class=\"qs\">P\u00ed\u0161ete, \u017ee dia\u013eni\u010dn\u00fa zn\u00e1mku obdr\u017e\u00edm do 3 min\u00fat, st\u00e1le mi ni\u010d nepri\u0161lo. Pre\u010do?<\/span><span class=\"arrow\">&#9660;<\/span><\/h4>\n            <div class=\"accordion-content\">\n            <p>Uveden\u00fa dobu sa sna\u017e\u00edme dodr\u017ea\u0165 v maxim\u00e1lnej mo\u017enej miere. Prioritu maj\u00fa slu\u017eby s platnos\u0165ou odo dne\u0161ka. Av\u0161ak z d\u00f4vodov, ktor\u00e9 nem\u00f4\u017eeme ovplyvni\u0165 (v\u00fdpadky platobn\u00fdch br\u00e1n, \u0161t\u00e1tnych webov\u00fdch slu\u017eieb), sa m\u00f4\u017ee vo v\u00fdnimo\u010dn\u00fdch pr\u00edpadoch registr\u00e1cia pred\u013a\u017ei\u0165. Tie\u017e odpor\u00fa\u010dame d\u00f4kladne skontrolova\u0165 va\u0161e spr\u00e1vne zadanie emailovej adresy. V pr\u00edpade, \u017ee ste emailov\u00fa adresu zadali spr\u00e1vne, pros\u00edm sledujte str\u00e1nku, ktor\u00e1 sa zobrazila po zak\u00fapen\u00ed. Tu n\u00e1jdete aktu\u00e1lne inform\u00e1cie vr\u00e1tane stavu, v ktorom sa objedn\u00e1vka nach\u00e1dza.<\/p>\n            <\/div><h4 class=\"accordion-header\"><span class=\"qs\">Chcem zru\u0161i\u0165 svoju objedn\u00e1vku<\/span><span class=\"arrow\">&#9660;<\/span><\/h4>\n            <div class=\"accordion-content\">\n            <p>Pod\u013ea obchodn\u00fdch podmienok je mo\u017en\u00e9 refundova\u0165 objedn\u00e1vku pred za\u010diatkom pr\u00e1c na va\u0161ej objedn\u00e1vke. V pr\u00edpade, ke\u010f je objedn\u00e1vka dokon\u010den\u00e1, refund\u00e1cia nie je mo\u017en\u00e1.<\/p>\n            <\/div><h4 class=\"accordion-header\"><span class=\"qs\">Moje cestovn\u00e9 pl\u00e1ny sa zmenili a chcem zmeni\u0165 d\u00e1tum registr\u00e1cie<\/span><span class=\"arrow\">&#9660;<\/span><\/h4>\n            <div class=\"accordion-content\">\n            <p>V pr\u00edpade, \u017ee bola slu\u017eba pre v\u00e1s u\u017e zaregistrovan\u00e1, nie je bohu\u017eia\u013e mo\u017en\u00e9 platnos\u0165 zmeni\u0165 a je nutn\u00e9 zak\u00fapi\u0165 slu\u017ebu znova<\/p>\n            <\/div><h4 class=\"accordion-header\"><span class=\"qs\">Rozmyslel som si to a chcem vr\u00e1ti\u0165 peniaze<\/span><span class=\"arrow\">&#9660;<\/span><\/h4>\n            <div class=\"accordion-content\">\n            <p>Slu\u017ebu je mo\u017en\u00e9 zru\u0161i\u0165 aj po zaplaten\u00ed, a to do doby pred za\u010diatkom spracovania objedn\u00e1vky. Najr\u00fdchlej\u0161\u00ed sp\u00f4sob je cez odkaz \u201ezru\u0161enie objedn\u00e1vky\u201c na str\u00e1nke s detailom va\u0161ej objedn\u00e1vky. Tam tie\u017e n\u00e1jdete aktu\u00e1lny stav objedn\u00e1vky vr\u00e1tane inform\u00e1cie o mo\u017enostiach zru\u0161enia. Pokia\u013e adresu str\u00e1nky nepozn\u00e1te, m\u00f4\u017eete si ju jednoducho zisti\u0165 vyh\u013eadan\u00edm v\u00e1\u0161ho emailu zadan\u00e9ho v objedn\u00e1vke.<\/p>\n            <\/div><h4 class=\"accordion-header\"><span class=\"qs\">Kedy bude aktivovan\u00e1 moja dia\u013eni\u010dn\u00e1 zn\u00e1mka<\/span><span class=\"arrow\">&#9660;<\/span><\/h4>\n            <div class=\"accordion-content\">\n            <p>Ak sa platnos\u0165 dia\u013eni\u010dnej zn\u00e1mky za\u010d\u00edna za viac ako 1 de\u0148, aktivujeme v\u00e1m ju do 1 d\u0148a pred za\u010diatkom platnosti. Ak je d\u00e1tum platnosti dia\u013eni\u010dnej zn\u00e1mky v ten ist\u00fd de\u0148, nasleduj\u00faci de\u0148 alebo ste si zak\u00fapili slu\u017ebu s prednostn\u00fdm spracovan\u00edm, aktivujeme v\u00e1m slu\u017ebu ihne\u010f po zak\u00fapen\u00ed - ak je v\u0161etko v poriadku z h\u013eadiska va\u0161ich \u00fadajov, sna\u017e\u00edme sa aktivova\u0165 do 3 min\u00fat od prijatia platby.<\/p>\n            <\/div><\/div><script type=\"application\/ld+json\">\n    {\n      \"@context\": \"https:\/\/schema.org\",\n      \"@type\": \"FAQPage\",\n      \"mainEntity\": [{\n        \"@type\": \"Question\",\n        \"name\": \"Nepri\u0161iel mi \u017eiadny email oh\u013eadom platby \u010di dokon\u010denia objedn\u00e1vky\",\n        \"acceptedAnswer\": {\n          \"@type\": \"Answer\",\n          \"text\": \"V pr\u00edpade, \u017ee je emailov\u00e1 adresa zadan\u00e1 spr\u00e1vne, si pros\u00edm skontrolujte zlo\u017eku so spamom, pr\u00edpadne \u010fal\u0161\u00edmi zlo\u017ekami, kam m\u00f4\u017eu informa\u010dn\u00e9 emaily by\u0165 doru\u010den\u00e9. V niektor\u00fdch pr\u00edpadoch nemus\u00edte email v be\u017enej po\u0161te n\u00e1js\u0165.\"\n        }\n      },{\n        \"@type\": \"Question\",\n        \"name\": \"Urobil som chybu v zadan\u00ed registra\u010dnej zna\u010dky alebo krajiny\",\n        \"acceptedAnswer\": {\n          \"@type\": \"Answer\",\n          \"text\": \"Vo va\u0161om emaile po zaplaten\u00ed n\u00e1jdete odkaz na \u010fakovaciu str\u00e1nku. Ak objedn\u00e1vka nebola e\u0161te vybaven\u00e1, m\u00f4\u017eete zmeni\u0165 \u013eubovo\u013en\u00e9 \u00fadaje, vr\u00e1tane krajiny a \u010d\u00edsla registra\u010dnej zna\u010dky. Po dokon\u010den\u00ed objedn\u00e1vky u\u017e bohu\u017eia\u013e zmena nie je mo\u017en\u00e1 a je potrebn\u00e9 vytvori\u0165 nov\u00fa objedn\u00e1vku.\"\n        }\n      },{\n        \"@type\": \"Question\",\n        \"name\": \"Chcem dia\u013eni\u010dn\u00fa zn\u00e1mku pre viac vozidiel naraz\",\n        \"acceptedAnswer\": {\n          \"@type\": \"Answer\",\n          \"text\": \"Pokia\u013e chcete zak\u00fapi\u0165 dia\u013eni\u010dn\u00fa zn\u00e1mku pre viac vozidiel naraz, kontaktujte n\u00e1s. Nie je nutn\u00e9 zad\u00e1va\u0165 ka\u017ed\u00fa registra\u010dn\u00fa zn\u00e1mku zvl\u00e1\u0161\u0165 - Vo va\u0161ej spr\u00e1ve uve\u010fte zoznam registra\u010dn\u00fdch zna\u010diek ktor\u00e9 chcete zaregistrova\u0165, d\u013a\u017eku pobytu na \u00fazem\u00ed \u0161t\u00e1tu (\u010di viacer\u00fdch \u0161t\u00e1tov) a d\u00e1tum za\u010diatku platnosti. \"\n        }\n      },{\n        \"@type\": \"Question\",\n        \"name\": \"M\u00f4\u017eem zak\u00fapen\u00fa zn\u00e1mku stornova\u0165 alebo zmeni\u0165, ak sa zmenia moje cestovn\u00e9 pl\u00e1ny?\",\n        \"acceptedAnswer\": {\n          \"@type\": \"Answer\",\n          \"text\": \"Obvykle je elektronick\u00fd ticket viazan\u00e1 na konkr\u00e9tne vozidlo a \u010dasov\u00e9 obdobie a nem\u00f4\u017ee by\u0165 prenesen\u00e1 alebo zmenen\u00e1 po aktiv\u00e1cii. V pr\u00edpade chyby pri zad\u00e1van\u00ed \u00fadajov alebo in\u00fdch v\u00fdnimo\u010dn\u00fdch situ\u00e1ci\u00e1ch je najlep\u0161ie \u010do n\u00e1s najsk\u00f4r kontaktova\u0165\"\n        }\n      },{\n        \"@type\": \"Question\",\n        \"name\": \"Pri\u0161la mi pokuta kv\u00f4li nezaplatenej dia\u013eni\u010dnej zn\u00e1mke\",\n        \"acceptedAnswer\": {\n          \"@type\": \"Answer\",\n          \"text\": \"Zatia\u013e sme sa nestretli s pr\u00edpadom, ke\u010f by pokuta nebola opr\u00e1vnen\u00e1. V drvivej v\u00e4\u010d\u0161ine pr\u00edpadov je d\u00f4vodom nespr\u00e1vne vyplnen\u00fd niektor\u00fd z \u00fadajov. Odpor\u00fa\u010dame pokutu uhradi\u0165, preto\u017ee sankcie v pr\u00edpade nezaplatenia m\u00f4\u017eu by\u0165 ove\u013ea vy\u0161\u0161ie.\"\n        }\n      },{\n        \"@type\": \"Question\",\n        \"name\": \"\u010co je servisn\u00fd poplatok\",\n        \"acceptedAnswer\": {\n          \"@type\": \"Answer\",\n          \"text\": \"Servisn\u00fd poplatok sl\u00fa\u017ei na pokrytie n\u00e1kladov na slu\u017ebu, vr\u00e1tane n\u00e1kladov na zabezpe\u010denie technickej podpory, slu\u017eieb osobnej podpory, ru\u010dn\u00e9ho overenia objedn\u00e1vky a n\u00e1kladov na marketing.\"\n        }\n      },{\n        \"@type\": \"Question\",\n        \"name\": \"P\u00ed\u0161ete, \u017ee dia\u013eni\u010dn\u00fa zn\u00e1mku obdr\u017e\u00edm do 3 min\u00fat, st\u00e1le mi ni\u010d nepri\u0161lo. Pre\u010do?\",\n        \"acceptedAnswer\": {\n          \"@type\": \"Answer\",\n          \"text\": \"Uveden\u00fa dobu sa sna\u017e\u00edme dodr\u017ea\u0165 v maxim\u00e1lnej mo\u017enej miere. Prioritu maj\u00fa slu\u017eby s platnos\u0165ou odo dne\u0161ka. Av\u0161ak z d\u00f4vodov, ktor\u00e9 nem\u00f4\u017eeme ovplyvni\u0165 (v\u00fdpadky platobn\u00fdch br\u00e1n, \u0161t\u00e1tnych webov\u00fdch slu\u017eieb), sa m\u00f4\u017ee vo v\u00fdnimo\u010dn\u00fdch pr\u00edpadoch registr\u00e1cia pred\u013a\u017ei\u0165. Tie\u017e odpor\u00fa\u010dame d\u00f4kladne skontrolova\u0165 va\u0161e spr\u00e1vne zadanie emailovej adresy. V pr\u00edpade, \u017ee ste emailov\u00fa adresu zadali spr\u00e1vne, pros\u00edm sledujte str\u00e1nku, ktor\u00e1 sa zobrazila po zak\u00fapen\u00ed. Tu n\u00e1jdete aktu\u00e1lne inform\u00e1cie vr\u00e1tane stavu, v ktorom sa objedn\u00e1vka nach\u00e1dza.\"\n        }\n      },{\n        \"@type\": \"Question\",\n        \"name\": \"Chcem zru\u0161i\u0165 svoju objedn\u00e1vku\",\n        \"acceptedAnswer\": {\n          \"@type\": \"Answer\",\n          \"text\": \"Pod\u013ea obchodn\u00fdch podmienok je mo\u017en\u00e9 refundova\u0165 objedn\u00e1vku pred za\u010diatkom pr\u00e1c na va\u0161ej objedn\u00e1vke. V pr\u00edpade, ke\u010f je objedn\u00e1vka dokon\u010den\u00e1, refund\u00e1cia nie je mo\u017en\u00e1.\"\n        }\n      },{\n        \"@type\": \"Question\",\n        \"name\": \"Moje cestovn\u00e9 pl\u00e1ny sa zmenili a chcem zmeni\u0165 d\u00e1tum registr\u00e1cie\",\n        \"acceptedAnswer\": {\n          \"@type\": \"Answer\",\n          \"text\": \"V pr\u00edpade, \u017ee bola slu\u017eba pre v\u00e1s u\u017e zaregistrovan\u00e1, nie je bohu\u017eia\u013e mo\u017en\u00e9 platnos\u0165 zmeni\u0165 a je nutn\u00e9 zak\u00fapi\u0165 slu\u017ebu znova\"\n        }\n      },{\n        \"@type\": \"Question\",\n        \"name\": \"Rozmyslel som si to a chcem vr\u00e1ti\u0165 peniaze\",\n        \"acceptedAnswer\": {\n          \"@type\": \"Answer\",\n          \"text\": \"Slu\u017ebu je mo\u017en\u00e9 zru\u0161i\u0165 aj po zaplaten\u00ed, a to do doby pred za\u010diatkom spracovania objedn\u00e1vky. Najr\u00fdchlej\u0161\u00ed sp\u00f4sob je cez odkaz \u201ezru\u0161enie objedn\u00e1vky\u201c na str\u00e1nke s detailom va\u0161ej objedn\u00e1vky. Tam tie\u017e n\u00e1jdete aktu\u00e1lny stav objedn\u00e1vky vr\u00e1tane inform\u00e1cie o mo\u017enostiach zru\u0161enia. Pokia\u013e adresu str\u00e1nky nepozn\u00e1te, m\u00f4\u017eete si ju jednoducho zisti\u0165 vyh\u013eadan\u00edm v\u00e1\u0161ho emailu zadan\u00e9ho v objedn\u00e1vke.\"\n        }\n      },{\n        \"@type\": \"Question\",\n        \"name\": \"Kedy bude aktivovan\u00e1 moja dia\u013eni\u010dn\u00e1 zn\u00e1mka\",\n        \"acceptedAnswer\": {\n          \"@type\": \"Answer\",\n          \"text\": \"Ak sa platnos\u0165 dia\u013eni\u010dnej zn\u00e1mky za\u010d\u00edna za viac ako 1 de\u0148, aktivujeme v\u00e1m ju do 1 d\u0148a pred za\u010diatkom platnosti. Ak je d\u00e1tum platnosti dia\u013eni\u010dnej zn\u00e1mky v ten ist\u00fd de\u0148, nasleduj\u00faci de\u0148 alebo ste si zak\u00fapili slu\u017ebu s prednostn\u00fdm spracovan\u00edm, aktivujeme v\u00e1m slu\u017ebu ihne\u010f po zak\u00fapen\u00ed - ak je v\u0161etko v poriadku z h\u013eadiska va\u0161ich \u00fadajov, sna\u017e\u00edme sa aktivova\u0165 do 3 min\u00fat od prijatia platby.\"\n        }\n      }\n      ]\n    }\n    <\/script>\n<\/div><\/div>\n\n\n\n<p><\/p>\n","protected":false},"excerpt":{"rendered":"<p>\u010casto kladen\u00e9 ot\u00e1zky<\/p>\n","protected":false},"author":2,"featured_media":0,"parent":0,"menu_order":0,"comment_status":"closed","ping_status":"closed","template":"","meta":{"inline_featured_image":false,"_uag_custom_page_level_css":"","site-sidebar-layout":"no-sidebar","site-content-layout":"plain-container","ast-site-content-layout":"full-width-container","site-content-style":"unboxed","site-sidebar-style":"unboxed","ast-global-header-display":"","ast-banner-title-visibility":"","ast-main-header-display":"","ast-hfb-above-header-display":"","ast-hfb-below-header-display":"","ast-hfb-mobile-header-display":"","site-post-title":"disabled","ast-breadcrumbs-content":"","ast-featured-img":"","footer-sml-layout":"","theme-transparent-header-meta":"enabled","adv-header-id-meta":"","stick-header-meta":"","header-above-stick-meta":"","header-main-stick-meta":"","header-below-stick-meta":"","astra-migrate-meta-layouts":"default","ast-page-background-enabled":"default","ast-page-background-meta":{"desktop":{"background-color":"","background-image":"","background-repeat":"repeat","background-position":"center center","background-size":"auto","background-attachment":"scroll","background-type":"","background-media":"","overlay-type":"","overlay-color":"","overlay-opacity":"","overlay-gradient":""},"tablet":{"background-color":"","background-image":"","background-repeat":"repeat","background-position":"center center","background-size":"auto","background-attachment":"scroll","background-type":"","background-media":"","overlay-type":"","overlay-color":"","overlay-opacity":"","overlay-gradient":""},"mobile":{"background-color":"","background-image":"","background-repeat":"repeat","background-position":"center center","background-size":"auto","background-attachment":"scroll","background-type":"","background-media":"","overlay-type":"","overlay-color":"","overlay-opacity":"","overlay-gradient":""}},"ast-content-background-meta":{"desktop":{"background-color":"var(--ast-global-color-5)","background-image":"","background-repeat":"repeat","background-position":"center center","background-size":"auto","background-attachment":"scroll","background-type":"","background-media":"","overlay-type":"","overlay-color":"","overlay-opacity":"","overlay-gradient":""},"tablet":{"background-color":"var(--ast-global-color-5)","background-image":"","background-repeat":"repeat","background-position":"center center","background-size":"auto","background-attachment":"scroll","background-type":"","background-media":"","overlay-type":"","overlay-color":"","overlay-opacity":"","overlay-gradient":""},"mobile":{"background-color":"var(--ast-global-color-5)","background-image":"","background-repeat":"repeat","background-position":"center center","background-size":"auto","background-attachment":"scroll","background-type":"","background-media":"","overlay-type":"","overlay-color":"","overlay-opacity":"","overlay-gradient":""}},"footnotes":""},"categories":[],"tags":[],"class_list":["post-4824","page","type-page","status-publish","hentry"],"uagb_featured_image_src":{"full":false,"thumbnail":false,"medium":false,"medium_large":false,"large":false,"1536x1536":false,"2048x2048":false},"uagb_author_info":{"display_name":"shubham","author_link":"https:\/\/www.ematrica.com\/sk\/author\/shubham\/"},"uagb_comment_info":0,"uagb_excerpt":"\u010casto kladen\u00e9 ot\u00e1zky","_links":{"self":[{"href":"https:\/\/www.ematrica.com\/sk\/wp-json\/wp\/v2\/pages\/4824","targetHints":{"allow":["GET","POST","PUT","PATCH","DELETE"]}}],"collection":[{"href":"https:\/\/www.ematrica.com\/sk\/wp-json\/wp\/v2\/pages"}],"about":[{"href":"https:\/\/www.ematrica.com\/sk\/wp-json\/wp\/v2\/types\/page"}],"author":[{"embeddable":true,"href":"https:\/\/www.ematrica.com\/sk\/wp-json\/wp\/v2\/users\/2"}],"replies":[{"embeddable":true,"href":"https:\/\/www.ematrica.com\/sk\/wp-json\/wp\/v2\/comments?post=4824"}],"version-history":[{"count":0,"href":"https:\/\/www.ematrica.com\/sk\/wp-json\/wp\/v2\/pages\/4824\/revisions"}],"wp:attachment":[{"href":"https:\/\/www.ematrica.com\/sk\/wp-json\/wp\/v2\/media?parent=4824"}],"wp:term":[{"taxonomy":"category","embeddable":true,"href":"https:\/\/www.ematrica.com\/sk\/wp-json\/wp\/v2\/categories?post=4824"},{"taxonomy":"post_tag","embeddable":true,"href":"https:\/\/www.ematrica.com\/sk\/wp-json\/wp\/v2\/tags?post=4824"}],"curies":[{"name":"wp","href":"https:\/\/api.w.org\/{rel}","templated":true}]}}