{"id":4985,"date":"2024-10-28T14:52:11","date_gmt":"2024-10-28T13:52:11","guid":{"rendered":"https:\/\/www.ematrica.com\/useky-ciest-bez-myta\/"},"modified":"2024-10-28T14:52:11","modified_gmt":"2024-10-28T13:52:11","slug":"useky-ciest-bez-myta","status":"publish","type":"page","link":"https:\/\/www.ematrica.com\/sk\/useky-ciest-bez-myta\/","title":{"rendered":"\u00daseky ciest bez m\u00fdta"},"content":{"rendered":"\n<div class=\"wp-block-uagb-container uagb-block-25efe059 alignfull uagb-is-root-container\"><div class=\"uagb-container-inner-blocks-wrap\">\n<div class=\"wp-block-uagb-advanced-heading uagb-block-152b2cf8\"><h1 class=\"uagb-heading-text\">\u00daseky ciest bez m\u00fdta<\/h1><\/div>\n<\/div><\/div>\n\n\n\n<div class=\"wp-block-uagb-container uagb-layout-flex uagb-block-a1027da3 alignfull uagb-is-root-container\"><div class=\"uagb-container-inner-blocks-wrap\">\n<div class=\"wp-block-uagb-container uagb-block-717dfbe0\">\n<h3 class=\"wp-block-heading\"><strong>Pod\u013ea vyhl\u00e1\u0161ky \u00fa\u010dinnej od 1. janu\u00e1ra 2024 je mo\u017en\u00e9 bezplatne vyu\u017e\u00edva\u0165 nasleduj\u00face \u00faseky ciest:<\/strong><\/h3>\n\n\n\n<ul class=\"wp-block-list\">\n<li>\u00fasek r\u00fdchlostnej cesty M4 medzi mestom Vecs\u00e9s a budape\u0161tianskym medzin\u00e1rodn\u00fdm letiskom Ferenca Liszta,<\/li>\n\n\n\n<li>\u00fasek juhoz\u00e1padn\u00e9ho obchvatu P\u00e9csu na dia\u013enici M60 medzi cestami 58 a 5826,<\/li>\n\n\n\n<li>Dia\u013enica M8,<\/li>\n\n\n\n<li>Speedway M80,<\/li>\n\n\n\n<li>\u00fasek r\u00fdchlostnej cesty M9 medzi hlavn\u00fdmi cestami 6 a 51,<\/li>\n\n\n\n<li>\u00fasek obchvatu Kaposv\u00e1ru na r\u00fdchlostnej ceste M9 (zna\u010dka Hlavn\u00e1 cesta 61).<\/li>\n<\/ul>\n\n\n\n<h3 class=\"wp-block-heading\"><strong>\u010eal\u0161ie u\u017eito\u010dn\u00e9 odkazy:<\/strong><\/h3>\n\n\n\n<p>podrobn\u00e1 mapa siete spoplatnen\u00fdch ciest<\/p>\n<\/div>\n<\/div><\/div>\n","protected":false},"excerpt":{"rendered":"<p>\u00daseky ciest bez m\u00fdta Pod\u013ea vyhl\u00e1\u0161ky \u00fa\u010dinnej od 1. janu\u00e1ra 2024 je mo\u017en\u00e9 bezplatne vyu\u017e\u00edva\u0165 nasleduj\u00face \u00faseky ciest: \u010eal\u0161ie u\u017eito\u010dn\u00e9 odkazy: podrobn\u00e1 mapa siete spoplatnen\u00fdch ciest<\/p>\n","protected":false},"author":2,"featured_media":0,"parent":0,"menu_order":0,"comment_status":"closed","ping_status":"closed","template":"","meta":{"inline_featured_image":false,"_uag_custom_page_level_css":"","site-sidebar-layout":"no-sidebar","site-content-layout":"plain-container","ast-site-content-layout":"full-width-container","site-content-style":"unboxed","site-sidebar-style":"unboxed","ast-global-header-display":"","ast-banner-title-visibility":"","ast-main-header-display":"","ast-hfb-above-header-display":"","ast-hfb-below-header-display":"","ast-hfb-mobile-header-display":"","site-post-title":"disabled","ast-breadcrumbs-content":"","ast-featured-img":"disabled","footer-sml-layout":"","theme-transparent-header-meta":"enabled","adv-header-id-meta":"","stick-header-meta":"","header-above-stick-meta":"","header-main-stick-meta":"","header-below-stick-meta":"","astra-migrate-meta-layouts":"default","ast-page-background-enabled":"default","ast-page-background-meta":{"desktop":{"background-color":"","background-image":"","background-repeat":"repeat","background-position":"center center","background-size":"auto","background-attachment":"scroll","background-type":"","background-media":"","overlay-type":"","overlay-color":"","overlay-opacity":"","overlay-gradient":""},"tablet":{"background-color":"","background-image":"","background-repeat":"repeat","background-position":"center center","background-size":"auto","background-attachment":"scroll","background-type":"","background-media":"","overlay-type":"","overlay-color":"","overlay-opacity":"","overlay-gradient":""},"mobile":{"background-color":"","background-image":"","background-repeat":"repeat","background-position":"center center","background-size":"auto","background-attachment":"scroll","background-type":"","background-media":"","overlay-type":"","overlay-color":"","overlay-opacity":"","overlay-gradient":""}},"ast-content-background-meta":{"desktop":{"background-color":"var(--ast-global-color-5)","background-image":"","background-repeat":"repeat","background-position":"center center","background-size":"auto","background-attachment":"scroll","background-type":"","background-media":"","overlay-type":"","overlay-color":"","overlay-opacity":"","overlay-gradient":""},"tablet":{"background-color":"var(--ast-global-color-5)","background-image":"","background-repeat":"repeat","background-position":"center center","background-size":"auto","background-attachment":"scroll","background-type":"","background-media":"","overlay-type":"","overlay-color":"","overlay-opacity":"","overlay-gradient":""},"mobile":{"background-color":"var(--ast-global-color-5)","background-image":"","background-repeat":"repeat","background-position":"center center","background-size":"auto","background-attachment":"scroll","background-type":"","background-media":"","overlay-type":"","overlay-color":"","overlay-opacity":"","overlay-gradient":""}},"footnotes":""},"categories":[],"tags":[],"class_list":["post-4985","page","type-page","status-publish","hentry"],"uagb_featured_image_src":{"full":false,"thumbnail":false,"medium":false,"medium_large":false,"large":false,"1536x1536":false,"2048x2048":false},"uagb_author_info":{"display_name":"shubham","author_link":"https:\/\/www.ematrica.com\/sk\/author\/shubham\/"},"uagb_comment_info":0,"uagb_excerpt":"\u00daseky ciest bez m\u00fdta Pod\u013ea vyhl\u00e1\u0161ky \u00fa\u010dinnej od 1. janu\u00e1ra 2024 je mo\u017en\u00e9 bezplatne vyu\u017e\u00edva\u0165 nasleduj\u00face \u00faseky ciest: \u010eal\u0161ie u\u017eito\u010dn\u00e9 odkazy: podrobn\u00e1 mapa siete spoplatnen\u00fdch ciest","_links":{"self":[{"href":"https:\/\/www.ematrica.com\/sk\/wp-json\/wp\/v2\/pages\/4985","targetHints":{"allow":["GET","POST","PUT","PATCH","DELETE"]}}],"collection":[{"href":"https:\/\/www.ematrica.com\/sk\/wp-json\/wp\/v2\/pages"}],"about":[{"href":"https:\/\/www.ematrica.com\/sk\/wp-json\/wp\/v2\/types\/page"}],"author":[{"embeddable":true,"href":"https:\/\/www.ematrica.com\/sk\/wp-json\/wp\/v2\/users\/2"}],"replies":[{"embeddable":true,"href":"https:\/\/www.ematrica.com\/sk\/wp-json\/wp\/v2\/comments?post=4985"}],"version-history":[{"count":0,"href":"https:\/\/www.ematrica.com\/sk\/wp-json\/wp\/v2\/pages\/4985\/revisions"}],"wp:attachment":[{"href":"https:\/\/www.ematrica.com\/sk\/wp-json\/wp\/v2\/media?parent=4985"}],"wp:term":[{"taxonomy":"category","embeddable":true,"href":"https:\/\/www.ematrica.com\/sk\/wp-json\/wp\/v2\/categories?post=4985"},{"taxonomy":"post_tag","embeddable":true,"href":"https:\/\/www.ematrica.com\/sk\/wp-json\/wp\/v2\/tags?post=4985"}],"curies":[{"name":"wp","href":"https:\/\/api.w.org\/{rel}","templated":true}]}}