{"id":4286,"date":"2024-09-27T07:37:25","date_gmt":"2024-09-27T05:37:25","guid":{"rendered":"https:\/\/www.ematrica.com\/pravilnik-o-zasebnosti\/"},"modified":"2024-09-27T07:37:25","modified_gmt":"2024-09-27T05:37:25","slug":"pravilnik-o-zasebnosti","status":"publish","type":"page","link":"https:\/\/www.ematrica.com\/sl\/pravilnik-o-zasebnosti\/","title":{"rendered":"Pravilnik o zasebnosti"},"content":{"rendered":"\n<p><strong>Izjava o zasebnosti in pi\u0161kotkih  <\/strong><\/p>\n\n\n\n<p>1. november 2021<\/p>\n\n\n\n<p>Va\u0161a zasebnost je za ematrica.com zelo pomembna. Zato upo\u0161tevamo ustrezne zakone in predpise o zasebnosti, vklju\u010dno s Splo\u0161no uredbo o varstvu podatkov (v nadaljevanju: GDPR). To pomeni, da:  <\/p>\n\n\n\n<p>&#8211;&nbsp;&nbsp;&nbsp;&nbsp; &nbsp;&nbsp; Preden za\u010dnemo obdelovati va\u0161e osebne podatke, v tej izjavi o zasebnosti<strong>jasno navedemo svoje namene<\/strong>&nbsp;;<\/p>\n\n\n\n<p>&#8211;&nbsp;&nbsp;&nbsp;&nbsp; &nbsp;&nbsp;<strong>Shranjujte \u010dim manj osebnih podatkov<\/strong>&nbsp;in le podatke, ki so potrebni za na\u0161e namene;<\/p>\n\n\n\n<p>&#8211;&nbsp;&nbsp;&nbsp;&nbsp; &nbsp;&nbsp;<strong>Izrecno zaprosite za privolitev<\/strong>&nbsp;za obdelavo va\u0161ih osebnih podatkov, \u010de je privolitev potrebna;<\/p>\n\n\n\n<p>&#8211;&nbsp;&nbsp;&nbsp;&nbsp;&nbsp;&nbsp;<strong>Sprejmemo potrebne varnostne ukrepe<\/strong>&nbsp;za za\u0161\u010dito va\u0161ih osebnih podatkov. Te obveznosti nalagamo tudi strankam, ki za nas obdelujejo osebne podatke; <\/p>\n\n\n\n<p>&#8211;&nbsp;&nbsp;&nbsp;&nbsp; &nbsp;&nbsp;<strong>Spo\u0161tovanje va\u0161ih pravic<\/strong>&nbsp;, kot je pravica do dostopa, popravka ali izbrisa va\u0161ih osebnih podatkov, ki jih obdelujemo.<\/p>\n\n\n\n<p>Va\u0161i podatki so pri nas na varnem in vedno jih bomo pravilno uporabljali. V tej izjavi o zasebnosti pojasnjujemo, kaj v spletni trgovini ematrica.com po\u010dnemo s podatki, ki jih izvemo o vas. <\/p>\n\n\n\n<p>\u010ce imate vpra\u0161anja ali \u017eelite natan\u010dno vedeti, katere podatke o vas hranimo, se obrnite na ematrica.com.<\/p>\n\n\n\n<p><strong>Obdelava naro\u010dil<\/strong><br>Ko pri nas oddate naro\u010dilo, va\u0161e osebne podatke uporabimo za pravilno obdelavo naro\u010dila. Va\u0161e osebne podatke lahko nato posredujemo na\u0161i dostavni slu\u017ebi, da vam dostavi naro\u010dilo. Podatke o va\u0161em pla\u010dilu prejmemo tudi od va\u0161e banke ali podjetja za izdajo kreditnih kartic. V ta namen uporabljamo va\u0161e:   <\/p>\n\n\n\n<ul class=\"wp-block-list\">\n<li>Podatki o imenu in naslovu<\/li>\n\n\n\n<li>E-po\u0161tni naslov<\/li>\n\n\n\n<li>Podatki o pla\u010dilu<\/li>\n\n\n\n<li>Naslov IP<\/li>\n\n\n\n<li>Podatki o potnem listu (datum rojstva, spol, fotografija, \u0161tevilka potnega lista itd.)<\/li>\n<\/ul>\n\n\n\n<p>To potrebujemo zaradi pogodbe, ki jo sklenemo z vami. Te podatke hranimo, dokler va\u0161e naro\u010dilo ni zaklju\u010deno. Nekatere podatke o strankah hranimo dlje v povezavi z zakonsko dolo\u010deno obveznostjo dav\u010dne hrambe.  <\/p>\n\n\n\n<p><em>Posredovanje tretjim osebam<\/em><br>Sodelujemo z nekaterimi podjetji, ki lahko od nas prejmejo va\u0161e zgoraj navedene osebne podatke.<\/p>\n\n\n\n<p>Za obdelavo naro\u010dil sodelujemo z:<\/p>\n\n\n\n<ul class=\"wp-block-list\">\n<li>Na\u0161i ponudniki pla\u010dil Mollie in Multisafepay<\/li>\n\n\n\n<li>vlada ali ministrstvo za zunanje zadeve dr\u017eave, za katero zaprosite za vizum.<\/li>\n<\/ul>\n\n\n\n<p><strong>Kontaktni obrazec<\/strong><br>S kontaktnim obrazcem nam lahko zastavite vpra\u0161anja ali zahteve. V ta namen uporabljamo va\u0161: <\/p>\n\n\n\n<ul class=\"wp-block-list\">\n<li>E-po\u0161tni naslov<\/li>\n<\/ul>\n\n\n\n<p>To po\u010dnemo na podlagi va\u0161ega soglasja. Te podatke hranimo, dokler se ne prepri\u010damo, da ste z na\u0161im odgovorom zadovoljni. <\/p>\n\n\n\n<p><strong>Oglasi<\/strong><br>Na\u0161a spletna trgovina prikazuje oglase. Teh ne objavljamo sami, temve\u010d jih objavljajo ogla\u0161evalske agencije, s katerimi sodelujemo. Te agencije spremljajo, ali se vam oglasi zdijo zanimivi, in te informacije uporabijo, da vam v prihodnje prikazujejo le zabavne ali zanimive oglase in ponudbe.  <\/p>\n\n\n\n<p><strong>Posredovanje drugim podjetjem ali institucijam<\/strong><br>Z izjemo strank, ki so potrebne za zagotavljanje zgoraj navedenih storitev, va\u0161ih osebnih podatkov v nobenem primeru ne bomo posredovali drugim podjetjem ali institucijam, razen \u010de smo k temu zakonsko zavezani (na primer, \u010de to zahteva policija v primeru suma kaznivega dejanja).&nbsp;<\/p>\n\n\n\n<p><strong>Statistika<\/strong><br>Vodimo statistiko o uporabi na\u0161e spletne trgovine, vendar so ti podatki vedno anonimizirani.&nbsp;<\/p>\n\n\n\n<p><strong>Pi\u0161kotki<\/strong><br>Na\u0161a spletna trgovina uporablja pi\u0161kotke. Pi\u0161kotki so majhne datoteke, v katere lahko shranimo podatke, tako da vam jih ni treba ponovno vna\u0161ati. Lahko pa tudi vidimo, da nas ponovno obi\u0161\u010dete.  <\/p>\n\n\n\n<p>Z brskalnikom lahko onemogo\u010dite name\u0161\u010danje pi\u0161kotkov, vendar nekateri deli na\u0161e spletne trgovine potem ne bodo ve\u010d pravilno delovali.<\/p>\n\n\n\n<p>Z drugimi podjetji, ki name\u0161\u010dajo pi\u0161kotke, smo sklenili sporazume o uporabi pi\u0161kotkov. Vendar nimamo popolnega nadzora nad tem, kaj po\u010dnejo s samimi pi\u0161kotki. Zato preberite tudi njihove izjave o zasebnosti.  <\/p>\n\n\n\n<p><strong>Varnost<\/strong><br>Varnost osebnih podatkov nam je zelo pomembna. Zagotavljamo, da so va\u0161i podatki pri nas dobro zavarovani. Varnost nenehno prilagajamo in smo pozorni na to, kaj lahko gre narobe.  <\/p>\n\n\n\n<p><strong>Spremembe te izjave o zasebnosti<\/strong><br>Ko se spremeni na\u0161a spletna trgovina, moramo seveda prilagoditi tudi izjavo o zasebnosti. Zato bodite vedno pozorni na zgornji datum in redno preverjajte nove razli\u010dice. Potrudili se bomo, da vam bomo spremembe posredovali.  <\/p>\n\n\n\n<p><strong>Va\u0161e pravice<\/strong><br>\u010ce imate vpra\u0161anja ali \u017eelite izvedeti, katere osebne podatke o vas hranimo, se lahko vedno obrnete na nas. Oglejte si spodnje kontaktne podatke. <\/p>\n\n\n\n<p>Imate naslednje pravice:<\/p>\n\n\n\n<ul class=\"wp-block-list\">\n<li>prejmete razlago o tem, katere osebne podatke imamo in kaj z njimi po\u010dnemo;<\/li>\n\n\n\n<li>Dostop do natan\u010dnih osebnih podatkov, ki jih imamo;<\/li>\n\n\n\n<li>Popravljanje napak;<\/li>\n\n\n\n<li>odstranitev zastarelih osebnih podatkov;<\/li>\n\n\n\n<li>Prenos osebnih podatkov drugi stranki;<\/li>\n\n\n\n<li>Odvzem soglasja;<\/li>\n\n\n\n<li>Omejitev dolo\u010dene obdelave;<\/li>\n\n\n\n<li>ugovarjanje dolo\u010deni uporabi.<\/li>\n<\/ul>\n\n\n\n<p>Upo\u0161tevajte, da morate vedno jasno navesti, kdo ste, da bomo lahko prepri\u010dani, da ne bomo prilagodili ali izbrisali podatkov napa\u010dne osebe.<\/p>\n\n\n\n<p>Na\u010deloma bomo va\u0161o zahtevo izpolnili v enem mesecu. Vendar se lahko ta rok podalj\u0161a zaradi razlogov, povezanih s posebnimi pravicami posameznikov, na katere se nana\u0161ajo osebni podatki, ali zaradi zapletenosti zahteve. \u010ce bomo to obdobje podalj\u0161ali, vas bomo o tem pravo\u010dasno obvestili.  <\/p>\n\n\n\n<p><strong>Vlo\u017eitev prito\u017ebe<\/strong><br>\u010ce \u017eelite vlo\u017eiti prito\u017ebo glede uporabe svojih osebnih podatkov, lahko po\u0161ljete e-po\u0161tno sporo\u010dilo na naslov contact@ematrica.com. Vsako prito\u017ebo bomo obravnavali interno in vam o tem sporo\u010dili nadaljnje informacije. <\/p>\n\n\n\n<p>\u010ce menite, da vam ne pomagamo na pravi na\u010din, imate pravico vlo\u017eiti prito\u017ebo pri nadzornem organu. Ta se imenuje nizozemski organ za varstvo podatkov. <\/p>\n\n\n\n<p><strong>Kontaktni podatki<\/strong><\/p>\n\n\n\n<p><strong>Naslov:<\/strong> GOVIGNETTE LTD, a 128 City Road, London, Zdru\u017eeno kraljestvo, EC1V 2NX<\/p>\n\n\n\n<p>E-po\u0161ta: E-po\u0161ta:&nbsp;contact@ematrica.com<\/p>\n\n\n\n<p>Kontakt : +44 077 5757 7501<\/p>\n","protected":false},"excerpt":{"rendered":"<p>Izjava o zasebnosti in pi\u0161kotkih 1. november 2021 Va\u0161a zasebnost je za ematrica.com zelo pomembna. Zato upo\u0161tevamo ustrezne zakone in predpise o zasebnosti, vklju\u010dno s Splo\u0161no uredbo o varstvu podatkov (v nadaljevanju: GDPR). To pomeni, da: &#8211;&nbsp;&nbsp;&nbsp;&nbsp; &nbsp;&nbsp; Preden za\u010dnemo obdelovati va\u0161e osebne podatke, v tej izjavi o zasebnostijasno navedemo svoje namene&nbsp;; &#8211;&nbsp;&nbsp;&nbsp;&nbsp; &nbsp;&nbsp;Shranjujte \u010dim [&hellip;]<\/p>\n","protected":false},"author":1,"featured_media":0,"parent":0,"menu_order":0,"comment_status":"closed","ping_status":"closed","template":"","meta":{"inline_featured_image":false,"_uag_custom_page_level_css":"","site-sidebar-layout":"default","site-content-layout":"","ast-site-content-layout":"default","site-content-style":"default","site-sidebar-style":"default","ast-global-header-display":"","ast-banner-title-visibility":"","ast-main-header-display":"","ast-hfb-above-header-display":"","ast-hfb-below-header-display":"","ast-hfb-mobile-header-display":"","site-post-title":"","ast-breadcrumbs-content":"","ast-featured-img":"","footer-sml-layout":"","theme-transparent-header-meta":"","adv-header-id-meta":"","stick-header-meta":"","header-above-stick-meta":"","header-main-stick-meta":"","header-below-stick-meta":"","astra-migrate-meta-layouts":"default","ast-page-background-enabled":"default","ast-page-background-meta":{"desktop":{"background-color":"","background-image":"","background-repeat":"repeat","background-position":"center center","background-size":"auto","background-attachment":"scroll","background-type":"","background-media":"","overlay-type":"","overlay-color":"","overlay-opacity":"","overlay-gradient":""},"tablet":{"background-color":"","background-image":"","background-repeat":"repeat","background-position":"center center","background-size":"auto","background-attachment":"scroll","background-type":"","background-media":"","overlay-type":"","overlay-color":"","overlay-opacity":"","overlay-gradient":""},"mobile":{"background-color":"","background-image":"","background-repeat":"repeat","background-position":"center center","background-size":"auto","background-attachment":"scroll","background-type":"","background-media":"","overlay-type":"","overlay-color":"","overlay-opacity":"","overlay-gradient":""}},"ast-content-background-meta":{"desktop":{"background-color":"var(--ast-global-color-5)","background-image":"","background-repeat":"repeat","background-position":"center center","background-size":"auto","background-attachment":"scroll","background-type":"","background-media":"","overlay-type":"","overlay-color":"","overlay-opacity":"","overlay-gradient":""},"tablet":{"background-color":"var(--ast-global-color-5)","background-image":"","background-repeat":"repeat","background-position":"center center","background-size":"auto","background-attachment":"scroll","background-type":"","background-media":"","overlay-type":"","overlay-color":"","overlay-opacity":"","overlay-gradient":""},"mobile":{"background-color":"var(--ast-global-color-5)","background-image":"","background-repeat":"repeat","background-position":"center center","background-size":"auto","background-attachment":"scroll","background-type":"","background-media":"","overlay-type":"","overlay-color":"","overlay-opacity":"","overlay-gradient":""}},"footnotes":""},"categories":[],"tags":[116],"class_list":["post-4286","page","type-page","status-publish","hentry","tag-noindex-sl"],"uagb_featured_image_src":{"full":false,"thumbnail":false,"medium":false,"medium_large":false,"large":false,"1536x1536":false,"2048x2048":false},"uagb_author_info":{"display_name":"admin","author_link":"https:\/\/www.ematrica.com\/sl\/author\/admin\/"},"uagb_comment_info":0,"uagb_excerpt":"Izjava o zasebnosti in pi\u0161kotkih 1. november 2021 Va\u0161a zasebnost je za ematrica.com zelo pomembna. Zato upo\u0161tevamo ustrezne zakone in predpise o zasebnosti, vklju\u010dno s Splo\u0161no uredbo o varstvu podatkov (v nadaljevanju: GDPR). To pomeni, da: &#8211;&nbsp;&nbsp;&nbsp;&nbsp; &nbsp;&nbsp; Preden za\u010dnemo obdelovati va\u0161e osebne podatke, v tej izjavi o zasebnostijasno navedemo svoje namene&nbsp;; &#8211;&nbsp;&nbsp;&nbsp;&nbsp; &nbsp;&nbsp;Shranjujte \u010dim&hellip;","_links":{"self":[{"href":"https:\/\/www.ematrica.com\/sl\/wp-json\/wp\/v2\/pages\/4286","targetHints":{"allow":["GET","POST","PUT","PATCH","DELETE"]}}],"collection":[{"href":"https:\/\/www.ematrica.com\/sl\/wp-json\/wp\/v2\/pages"}],"about":[{"href":"https:\/\/www.ematrica.com\/sl\/wp-json\/wp\/v2\/types\/page"}],"author":[{"embeddable":true,"href":"https:\/\/www.ematrica.com\/sl\/wp-json\/wp\/v2\/users\/1"}],"replies":[{"embeddable":true,"href":"https:\/\/www.ematrica.com\/sl\/wp-json\/wp\/v2\/comments?post=4286"}],"version-history":[{"count":0,"href":"https:\/\/www.ematrica.com\/sl\/wp-json\/wp\/v2\/pages\/4286\/revisions"}],"wp:attachment":[{"href":"https:\/\/www.ematrica.com\/sl\/wp-json\/wp\/v2\/media?parent=4286"}],"wp:term":[{"taxonomy":"category","embeddable":true,"href":"https:\/\/www.ematrica.com\/sl\/wp-json\/wp\/v2\/categories?post=4286"},{"taxonomy":"post_tag","embeddable":true,"href":"https:\/\/www.ematrica.com\/sl\/wp-json\/wp\/v2\/tags?post=4286"}],"curies":[{"name":"wp","href":"https:\/\/api.w.org\/{rel}","templated":true}]}}