{"id":4743,"date":"2024-09-27T09:59:58","date_gmt":"2024-09-27T07:59:58","guid":{"rendered":"https:\/\/www.ematrica.com\/kje-se-uporablja\/"},"modified":"2024-09-27T09:59:58","modified_gmt":"2024-09-27T07:59:58","slug":"kje-se-uporablja","status":"publish","type":"page","link":"https:\/\/www.ematrica.com\/sl\/kje-se-uporablja\/","title":{"rendered":"Kje se uporablja"},"content":{"rendered":"\n<div class=\"wp-block-uagb-container uagb-block-25efe059 alignfull uagb-is-root-container\"><div class=\"uagb-container-inner-blocks-wrap\">\n<div class=\"wp-block-uagb-advanced-heading uagb-block-152b2cf8\"><h1 class=\"uagb-heading-text\">Kje se uporablja<\/h1><\/div>\n<\/div><\/div>\n\n\n\n<div class=\"wp-block-uagb-container uagb-block-4a87feac alignfull uagb-is-root-container\"><div class=\"uagb-container-inner-blocks-wrap\">\n<div class=\"wp-block-uagb-container uagb-block-eb4eb583\">\n<div class=\"wp-block-uagb-image uagb-block-9f678b37 wp-block-uagb-image--layout-default wp-block-uagb-image--effect-static wp-block-uagb-image--align-none\"><figure class=\"wp-block-uagb-image__figure\"><img decoding=\"async\" srcset=\"https:\/\/www.ematrica.com\/wp-content\/uploads\/2024\/09\/Map-1024x481.png ,https:\/\/www.ematrica.com\/wp-content\/uploads\/2024\/09\/Map.png 780w, https:\/\/www.ematrica.com\/wp-content\/uploads\/2024\/09\/Map.png 360w\" sizes=\"auto, (max-width: 480px) 150px\" src=\"https:\/\/www.ematrica.com\/wp-content\/uploads\/2024\/09\/Map-1024x481.png\" alt=\"\" class=\"uag-image-2822\" width=\"1428\" height=\"671\" title=\"Zemljevid\" loading=\"lazy\" role=\"img\"><\/figure><\/div>\n<\/div>\n<\/div><\/div>\n\n\n\n<div class=\"wp-block-uagb-container uagb-block-615326b3 alignfull uagb-is-root-container\"><div class=\"uagb-container-inner-blocks-wrap\">\n<div class=\"wp-block-uagb-container uagb-block-c51809a9\">\n<div class=\"wp-block-uagb-info-box uagb-block-96aad7cb uagb-infobox__content-wrap uagb-infobox-icon-above-title uagb-infobox-image-valign-top\"><div class=\"uagb-ifb-content\"><div class=\"uagb-ifb-title-wrap\"><h2 class=\"uagb-ifb-title\">Kje se uporabljajo na\u0161e storitve vinjete<\/h2><\/div><\/div><\/div>\n<\/div>\n\n\n\n<div class=\"wp-block-uagb-container uagb-block-dc6e0ba1\">\n<div class=\"wp-block-uagb-info-box uagb-block-cba2f3d7 uagb-infobox__content-wrap uagb-infobox-icon-above-title uagb-infobox-image-valign-top\"><div class=\"uagb-ifb-content\"><div class=\"uagb-ifb-title-wrap\"><h3 class=\"uagb-ifb-title\">Mestna obmo\u010dja<\/h3><\/div><p class=\"uagb-ifb-desc\">\u0160tevilne metropolitanske regije za obvladovanje zastojev uporabljajo cestninske sisteme.\nTe cestnine ne pomagajo le pri financiranju vzdr\u017eevanja in izbolj\u0161av, temve\u010d tudi spodbujajo uporabo alternativnih poti.\nNa\u0161e storitve so zasnovane tako, da omogo\u010dajo nemoteno cestninjenje  <\/p><\/div><\/div>\n<\/div>\n\n\n\n<div class=\"wp-block-uagb-container uagb-block-20b3f7af\">\n<div class=\"wp-block-uagb-info-box uagb-block-bdcff0de uagb-infobox__content-wrap uagb-infobox-icon-above-title uagb-infobox-image-valign-top\"><div class=\"uagb-ifb-content\"><div class=\"uagb-ifb-title-wrap\"><h3 class=\"uagb-ifb-title\">Meddr\u017eavne avtoceste<\/h3><\/div><p class=\"uagb-ifb-desc\">Na ve\u010djih medkrajevnih cestah so pogosto pla\u010dljivi odseki, da se ohranita kakovost in varnost cest.\nNa\u0161e storitve cestninjenja veljajo na teh cestah in potnikom omogo\u010dajo enostavno pla\u010devanje cestnin ter dostop do informacij v realnem \u010dasu o cestninah in lokacijah. <\/p><\/div><\/div>\n<\/div>\n\n\n\n<div class=\"wp-block-uagb-container uagb-block-4a7a80b7\">\n<div class=\"wp-block-uagb-info-box uagb-block-71841dc7 uagb-infobox__content-wrap uagb-infobox-icon-above-title uagb-infobox-image-valign-top\"><div class=\"uagb-ifb-content\"><div class=\"uagb-ifb-title-wrap\"><h3 class=\"uagb-ifb-title\">Mostovi in predori<\/h3><\/div><p class=\"uagb-ifb-desc\">Klju\u010dne infrastrukture, kot so mostovi in predori, pogosto uporabljajo cestnine za kritje stro\u0161kov gradnje in vzdr\u017eevanja.\nNa\u0161e storitve zagotavljajo, da lahko na teh to\u010dkah u\u010dinkovito pla\u010date cestnine, se izognete zamudam in ohranite svojo pot na pravi poti. <\/p><\/div><\/div>\n<\/div>\n\n\n\n<div class=\"wp-block-uagb-container uagb-block-69df0e98\">\n<div class=\"wp-block-uagb-info-box uagb-block-194ffc81 uagb-infobox__content-wrap uagb-infobox-icon-above-title uagb-infobox-image-valign-top\"><div class=\"uagb-ifb-content\"><div class=\"uagb-ifb-title-wrap\"><h3 class=\"uagb-ifb-title\">Potovanje na dolge razdalje<\/h3><\/div><p class=\"uagb-ifb-desc\">Za tiste, ki se odpravljajo na dalj\u0161a potovanja, je razumevanje, kje veljajo cestnine, v pomo\u010d pri na\u010drtovanju prora\u010duna in na\u010drtovanju.\nNa\u0161e storitve zagotavljajo iz\u010drpne informacije o cestninah, ki vam pomagajo pri sprejemanju premi\u0161ljenih odlo\u010ditev o va\u0161ih potovalnih poteh. <\/p><\/div><\/div>\n<\/div>\n\n\n\n<div class=\"wp-block-uagb-container uagb-block-85518280\">\n<div class=\"wp-block-uagb-info-box uagb-block-1dc87a3d uagb-infobox__content-wrap uagb-infobox-icon-above-title uagb-infobox-image-valign-top\"><div class=\"uagb-ifb-content\"><div class=\"uagb-ifb-title-wrap\"><h3 class=\"uagb-ifb-title\">Delovanje flote<\/h3><\/div><p class=\"uagb-ifb-desc\">Podjetja, ki upravljajo velike vozne parke, se zana\u0161ajo na storitve cestninjenja zaradi u\u010dinkovitosti in obvladovanja stro\u0161kov.\nNa\u0161e re\u0161itve so namenjene upravljavcem voznih parkov in ponujajo prilagojene storitve za racionalizacijo pla\u010devanja cestnin za ve\u010d vozil, kar zagotavlja nemoteno delovanje na cesti. <\/p><\/div><\/div>\n<\/div>\n<\/div><\/div>\n","protected":false},"excerpt":{"rendered":"<p>Kje se uporablja<\/p>\n","protected":false},"author":2,"featured_media":0,"parent":0,"menu_order":0,"comment_status":"closed","ping_status":"closed","template":"","meta":{"inline_featured_image":false,"_uag_custom_page_level_css":"","site-sidebar-layout":"no-sidebar","site-content-layout":"plain-container","ast-site-content-layout":"full-width-container","site-content-style":"unboxed","site-sidebar-style":"unboxed","ast-global-header-display":"","ast-banner-title-visibility":"","ast-main-header-display":"","ast-hfb-above-header-display":"","ast-hfb-below-header-display":"","ast-hfb-mobile-header-display":"","site-post-title":"disabled","ast-breadcrumbs-content":"","ast-featured-img":"","footer-sml-layout":"","theme-transparent-header-meta":"enabled","adv-header-id-meta":"","stick-header-meta":"","header-above-stick-meta":"","header-main-stick-meta":"","header-below-stick-meta":"","astra-migrate-meta-layouts":"default","ast-page-background-enabled":"default","ast-page-background-meta":{"desktop":{"background-color":"","background-image":"","background-repeat":"repeat","background-position":"center center","background-size":"auto","background-attachment":"scroll","background-type":"","background-media":"","overlay-type":"","overlay-color":"","overlay-opacity":"","overlay-gradient":""},"tablet":{"background-color":"","background-image":"","background-repeat":"repeat","background-position":"center center","background-size":"auto","background-attachment":"scroll","background-type":"","background-media":"","overlay-type":"","overlay-color":"","overlay-opacity":"","overlay-gradient":""},"mobile":{"background-color":"","background-image":"","background-repeat":"repeat","background-position":"center center","background-size":"auto","background-attachment":"scroll","background-type":"","background-media":"","overlay-type":"","overlay-color":"","overlay-opacity":"","overlay-gradient":""}},"ast-content-background-meta":{"desktop":{"background-color":"var(--ast-global-color-5)","background-image":"","background-repeat":"repeat","background-position":"center center","background-size":"auto","background-attachment":"scroll","background-type":"","background-media":"","overlay-type":"","overlay-color":"","overlay-opacity":"","overlay-gradient":""},"tablet":{"background-color":"var(--ast-global-color-5)","background-image":"","background-repeat":"repeat","background-position":"center center","background-size":"auto","background-attachment":"scroll","background-type":"","background-media":"","overlay-type":"","overlay-color":"","overlay-opacity":"","overlay-gradient":""},"mobile":{"background-color":"var(--ast-global-color-5)","background-image":"","background-repeat":"repeat","background-position":"center center","background-size":"auto","background-attachment":"scroll","background-type":"","background-media":"","overlay-type":"","overlay-color":"","overlay-opacity":"","overlay-gradient":""}},"footnotes":""},"categories":[],"tags":[],"class_list":["post-4743","page","type-page","status-publish","hentry"],"uagb_featured_image_src":{"full":false,"thumbnail":false,"medium":false,"medium_large":false,"large":false,"1536x1536":false,"2048x2048":false},"uagb_author_info":{"display_name":"shubham","author_link":"https:\/\/www.ematrica.com\/sl\/author\/shubham\/"},"uagb_comment_info":0,"uagb_excerpt":"Kje se uporablja","_links":{"self":[{"href":"https:\/\/www.ematrica.com\/sl\/wp-json\/wp\/v2\/pages\/4743","targetHints":{"allow":["GET","POST","PUT","PATCH","DELETE"]}}],"collection":[{"href":"https:\/\/www.ematrica.com\/sl\/wp-json\/wp\/v2\/pages"}],"about":[{"href":"https:\/\/www.ematrica.com\/sl\/wp-json\/wp\/v2\/types\/page"}],"author":[{"embeddable":true,"href":"https:\/\/www.ematrica.com\/sl\/wp-json\/wp\/v2\/users\/2"}],"replies":[{"embeddable":true,"href":"https:\/\/www.ematrica.com\/sl\/wp-json\/wp\/v2\/comments?post=4743"}],"version-history":[{"count":0,"href":"https:\/\/www.ematrica.com\/sl\/wp-json\/wp\/v2\/pages\/4743\/revisions"}],"wp:attachment":[{"href":"https:\/\/www.ematrica.com\/sl\/wp-json\/wp\/v2\/media?parent=4743"}],"wp:term":[{"taxonomy":"category","embeddable":true,"href":"https:\/\/www.ematrica.com\/sl\/wp-json\/wp\/v2\/categories?post=4743"},{"taxonomy":"post_tag","embeddable":true,"href":"https:\/\/www.ematrica.com\/sl\/wp-json\/wp\/v2\/tags?post=4743"}],"curies":[{"name":"wp","href":"https:\/\/api.w.org\/{rel}","templated":true}]}}