{"id":4727,"date":"2024-09-27T09:59:58","date_gmt":"2024-09-27T07:59:58","guid":{"rendered":"https:\/\/www.ematrica.com\/gecerli-oldugu-yerler\/"},"modified":"2024-09-27T09:59:58","modified_gmt":"2024-09-27T07:59:58","slug":"gecerli-oldugu-yerler","status":"publish","type":"page","link":"https:\/\/www.ematrica.com\/tr\/gecerli-oldugu-yerler\/","title":{"rendered":"Ge\u00e7erli oldu\u011fu yerler"},"content":{"rendered":"\n<div class=\"wp-block-uagb-container uagb-block-25efe059 alignfull uagb-is-root-container\"><div class=\"uagb-container-inner-blocks-wrap\">\n<div class=\"wp-block-uagb-advanced-heading uagb-block-152b2cf8\"><h1 class=\"uagb-heading-text\">Ge\u00e7erli oldu\u011fu yerler<\/h1><\/div>\n<\/div><\/div>\n\n\n\n<div class=\"wp-block-uagb-container uagb-block-4a87feac alignfull uagb-is-root-container\"><div class=\"uagb-container-inner-blocks-wrap\">\n<div class=\"wp-block-uagb-container uagb-block-eb4eb583\">\n<div class=\"wp-block-uagb-image uagb-block-9f678b37 wp-block-uagb-image--layout-default wp-block-uagb-image--effect-static wp-block-uagb-image--align-none\"><figure class=\"wp-block-uagb-image__figure\"><img decoding=\"async\" srcset=\"https:\/\/www.ematrica.com\/wp-content\/uploads\/2024\/09\/Map-1024x481.png ,https:\/\/www.ematrica.com\/wp-content\/uploads\/2024\/09\/Map.png 780w, https:\/\/www.ematrica.com\/wp-content\/uploads\/2024\/09\/Map.png 360w\" sizes=\"auto, (max-width: 480px) 150px\" src=\"https:\/\/www.ematrica.com\/wp-content\/uploads\/2024\/09\/Map-1024x481.png\" alt=\"\" class=\"uag-image-2822\" width=\"1428\" height=\"671\" title=\"Harita\" loading=\"lazy\" role=\"img\"><\/figure><\/div>\n<\/div>\n<\/div><\/div>\n\n\n\n<div class=\"wp-block-uagb-container uagb-block-615326b3 alignfull uagb-is-root-container\"><div class=\"uagb-container-inner-blocks-wrap\">\n<div class=\"wp-block-uagb-container uagb-block-c51809a9\">\n<div class=\"wp-block-uagb-info-box uagb-block-96aad7cb uagb-infobox__content-wrap uagb-infobox-icon-above-title uagb-infobox-image-valign-top\"><div class=\"uagb-ifb-content\"><div class=\"uagb-ifb-title-wrap\"><h2 class=\"uagb-ifb-title\">Vinyet Hizmetlerimizin Uyguland\u0131\u011f\u0131 Yerler<\/h2><\/div><\/div><\/div>\n<\/div>\n\n\n\n<div class=\"wp-block-uagb-container uagb-block-dc6e0ba1\">\n<div class=\"wp-block-uagb-info-box uagb-block-cba2f3d7 uagb-infobox__content-wrap uagb-infobox-icon-above-title uagb-infobox-image-valign-top\"><div class=\"uagb-ifb-content\"><div class=\"uagb-ifb-title-wrap\"><h3 class=\"uagb-ifb-title\">Kentsel Alanlar<\/h3><\/div><p class=\"uagb-ifb-desc\">Bir\u00e7ok metropol b\u00f6lgesi trafik s\u0131k\u0131\u015f\u0131kl\u0131\u011f\u0131n\u0131 y\u00f6netmek i\u00e7in \u00fccretli ge\u00e7i\u015f sistemleri uygulamaktad\u0131r.\nBu ge\u00e7i\u015f \u00fccretleri yaln\u0131zca bak\u0131m ve iyile\u015ftirmelerin finanse edilmesine yard\u0131mc\u0131 olmakla kalmaz, ayn\u0131 zamanda alternatif rotalar\u0131n kullan\u0131m\u0131n\u0131 da te\u015fvik eder.\nHizmetlerimiz sorunsuz ge\u00e7i\u015f \u00fccreti i\u015flemlerini kolayla\u015ft\u0131rmak i\u00e7in tasarlanm\u0131\u015ft\u0131r  <\/p><\/div><\/div>\n<\/div>\n\n\n\n<div class=\"wp-block-uagb-container uagb-block-20b3f7af\">\n<div class=\"wp-block-uagb-info-box uagb-block-bdcff0de uagb-infobox__content-wrap uagb-infobox-icon-above-title uagb-infobox-image-valign-top\"><div class=\"uagb-ifb-content\"><div class=\"uagb-ifb-title-wrap\"><h3 class=\"uagb-ifb-title\">Eyaletleraras\u0131 Otoyollar<\/h3><\/div><p class=\"uagb-ifb-desc\">Yol kalitesini ve g\u00fcvenli\u011fini korumak i\u00e7in b\u00fcy\u00fck otoyollarda genellikle \u00fccretli ge\u00e7i\u015f b\u00f6l\u00fcmleri bulunur.\nOtoyol ge\u00e7i\u015f \u00fccreti hizmetlerimiz bu g\u00fczergahlarda uygulanarak yolcular\u0131n ge\u00e7i\u015f \u00fccretlerini kolayca \u00f6deyebilmelerini ve ge\u00e7i\u015f \u00fccretleri ve konumlar\u0131 hakk\u0131nda ger\u00e7ek zamanl\u0131 bilgilere eri\u015febilmelerini sa\u011flar. <\/p><\/div><\/div>\n<\/div>\n\n\n\n<div class=\"wp-block-uagb-container uagb-block-4a7a80b7\">\n<div class=\"wp-block-uagb-info-box uagb-block-71841dc7 uagb-infobox__content-wrap uagb-infobox-icon-above-title uagb-infobox-image-valign-top\"><div class=\"uagb-ifb-content\"><div class=\"uagb-ifb-title-wrap\"><h3 class=\"uagb-ifb-title\">K\u00f6pr\u00fcler ve T\u00fcneller<\/h3><\/div><p class=\"uagb-ifb-desc\">K\u00f6pr\u00fcler ve t\u00fcneller gibi \u00f6nemli altyap\u0131lar, in\u015faat ve bak\u0131m maliyetlerini desteklemek i\u00e7in s\u0131kl\u0131kla ge\u00e7i\u015f \u00fccretlerini kullan\u0131r.\nHizmetlerimiz, bu noktalardaki ge\u00e7i\u015f \u00fccretlerini verimli bir \u015fekilde \u00f6deyebilmenizi, gecikmeleri \u00f6nlemenizi ve yolculu\u011funuzun yolunda gitmesini sa\u011flar. <\/p><\/div><\/div>\n<\/div>\n\n\n\n<div class=\"wp-block-uagb-container uagb-block-69df0e98\">\n<div class=\"wp-block-uagb-info-box uagb-block-194ffc81 uagb-infobox__content-wrap uagb-infobox-icon-above-title uagb-infobox-image-valign-top\"><div class=\"uagb-ifb-content\"><div class=\"uagb-ifb-title-wrap\"><h3 class=\"uagb-ifb-title\">Uzun Mesafe Seyahat<\/h3><\/div><p class=\"uagb-ifb-desc\">Uzun yol seyahatlerine \u00e7\u0131kanlar i\u00e7in, ge\u00e7i\u015f \u00fccretlerinin nerelerde ge\u00e7erli oldu\u011funu anlamak b\u00fct\u00e7eleme ve planlamada yard\u0131mc\u0131 olabilir.\nHizmetlerimiz, seyahat rotalar\u0131n\u0131z hakk\u0131nda bilin\u00e7li kararlar vermenize yard\u0131mc\u0131 olmak i\u00e7in kapsaml\u0131 ge\u00e7i\u015f \u00fccreti bilgileri sa\u011flar. <\/p><\/div><\/div>\n<\/div>\n\n\n\n<div class=\"wp-block-uagb-container uagb-block-85518280\">\n<div class=\"wp-block-uagb-info-box uagb-block-1dc87a3d uagb-infobox__content-wrap uagb-infobox-icon-above-title uagb-infobox-image-valign-top\"><div class=\"uagb-ifb-content\"><div class=\"uagb-ifb-title-wrap\"><h3 class=\"uagb-ifb-title\">Filo Operasyonlar\u0131<\/h3><\/div><p class=\"uagb-ifb-desc\">B\u00fcy\u00fck filolar\u0131 y\u00f6neten i\u015fletmeler, verimlilik ve maliyet y\u00f6netimi i\u00e7in \u00fccretli ge\u00e7i\u015f hizmetlerine g\u00fcveniyor.\n\u00c7\u00f6z\u00fcmlerimiz filo operat\u00f6rlerine hitap eder, birden fazla ara\u00e7ta ge\u00e7i\u015f \u00fccreti \u00f6demelerini kolayla\u015ft\u0131rmak i\u00e7in \u00f6zelle\u015ftirilmi\u015f hizmetler sunar ve yolda sorunsuz operasyonlar sa\u011flar. <\/p><\/div><\/div>\n<\/div>\n<\/div><\/div>\n","protected":false},"excerpt":{"rendered":"<p>Ge\u00e7erli oldu\u011fu yerler<\/p>\n","protected":false},"author":2,"featured_media":0,"parent":0,"menu_order":0,"comment_status":"closed","ping_status":"closed","template":"","meta":{"inline_featured_image":false,"_uag_custom_page_level_css":"","site-sidebar-layout":"no-sidebar","site-content-layout":"plain-container","ast-site-content-layout":"full-width-container","site-content-style":"unboxed","site-sidebar-style":"unboxed","ast-global-header-display":"","ast-banner-title-visibility":"","ast-main-header-display":"","ast-hfb-above-header-display":"","ast-hfb-below-header-display":"","ast-hfb-mobile-header-display":"","site-post-title":"disabled","ast-breadcrumbs-content":"","ast-featured-img":"","footer-sml-layout":"","theme-transparent-header-meta":"enabled","adv-header-id-meta":"","stick-header-meta":"","header-above-stick-meta":"","header-main-stick-meta":"","header-below-stick-meta":"","astra-migrate-meta-layouts":"default","ast-page-background-enabled":"default","ast-page-background-meta":{"desktop":{"background-color":"","background-image":"","background-repeat":"repeat","background-position":"center center","background-size":"auto","background-attachment":"scroll","background-type":"","background-media":"","overlay-type":"","overlay-color":"","overlay-opacity":"","overlay-gradient":""},"tablet":{"background-color":"","background-image":"","background-repeat":"repeat","background-position":"center center","background-size":"auto","background-attachment":"scroll","background-type":"","background-media":"","overlay-type":"","overlay-color":"","overlay-opacity":"","overlay-gradient":""},"mobile":{"background-color":"","background-image":"","background-repeat":"repeat","background-position":"center center","background-size":"auto","background-attachment":"scroll","background-type":"","background-media":"","overlay-type":"","overlay-color":"","overlay-opacity":"","overlay-gradient":""}},"ast-content-background-meta":{"desktop":{"background-color":"var(--ast-global-color-5)","background-image":"","background-repeat":"repeat","background-position":"center center","background-size":"auto","background-attachment":"scroll","background-type":"","background-media":"","overlay-type":"","overlay-color":"","overlay-opacity":"","overlay-gradient":""},"tablet":{"background-color":"var(--ast-global-color-5)","background-image":"","background-repeat":"repeat","background-position":"center center","background-size":"auto","background-attachment":"scroll","background-type":"","background-media":"","overlay-type":"","overlay-color":"","overlay-opacity":"","overlay-gradient":""},"mobile":{"background-color":"var(--ast-global-color-5)","background-image":"","background-repeat":"repeat","background-position":"center center","background-size":"auto","background-attachment":"scroll","background-type":"","background-media":"","overlay-type":"","overlay-color":"","overlay-opacity":"","overlay-gradient":""}},"footnotes":""},"categories":[],"tags":[],"class_list":["post-4727","page","type-page","status-publish","hentry"],"uagb_featured_image_src":{"full":false,"thumbnail":false,"medium":false,"medium_large":false,"large":false,"1536x1536":false,"2048x2048":false},"uagb_author_info":{"display_name":"shubham","author_link":"https:\/\/www.ematrica.com\/tr\/author\/shubham\/"},"uagb_comment_info":0,"uagb_excerpt":"Ge\u00e7erli oldu\u011fu yerler","_links":{"self":[{"href":"https:\/\/www.ematrica.com\/tr\/wp-json\/wp\/v2\/pages\/4727","targetHints":{"allow":["GET","POST","PUT","PATCH","DELETE"]}}],"collection":[{"href":"https:\/\/www.ematrica.com\/tr\/wp-json\/wp\/v2\/pages"}],"about":[{"href":"https:\/\/www.ematrica.com\/tr\/wp-json\/wp\/v2\/types\/page"}],"author":[{"embeddable":true,"href":"https:\/\/www.ematrica.com\/tr\/wp-json\/wp\/v2\/users\/2"}],"replies":[{"embeddable":true,"href":"https:\/\/www.ematrica.com\/tr\/wp-json\/wp\/v2\/comments?post=4727"}],"version-history":[{"count":0,"href":"https:\/\/www.ematrica.com\/tr\/wp-json\/wp\/v2\/pages\/4727\/revisions"}],"wp:attachment":[{"href":"https:\/\/www.ematrica.com\/tr\/wp-json\/wp\/v2\/media?parent=4727"}],"wp:term":[{"taxonomy":"category","embeddable":true,"href":"https:\/\/www.ematrica.com\/tr\/wp-json\/wp\/v2\/categories?post=4727"},{"taxonomy":"post_tag","embeddable":true,"href":"https:\/\/www.ematrica.com\/tr\/wp-json\/wp\/v2\/tags?post=4727"}],"curies":[{"name":"wp","href":"https:\/\/api.w.org\/{rel}","templated":true}]}}