{"id":4779,"date":"2024-09-27T09:59:58","date_gmt":"2024-09-27T07:59:58","guid":{"rendered":"https:\/\/www.ematrica.com\/sss\/"},"modified":"2024-09-27T09:59:58","modified_gmt":"2024-09-27T07:59:58","slug":"sss","status":"publish","type":"page","link":"https:\/\/www.ematrica.com\/tr\/sss\/","title":{"rendered":"SSS"},"content":{"rendered":"\n<div class=\"wp-block-uagb-container uagb-block-25efe059 alignfull uagb-is-root-container\">\n<div class=\"wp-block-uagb-advanced-heading uagb-block-152b2cf8\"><h1 class=\"uagb-heading-text\">S\u0131k\u00e7a Sorulan Sorular<\/h1><\/div>\n<\/div>\n\n\n\n<div class=\"wp-block-uagb-container uagb-block-3578b4ec alignfull uagb-is-root-container\"><div class=\"uagb-container-inner-blocks-wrap\">\n<div class=\"wp-block-uagb-info-box uagb-block-8152c234 uagb-infobox__content-wrap uagb-infobox-icon-above-title uagb-infobox-image-valign-top\"><div class=\"uagb-ifb-content\"><div class=\"uagb-ifb-title-wrap\"><\/div><\/div><\/div>\n\n\n<style>\n.accordion-content {\n    display: none;\n    padding: 10px;\n    border: 1px solid #ccc;\n    border-top: none;\n}\n\n.accordion-header {\n    cursor: pointer;\n    padding: 10px;\n    border: 1px solid #ccc;\n    margin: 0;\nbackground-color:#fafafa;\nmargin-bottom:10px;\nborder-radius:3px;\npadding-right:50px;\nposition: relative;\nfont-size:110%;\n}\n.accordion-header .qs {\n\n}\n.arrow {\n    position: absolute;\n    right: 10px;\n    top: 10px;\n}\n\n.arrow-up {\n    transform: rotate(180deg);\n}\n<\/style>\n\n\n<script>\njQuery(document).ready(function(){\n    jQuery(\".accordion-header\").click(function() {\n        \/\/ Toggle the arrow direction of the clicked header\n        jQuery(this).children(\".arrow\").toggleClass(\"arrow-up\", !jQuery(this).next().is(\":visible\"));\n        \n        \/\/ Close previously opened content and reset their arrows\n        jQuery(\".accordion-content\").not(jQuery(this).next()).slideUp().prev().children(\".arrow\").removeClass(\"arrow-up\");\n        jQuery(\".accordion-content\").not(jQuery(this).next()).prev().find(\".arrow\").html(\"&#9660;\"); \/\/ Reset other arrows to down\n        \n        jQuery(this).next().slideToggle();\n        if(jQuery(this).next().is(\":visible\")) {\n            jQuery(this).find(\".arrow\").html(\"&#9660;\"); \/\/ Change to up arrow\n        } else {\n            jQuery(this).find(\".arrow\").html(\"&#9650;\"); \/\/ Change back to down arrow\n        }\n    });\n});\n<\/script>\n\n\n<div class=\"accordion\"><h4 class=\"accordion-header\"><span class=\"qs\">\u00d6deme veya sipari\u015fin tamamlanmas\u0131yla ilgili herhangi bir e-posta almad\u0131m.<\/span><span class=\"arrow\">&#9660;<\/span><\/h4>\n            <div class=\"accordion-content\">\n            <p>E-posta adresini do\u011fru girdiyseniz, l\u00fctfen spam klas\u00f6r\u00fcn\u00fcz\u00fc veya bilgilendirme e-postalar\u0131n\u0131n g\u00f6nderilebilece\u011fi di\u011fer klas\u00f6rleri kontrol edin. Baz\u0131 durumlarda, e-postay\u0131 normal posta kutunuzda bulamayabilirsiniz.<\/p>\n            <\/div><h4 class=\"accordion-header\"><span class=\"qs\">Ara\u00e7 plakas\u0131n\u0131 veya \u00fclkeyi girerken hata yapt\u0131m.<\/span><span class=\"arrow\">&#9660;<\/span><\/h4>\n            <div class=\"accordion-content\">\n            <p>\u00d6deme i\u015fleminden sonra e-postan\u0131zda te\u015fekk\u00fcr sayfas\u0131na bir ba\u011flant\u0131 bulacaks\u0131n\u0131z. Sipari\u015f hen\u00fcz i\u015fleme al\u0131nmad\u0131ysa, \u00fclke ve plaka numaras\u0131 dahil olmak \u00fczere herhangi bir detay\u0131 de\u011fi\u015ftirebilirsiniz. Maalesef, sipari\u015f tamamland\u0131ktan sonra de\u011fi\u015fiklik yapmak m\u00fcmk\u00fcn de\u011fildir ve yeni bir sipari\u015f olu\u015fturulmas\u0131 gerekmektedir.<\/p>\n            <\/div><h4 class=\"accordion-header\"><span class=\"qs\">Birden fazla ara\u00e7 i\u00e7in ayn\u0131 anda ge\u00e7erli bir otoyol pulu istiyorum.<\/span><span class=\"arrow\">&#9660;<\/span><\/h4>\n            <div class=\"accordion-content\">\n            <p>Birden fazla ara\u00e7 i\u00e7in ayn\u0131 anda otoyol pulu sat\u0131n almak istiyorsan\u0131z l\u00fctfen bizimle ileti\u015fime ge\u00e7in. Her plaka numaras\u0131n\u0131 ayr\u0131 ayr\u0131 girmenize gerek yoktur - Mesaj\u0131n\u0131zda, kaydetmek istedi\u011finiz plaka numaralar\u0131n\u0131n listesini, \u00fclkede (veya \u00fclkelerde) kal\u0131\u015f s\u00fcresini ve ge\u00e7erlilik tarihini belirtmeniz yeterlidir. <\/p>\n            <\/div><h4 class=\"accordion-header\"><span class=\"qs\">Seyahat planlar\u0131m de\u011fi\u015firse sat\u0131n ald\u0131\u011f\u0131m pulu iptal edebilir veya de\u011fi\u015ftirebilir miyim?<\/span><span class=\"arrow\">&#9660;<\/span><\/h4>\n            <div class=\"accordion-content\">\n            <p>Genellikle elektronik bilet belirli bir ara\u00e7 ve zaman dilimine ba\u011fl\u0131d\u0131r ve etkinle\u015ftirildikten sonra devredilemez veya de\u011fi\u015ftirilemez. Veri giri\u015finde hata olmas\u0131 veya di\u011fer istisnai durumlarda, en k\u0131sa s\u00fcrede bizimle ileti\u015fime ge\u00e7meniz en iyisidir.<\/p>\n            <\/div><h4 class=\"accordion-header\"><span class=\"qs\">\u00d6denmemi\u015f bir ge\u00e7i\u015f \u00fccreti nedeniyle ceza ald\u0131m.<\/span><span class=\"arrow\">&#9660;<\/span><\/h4>\n            <div class=\"accordion-content\">\n            <p>\u015eimdiye kadar para cezas\u0131n\u0131n haks\u0131z yere kesildi\u011fi bir durumla kar\u015f\u0131la\u015fmad\u0131k. Vakalar\u0131n b\u00fcy\u00fck \u00e7o\u011funlu\u011funda sebep, baz\u0131 verilerin yanl\u0131\u015f girilmi\u015f olmas\u0131d\u0131r. \u00d6deme yap\u0131lmamas\u0131 durumunda uygulanacak yapt\u0131r\u0131mlar \u00e7ok daha y\u00fcksek olabilece\u011finden, para cezas\u0131n\u0131 \u00f6demenizi \u00f6neririz.<\/p>\n            <\/div><h4 class=\"accordion-header\"><span class=\"qs\">Hizmet bedeli nedir?<\/span><span class=\"arrow\">&#9660;<\/span><\/h4>\n            <div class=\"accordion-content\">\n            <p>Hizmet bedeli, teknik destek, ki\u015fisel destek hizmetleri, manuel sipari\u015f do\u011frulama ve pazarlama maliyetleri de dahil olmak \u00fczere hizmetin maliyetlerini kar\u015f\u0131lamak i\u00e7in kullan\u0131l\u0131r.<\/p>\n            <\/div><h4 class=\"accordion-header\"><span class=\"qs\">Bana 3 dakika i\u00e7inde tan\u0131t\u0131m belgesini alaca\u011f\u0131m\u0131 s\u00f6ylemi\u015ftiniz, ama hala hi\u00e7bir \u015fey almad\u0131m. Neden?<\/span><span class=\"arrow\">&#9660;<\/span><\/h4>\n            <div class=\"accordion-content\">\n            <p>Belirtilen zamana m\u00fcmk\u00fcn oldu\u011funca uymaya \u00e7al\u0131\u015f\u0131yoruz. \u00d6ncelik bug\u00fcnden itibaren ge\u00e7erli olan hizmetlere verilir. Ancak, kontrol\u00fcm\u00fcz d\u0131\u015f\u0131nda olan nedenlerden dolay\u0131 (\u00f6deme a\u011f ge\u00e7idi kesintileri, devlet web hizmetleri), istisnai durumlarda kay\u0131t s\u00fcresi uzat\u0131labilir. Ayr\u0131ca, e-posta adresinizi do\u011fru girdi\u011finizden emin olman\u0131z\u0131 \u00f6neririz. E-posta adresinizi do\u011fru girdiyseniz, l\u00fctfen sat\u0131n alma i\u015fleminden sonra g\u00f6r\u00fcnt\u00fclenen sayfay\u0131 takip edin. Burada sipari\u015finizin durumu da dahil olmak \u00fczere g\u00fcncel bilgilere ula\u015fabilirsiniz.<\/p>\n            <\/div><h4 class=\"accordion-header\"><span class=\"qs\">Sipari\u015fimi iptal etmek istiyorum.<\/span><span class=\"arrow\">&#9660;<\/span><\/h4>\n            <div class=\"accordion-content\">\n            <p>\u015eartlar ve ko\u015fullara g\u00f6re, sipari\u015finiz \u00fczerinde \u00e7al\u0131\u015fmaya ba\u015flanmadan \u00f6nce para iadesi talep etmek m\u00fcmk\u00fcnd\u00fcr. Sipari\u015f tamamland\u0131ktan sonra para iadesi m\u00fcmk\u00fcn de\u011fildir.<\/p>\n            <\/div><h4 class=\"accordion-header\"><span class=\"qs\">Seyahat planlar\u0131m de\u011fi\u015fti ve giri\u015f tarihimi de\u011fi\u015ftirmek istiyorum.<\/span><span class=\"arrow\">&#9660;<\/span><\/h4>\n            <div class=\"accordion-content\">\n            <p>Hizmet sizin i\u00e7in daha \u00f6nce kaydedilmi\u015fse, maalesef ge\u00e7erlilik s\u00fcresini de\u011fi\u015ftirmek m\u00fcmk\u00fcn de\u011fildir ve hizmeti yeniden sat\u0131n alman\u0131z gerekmektedir.<\/p>\n            <\/div><h4 class=\"accordion-header\"><span class=\"qs\">Fikrimi de\u011fi\u015ftirdim ve para iadesi istiyorum.<\/span><span class=\"arrow\">&#9660;<\/span><\/h4>\n            <div class=\"accordion-content\">\n            <p>\u00d6deme yap\u0131ld\u0131ktan sonra bile, sipari\u015f i\u015fleme al\u0131nmadan \u00f6nce hizmeti iptal edebilirsiniz. En h\u0131zl\u0131 yol, sipari\u015f detaylar\u0131n\u0131z\u0131n bulundu\u011fu sayfadaki &quot;sipari\u015fi iptal et&quot; ba\u011flant\u0131s\u0131n\u0131 kullanmakt\u0131r. Orada ayr\u0131ca sipari\u015finizin mevcut durumunu ve iptal se\u00e7enekleri hakk\u0131nda bilgileri de bulacaks\u0131n\u0131z. Sayfan\u0131n adresini bilmiyorsan\u0131z, sipari\u015fte girdi\u011finiz e-posta adresinizi aratarak kolayca bulabilirsiniz.<\/p>\n            <\/div><h4 class=\"accordion-header\"><span class=\"qs\">Vinyetim ne zaman etkinle\u015ftirilecek<\/span><span class=\"arrow\">&#9660;<\/span><\/h4>\n            <div class=\"accordion-content\">\n            <p>Vinyetin ge\u00e7erlili\u011fi 1 g\u00fcnden daha uzun bir s\u00fcre i\u00e7inde ba\u015flayacaksa, ge\u00e7erlilik ba\u015flamadan \u00f6nceki 1 g\u00fcn i\u00e7inde vinyeti sizin i\u00e7in etkinle\u015ftirece\u011fiz. Vinyet ge\u00e7erlilik tarihi ayn\u0131 g\u00fcn, ertesi g\u00fcn veya hizmeti \u00f6ncelikli i\u015flemle sat\u0131n ald\u0131ysan\u0131z, hizmeti sat\u0131n ald\u0131ktan hemen sonra sizin i\u00e7in etkinle\u015ftirece\u011fiz - bilgileriniz a\u00e7\u0131s\u0131ndan her \u015fey yolundaysa, \u00f6demeyi ald\u0131ktan sonra 3 dakika i\u00e7inde etkinle\u015ftirmeyi hedefliyoruz.<\/p>\n            <\/div><\/div><script type=\"application\/ld+json\">\n    {\n      \"@context\": \"https:\/\/schema.org\",\n      \"@type\": \"FAQPage\",\n      \"mainEntity\": [{\n        \"@type\": \"Question\",\n        \"name\": \"\u00d6deme veya sipari\u015fin tamamlanmas\u0131yla ilgili herhangi bir e-posta almad\u0131m.\",\n        \"acceptedAnswer\": {\n          \"@type\": \"Answer\",\n          \"text\": \"E-posta adresini do\u011fru girdiyseniz, l\u00fctfen spam klas\u00f6r\u00fcn\u00fcz\u00fc veya bilgilendirme e-postalar\u0131n\u0131n g\u00f6nderilebilece\u011fi di\u011fer klas\u00f6rleri kontrol edin. Baz\u0131 durumlarda, e-postay\u0131 normal posta kutunuzda bulamayabilirsiniz.\"\n        }\n      },{\n        \"@type\": \"Question\",\n        \"name\": \"Ara\u00e7 plakas\u0131n\u0131 veya \u00fclkeyi girerken hata yapt\u0131m.\",\n        \"acceptedAnswer\": {\n          \"@type\": \"Answer\",\n          \"text\": \"\u00d6deme i\u015fleminden sonra e-postan\u0131zda te\u015fekk\u00fcr sayfas\u0131na bir ba\u011flant\u0131 bulacaks\u0131n\u0131z. Sipari\u015f hen\u00fcz i\u015fleme al\u0131nmad\u0131ysa, \u00fclke ve plaka numaras\u0131 dahil olmak \u00fczere herhangi bir detay\u0131 de\u011fi\u015ftirebilirsiniz. Maalesef, sipari\u015f tamamland\u0131ktan sonra de\u011fi\u015fiklik yapmak m\u00fcmk\u00fcn de\u011fildir ve yeni bir sipari\u015f olu\u015fturulmas\u0131 gerekmektedir.\"\n        }\n      },{\n        \"@type\": \"Question\",\n        \"name\": \"Birden fazla ara\u00e7 i\u00e7in ayn\u0131 anda ge\u00e7erli bir otoyol pulu istiyorum.\",\n        \"acceptedAnswer\": {\n          \"@type\": \"Answer\",\n          \"text\": \"Birden fazla ara\u00e7 i\u00e7in ayn\u0131 anda otoyol pulu sat\u0131n almak istiyorsan\u0131z l\u00fctfen bizimle ileti\u015fime ge\u00e7in. Her plaka numaras\u0131n\u0131 ayr\u0131 ayr\u0131 girmenize gerek yoktur - Mesaj\u0131n\u0131zda, kaydetmek istedi\u011finiz plaka numaralar\u0131n\u0131n listesini, \u00fclkede (veya \u00fclkelerde) kal\u0131\u015f s\u00fcresini ve ge\u00e7erlilik tarihini belirtmeniz yeterlidir. \"\n        }\n      },{\n        \"@type\": \"Question\",\n        \"name\": \"Seyahat planlar\u0131m de\u011fi\u015firse sat\u0131n ald\u0131\u011f\u0131m pulu iptal edebilir veya de\u011fi\u015ftirebilir miyim?\",\n        \"acceptedAnswer\": {\n          \"@type\": \"Answer\",\n          \"text\": \"Genellikle elektronik bilet belirli bir ara\u00e7 ve zaman dilimine ba\u011fl\u0131d\u0131r ve etkinle\u015ftirildikten sonra devredilemez veya de\u011fi\u015ftirilemez. Veri giri\u015finde hata olmas\u0131 veya di\u011fer istisnai durumlarda, en k\u0131sa s\u00fcrede bizimle ileti\u015fime ge\u00e7meniz en iyisidir.\"\n        }\n      },{\n        \"@type\": \"Question\",\n        \"name\": \"\u00d6denmemi\u015f bir ge\u00e7i\u015f \u00fccreti nedeniyle ceza ald\u0131m.\",\n        \"acceptedAnswer\": {\n          \"@type\": \"Answer\",\n          \"text\": \"\u015eimdiye kadar para cezas\u0131n\u0131n haks\u0131z yere kesildi\u011fi bir durumla kar\u015f\u0131la\u015fmad\u0131k. Vakalar\u0131n b\u00fcy\u00fck \u00e7o\u011funlu\u011funda sebep, baz\u0131 verilerin yanl\u0131\u015f girilmi\u015f olmas\u0131d\u0131r. \u00d6deme yap\u0131lmamas\u0131 durumunda uygulanacak yapt\u0131r\u0131mlar \u00e7ok daha y\u00fcksek olabilece\u011finden, para cezas\u0131n\u0131 \u00f6demenizi \u00f6neririz.\"\n        }\n      },{\n        \"@type\": \"Question\",\n        \"name\": \"Hizmet bedeli nedir?\",\n        \"acceptedAnswer\": {\n          \"@type\": \"Answer\",\n          \"text\": \"Hizmet bedeli, teknik destek, ki\u015fisel destek hizmetleri, manuel sipari\u015f do\u011frulama ve pazarlama maliyetleri de dahil olmak \u00fczere hizmetin maliyetlerini kar\u015f\u0131lamak i\u00e7in kullan\u0131l\u0131r.\"\n        }\n      },{\n        \"@type\": \"Question\",\n        \"name\": \"Bana 3 dakika i\u00e7inde tan\u0131t\u0131m belgesini alaca\u011f\u0131m\u0131 s\u00f6ylemi\u015ftiniz, ama hala hi\u00e7bir \u015fey almad\u0131m. Neden?\",\n        \"acceptedAnswer\": {\n          \"@type\": \"Answer\",\n          \"text\": \"Belirtilen zamana m\u00fcmk\u00fcn oldu\u011funca uymaya \u00e7al\u0131\u015f\u0131yoruz. \u00d6ncelik bug\u00fcnden itibaren ge\u00e7erli olan hizmetlere verilir. Ancak, kontrol\u00fcm\u00fcz d\u0131\u015f\u0131nda olan nedenlerden dolay\u0131 (\u00f6deme a\u011f ge\u00e7idi kesintileri, devlet web hizmetleri), istisnai durumlarda kay\u0131t s\u00fcresi uzat\u0131labilir. Ayr\u0131ca, e-posta adresinizi do\u011fru girdi\u011finizden emin olman\u0131z\u0131 \u00f6neririz. E-posta adresinizi do\u011fru girdiyseniz, l\u00fctfen sat\u0131n alma i\u015fleminden sonra g\u00f6r\u00fcnt\u00fclenen sayfay\u0131 takip edin. Burada sipari\u015finizin durumu da dahil olmak \u00fczere g\u00fcncel bilgilere ula\u015fabilirsiniz.\"\n        }\n      },{\n        \"@type\": \"Question\",\n        \"name\": \"Sipari\u015fimi iptal etmek istiyorum.\",\n        \"acceptedAnswer\": {\n          \"@type\": \"Answer\",\n          \"text\": \"\u015eartlar ve ko\u015fullara g\u00f6re, sipari\u015finiz \u00fczerinde \u00e7al\u0131\u015fmaya ba\u015flanmadan \u00f6nce para iadesi talep etmek m\u00fcmk\u00fcnd\u00fcr. Sipari\u015f tamamland\u0131ktan sonra para iadesi m\u00fcmk\u00fcn de\u011fildir.\"\n        }\n      },{\n        \"@type\": \"Question\",\n        \"name\": \"Seyahat planlar\u0131m de\u011fi\u015fti ve giri\u015f tarihimi de\u011fi\u015ftirmek istiyorum.\",\n        \"acceptedAnswer\": {\n          \"@type\": \"Answer\",\n          \"text\": \"Hizmet sizin i\u00e7in daha \u00f6nce kaydedilmi\u015fse, maalesef ge\u00e7erlilik s\u00fcresini de\u011fi\u015ftirmek m\u00fcmk\u00fcn de\u011fildir ve hizmeti yeniden sat\u0131n alman\u0131z gerekmektedir.\"\n        }\n      },{\n        \"@type\": \"Question\",\n        \"name\": \"Fikrimi de\u011fi\u015ftirdim ve para iadesi istiyorum.\",\n        \"acceptedAnswer\": {\n          \"@type\": \"Answer\",\n          \"text\": \"\u00d6deme yap\u0131ld\u0131ktan sonra bile, sipari\u015f i\u015fleme al\u0131nmadan \u00f6nce hizmeti iptal edebilirsiniz. En h\u0131zl\u0131 yol, sipari\u015f detaylar\u0131n\u0131z\u0131n bulundu\u011fu sayfadaki &quot;sipari\u015fi iptal et&quot; ba\u011flant\u0131s\u0131n\u0131 kullanmakt\u0131r. Orada ayr\u0131ca sipari\u015finizin mevcut durumunu ve iptal se\u00e7enekleri hakk\u0131nda bilgileri de bulacaks\u0131n\u0131z. Sayfan\u0131n adresini bilmiyorsan\u0131z, sipari\u015fte girdi\u011finiz e-posta adresinizi aratarak kolayca bulabilirsiniz.\"\n        }\n      },{\n        \"@type\": \"Question\",\n        \"name\": \"Vinyetim ne zaman etkinle\u015ftirilecek\",\n        \"acceptedAnswer\": {\n          \"@type\": \"Answer\",\n          \"text\": \"Vinyetin ge\u00e7erlili\u011fi 1 g\u00fcnden daha uzun bir s\u00fcre i\u00e7inde ba\u015flayacaksa, ge\u00e7erlilik ba\u015flamadan \u00f6nceki 1 g\u00fcn i\u00e7inde vinyeti sizin i\u00e7in etkinle\u015ftirece\u011fiz. Vinyet ge\u00e7erlilik tarihi ayn\u0131 g\u00fcn, ertesi g\u00fcn veya hizmeti \u00f6ncelikli i\u015flemle sat\u0131n ald\u0131ysan\u0131z, hizmeti sat\u0131n ald\u0131ktan hemen sonra sizin i\u00e7in etkinle\u015ftirece\u011fiz - bilgileriniz a\u00e7\u0131s\u0131ndan her \u015fey yolundaysa, \u00f6demeyi ald\u0131ktan sonra 3 dakika i\u00e7inde etkinle\u015ftirmeyi hedefliyoruz.\"\n        }\n      }\n      ]\n    }\n    <\/script>\n<\/div><\/div>\n\n\n\n<p><\/p>\n","protected":false},"excerpt":{"rendered":"<p>S\u0131k\u00e7a Sorulan Sorular<\/p>\n","protected":false},"author":2,"featured_media":0,"parent":0,"menu_order":0,"comment_status":"closed","ping_status":"closed","template":"","meta":{"inline_featured_image":false,"_uag_custom_page_level_css":"","site-sidebar-layout":"no-sidebar","site-content-layout":"plain-container","ast-site-content-layout":"full-width-container","site-content-style":"unboxed","site-sidebar-style":"unboxed","ast-global-header-display":"","ast-banner-title-visibility":"","ast-main-header-display":"","ast-hfb-above-header-display":"","ast-hfb-below-header-display":"","ast-hfb-mobile-header-display":"","site-post-title":"disabled","ast-breadcrumbs-content":"","ast-featured-img":"","footer-sml-layout":"","theme-transparent-header-meta":"enabled","adv-header-id-meta":"","stick-header-meta":"","header-above-stick-meta":"","header-main-stick-meta":"","header-below-stick-meta":"","astra-migrate-meta-layouts":"default","ast-page-background-enabled":"default","ast-page-background-meta":{"desktop":{"background-color":"","background-image":"","background-repeat":"repeat","background-position":"center center","background-size":"auto","background-attachment":"scroll","background-type":"","background-media":"","overlay-type":"","overlay-color":"","overlay-opacity":"","overlay-gradient":""},"tablet":{"background-color":"","background-image":"","background-repeat":"repeat","background-position":"center center","background-size":"auto","background-attachment":"scroll","background-type":"","background-media":"","overlay-type":"","overlay-color":"","overlay-opacity":"","overlay-gradient":""},"mobile":{"background-color":"","background-image":"","background-repeat":"repeat","background-position":"center center","background-size":"auto","background-attachment":"scroll","background-type":"","background-media":"","overlay-type":"","overlay-color":"","overlay-opacity":"","overlay-gradient":""}},"ast-content-background-meta":{"desktop":{"background-color":"var(--ast-global-color-5)","background-image":"","background-repeat":"repeat","background-position":"center center","background-size":"auto","background-attachment":"scroll","background-type":"","background-media":"","overlay-type":"","overlay-color":"","overlay-opacity":"","overlay-gradient":""},"tablet":{"background-color":"var(--ast-global-color-5)","background-image":"","background-repeat":"repeat","background-position":"center center","background-size":"auto","background-attachment":"scroll","background-type":"","background-media":"","overlay-type":"","overlay-color":"","overlay-opacity":"","overlay-gradient":""},"mobile":{"background-color":"var(--ast-global-color-5)","background-image":"","background-repeat":"repeat","background-position":"center center","background-size":"auto","background-attachment":"scroll","background-type":"","background-media":"","overlay-type":"","overlay-color":"","overlay-opacity":"","overlay-gradient":""}},"footnotes":""},"categories":[],"tags":[],"class_list":["post-4779","page","type-page","status-publish","hentry"],"uagb_featured_image_src":{"full":false,"thumbnail":false,"medium":false,"medium_large":false,"large":false,"1536x1536":false,"2048x2048":false},"uagb_author_info":{"display_name":"shubham","author_link":"https:\/\/www.ematrica.com\/tr\/author\/shubham\/"},"uagb_comment_info":0,"uagb_excerpt":"S\u0131k\u00e7a Sorulan Sorular","_links":{"self":[{"href":"https:\/\/www.ematrica.com\/tr\/wp-json\/wp\/v2\/pages\/4779","targetHints":{"allow":["GET","POST","PUT","PATCH","DELETE"]}}],"collection":[{"href":"https:\/\/www.ematrica.com\/tr\/wp-json\/wp\/v2\/pages"}],"about":[{"href":"https:\/\/www.ematrica.com\/tr\/wp-json\/wp\/v2\/types\/page"}],"author":[{"embeddable":true,"href":"https:\/\/www.ematrica.com\/tr\/wp-json\/wp\/v2\/users\/2"}],"replies":[{"embeddable":true,"href":"https:\/\/www.ematrica.com\/tr\/wp-json\/wp\/v2\/comments?post=4779"}],"version-history":[{"count":0,"href":"https:\/\/www.ematrica.com\/tr\/wp-json\/wp\/v2\/pages\/4779\/revisions"}],"wp:attachment":[{"href":"https:\/\/www.ematrica.com\/tr\/wp-json\/wp\/v2\/media?parent=4779"}],"wp:term":[{"taxonomy":"category","embeddable":true,"href":"https:\/\/www.ematrica.com\/tr\/wp-json\/wp\/v2\/categories?post=4779"},{"taxonomy":"post_tag","embeddable":true,"href":"https:\/\/www.ematrica.com\/tr\/wp-json\/wp\/v2\/tags?post=4779"}],"curies":[{"name":"wp","href":"https:\/\/api.w.org\/{rel}","templated":true}]}}