{"id":4919,"date":"2024-09-27T07:37:25","date_gmt":"2024-09-27T05:37:25","guid":{"rendered":"https:\/\/www.ematrica.com\/gizlilik-politikasi\/"},"modified":"2024-09-27T07:37:25","modified_gmt":"2024-09-27T05:37:25","slug":"gizlilik-politikasi","status":"publish","type":"page","link":"https:\/\/www.ematrica.com\/tr\/gizlilik-politikasi\/","title":{"rendered":"Gizlilik Politikas\u0131"},"content":{"rendered":"\n<p><strong>Gizlilik ve \u00e7erez beyan\u0131  <\/strong><\/p>\n\n\n\n<p>1 Kas\u0131m 2021<\/p>\n\n\n\n<p>Gizlili\u011finiz ematrica.com i\u00e7in b\u00fcy\u00fck \u00f6nem ta\u015f\u0131maktad\u0131r. Bu nedenle, Genel Veri Koruma Y\u00f6netmeli\u011fi (bundan b\u00f6yle: GDPR) dahil olmak \u00fczere gizlilikle ilgili yasa ve y\u00f6netmeliklere uyuyoruz. Bu \u015fu anlama gelmektedir:  <\/p>\n\n\n\n<p>&#8211;&nbsp;&nbsp;&nbsp;&nbsp; &nbsp;&nbsp; Ki\u015fisel verilerinizi i\u015flemeden \u00f6nce, bu gizlilik bildirimi arac\u0131l\u0131\u011f\u0131yla<strong>ama\u00e7lar\u0131m\u0131z\u0131<\/strong>&nbsp;<strong>a\u00e7\u0131k\u00e7a belirtin<\/strong>;<\/p>\n\n\n\n<p>&#8211;&nbsp;&nbsp;&nbsp;&nbsp; &nbsp;&nbsp;<strong>M\u00fcmk\u00fcn oldu\u011funca az ki\u015fisel veri<\/strong>&nbsp;ve yaln\u0131zca ama\u00e7lar\u0131m\u0131z i\u00e7in gerekli olan<strong>verileri saklay\u0131n<\/strong>;<\/p>\n\n\n\n<p>&#8211;&nbsp;&nbsp;&nbsp;&nbsp; &nbsp;&nbsp; Onay gerekiyorsa, ki\u015fisel verilerinizi i\u015flemek i\u00e7in<strong>a\u00e7\u0131k\u00e7a onay<\/strong>&nbsp;<strong>isteyin<\/strong>;<\/p>\n\n\n\n<p>&#8211;&nbsp;&nbsp;&nbsp;&nbsp;&nbsp;&nbsp;Ki\u015fisel verilerinizi korumak i\u00e7in <strong>gerekli g\u00fcvenlik \u00f6nlemlerini almak<\/strong>&nbsp;. Bu y\u00fck\u00fcml\u00fcl\u00fckleri bizim i\u00e7in ki\u015fisel verileri i\u015fleyen taraflara da uyguluyoruz; <\/p>\n\n\n\n<p>&#8211;&nbsp;&nbsp;&nbsp;&nbsp; &nbsp;&nbsp; Taraf\u0131m\u0131zca i\u015flenen ki\u015fisel verilerinize eri\u015fme, bunlar\u0131 d\u00fczeltme veya silme hakk\u0131 gibi<strong>haklar\u0131n\u0131za<\/strong>&nbsp;<strong>sayg\u0131 g\u00f6stermek<\/strong>.<\/p>\n\n\n\n<p>Verileriniz bizimle g\u00fcvende ve bu verileri her zaman do\u011fru \u015fekilde kullanaca\u011f\u0131z. Bu gizlilik bildiriminde, ematrica.com web ma\u011fazas\u0131nda sizin hakk\u0131n\u0131zda \u00f6\u011frendi\u011fimiz bilgilerle ne yapt\u0131\u011f\u0131m\u0131z\u0131 a\u00e7\u0131kl\u0131yoruz. <\/p>\n\n\n\n<p>Herhangi bir sorunuz varsa veya hakk\u0131n\u0131zda tam olarak hangi verileri saklad\u0131\u011f\u0131m\u0131z\u0131 \u00f6\u011frenmek istiyorsan\u0131z, l\u00fctfen ematrica.com ile ileti\u015fime ge\u00e7in.<\/p>\n\n\n\n<p><strong>Sipari\u015flerin i\u015flenmesi<\/strong><br>Bizden bir sipari\u015f verdi\u011finizde, ki\u015fisel verilerinizi sipari\u015fi d\u00fczg\u00fcn bir \u015fekilde i\u015flemek i\u00e7in kullan\u0131r\u0131z. Daha sonra sipari\u015fin size teslim edilmesi i\u00e7in ki\u015fisel verilerinizi teslimat servisimize sa\u011flayabiliriz. Ayr\u0131ca bankan\u0131zdan veya kredi kart\u0131 \u015firketinizden \u00f6demeniz hakk\u0131nda bilgi al\u0131r\u0131z. Bunun i\u00e7in sizin bilgilerinizi kullan\u0131r\u0131z:   <\/p>\n\n\n\n<ul class=\"wp-block-list\">\n<li>\u0130sim ve adres bilgileri<\/li>\n\n\n\n<li>E-posta adresi<\/li>\n\n\n\n<li>\u00d6deme detaylar\u0131<\/li>\n\n\n\n<li>IP adresi<\/li>\n\n\n\n<li>Pasaport bilgileri (do\u011fum tarihi, cinsiyet, foto\u011fraf, pasaport numaras\u0131, vb.)<\/li>\n<\/ul>\n\n\n\n<p>Sizinle imzalad\u0131\u011f\u0131m\u0131z s\u00f6zle\u015fme nedeniyle buna ihtiyac\u0131m\u0131z var. Bu bilgileri sipari\u015finiz tamamlanana kadar saklar\u0131z. Baz\u0131 m\u00fc\u015fteri verilerini yasal mali saklama y\u00fck\u00fcml\u00fcl\u00fc\u011f\u00fc ile ba\u011flant\u0131l\u0131 olarak daha uzun s\u00fcre saklar\u0131z.  <\/p>\n\n\n\n<p><em>\u00dc\u00e7\u00fcnc\u00fc taraflara sa\u011flama<\/em><br>Yukar\u0131da belirtilen ki\u015fisel verilerinizi bizden alabilecek belirli \u015firketlerle \u00e7al\u0131\u015f\u0131yoruz.<\/p>\n\n\n\n<p>Sipari\u015fleri i\u015flemek i\u00e7in birlikte \u00e7al\u0131\u015f\u0131yoruz:<\/p>\n\n\n\n<ul class=\"wp-block-list\">\n<li>\u00d6deme sa\u011flay\u0131c\u0131lar\u0131m\u0131z Mollie ve Multisafepay<\/li>\n\n\n\n<li>Vize ba\u015fvurusunda bulundu\u011funuz \u00fclkenin h\u00fck\u00fcmeti veya d\u0131\u015fi\u015fleri bakanl\u0131\u011f\u0131<\/li>\n<\/ul>\n\n\n\n<p><strong>\u0130leti\u015fim formu<\/strong><br>Bize soru sormak veya talepte bulunmak i\u00e7in ileti\u015fim formunu kullanabilirsiniz. Bunun i\u00e7in sizin bilgilerinizi kullan\u0131r\u0131z: <\/p>\n\n\n\n<ul class=\"wp-block-list\">\n<li>E-posta adresi<\/li>\n<\/ul>\n\n\n\n<p>Bunu sizin onay\u0131n\u0131za dayanarak yap\u0131yoruz. Yan\u0131t\u0131m\u0131zdan memnun kald\u0131\u011f\u0131n\u0131zdan emin olana kadar bu bilgileri saklar\u0131z. <\/p>\n\n\n\n<p><strong>Reklamlar<\/strong><br>Web ma\u011fazam\u0131zda reklamlar yay\u0131nlanmaktad\u0131r. Bunlar\u0131 kendimiz yay\u0131nlam\u0131yoruz, ancak i\u015fbirli\u011fi yapt\u0131\u011f\u0131m\u0131z reklam ajanslar\u0131 bunu yap\u0131yor. Bu ajanslar, reklamlar\u0131 ilgin\u00e7 bulup bulmad\u0131\u011f\u0131n\u0131z\u0131 takip eder ve bu bilgileri gelecekte size yaln\u0131zca e\u011flenceli veya ilgin\u00e7 reklamlar ve teklifler g\u00f6stermek i\u00e7in kullan\u0131r.  <\/p>\n\n\n\n<p><strong>Di\u011fer \u015firketlere veya kurum<\/strong>lara sa\u011flama<br>Yukar\u0131da belirtilen hizmetleri sa\u011flamak i\u00e7in gerekli olan taraflar haricinde, yasal olarak zorunlu olmad\u0131\u011f\u0131m\u0131z s\u00fcrece (\u00f6rne\u011fin, \u015f\u00fcpheli bir su\u00e7 durumunda polisin bunu talep etmesi durumunda) ki\u015fisel verilerinizi hi\u00e7bir ko\u015fulda di\u011fer \u015firketlere veya kurumlara sa\u011flamayaca\u011f\u0131z.&nbsp;<\/p>\n\n\n\n<p><strong>\u0130statistikler<\/strong><br>Web ma\u011fazam\u0131z\u0131n kullan\u0131m\u0131 hakk\u0131nda istatistikler tutuyoruz, ancak bu veriler her zaman anonimle\u015ftiriliyor.&nbsp;<\/p>\n\n\n\n<p><strong>\u00c7erezler<\/strong><br>Web ma\u011fazam\u0131zda \u00e7erezler kullan\u0131lmaktad\u0131r. \u00c7erezler, bilgileri saklayabildi\u011fimiz k\u00fc\u00e7\u00fck dosyalard\u0131r, b\u00f6ylece tekrar doldurman\u0131z gerekmez. Ancak bizi tekrar ziyaret etti\u011finizi de g\u00f6rebiliriz.  <\/p>\n\n\n\n<p>Taray\u0131c\u0131n\u0131z arac\u0131l\u0131\u011f\u0131yla \u00e7erez yerle\u015ftirmeyi devre d\u0131\u015f\u0131 b\u0131rakabilirsiniz, ancak bu durumda web ma\u011fazam\u0131z\u0131n baz\u0131 b\u00f6l\u00fcmleri art\u0131k d\u00fczg\u00fcn \u00e7al\u0131\u015fmayacakt\u0131r.<\/p>\n\n\n\n<p>\u00c7erez yerle\u015ftiren di\u011fer \u015firketlerle \u00e7erezlerin kullan\u0131m\u0131 hakk\u0131nda anla\u015fmalar yapt\u0131k. Ancak, \u00e7erezlerin kendileriyle ne yapt\u0131klar\u0131 \u00fczerinde tam kontrol\u00fcm\u00fcz yok. Bu y\u00fczden onlar\u0131n gizlilik beyanlar\u0131n\u0131 da okuyun.  <\/p>\n\n\n\n<p><strong>G\u00fcvenlik<\/strong><br>Ki\u015fisel verilerin g\u00fcvenli\u011fi bizim i\u00e7in b\u00fcy\u00fck \u00f6nem ta\u015f\u0131maktad\u0131r. Verilerinizin bizimle iyi bir \u015fekilde g\u00fcvence alt\u0131na al\u0131nmas\u0131n\u0131 sa\u011fl\u0131yoruz. G\u00fcvenli\u011fi s\u00fcrekli olarak ayarl\u0131yor ve neyin yanl\u0131\u015f gidebilece\u011fine \u00e7ok dikkat ediyoruz.  <\/p>\n\n\n\n<p><strong>Bu gizlilik bildirimindeki de\u011fi\u015fiklikler<\/strong><br>Web ma\u011fazam\u0131z de\u011fi\u015fti\u011finde, elbette gizlilik bildirimini de ayarlamam\u0131z gerekir. Bu nedenle her zaman yukar\u0131daki tarihe dikkat edin ve yeni s\u00fcr\u00fcmler i\u00e7in d\u00fczenli olarak kontrol edin. De\u011fi\u015fiklikleri size iletmek i\u00e7in elimizden geleni yapaca\u011f\u0131z.  <\/p>\n\n\n\n<p><strong>Haklar\u0131n\u0131z<\/strong><br>Herhangi bir sorunuz varsa veya hakk\u0131n\u0131zda hangi ki\u015fisel verilere sahip oldu\u011fumuzu \u00f6\u011frenmek istiyorsan\u0131z, bizimle her zaman ileti\u015fime ge\u00e7ebilirsiniz. A\u015fa\u011f\u0131daki ileti\u015fim bilgilerine bak\u0131n. <\/p>\n\n\n\n<p>A\u015fa\u011f\u0131daki haklara sahipsiniz:<\/p>\n\n\n\n<ul class=\"wp-block-list\">\n<li>Hangi ki\u015fisel verilere sahip oldu\u011fumuz ve bunlarla ne yapt\u0131\u011f\u0131m\u0131z hakk\u0131nda bir a\u00e7\u0131klama al\u0131n;<\/li>\n\n\n\n<li>Elimizdeki kesin ki\u015fisel verilere eri\u015fim;<\/li>\n\n\n\n<li>Hatalar\u0131n d\u00fczeltilmesi;<\/li>\n\n\n\n<li>G\u00fcncel olmayan ki\u015fisel verilerin kald\u0131r\u0131lmas\u0131;<\/li>\n\n\n\n<li>Ki\u015fisel verilerin ba\u015fka bir tarafa aktar\u0131lmas\u0131;<\/li>\n\n\n\n<li>R\u0131zan\u0131n geri \u00e7ekilmesi;<\/li>\n\n\n\n<li>Belirli bir i\u015flemi k\u0131s\u0131tlay\u0131n;<\/li>\n\n\n\n<li>Belirli bir kullan\u0131ma itiraz etmek.<\/li>\n<\/ul>\n\n\n\n<p>Yanl\u0131\u015f ki\u015fiye ait verileri ayarlamad\u0131\u011f\u0131m\u0131zdan veya silmedi\u011fimizden emin olabilmemiz i\u00e7in kim oldu\u011funuzu her zaman a\u00e7\u0131k\u00e7a belirtmeniz gerekti\u011fini l\u00fctfen unutmay\u0131n.<\/p>\n\n\n\n<p>Prensip olarak talebinizi bir ay i\u00e7inde yerine getirece\u011fiz. Ancak, veri sahiplerinin \u00f6zel haklar\u0131 veya talebin karma\u015f\u0131kl\u0131\u011f\u0131 ile ilgili nedenlerden dolay\u0131 bu s\u00fcre uzat\u0131labilir. Bu s\u00fcreyi uzatmam\u0131z halinde sizi zaman\u0131nda bilgilendirece\u011fiz.  <\/p>\n\n\n\n<p><strong>\u015eikayette<\/strong> bulunma<br>Ki\u015fisel verilerinizin kullan\u0131m\u0131 hakk\u0131nda \u015fikayette bulunmak isterseniz contact@ematrica.com adresine bir e-posta g\u00f6nderebilirsiniz. Her \u015fikayeti dahili olarak ele alacak ve sizinle daha fazla ileti\u015fim kuraca\u011f\u0131z. <\/p>\n\n\n\n<p>Size do\u011fru \u015fekilde yard\u0131mc\u0131 olmad\u0131\u011f\u0131m\u0131z\u0131 d\u00fc\u015f\u00fcn\u00fcyorsan\u0131z, denetim makam\u0131na \u015fikayette bulunma hakk\u0131na sahipsiniz. Buna Hollanda Veri Koruma Kurumu denir. <\/p>\n\n\n\n<p><strong>\u0130leti\u015fim bilgileri<\/strong><\/p>\n\n\n\n<p><strong>Adres<\/strong>: GOVIGNETTE LTD, a 128 City Road, Londra, Birle\u015fik Krall\u0131k, EC1V 2NX<\/p>\n\n\n\n<p>E-Mail: E-posta:&nbsp;contact@ematrica.com<\/p>\n\n\n\n<p>\u0130leti\u015fim : +44 077 5757 7501<\/p>\n","protected":false},"excerpt":{"rendered":"<p>Gizlilik ve \u00e7erez beyan\u0131 1 Kas\u0131m 2021 Gizlili\u011finiz ematrica.com i\u00e7in b\u00fcy\u00fck \u00f6nem ta\u015f\u0131maktad\u0131r. Bu nedenle, Genel Veri Koruma Y\u00f6netmeli\u011fi (bundan b\u00f6yle: GDPR) dahil olmak \u00fczere gizlilikle ilgili yasa ve y\u00f6netmeliklere uyuyoruz. Bu \u015fu anlama gelmektedir: &#8211;&nbsp;&nbsp;&nbsp;&nbsp; &nbsp;&nbsp; Ki\u015fisel verilerinizi i\u015flemeden \u00f6nce, bu gizlilik bildirimi arac\u0131l\u0131\u011f\u0131ylaama\u00e7lar\u0131m\u0131z\u0131&nbsp;a\u00e7\u0131k\u00e7a belirtin; &#8211;&nbsp;&nbsp;&nbsp;&nbsp; &nbsp;&nbsp;M\u00fcmk\u00fcn oldu\u011funca az ki\u015fisel veri&nbsp;ve yaln\u0131zca ama\u00e7lar\u0131m\u0131z i\u00e7in [&hellip;]<\/p>\n","protected":false},"author":1,"featured_media":0,"parent":0,"menu_order":0,"comment_status":"closed","ping_status":"closed","template":"","meta":{"inline_featured_image":false,"_uag_custom_page_level_css":"","site-sidebar-layout":"default","site-content-layout":"","ast-site-content-layout":"default","site-content-style":"default","site-sidebar-style":"default","ast-global-header-display":"","ast-banner-title-visibility":"","ast-main-header-display":"","ast-hfb-above-header-display":"","ast-hfb-below-header-display":"","ast-hfb-mobile-header-display":"","site-post-title":"","ast-breadcrumbs-content":"","ast-featured-img":"","footer-sml-layout":"","theme-transparent-header-meta":"","adv-header-id-meta":"","stick-header-meta":"","header-above-stick-meta":"","header-main-stick-meta":"","header-below-stick-meta":"","astra-migrate-meta-layouts":"default","ast-page-background-enabled":"default","ast-page-background-meta":{"desktop":{"background-color":"","background-image":"","background-repeat":"repeat","background-position":"center center","background-size":"auto","background-attachment":"scroll","background-type":"","background-media":"","overlay-type":"","overlay-color":"","overlay-opacity":"","overlay-gradient":""},"tablet":{"background-color":"","background-image":"","background-repeat":"repeat","background-position":"center center","background-size":"auto","background-attachment":"scroll","background-type":"","background-media":"","overlay-type":"","overlay-color":"","overlay-opacity":"","overlay-gradient":""},"mobile":{"background-color":"","background-image":"","background-repeat":"repeat","background-position":"center center","background-size":"auto","background-attachment":"scroll","background-type":"","background-media":"","overlay-type":"","overlay-color":"","overlay-opacity":"","overlay-gradient":""}},"ast-content-background-meta":{"desktop":{"background-color":"var(--ast-global-color-5)","background-image":"","background-repeat":"repeat","background-position":"center center","background-size":"auto","background-attachment":"scroll","background-type":"","background-media":"","overlay-type":"","overlay-color":"","overlay-opacity":"","overlay-gradient":""},"tablet":{"background-color":"var(--ast-global-color-5)","background-image":"","background-repeat":"repeat","background-position":"center center","background-size":"auto","background-attachment":"scroll","background-type":"","background-media":"","overlay-type":"","overlay-color":"","overlay-opacity":"","overlay-gradient":""},"mobile":{"background-color":"var(--ast-global-color-5)","background-image":"","background-repeat":"repeat","background-position":"center center","background-size":"auto","background-attachment":"scroll","background-type":"","background-media":"","overlay-type":"","overlay-color":"","overlay-opacity":"","overlay-gradient":""}},"footnotes":""},"categories":[],"tags":[136],"class_list":["post-4919","page","type-page","status-publish","hentry","tag-noindex-tr"],"uagb_featured_image_src":{"full":false,"thumbnail":false,"medium":false,"medium_large":false,"large":false,"1536x1536":false,"2048x2048":false},"uagb_author_info":{"display_name":"admin","author_link":"https:\/\/www.ematrica.com\/tr\/author\/admin\/"},"uagb_comment_info":0,"uagb_excerpt":"Gizlilik ve \u00e7erez beyan\u0131 1 Kas\u0131m 2021 Gizlili\u011finiz ematrica.com i\u00e7in b\u00fcy\u00fck \u00f6nem ta\u015f\u0131maktad\u0131r. Bu nedenle, Genel Veri Koruma Y\u00f6netmeli\u011fi (bundan b\u00f6yle: GDPR) dahil olmak \u00fczere gizlilikle ilgili yasa ve y\u00f6netmeliklere uyuyoruz. Bu \u015fu anlama gelmektedir: &#8211;&nbsp;&nbsp;&nbsp;&nbsp; &nbsp;&nbsp; Ki\u015fisel verilerinizi i\u015flemeden \u00f6nce, bu gizlilik bildirimi arac\u0131l\u0131\u011f\u0131ylaama\u00e7lar\u0131m\u0131z\u0131&nbsp;a\u00e7\u0131k\u00e7a belirtin; &#8211;&nbsp;&nbsp;&nbsp;&nbsp; &nbsp;&nbsp;M\u00fcmk\u00fcn oldu\u011funca az ki\u015fisel veri&nbsp;ve yaln\u0131zca ama\u00e7lar\u0131m\u0131z i\u00e7in&hellip;","_links":{"self":[{"href":"https:\/\/www.ematrica.com\/tr\/wp-json\/wp\/v2\/pages\/4919","targetHints":{"allow":["GET","POST","PUT","PATCH","DELETE"]}}],"collection":[{"href":"https:\/\/www.ematrica.com\/tr\/wp-json\/wp\/v2\/pages"}],"about":[{"href":"https:\/\/www.ematrica.com\/tr\/wp-json\/wp\/v2\/types\/page"}],"author":[{"embeddable":true,"href":"https:\/\/www.ematrica.com\/tr\/wp-json\/wp\/v2\/users\/1"}],"replies":[{"embeddable":true,"href":"https:\/\/www.ematrica.com\/tr\/wp-json\/wp\/v2\/comments?post=4919"}],"version-history":[{"count":0,"href":"https:\/\/www.ematrica.com\/tr\/wp-json\/wp\/v2\/pages\/4919\/revisions"}],"wp:attachment":[{"href":"https:\/\/www.ematrica.com\/tr\/wp-json\/wp\/v2\/media?parent=4919"}],"wp:term":[{"taxonomy":"category","embeddable":true,"href":"https:\/\/www.ematrica.com\/tr\/wp-json\/wp\/v2\/categories?post=4919"},{"taxonomy":"post_tag","embeddable":true,"href":"https:\/\/www.ematrica.com\/tr\/wp-json\/wp\/v2\/tags?post=4919"}],"curies":[{"name":"wp","href":"https:\/\/api.w.org\/{rel}","templated":true}]}}