{"id":4992,"date":"2024-10-28T14:52:11","date_gmt":"2024-10-28T13:52:11","guid":{"rendered":"https:\/\/www.ematrica.com\/ucretli-yol-bolumleri\/"},"modified":"2024-10-28T14:52:11","modified_gmt":"2024-10-28T13:52:11","slug":"ucretli-yol-bolumleri","status":"publish","type":"page","link":"https:\/\/www.ematrica.com\/tr\/ucretli-yol-bolumleri\/","title":{"rendered":"\u00dccretli yol b\u00f6l\u00fcmleri"},"content":{"rendered":"\n<div class=\"wp-block-uagb-container uagb-block-25efe059 alignfull uagb-is-root-container\"><div class=\"uagb-container-inner-blocks-wrap\">\n<div class=\"wp-block-uagb-advanced-heading uagb-block-152b2cf8\"><h1 class=\"uagb-heading-text\">\u00dccretli yol b\u00f6l\u00fcmleri<\/h1><\/div>\n<\/div><\/div>\n\n\n\n<div class=\"wp-block-uagb-container uagb-layout-flex uagb-block-a1027da3 alignfull uagb-is-root-container\"><div class=\"uagb-container-inner-blocks-wrap\">\n<div class=\"wp-block-uagb-container uagb-block-717dfbe0\">\n<h3 class=\"wp-block-heading\"><strong>Kararname uyar\u0131nca 1 Ocak 2024 tarihinden itibaren a\u015fa\u011f\u0131daki yol kesimleri \u00fccretli olarak kullan\u0131labilecektir:<\/strong><\/h3>\n\n\n\n<ul class=\"wp-block-list\">\n<li>Speedway M4&#8217;\u00fcn Vecs\u00e9s ile Budape\u015fte Ferenc Liszt Uluslararas\u0131 Havaliman\u0131 aras\u0131ndaki b\u00f6l\u00fcm\u00fc,<\/li>\n\n\n\n<li>M60 Otoyolunun 58 ve 5826 numaral\u0131 yollar aras\u0131ndaki P\u00e9cs G\u00fcneybat\u0131 bypass b\u00f6l\u00fcm\u00fc,<\/li>\n\n\n\n<li>Otoyol M8,<\/li>\n\n\n\n<li>Speedway M80,<\/li>\n\n\n\n<li>Speedway M9&#8217;un 6 ve 51 numaral\u0131 ana yollar aras\u0131ndaki b\u00f6l\u00fcm\u00fc,<\/li>\n\n\n\n<li>Speedway M9&#8217;un Kaposv\u00e1r bypass b\u00f6l\u00fcm\u00fc (Ana Yol 61 i\u015fareti).<\/li>\n<\/ul>\n\n\n\n<h3 class=\"wp-block-heading\"><strong>Daha faydal\u0131 ba\u011flant\u0131lar:<\/strong><\/h3>\n\n\n\n<p>\u00fccretli\u0307 yol a\u011finin detayli hari\u0307tasi<\/p>\n<\/div>\n<\/div><\/div>\n","protected":false},"excerpt":{"rendered":"<p>\u00dccretli yol b\u00f6l\u00fcmleri Kararname uyar\u0131nca 1 Ocak 2024 tarihinden itibaren a\u015fa\u011f\u0131daki yol kesimleri \u00fccretli olarak kullan\u0131labilecektir: Daha faydal\u0131 ba\u011flant\u0131lar: \u00fccretli\u0307 yol a\u011finin detayli hari\u0307tasi<\/p>\n","protected":false},"author":2,"featured_media":0,"parent":0,"menu_order":0,"comment_status":"closed","ping_status":"closed","template":"","meta":{"inline_featured_image":false,"_uag_custom_page_level_css":"","site-sidebar-layout":"no-sidebar","site-content-layout":"plain-container","ast-site-content-layout":"full-width-container","site-content-style":"unboxed","site-sidebar-style":"unboxed","ast-global-header-display":"","ast-banner-title-visibility":"","ast-main-header-display":"","ast-hfb-above-header-display":"","ast-hfb-below-header-display":"","ast-hfb-mobile-header-display":"","site-post-title":"disabled","ast-breadcrumbs-content":"","ast-featured-img":"disabled","footer-sml-layout":"","theme-transparent-header-meta":"enabled","adv-header-id-meta":"","stick-header-meta":"","header-above-stick-meta":"","header-main-stick-meta":"","header-below-stick-meta":"","astra-migrate-meta-layouts":"default","ast-page-background-enabled":"default","ast-page-background-meta":{"desktop":{"background-color":"","background-image":"","background-repeat":"repeat","background-position":"center center","background-size":"auto","background-attachment":"scroll","background-type":"","background-media":"","overlay-type":"","overlay-color":"","overlay-opacity":"","overlay-gradient":""},"tablet":{"background-color":"","background-image":"","background-repeat":"repeat","background-position":"center center","background-size":"auto","background-attachment":"scroll","background-type":"","background-media":"","overlay-type":"","overlay-color":"","overlay-opacity":"","overlay-gradient":""},"mobile":{"background-color":"","background-image":"","background-repeat":"repeat","background-position":"center center","background-size":"auto","background-attachment":"scroll","background-type":"","background-media":"","overlay-type":"","overlay-color":"","overlay-opacity":"","overlay-gradient":""}},"ast-content-background-meta":{"desktop":{"background-color":"var(--ast-global-color-5)","background-image":"","background-repeat":"repeat","background-position":"center center","background-size":"auto","background-attachment":"scroll","background-type":"","background-media":"","overlay-type":"","overlay-color":"","overlay-opacity":"","overlay-gradient":""},"tablet":{"background-color":"var(--ast-global-color-5)","background-image":"","background-repeat":"repeat","background-position":"center center","background-size":"auto","background-attachment":"scroll","background-type":"","background-media":"","overlay-type":"","overlay-color":"","overlay-opacity":"","overlay-gradient":""},"mobile":{"background-color":"var(--ast-global-color-5)","background-image":"","background-repeat":"repeat","background-position":"center center","background-size":"auto","background-attachment":"scroll","background-type":"","background-media":"","overlay-type":"","overlay-color":"","overlay-opacity":"","overlay-gradient":""}},"footnotes":""},"categories":[],"tags":[],"class_list":["post-4992","page","type-page","status-publish","hentry"],"uagb_featured_image_src":{"full":false,"thumbnail":false,"medium":false,"medium_large":false,"large":false,"1536x1536":false,"2048x2048":false},"uagb_author_info":{"display_name":"shubham","author_link":"https:\/\/www.ematrica.com\/tr\/author\/shubham\/"},"uagb_comment_info":0,"uagb_excerpt":"\u00dccretli yol b\u00f6l\u00fcmleri Kararname uyar\u0131nca 1 Ocak 2024 tarihinden itibaren a\u015fa\u011f\u0131daki yol kesimleri \u00fccretli olarak kullan\u0131labilecektir: Daha faydal\u0131 ba\u011flant\u0131lar: \u00fccretli\u0307 yol a\u011finin detayli hari\u0307tasi","_links":{"self":[{"href":"https:\/\/www.ematrica.com\/tr\/wp-json\/wp\/v2\/pages\/4992","targetHints":{"allow":["GET","POST","PUT","PATCH","DELETE"]}}],"collection":[{"href":"https:\/\/www.ematrica.com\/tr\/wp-json\/wp\/v2\/pages"}],"about":[{"href":"https:\/\/www.ematrica.com\/tr\/wp-json\/wp\/v2\/types\/page"}],"author":[{"embeddable":true,"href":"https:\/\/www.ematrica.com\/tr\/wp-json\/wp\/v2\/users\/2"}],"replies":[{"embeddable":true,"href":"https:\/\/www.ematrica.com\/tr\/wp-json\/wp\/v2\/comments?post=4992"}],"version-history":[{"count":0,"href":"https:\/\/www.ematrica.com\/tr\/wp-json\/wp\/v2\/pages\/4992\/revisions"}],"wp:attachment":[{"href":"https:\/\/www.ematrica.com\/tr\/wp-json\/wp\/v2\/media?parent=4992"}],"wp:term":[{"taxonomy":"category","embeddable":true,"href":"https:\/\/www.ematrica.com\/tr\/wp-json\/wp\/v2\/categories?post=4992"},{"taxonomy":"post_tag","embeddable":true,"href":"https:\/\/www.ematrica.com\/tr\/wp-json\/wp\/v2\/tags?post=4992"}],"curies":[{"name":"wp","href":"https:\/\/api.w.org\/{rel}","templated":true}]}}