{"id":5007,"date":"2024-10-28T14:20:00","date_gmt":"2024-10-28T13:20:00","guid":{"rendered":"https:\/\/www.ematrica.com\/haritalar\/"},"modified":"2024-10-28T14:20:00","modified_gmt":"2024-10-28T13:20:00","slug":"haritalar","status":"publish","type":"page","link":"https:\/\/www.ematrica.com\/tr\/haritalar\/","title":{"rendered":"Haritalar"},"content":{"rendered":"\n<div class=\"wp-block-uagb-container uagb-block-25efe059 alignfull uagb-is-root-container\"><div class=\"uagb-container-inner-blocks-wrap\">\n<div class=\"wp-block-uagb-advanced-heading uagb-block-152b2cf8\"><h1 class=\"uagb-heading-text\">Haritalar<\/h1><\/div>\n<\/div><\/div>\n\n\n\n<div class=\"wp-block-uagb-container uagb-layout-flex uagb-block-a1027da3 alignfull uagb-is-root-container\"><div class=\"uagb-container-inner-blocks-wrap\">\n<div class=\"wp-block-uagb-container uagb-block-52c1a9ca\">\n<p>Haritalar sadece bilgi ama\u00e7l\u0131d\u0131r. \u00dccretli ge\u00e7i\u015f b\u00f6l\u00fcmlerinin tam listesi a\u015fa\u011f\u0131daki kararnamelerde belirtilmi\u015ftir: <\/p>\n\n\n\n<ul class=\"wp-block-list\">\n<li>E-vinyet:&nbsp;Yenilik ve Teknoloji Bakan\u0131&#8217;n\u0131n 45\/2020 say\u0131l\u0131 Kararnamesi (XI. 28.) ITM<\/li>\n\n\n\n<li>E-\u00fccret:&nbsp;25\/2013 say\u0131l\u0131 Kararname (V.&nbsp;31.) Ulusal Kalk\u0131nma Bakan\u0131 NFM<\/li>\n<\/ul>\n\n\n\n<p>\u00a9 Nemzetiutdij.hu ve toll-charge.hu web sitelerinde bulunan ve \u00fccretli yol a\u011f\u0131n\u0131 g\u00f6steren haritalar National Toll Payment Services Plc. \u015firketinin fikri m\u00fclkiyetindedir ve bu nedenle daha fazla kullan\u0131lmalar\u0131 \u015eirketimizin \u00f6nceden onay\u0131n\u0131 gerektirir.<\/p>\n\n\n\n<hr class=\"wp-block-separator has-alpha-channel-opacity\">\n\n\n\n<h3 class=\"wp-block-heading\">E-vinyet \u00fclke haritas\u0131<\/h3>\n\n\n\n<h4 class=\"wp-block-heading\">1 Ocak 2024 tarihinden itibaren ge\u00e7erlidir.<\/h4>\n\n\n\n<p>Haritay\u0131 tam boyutlu olarak indirmek i\u00e7in resmin \u00fczerine t\u0131klay\u0131n.<\/p>\n\n\n\n<div class=\"wp-block-uagb-image uagb-block-358e27ee wp-block-uagb-image--layout-default wp-block-uagb-image--effect-static wp-block-uagb-image--align-none\"><figure class=\"wp-block-uagb-image__figure\"><img decoding=\"async\" srcset=\"https:\/\/www.ematrica.com\/wp-content\/uploads\/2024\/10\/map.jpg ,https:\/\/www.ematrica.com\/wp-content\/uploads\/2024\/10\/map.jpg 780w, https:\/\/www.ematrica.com\/wp-content\/uploads\/2024\/10\/map.jpg 360w\" sizes=\"auto, (max-width: 480px) 150px\" src=\"https:\/\/www.ematrica.com\/wp-content\/uploads\/2024\/10\/map.jpg\" alt=\"\" class=\"uag-image-4208\" width=\"1024\" height=\"576\" title=\"NUSZ_HD_terkep_A0_20240801\" loading=\"lazy\" role=\"img\"><\/figure><\/div>\n\n\n\n<h3 class=\"wp-block-heading\">B\u00f6lgesel e-vinyet haritalar\u0131<\/h3>\n\n\n\n<h4 class=\"wp-block-heading\">1 Ocak 2024 tarihinden itibaren ge\u00e7erlidir.<\/h4>\n\n\n\n<p>B\u00f6lgesel e-vinyetlerin ge\u00e7erlilik kapsam\u0131, il\u00e7e idari s\u0131n\u0131rlar\u0131n\u0131n d\u0131\u015f\u0131nda, il\u00e7e s\u0131n\u0131r\u0131n\u0131 ge\u00e7en ilk kav\u015fa\u011fa kadar uzan\u0131r. Kav\u015fak numaras\u0131 ve yol b\u00f6l\u00fcm\u00fc numaras\u0131na g\u00f6re b\u00f6lgesel vinyetlerin b\u00f6lgesel ge\u00e7erlili\u011fi, Yenilik ve Teknoloji Bakan\u0131&#8217;n\u0131n 45\/2020 (XI. 28.) ITM Kararnamesi&#8217;nin&nbsp;Ek 1&#8217;inde belirtilmi\u015ftir. <\/p>\n\n\n\n<p>B\u00f6lgesel e-vinyet haritalar\u0131 1 Ocak 2024 tarihinden itibaren ge\u00e7erli olmak \u00fczere il\u00e7enin ad\u0131na t\u0131klanarak g\u00f6r\u00fcnt\u00fclenebilir.<\/p>\n\n\n\n<p>Baranya il\u00e7esi<\/p>\n\n\n\n<p>B\u00e1cs-Kiskun il\u00e7esi<\/p>\n\n\n\n<p>B\u00e9k\u00e9s il\u00e7esi<\/p>\n\n\n\n<p>Borsod-Aba\u00faj-Zempl\u00e9n il\u00e7esi<\/p>\n\n\n\n<p>Csongr\u00e1d-Csan\u00e1d il\u00e7esi<\/p>\n\n\n\n<p>Fej\u00e9r il\u00e7esi<\/p>\n\n\n\n<p>Gy\u0151r-Moson-Sopron il\u00e7esi<\/p>\n\n\n\n<p>Hajd\u00fa-Bihar il\u00e7esi<\/p>\n\n\n\n<p>Heves il\u00e7esi<\/p>\n\n\n\n<p>J\u00e1sz-Nagykun-Szolnok il\u00e7esi<\/p>\n\n\n\n<p>Kom\u00e1rom-Esztergom il\u00e7esi<\/p>\n\n\n\n<p>Ha\u015fere il\u00e7esi<\/p>\n\n\n\n<p>Somogy il\u00e7esi<\/p>\n\n\n\n<p>Szabolcs-Szatm\u00e1r-Bereg il\u00e7esi<\/p>\n\n\n\n<p>Tolna il\u00e7esi<\/p>\n\n\n\n<p>Vas il\u00e7esi<\/p>\n\n\n\n<p>Veszpr\u00e9m il\u00e7esi<\/p>\n\n\n\n<p>Zala il\u00e7esi<\/p>\n\n\n\n<hr class=\"wp-block-separator has-alpha-channel-opacity\">\n\n\n\n<h3 class=\"wp-block-heading\">&nbsp;izin verilen azami br\u00fct a\u011f\u0131rl\u0131\u011f\u0131 3,5 tonun \u00fczerindeki ara\u00e7lar i\u00e7in e-\u00fccret sistemi<\/h3>\n\n\n\n<h4 class=\"wp-block-heading\">1 Eyl\u00fcl 2024 tarihinden itibaren ge\u00e7erlidir.<\/h4>\n\n\n\n<p>Haritay\u0131 tam boyutlu olarak indirmek i\u00e7in resmin \u00fczerine t\u0131klay\u0131n.<\/p>\n\n\n\n<div class=\"wp-block-uagb-image uagb-block-0a956f8e wp-block-uagb-image--layout-default wp-block-uagb-image--effect-static wp-block-uagb-image--align-none\"><figure class=\"wp-block-uagb-image__figure\"><img decoding=\"async\" srcset=\"https:\/\/www.ematrica.com\/wp-content\/uploads\/2024\/10\/map2.jpg ,https:\/\/www.ematrica.com\/wp-content\/uploads\/2024\/10\/map2.jpg 780w, https:\/\/www.ematrica.com\/wp-content\/uploads\/2024\/10\/map2.jpg 360w\" sizes=\"auto, (max-width: 480px) 150px\" src=\"https:\/\/www.ematrica.com\/wp-content\/uploads\/2024\/10\/map2.jpg\" alt=\"\" class=\"uag-image-4214\" width=\"1024\" height=\"576\" title=\"harita2\" loading=\"lazy\" role=\"img\"><\/figure><\/div>\n<\/div>\n<\/div><\/div>\n","protected":false},"excerpt":{"rendered":"<p>Haritalar Haritalar sadece bilgi ama\u00e7l\u0131d\u0131r. \u00dccretli ge\u00e7i\u015f b\u00f6l\u00fcmlerinin tam listesi a\u015fa\u011f\u0131daki kararnamelerde belirtilmi\u015ftir: \u00a9 Nemzetiutdij.hu ve toll-charge.hu web sitelerinde bulunan ve \u00fccretli yol a\u011f\u0131n\u0131 g\u00f6steren haritalar National Toll Payment Services Plc. \u015firketinin fikri m\u00fclkiyetindedir ve bu nedenle daha fazla kullan\u0131lmalar\u0131 \u015eirketimizin \u00f6nceden onay\u0131n\u0131 gerektirir. E-vinyet \u00fclke haritas\u0131 1 Ocak 2024 tarihinden itibaren ge\u00e7erlidir. Haritay\u0131 tam [&hellip;]<\/p>\n","protected":false},"author":2,"featured_media":0,"parent":0,"menu_order":0,"comment_status":"closed","ping_status":"closed","template":"","meta":{"inline_featured_image":false,"_uag_custom_page_level_css":"","site-sidebar-layout":"no-sidebar","site-content-layout":"plain-container","ast-site-content-layout":"full-width-container","site-content-style":"unboxed","site-sidebar-style":"unboxed","ast-global-header-display":"","ast-banner-title-visibility":"","ast-main-header-display":"","ast-hfb-above-header-display":"","ast-hfb-below-header-display":"","ast-hfb-mobile-header-display":"","site-post-title":"disabled","ast-breadcrumbs-content":"","ast-featured-img":"disabled","footer-sml-layout":"","theme-transparent-header-meta":"enabled","adv-header-id-meta":"","stick-header-meta":"","header-above-stick-meta":"","header-main-stick-meta":"","header-below-stick-meta":"","astra-migrate-meta-layouts":"default","ast-page-background-enabled":"default","ast-page-background-meta":{"desktop":{"background-color":"","background-image":"","background-repeat":"repeat","background-position":"center center","background-size":"auto","background-attachment":"scroll","background-type":"","background-media":"","overlay-type":"","overlay-color":"","overlay-opacity":"","overlay-gradient":""},"tablet":{"background-color":"","background-image":"","background-repeat":"repeat","background-position":"center center","background-size":"auto","background-attachment":"scroll","background-type":"","background-media":"","overlay-type":"","overlay-color":"","overlay-opacity":"","overlay-gradient":""},"mobile":{"background-color":"","background-image":"","background-repeat":"repeat","background-position":"center center","background-size":"auto","background-attachment":"scroll","background-type":"","background-media":"","overlay-type":"","overlay-color":"","overlay-opacity":"","overlay-gradient":""}},"ast-content-background-meta":{"desktop":{"background-color":"var(--ast-global-color-5)","background-image":"","background-repeat":"repeat","background-position":"center center","background-size":"auto","background-attachment":"scroll","background-type":"","background-media":"","overlay-type":"","overlay-color":"","overlay-opacity":"","overlay-gradient":""},"tablet":{"background-color":"var(--ast-global-color-5)","background-image":"","background-repeat":"repeat","background-position":"center center","background-size":"auto","background-attachment":"scroll","background-type":"","background-media":"","overlay-type":"","overlay-color":"","overlay-opacity":"","overlay-gradient":""},"mobile":{"background-color":"var(--ast-global-color-5)","background-image":"","background-repeat":"repeat","background-position":"center center","background-size":"auto","background-attachment":"scroll","background-type":"","background-media":"","overlay-type":"","overlay-color":"","overlay-opacity":"","overlay-gradient":""}},"footnotes":""},"categories":[],"tags":[],"class_list":["post-5007","page","type-page","status-publish","hentry"],"uagb_featured_image_src":{"full":false,"thumbnail":false,"medium":false,"medium_large":false,"large":false,"1536x1536":false,"2048x2048":false},"uagb_author_info":{"display_name":"shubham","author_link":"https:\/\/www.ematrica.com\/tr\/author\/shubham\/"},"uagb_comment_info":0,"uagb_excerpt":"Haritalar Haritalar sadece bilgi ama\u00e7l\u0131d\u0131r. \u00dccretli ge\u00e7i\u015f b\u00f6l\u00fcmlerinin tam listesi a\u015fa\u011f\u0131daki kararnamelerde belirtilmi\u015ftir: \u00a9 Nemzetiutdij.hu ve toll-charge.hu web sitelerinde bulunan ve \u00fccretli yol a\u011f\u0131n\u0131 g\u00f6steren haritalar National Toll Payment Services Plc. \u015firketinin fikri m\u00fclkiyetindedir ve bu nedenle daha fazla kullan\u0131lmalar\u0131 \u015eirketimizin \u00f6nceden onay\u0131n\u0131 gerektirir. E-vinyet \u00fclke haritas\u0131 1 Ocak 2024 tarihinden itibaren ge\u00e7erlidir. Haritay\u0131 tam&hellip;","_links":{"self":[{"href":"https:\/\/www.ematrica.com\/tr\/wp-json\/wp\/v2\/pages\/5007","targetHints":{"allow":["GET","POST","PUT","PATCH","DELETE"]}}],"collection":[{"href":"https:\/\/www.ematrica.com\/tr\/wp-json\/wp\/v2\/pages"}],"about":[{"href":"https:\/\/www.ematrica.com\/tr\/wp-json\/wp\/v2\/types\/page"}],"author":[{"embeddable":true,"href":"https:\/\/www.ematrica.com\/tr\/wp-json\/wp\/v2\/users\/2"}],"replies":[{"embeddable":true,"href":"https:\/\/www.ematrica.com\/tr\/wp-json\/wp\/v2\/comments?post=5007"}],"version-history":[{"count":0,"href":"https:\/\/www.ematrica.com\/tr\/wp-json\/wp\/v2\/pages\/5007\/revisions"}],"wp:attachment":[{"href":"https:\/\/www.ematrica.com\/tr\/wp-json\/wp\/v2\/media?parent=5007"}],"wp:term":[{"taxonomy":"category","embeddable":true,"href":"https:\/\/www.ematrica.com\/tr\/wp-json\/wp\/v2\/categories?post=5007"},{"taxonomy":"post_tag","embeddable":true,"href":"https:\/\/www.ematrica.com\/tr\/wp-json\/wp\/v2\/tags?post=5007"}],"curies":[{"name":"wp","href":"https:\/\/api.w.org\/{rel}","templated":true}]}}